{"id":3109,"date":"2022-03-01T22:40:26","date_gmt":"2022-03-01T21:40:26","guid":{"rendered":"https:\/\/agora.xtec.cat\/inscanoriac\/?page_id=3109"},"modified":"2025-03-20T22:57:51","modified_gmt":"2025-03-20T21:57:51","slug":"afa","status":"publish","type":"page","link":"https:\/\/agora.xtec.cat\/inscanoriac\/linstitut\/organigrama\/afa\/","title":{"rendered":"Associaci\u00f3 de Fam\u00edlies"},"content":{"rendered":"\n<figure class=\"wp-block-image alignleft\"><img loading=\"lazy\" decoding=\"async\" width=\"300\" height=\"165\" src=\"https:\/\/agora.xtec.cat\/inscanoriac\/wp-content\/uploads\/usu1850\/2022\/03\/sello-sin-nif-300x165.png\" alt=\"\" class=\"wp-image-3149\" srcset=\"https:\/\/agora.xtec.cat\/inscanoriac\/wp-content\/uploads\/usu1850\/2022\/03\/sello-sin-nif-300x165.png 300w, https:\/\/agora.xtec.cat\/inscanoriac\/wp-content\/uploads\/usu1850\/2022\/03\/sello-sin-nif.png 638w\" sizes=\"auto, (max-width: 300px) 100vw, 300px\" \/><\/figure>\n\n\n\n<p>Volem seguir creixent, treballant, apostant per activitats i accions que repercuteixin en positiu en els i les alumnes. Per aix\u00f2 ens presentem donant les gr\u00e0cies a les fam\u00edlies que ja formeu part de l\u2019AFA i agraint l&#8217;inter\u00e9s de les que encara no ho sou tot esperant que aviat us sumeu amb molta&nbsp;il\u00b7lusi\u00f3.<\/p>\n\n\n\n<p>Si voleu rebre qualsevol informaci\u00f3 o fer-vos s\u00f2cis\/es envia un correu a afa<span class=\"atwho-query\">@inscanoriac.cat<\/span><\/p>\n\n\n\n<div>&nbsp;<\/div>\n\n\n\n<div>Canal de Telegram: <a href=\"https:\/\/t.me\/AFAcanOriac\">https:\/\/t.me\/AFAcanOriac<\/a><\/div>\n\n\n\n<div>\n<div>Canal de Whatsapp:&nbsp;<a href=\"https:\/\/chat.whatsapp.com\/GDzuMrnhcOMEl1bop58eRz\">https:\/\/chat.whatsapp.com\/GDzuMrnhcOMEl1bop58eRz<\/a><\/div>\n<div>Facebook:&nbsp;<a href=\"https:\/\/www.facebook.com\/AFACanOriac\">https:\/\/www.facebook.com\/AFACanOriac<\/a><\/div>\n<div>Twitter:&nbsp;<a href=\"https:\/\/twitter.com\/AFACanOriac\" target=\"_blank\" rel=\"noopener\">@AFACanOriac<\/a><\/div>\n<div>Instagram:&nbsp;<a href=\"https:\/\/www.instagram.com\/afacanoriac\/\" target=\"_blank\" rel=\"noopener\">@AFACanOriac<\/a><\/div>\n<\/div>\n\n\n\n<div>\u00a0<\/div>\n","protected":false},"excerpt":{"rendered":"<p>Volem seguir creixent, treballant, apostant per activitats i accions que repercuteixin en positiu en els i les alumnes. Per aix\u00f2 [&hellip;]<\/p>\n","protected":false},"author":1,"featured_media":0,"parent":4734,"menu_order":4,"comment_status":"closed","ping_status":"closed","template":"","meta":{"site-sidebar-layout":"left-sidebar","site-content-layout":"","ast-site-content-layout":"default","site-content-style":"default","site-sidebar-style":"default","ast-global-header-display":"","ast-banner-title-visibility":"","ast-main-header-display":"","ast-hfb-above-header-display":"","ast-hfb-below-header-display":"","ast-hfb-mobile-header-display":"","site-post-title":"","ast-breadcrumbs-content":"","ast-featured-img":"","footer-sml-layout":"","theme-transparent-header-meta":"","adv-header-id-meta":"","stick-header-meta":"","header-above-stick-meta":"","header-main-stick-meta":"","header-below-stick-meta":"","astra-migrate-meta-layouts":"set","ast-page-background-enabled":"default","ast-page-background-meta":{"desktop":{"background-color":"var(--ast-global-color-4)","background-image":"","background-repeat":"repeat","background-position":"center center","background-size":"auto","background-attachment":"scroll","background-type":"","background-media":"","overlay-type":"","overlay-color":"","overlay-opacity":"","overlay-gradient":""},"tablet":{"background-color":"","background-image":"","background-repeat":"repeat","background-position":"center center","background-size":"auto","background-attachment":"scroll","background-type":"","background-media":"","overlay-type":"","overlay-color":"","overlay-opacity":"","overlay-gradient":""},"mobile":{"background-color":"","background-image":"","background-repeat":"repeat","background-position":"center center","background-size":"auto","background-attachment":"scroll","background-type":"","background-media":"","overlay-type":"","overlay-color":"","overlay-opacity":"","overlay-gradient":""}},"ast-content-background-meta":{"desktop":{"background-color":"var(--ast-global-color-5)","background-image":"","background-repeat":"repeat","background-position":"center center","background-size":"auto","background-attachment":"scroll","background-type":"","background-media":"","overlay-type":"","overlay-color":"","overlay-opacity":"","overlay-gradient":""},"tablet":{"background-color":"var(--ast-global-color-5)","background-image":"","background-repeat":"repeat","background-position":"center center","background-size":"auto","background-attachment":"scroll","background-type":"","background-media":"","overlay-type":"","overlay-color":"","overlay-opacity":"","overlay-gradient":""},"mobile":{"background-color":"var(--ast-global-color-5)","background-image":"","background-repeat":"repeat","background-position":"center center","background-size":"auto","background-attachment":"scroll","background-type":"","background-media":"","overlay-type":"","overlay-color":"","overlay-opacity":"","overlay-gradient":""}},"footnotes":""},"class_list":["post-3109","page","type-page","status-publish","hentry"],"post_mailing_queue_ids":[],"_links":{"self":[{"href":"https:\/\/agora.xtec.cat\/inscanoriac\/wp-json\/wp\/v2\/pages\/3109","targetHints":{"allow":["GET"]}}],"collection":[{"href":"https:\/\/agora.xtec.cat\/inscanoriac\/wp-json\/wp\/v2\/pages"}],"about":[{"href":"https:\/\/agora.xtec.cat\/inscanoriac\/wp-json\/wp\/v2\/types\/page"}],"author":[{"embeddable":true,"href":"https:\/\/agora.xtec.cat\/inscanoriac\/wp-json\/wp\/v2\/users\/1"}],"replies":[{"embeddable":true,"href":"https:\/\/agora.xtec.cat\/inscanoriac\/wp-json\/wp\/v2\/comments?post=3109"}],"version-history":[{"count":6,"href":"https:\/\/agora.xtec.cat\/inscanoriac\/wp-json\/wp\/v2\/pages\/3109\/revisions"}],"predecessor-version":[{"id":5559,"href":"https:\/\/agora.xtec.cat\/inscanoriac\/wp-json\/wp\/v2\/pages\/3109\/revisions\/5559"}],"up":[{"embeddable":true,"href":"https:\/\/agora.xtec.cat\/inscanoriac\/wp-json\/wp\/v2\/pages\/4734"}],"wp:attachment":[{"href":"https:\/\/agora.xtec.cat\/inscanoriac\/wp-json\/wp\/v2\/media?parent=3109"}],"curies":[{"name":"wp","href":"https:\/\/api.w.org\/{rel}","templated":true}]}}