{"id":2392,"date":"2020-05-14T02:11:28","date_gmt":"2020-05-14T00:11:28","guid":{"rendered":"http:\/\/agora.xtec.cat\/inscanoriac\/?page_id=2392"},"modified":"2025-03-20T19:18:25","modified_gmt":"2025-03-20T18:18:25","slug":"horari-administracio","status":"publish","type":"page","link":"https:\/\/agora.xtec.cat\/inscanoriac\/administracio\/horari-administracio\/","title":{"rendered":"Horari"},"content":{"rendered":"\n<h1 class=\"wp-block-heading has-ast-global-color-0-color has-text-color has-link-color wp-elements-88cc8ee32bf143f3c71ec1ad9eb7ad63\">Marc horari<\/h1>\n\n\n\n<figure class=\"wp-block-table is-style-stripes\"><table style=\"border-style:none;border-width:0px\"><tbody><tr><td class=\"has-text-align-center\" data-align=\"center\"><strong>Horari de curs escolar<\/strong><\/td><td class=\"has-text-align-center\" data-align=\"center\"><strong>Horari d&#8217;estiu<\/strong><\/td><\/tr><tr><td class=\"has-text-align-center\" data-align=\"center\">1 de setembre &#8211; 30 de juny<\/td><td class=\"has-text-align-center\" data-align=\"center\">1 de juliol -15 de juliol<\/td><\/tr><tr><td class=\"has-text-align-center\" data-align=\"center\">08:00 -14:00<\/td><td class=\"has-text-align-center\" data-align=\"center\">08:00 &#8211; 14:00<\/td><\/tr><tr><td class=\"has-text-align-center\" data-align=\"center\"><\/td><td class=\"has-text-align-center\" data-align=\"center\">15 de juliol &#8211; 30 d&#8217;agost<\/td><\/tr><tr><td class=\"has-text-align-center\" data-align=\"center\"><\/td><td class=\"has-text-align-center\" data-align=\"center\">Tancat<\/td><\/tr><\/tbody><\/table><figcaption class=\"wp-element-caption\">Les sol\u00b7licituds de tr\u00e0mits i cita pr\u00e8via per a l\u2019atenci\u00f3 presencial s\u2019han de fer a trav\u00e9s de l\u2019adre\u00e7a de correu&nbsp;&nbsp;<a href=\"mailto:a8046670@xtec.cat\" target=\"_blank\" rel=\"noreferrer noopener\">a8076091@xtec.cat<\/a>&nbsp;o al tel\u00e8fon 937232399. El centre es reserva el dret de no atendre o no atorgar prioritat a les sol\u00b7licituds que no hagin estat efectuades pels canals esmentats o qualsevol altre que hagu\u00e9s posat a disposici\u00f3 del p\u00fablic general a tal efecte.<\/figcaption><\/figure>\n","protected":false},"excerpt":{"rendered":"<p>Marc horari Horari de curs escolar Horari d&#8217;estiu 1 de setembre &#8211; 30 de juny 1 de juliol -15 de [&hellip;]<\/p>\n","protected":false},"author":1,"featured_media":0,"parent":4970,"menu_order":1,"comment_status":"closed","ping_status":"closed","template":"","meta":{"site-sidebar-layout":"left-sidebar","site-content-layout":"","ast-site-content-layout":"default","site-content-style":"default","site-sidebar-style":"default","ast-global-header-display":"","ast-banner-title-visibility":"","ast-main-header-display":"","ast-hfb-above-header-display":"","ast-hfb-below-header-display":"","ast-hfb-mobile-header-display":"","site-post-title":"","ast-breadcrumbs-content":"","ast-featured-img":"","footer-sml-layout":"","theme-transparent-header-meta":"","adv-header-id-meta":"","stick-header-meta":"","header-above-stick-meta":"","header-main-stick-meta":"","header-below-stick-meta":"","astra-migrate-meta-layouts":"set","ast-page-background-enabled":"default","ast-page-background-meta":{"desktop":{"background-color":"var(--ast-global-color-4)","background-image":"","background-repeat":"repeat","background-position":"center center","background-size":"auto","background-attachment":"scroll","background-type":"","background-media":"","overlay-type":"","overlay-color":"","overlay-opacity":"","overlay-gradient":""},"tablet":{"background-color":"","background-image":"","background-repeat":"repeat","background-position":"center center","background-size":"auto","background-attachment":"scroll","background-type":"","background-media":"","overlay-type":"","overlay-color":"","overlay-opacity":"","overlay-gradient":""},"mobile":{"background-color":"","background-image":"","background-repeat":"repeat","background-position":"center center","background-size":"auto","background-attachment":"scroll","background-type":"","background-media":"","overlay-type":"","overlay-color":"","overlay-opacity":"","overlay-gradient":""}},"ast-content-background-meta":{"desktop":{"background-color":"var(--ast-global-color-5)","background-image":"","background-repeat":"repeat","background-position":"center center","background-size":"auto","background-attachment":"scroll","background-type":"","background-media":"","overlay-type":"","overlay-color":"","overlay-opacity":"","overlay-gradient":""},"tablet":{"background-color":"var(--ast-global-color-5)","background-image":"","background-repeat":"repeat","background-position":"center center","background-size":"auto","background-attachment":"scroll","background-type":"","background-media":"","overlay-type":"","overlay-color":"","overlay-opacity":"","overlay-gradient":""},"mobile":{"background-color":"var(--ast-global-color-5)","background-image":"","background-repeat":"repeat","background-position":"center center","background-size":"auto","background-attachment":"scroll","background-type":"","background-media":"","overlay-type":"","overlay-color":"","overlay-opacity":"","overlay-gradient":""}},"footnotes":""},"class_list":["post-2392","page","type-page","status-publish","hentry"],"post_mailing_queue_ids":[],"_links":{"self":[{"href":"https:\/\/agora.xtec.cat\/inscanoriac\/wp-json\/wp\/v2\/pages\/2392","targetHints":{"allow":["GET"]}}],"collection":[{"href":"https:\/\/agora.xtec.cat\/inscanoriac\/wp-json\/wp\/v2\/pages"}],"about":[{"href":"https:\/\/agora.xtec.cat\/inscanoriac\/wp-json\/wp\/v2\/types\/page"}],"author":[{"embeddable":true,"href":"https:\/\/agora.xtec.cat\/inscanoriac\/wp-json\/wp\/v2\/users\/1"}],"replies":[{"embeddable":true,"href":"https:\/\/agora.xtec.cat\/inscanoriac\/wp-json\/wp\/v2\/comments?post=2392"}],"version-history":[{"count":6,"href":"https:\/\/agora.xtec.cat\/inscanoriac\/wp-json\/wp\/v2\/pages\/2392\/revisions"}],"predecessor-version":[{"id":4992,"href":"https:\/\/agora.xtec.cat\/inscanoriac\/wp-json\/wp\/v2\/pages\/2392\/revisions\/4992"}],"up":[{"embeddable":true,"href":"https:\/\/agora.xtec.cat\/inscanoriac\/wp-json\/wp\/v2\/pages\/4970"}],"wp:attachment":[{"href":"https:\/\/agora.xtec.cat\/inscanoriac\/wp-json\/wp\/v2\/media?parent=2392"}],"curies":[{"name":"wp","href":"https:\/\/api.w.org\/{rel}","templated":true}]}}