{"id":1230,"date":"2019-09-18T17:15:00","date_gmt":"2019-09-18T15:15:00","guid":{"rendered":"http:\/\/agora.xtec.cat\/inscanoriac\/?page_id=1230"},"modified":"2025-02-07T19:17:08","modified_gmt":"2025-02-07T18:17:08","slug":"google-suite","status":"publish","type":"page","link":"https:\/\/agora.xtec.cat\/inscanoriac\/serveis\/pagina-dinici-buida\/google-suite\/","title":{"rendered":"Google Workspace for EDU"},"content":{"rendered":"<p>Google Classroom es dirigeix a ser la plataforma de treball diari, per\u00f2 on tamb\u00e9 podreu trobar l\u2019estat de les diverses feines assignades, anuncis, avisos, comentaris individuals i notes parcials que l\u2019alumnat obt\u00e9 en cadascuna de les mat\u00e8ries i\/o espais creatius. Per accedir-hi heu d\u2019entrar amb la direcci\u00f3 nom.alumne@inscanoriac.cat i la contrasenya.<\/p>\n<h4 style=\"text-align: justify;\"><b>Material escolar i chromebooks<\/b><\/h4>\n<p style=\"text-align: justify;\"><span style=\"font-weight: 400;\">El material escolar \u00e9s socialitzat, s\u2019utilitzen ordinadors amb sistema operatiu Chrome OS de Google per afavorir el treball de les compet\u00e8ncies digitals i l\u2019eina d\u2019organitzaci\u00f3 dels materials de cada \u00e0mbit \u00e9s el classroom.\u00a0<\/span><\/p>\n","protected":false},"excerpt":{"rendered":"<p>Google Classroom es dirigeix a ser la plataforma de treball diari, per\u00f2 on tamb\u00e9 podreu trobar l\u2019estat de les diverses [&hellip;]<\/p>\n","protected":false},"author":1,"featured_media":0,"parent":9,"menu_order":2,"comment_status":"closed","ping_status":"closed","template":"","meta":{"site-sidebar-layout":"default","site-content-layout":"","ast-site-content-layout":"","site-content-style":"default","site-sidebar-style":"default","ast-global-header-display":"","ast-banner-title-visibility":"","ast-main-header-display":"","ast-hfb-above-header-display":"","ast-hfb-below-header-display":"","ast-hfb-mobile-header-display":"","site-post-title":"","ast-breadcrumbs-content":"","ast-featured-img":"","footer-sml-layout":"","theme-transparent-header-meta":"","adv-header-id-meta":"","stick-header-meta":"","header-above-stick-meta":"","header-main-stick-meta":"","header-below-stick-meta":"","astra-migrate-meta-layouts":"default","ast-page-background-enabled":"default","ast-page-background-meta":{"desktop":{"background-color":"var(--ast-global-color-4)","background-image":"","background-repeat":"repeat","background-position":"center center","background-size":"auto","background-attachment":"scroll","background-type":"","background-media":"","overlay-type":"","overlay-color":"","overlay-opacity":"","overlay-gradient":""},"tablet":{"background-color":"","background-image":"","background-repeat":"repeat","background-position":"center center","background-size":"auto","background-attachment":"scroll","background-type":"","background-media":"","overlay-type":"","overlay-color":"","overlay-opacity":"","overlay-gradient":""},"mobile":{"background-color":"","background-image":"","background-repeat":"repeat","background-position":"center center","background-size":"auto","background-attachment":"scroll","background-type":"","background-media":"","overlay-type":"","overlay-color":"","overlay-opacity":"","overlay-gradient":""}},"ast-content-background-meta":{"desktop":{"background-color":"var(--ast-global-color-5)","background-image":"","background-repeat":"repeat","background-position":"center center","background-size":"auto","background-attachment":"scroll","background-type":"","background-media":"","overlay-type":"","overlay-color":"","overlay-opacity":"","overlay-gradient":""},"tablet":{"background-color":"var(--ast-global-color-5)","background-image":"","background-repeat":"repeat","background-position":"center center","background-size":"auto","background-attachment":"scroll","background-type":"","background-media":"","overlay-type":"","overlay-color":"","overlay-opacity":"","overlay-gradient":""},"mobile":{"background-color":"var(--ast-global-color-5)","background-image":"","background-repeat":"repeat","background-position":"center center","background-size":"auto","background-attachment":"scroll","background-type":"","background-media":"","overlay-type":"","overlay-color":"","overlay-opacity":"","overlay-gradient":""}},"footnotes":""},"class_list":["post-1230","page","type-page","status-publish","hentry"],"post_mailing_queue_ids":[],"_links":{"self":[{"href":"https:\/\/agora.xtec.cat\/inscanoriac\/wp-json\/wp\/v2\/pages\/1230","targetHints":{"allow":["GET"]}}],"collection":[{"href":"https:\/\/agora.xtec.cat\/inscanoriac\/wp-json\/wp\/v2\/pages"}],"about":[{"href":"https:\/\/agora.xtec.cat\/inscanoriac\/wp-json\/wp\/v2\/types\/page"}],"author":[{"embeddable":true,"href":"https:\/\/agora.xtec.cat\/inscanoriac\/wp-json\/wp\/v2\/users\/1"}],"replies":[{"embeddable":true,"href":"https:\/\/agora.xtec.cat\/inscanoriac\/wp-json\/wp\/v2\/comments?post=1230"}],"version-history":[{"count":4,"href":"https:\/\/agora.xtec.cat\/inscanoriac\/wp-json\/wp\/v2\/pages\/1230\/revisions"}],"predecessor-version":[{"id":4620,"href":"https:\/\/agora.xtec.cat\/inscanoriac\/wp-json\/wp\/v2\/pages\/1230\/revisions\/4620"}],"up":[{"embeddable":true,"href":"https:\/\/agora.xtec.cat\/inscanoriac\/wp-json\/wp\/v2\/pages\/9"}],"wp:attachment":[{"href":"https:\/\/agora.xtec.cat\/inscanoriac\/wp-json\/wp\/v2\/media?parent=1230"}],"curies":[{"name":"wp","href":"https:\/\/api.w.org\/{rel}","templated":true}]}}