{"id":75,"date":"2014-09-18T10:21:02","date_gmt":"2014-09-18T09:21:02","guid":{"rendered":"http:\/\/agora.xtec.cat\/insbosc\/?page_id=75"},"modified":"2021-07-08T22:18:16","modified_gmt":"2021-07-08T20:18:16","slug":"activitats-extraescolars","status":"publish","type":"page","link":"https:\/\/agora.xtec.cat\/insbosc\/serveis\/activitats-extraescolars\/","title":{"rendered":"Projecte educatiu de l&#8217;empresa Valors IPP &#8211;  Menjador"},"content":{"rendered":"<p>El menjador escolar \u00e9s molt m\u00e9s que un espai on els alumnes satisfan les seves necessitats aliment\u00e0ries. Els infants i adolescents es troben en una etapa vital on s\u2019ha de garantir una dieta equilibrada que n\u2019afavoreixi el creixement i on l\u2019assoliment d\u2019h\u00e0bits i actituds sigui el pilar del seu desenvolupament personal. Cal treballar tamb\u00e9 valors essencials com el companyerisme i el respecte als dem\u00e9s i al medi ambient.<\/p>\n<p><a href=\"https:\/\/agora.xtec.cat\/insbosc\/wp-content\/uploads\/usu2624\/2021\/07\/VALORS-ninus-01-01.png\"><img loading=\"lazy\" decoding=\"async\" class=\"wp-image-502 alignleft\" src=\"https:\/\/agora.xtec.cat\/insbosc\/wp-content\/uploads\/usu2624\/2021\/07\/VALORS-ninus-01-01.png\" alt=\"\" width=\"375\" height=\"188\" srcset=\"https:\/\/agora.xtec.cat\/insbosc\/wp-content\/uploads\/usu2624\/2021\/07\/VALORS-ninus-01-01.png 1000w, https:\/\/agora.xtec.cat\/insbosc\/wp-content\/uploads\/usu2624\/2021\/07\/VALORS-ninus-01-01-300x150.png 300w, https:\/\/agora.xtec.cat\/insbosc\/wp-content\/uploads\/usu2624\/2021\/07\/VALORS-ninus-01-01-768x385.png 768w\" sizes=\"auto, (max-width: 375px) 100vw, 375px\" \/><\/a>Aix\u00ed doncs el servei de menjador escolar s\u2019ha d\u2019entendre com un espai de lleure educatiu que fomenti la salut, els bons h\u00e0bits, els valors socials i la sostenibilitat. \u00c9s per aix\u00f2 que Menjadors Educatius, conscient de la import\u00e0ncia d\u2019aquest espai en el desenvolupament de les noves generacions, s\u2019implica des de sempre en la seva gesti\u00f3 integral. L\u2019objectiu \u00e9s clar: transmetre la nostra vocaci\u00f3 de servei a l\u2019equip escolar, planificar amb cura i respecte per les singularitats de cada centre i treballar conjuntament amb fam\u00edlies i amb la resta dels actors que intervenen en l\u2019educaci\u00f3 dels m\u00e9s petits. El nostre projecte de menjador va m\u00e9s enll\u00e0 dels espais i el temps. Volem fer part\u00edceps els nens i nenes aix\u00ed com la resta de la comunitat educativa i l\u2019entorn social del qual formen part. Utilitzarem com a principal eina educativa la motivaci\u00f3, perqu\u00e8 all\u00f2 que s\u2019estima i es gaudeix \u00e9s el que aprenem i interioritzem, \u201c\u2026nom\u00e9s es pot aprendre all\u00f2 que s\u2019estima\u201d.<sup>2<\/sup><\/p>\n<p>A menjadors educatius som conscients de la import\u00e0ncia de planificar les accions educatives per tal de donar coher\u00e8ncia i sentit pedag\u00f2gic a la nostra activitat. \u00c9s per aquesta ra\u00f3 que el document que teniu entre les mans esdev\u00e9, des del primer dia, l\u2019eix vertebrador de les nostres actuacions i \u00e9s un full de ruta compartit amb la comunitat educativa de cada centre. En aquest projecte pretenem plasmar-hi les nostres singularitats com a empresa de car\u00e0cter social que posa l\u2019accent en el desenvolupament dels m\u00e9s joves.<\/p>\n<p>Des d\u2019aquella perspectiva no l\u2019hem de considerar doncs com cap altra cosa que no sigui un recull de principis, objectius i definici\u00f3 d\u2019estructura organitzativa que conforma el \u201c<em>know-how<\/em>\u201d i la cultura de fons de la nostra entitat.<\/p>\n<p>Esperem sincerament que ens acompanyeu en aquest apassionant proc\u00e9s que \u00e9s el de treballar dia a dia per tal que el dinar passi a formar part de l\u2019educaci\u00f3 transversal dels infants. No nom\u00e9s a trav\u00e9s d\u2019una cuina conscient i respectuosa amb el producte i les tradicions, sin\u00f3 tamb\u00e9 de la m\u00e0 d\u2019un equip educatiu referent.<\/p>\n","protected":false},"excerpt":{"rendered":"<p>El menjador escolar \u00e9s molt m\u00e9s que un espai on els alumnes satisfan les seves necessitats aliment\u00e0ries. Els infants i adolescents es troben en una etapa vital on s\u2019ha de garantir una dieta equilibrada que n\u2019afavoreixi el creixement i on l\u2019assoliment d\u2019h\u00e0bits i actituds sigui&hellip;  <a href=\"https:\/\/agora.xtec.cat\/insbosc\/serveis\/activitats-extraescolars\/\" title=\"Read Projecte educatiu de l&#8217;empresa Valors IPP &#8211;  Menjador\">Llegeix m\u00e9s\u00bb<\/a><\/p>\n","protected":false},"author":1,"featured_media":0,"parent":63,"menu_order":40,"comment_status":"closed","ping_status":"closed","template":"page-templates\/side-menu.php","meta":{"_bbp_topic_count":0,"_bbp_reply_count":0,"_bbp_total_topic_count":0,"_bbp_total_reply_count":0,"_bbp_voice_count":0,"_bbp_anonymous_reply_count":0,"_bbp_topic_count_hidden":0,"_bbp_reply_count_hidden":0,"_bbp_forum_subforum_count":0,"footnotes":""},"class_list":["post-75","page","type-page","status-publish","hentry"],"post_mailing_queue_ids":[],"_links":{"self":[{"href":"https:\/\/agora.xtec.cat\/insbosc\/wp-json\/wp\/v2\/pages\/75","targetHints":{"allow":["GET"]}}],"collection":[{"href":"https:\/\/agora.xtec.cat\/insbosc\/wp-json\/wp\/v2\/pages"}],"about":[{"href":"https:\/\/agora.xtec.cat\/insbosc\/wp-json\/wp\/v2\/types\/page"}],"author":[{"embeddable":true,"href":"https:\/\/agora.xtec.cat\/insbosc\/wp-json\/wp\/v2\/users\/1"}],"replies":[{"embeddable":true,"href":"https:\/\/agora.xtec.cat\/insbosc\/wp-json\/wp\/v2\/comments?post=75"}],"version-history":[{"count":2,"href":"https:\/\/agora.xtec.cat\/insbosc\/wp-json\/wp\/v2\/pages\/75\/revisions"}],"predecessor-version":[{"id":503,"href":"https:\/\/agora.xtec.cat\/insbosc\/wp-json\/wp\/v2\/pages\/75\/revisions\/503"}],"up":[{"embeddable":true,"href":"https:\/\/agora.xtec.cat\/insbosc\/wp-json\/wp\/v2\/pages\/63"}],"wp:attachment":[{"href":"https:\/\/agora.xtec.cat\/insbosc\/wp-json\/wp\/v2\/media?parent=75"}],"curies":[{"name":"wp","href":"https:\/\/api.w.org\/{rel}","templated":true}]}}