{"id":63,"date":"2014-09-18T10:06:31","date_gmt":"2014-09-18T10:06:31","guid":{"rendered":"http:\/\/agora.xtec.cat\/insbosc\/?page_id=63"},"modified":"2025-09-19T21:22:22","modified_gmt":"2025-09-19T19:22:22","slug":"serveis","status":"publish","type":"page","link":"https:\/\/agora.xtec.cat\/insbosc\/serveis\/","title":{"rendered":"Serveis"},"content":{"rendered":"<p style=\"color: #444444;\">En aquest apartat us tractem d\u2019informar sobre els serveis que ofereix el centre.<\/p>\n<ul style=\"color: #444444;\">\n<li><strong>Serveis digitals<\/strong><\/li>\n<\/ul>\n<p>MEDIATECA:\u00a0Dins la mediateca disposem de recursos tecnol\u00f2gics que els alumnes poden utilitzar durant el temps lliure<\/p>\n<p>Horaris:<\/p>\n<table>\n<tbody>\n<tr>\n<td><strong>MAT\u00cd<\/strong><\/td>\n<td>Dilluns, Dimarts i Dijous de 10:30h a 11:00h<\/p>\n<p>Dim\u00e8cres i Divendres de 11:30h a 12:00h<\/td>\n<\/tr>\n<tr>\n<td><strong>TARDA<\/strong><\/td>\n<td>Dimarts i Dijous de 13:30h a 14:30h<\/td>\n<\/tr>\n<\/tbody>\n<\/table>\n<ul style=\"color: #444444;\">\n<li><strong>El menjador escolar<\/strong><\/li>\n<\/ul>\n<p>Disposem de servei de menjador escolar amb l&#8217;empresa VALORS IPP, amb cuina pr\u00f2pia, amb productes ecol\u00f2gics i amb aliments de proximitat en funci\u00f3 de la temporada.<\/p>\n","protected":false},"excerpt":{"rendered":"<p>En aquest apartat us tractem d\u2019informar sobre els serveis que ofereix el centre.<\/p>\n<ul style=\"color: #444444;\">\n<li>Serveis digitals<\/li>\n<\/ul>\n<p>MEDIATECA:\u00a0Dins la mediateca disposem de recursos tecnol\u00f2gics que els alumnes poden utilitzar durant el temps lliure<br \/>\nHoraris:<\/p>\n<p>MAT\u00cd<br \/>\nDilluns, Dimarts i Dijous de 10:30h a 11:00h<br \/>\nDim\u00e8cres i Divendres de 11:30h a 12:00h<\/p>\n<p>TARDA<br \/>\nDimarts i&hellip;  <a href=\"https:\/\/agora.xtec.cat\/insbosc\/serveis\/\" title=\"Read Serveis\">Llegeix m\u00e9s\u00bb<\/a><\/p>\n","protected":false},"author":1,"featured_media":0,"parent":0,"menu_order":0,"comment_status":"closed","ping_status":"closed","template":"page-templates\/side-menu.php","meta":{"_bbp_topic_count":0,"_bbp_reply_count":0,"_bbp_total_topic_count":0,"_bbp_total_reply_count":0,"_bbp_voice_count":0,"_bbp_anonymous_reply_count":0,"_bbp_topic_count_hidden":0,"_bbp_reply_count_hidden":0,"_bbp_forum_subforum_count":0,"footnotes":""},"class_list":["post-63","page","type-page","status-publish","hentry"],"post_mailing_queue_ids":[],"_links":{"self":[{"href":"https:\/\/agora.xtec.cat\/insbosc\/wp-json\/wp\/v2\/pages\/63","targetHints":{"allow":["GET"]}}],"collection":[{"href":"https:\/\/agora.xtec.cat\/insbosc\/wp-json\/wp\/v2\/pages"}],"about":[{"href":"https:\/\/agora.xtec.cat\/insbosc\/wp-json\/wp\/v2\/types\/page"}],"author":[{"embeddable":true,"href":"https:\/\/agora.xtec.cat\/insbosc\/wp-json\/wp\/v2\/users\/1"}],"replies":[{"embeddable":true,"href":"https:\/\/agora.xtec.cat\/insbosc\/wp-json\/wp\/v2\/comments?post=63"}],"version-history":[{"count":3,"href":"https:\/\/agora.xtec.cat\/insbosc\/wp-json\/wp\/v2\/pages\/63\/revisions"}],"predecessor-version":[{"id":717,"href":"https:\/\/agora.xtec.cat\/insbosc\/wp-json\/wp\/v2\/pages\/63\/revisions\/717"}],"wp:attachment":[{"href":"https:\/\/agora.xtec.cat\/insbosc\/wp-json\/wp\/v2\/media?parent=63"}],"curies":[{"name":"wp","href":"https:\/\/api.w.org\/{rel}","templated":true}]}}