{"id":49,"date":"2014-09-17T16:55:55","date_gmt":"2014-09-17T16:55:55","guid":{"rendered":"http:\/\/agora.xtec.cat\/insbosc\/?page_id=49"},"modified":"2026-02-25T14:51:27","modified_gmt":"2026-02-25T13:51:27","slug":"normes-dorganitzacio-i-funcionament","status":"publish","type":"page","link":"https:\/\/agora.xtec.cat\/insbosc\/linstitut\/normes-dorganitzacio-i-funcionament\/","title":{"rendered":"Documents de centre"},"content":{"rendered":"<div class=\"page\" title=\"Page 4\">\n<div class=\"layoutArea\">\n<p>L\u2019Institut Bosc de Montju\u00efc \u00e9s un centre de titularitat municipal que va obrir les seves portes el curs 96-97 al barri del Poble-Sec. Durant tots aquests anys ha viscut canvis de professorat, d\u2019alumnat, de recursos, de marc legal\u2026 El centre funciona seguint les directrius administratives i amb un seguit de documentaci\u00f3 d\u2019elaboraci\u00f3 interna que ens guia.<\/p>\n<p>En aquesta secci\u00f3 trobareu la documentaci\u00f3 pr\u00f2pia del centre.<\/p>\n<ul>\n<li><a href=\"https:\/\/agora.xtec.cat\/insbosc\/wp-content\/uploads\/usu2624\/2024\/03\/PdD_PEC_web.pdf\" target=\"_blank\" rel=\"noopener\">Extracte<\/a> del <strong>Projecte de Direcci\u00f3<\/strong> actual vigent durant els cursos 2024-27 amb la concreci\u00f3 curricular actual.<\/li>\n<li><a href=\"https:\/\/agora.xtec.cat\/insbosc\/wp-content\/uploads\/usu2624\/2021\/07\/projecte-convivc3a8ncia.pdf\">Projecte de conviv\u00e8ncia.<\/a> <span style=\"font-family: inherit; font-size: 1em;\"><strong> Aprovat pel Consell Escolar el 30 de setembre del 2020.<\/strong><\/span><\/li>\n<li>Les <a href=\"https:\/\/agora.xtec.cat\/insbosc\/wp-content\/uploads\/usu2624\/2025\/10\/NOFC-Bosc-de-Montjuic-esmenat-al-CE-13102025.pdf\">Normes <\/a><a href=\"https:\/\/agora.xtec.cat\/insbosc\/wp-content\/uploads\/usu2624\/2026\/01\/NOFC-Bosc-de-Montjuic-esmenat-al-CE-26012026.pdf\">d&#8217;Organitzaci\u00f3 i Funcionament del Centre (NOFC)<\/a> recull la normativa que regeix el funcionament del centre. <strong>Document esmenat pel Consell Escolar el 26 de gener del 2026.<\/strong><\/li>\n<li>El <a href=\"https:\/\/agora.xtec.cat\/insbosc\/wp-content\/uploads\/usu2624\/2021\/09\/projecte-linguistic-de-centre.pdf\">projecte ling\u00fc\u00edstic de centre <\/a>contempla l\u2019\u00fas de les diferents lleng\u00fces a l\u2019Institut Bosc de Montju\u00efc.<\/li>\n<li>El <a href=\"https:\/\/agora.xtec.cat\/insbosc\/wp-content\/uploads\/usu2624\/2025\/09\/Dossier-families-25-26-_base.pdf\">dossier per a les fam\u00edlies 25-26<\/a> \u00e9s una eina valuosa per trobar resposta a la majoria de preguntes freq\u00fcents que segurament aniran sorgint al llarg del curs.<\/li>\n<li><a href=\"https:\/\/view.genially.com\/63ff162d3537ad0017c371c7\/dossier-portes-obertes-definitiu25-26\">Presentaci\u00f3<\/a> del centre per a la <strong>jornada de Portes Obertes<\/strong> en el marc de les Preinscripcions.<\/li>\n<\/ul>\n<\/div>\n<\/div>\n","protected":false},"excerpt":{"rendered":"<p>L\u2019Institut Bosc de Montju\u00efc \u00e9s un centre de titularitat municipal que va obrir les seves portes el curs 96-97 al barri del Poble-Sec. Durant tots aquests anys ha viscut canvis de professorat, d\u2019alumnat, de recursos, de marc legal\u2026 El centre funciona seguint les directrius administratives&hellip;  <a href=\"https:\/\/agora.xtec.cat\/insbosc\/linstitut\/normes-dorganitzacio-i-funcionament\/\" title=\"Read Documents de centre\">Llegeix m\u00e9s\u00bb<\/a><\/p>\n","protected":false},"author":1,"featured_media":0,"parent":19,"menu_order":60,"comment_status":"closed","ping_status":"closed","template":"page-templates\/side-menu.php","meta":{"_bbp_topic_count":0,"_bbp_reply_count":0,"_bbp_total_topic_count":0,"_bbp_total_reply_count":0,"_bbp_voice_count":0,"_bbp_anonymous_reply_count":0,"_bbp_topic_count_hidden":0,"_bbp_reply_count_hidden":0,"_bbp_forum_subforum_count":0,"footnotes":""},"class_list":["post-49","page","type-page","status-publish","hentry"],"post_mailing_queue_ids":[],"_links":{"self":[{"href":"https:\/\/agora.xtec.cat\/insbosc\/wp-json\/wp\/v2\/pages\/49","targetHints":{"allow":["GET"]}}],"collection":[{"href":"https:\/\/agora.xtec.cat\/insbosc\/wp-json\/wp\/v2\/pages"}],"about":[{"href":"https:\/\/agora.xtec.cat\/insbosc\/wp-json\/wp\/v2\/types\/page"}],"author":[{"embeddable":true,"href":"https:\/\/agora.xtec.cat\/insbosc\/wp-json\/wp\/v2\/users\/1"}],"replies":[{"embeddable":true,"href":"https:\/\/agora.xtec.cat\/insbosc\/wp-json\/wp\/v2\/comments?post=49"}],"version-history":[{"count":7,"href":"https:\/\/agora.xtec.cat\/insbosc\/wp-json\/wp\/v2\/pages\/49\/revisions"}],"predecessor-version":[{"id":3500,"href":"https:\/\/agora.xtec.cat\/insbosc\/wp-json\/wp\/v2\/pages\/49\/revisions\/3500"}],"up":[{"embeddable":true,"href":"https:\/\/agora.xtec.cat\/insbosc\/wp-json\/wp\/v2\/pages\/19"}],"wp:attachment":[{"href":"https:\/\/agora.xtec.cat\/insbosc\/wp-json\/wp\/v2\/media?parent=49"}],"curies":[{"name":"wp","href":"https:\/\/api.w.org\/{rel}","templated":true}]}}