{"id":46,"date":"2014-09-17T16:53:45","date_gmt":"2014-09-17T16:53:45","guid":{"rendered":"http:\/\/agora.xtec.cat\/insbosc\/?page_id=46"},"modified":"2025-09-19T21:22:21","modified_gmt":"2025-09-19T19:22:21","slug":"organigrama","status":"publish","type":"page","link":"https:\/\/agora.xtec.cat\/insbosc\/linstitut\/organigrama\/","title":{"rendered":"Organigrama"},"content":{"rendered":"<p><b>Equip directiu<\/b><\/p>\n<p><span style=\"font-weight: 400;\">Directora: N\u00faria Llopis\u00a0<\/span><\/p>\n<p><span style=\"font-weight: 400;\">Cap d\u2019Estudis: Jordi Valls\u00a0<\/span><\/p>\n<p><span style=\"font-weight: 400;\">Coordinador Pedag\u00f2gic: Paco Zea<\/span><\/p>\n<p><span style=\"font-weight: 400;\">Secretari Acad\u00e8mic: Albert Torrent<\/span><\/p>\n<p>&nbsp;<\/p>\n<p><b>Consell Escolar\u00a0<\/b><\/p>\n<p><span style=\"font-weight: 400;\">Presidenta: N\u00faria Llopis<\/span><\/p>\n<p><span style=\"font-weight: 400;\">Cap d\u2019Estudis: Jordi Valls\u00a0<\/span><\/p>\n<p><span style=\"font-weight: 400;\">Secretari Acad\u00e8mic: Albert Torrent<\/span><\/p>\n<p><span style=\"font-weight: 400;\">Representant Municipal: Xavier Mart\u00edn Masip<\/span><\/p>\n<p><span style=\"font-weight: 400;\">Sector Professorat: Josep V. Moragues, Cristina Pell\u00f3, Leire Crowley, Ra\u00fcl L\u00f3pez<\/span><\/p>\n<p><span style=\"font-weight: 400;\">Sector PAS: Raquel Badia<\/span><\/p>\n<p><span style=\"font-weight: 400;\">Sector Alumnat: Akan\u00e9 Tercero, Lola Tomasa, Adriana Alcoba<\/span><\/p>\n<p><span style=\"font-weight: 400;\">Sector Pares i Mares: Miriam Cabr\u00e9, Eva Porta, Sunci Pri\u00f3<\/span><\/p>\n<p><span style=\"font-weight: 400;\">Sector AFA: Emma Robb<\/span><\/p>\n<p>&nbsp;<\/p>\n<p><b>Personal d\u2019Administraci\u00f3 i Serveis<\/b><\/p>\n<p><span style=\"font-weight: 400;\">Secret\u00e0ria administrativa: Raquel Bad\u00eda<\/span><\/p>\n<p><span style=\"font-weight: 400;\">Subalterna: Maria del Carmen L\u00f3pez<\/span><\/p>\n<p>&nbsp;<\/p>\n<p><b>Coordinacions<\/b><\/p>\n<p><span style=\"font-weight: 400;\">Coordinaci\u00f3 de Prevenci\u00f3 de Riscos Laborals: S\u00edlvia Mart\u00ednez<\/span><\/p>\n<p><span style=\"font-weight: 400;\">Coordinaci\u00f3 Digital: Josep V. Moragues i Agust\u00ed Escriv\u00e0<\/span><\/p>\n<p><span style=\"font-weight: 400;\">Coordinaci\u00f3 Cocobe: Mercedes Gonz\u00e1lez<\/span><\/p>\n<p><span style=\"font-weight: 400;\">Coordinaci\u00f3 Llengua i Interculturalitat: Cristina Pell\u00f3<\/span><\/p>\n<p><span style=\"font-weight: 400;\">Coordinaci\u00f3 de Comunicaci\u00f3: \u00c0ngela G\u00f3mez<\/span><\/p>\n<p><span style=\"font-weight: 400;\">Coordinaci\u00f3 Mediateca: Leire Crowley<\/span><\/p>\n<p><span style=\"font-weight: 400;\">Coordinaci\u00f3 SIAL: Gl\u00f2ria C\u00f3nsol<\/span><\/p>\n<p>&nbsp;<\/p>\n<p><b>Caps de Departament<\/b><\/p>\n<p><span style=\"font-weight: 400;\">\u00a0Departament Lletres: Leire Crowley<\/span><\/p>\n<p><span style=\"font-weight: 400;\">\u00a0Departament Ci\u00e8ncies: Agust\u00ed Escriv\u00e0<\/span><\/p>\n<p>&nbsp;<\/p>\n<p><b>Equip psicopedag\u00f2gic<\/b><\/p>\n<p><span style=\"font-weight: 400;\">Orientadora del centre: Rosa Barquero<\/span><\/p>\n<p><span style=\"font-weight: 400;\">Psicopedagoga EAP: Tamara Pe\u00f1a<\/span><\/p>\n<p>&nbsp;<\/p>\n<p><b>Equip SIAL<\/b><\/p>\n<p><span style=\"font-weight: 400;\">Elisabet Herr\u00e1iz<\/span><\/p>\n<p><span style=\"font-weight: 400;\">Gl\u00f2ria C\u00f2nsol<\/span><\/p>\n<p><span style=\"font-weight: 400;\">Mireia Angulo<\/span><\/p>\n<p><span style=\"font-weight: 400;\">Ana Lozano<\/span><\/p>\n<p><span style=\"font-weight: 400;\">Anna Camarero<\/span><\/p>\n<p>&nbsp;<\/p>\n<p><b>Departament did\u00e0ctic de Lletres i Expressi\u00f3\u00a0<\/b><\/p>\n<p><span style=\"font-weight: 400;\">Catal\u00e0: N\u00faria Llopis, Ra\u00fcl L\u00f3pez, Gemma Andreu, \u00c0ngela G\u00f3mez<\/span><\/p>\n<p><span style=\"font-weight: 400;\">Castell\u00e0: Leire Crowley, Mar Talarn<\/span><\/p>\n<p><span style=\"font-weight: 400;\">Aula d\u2019acollida: Laura Mart\u00ednez<\/span><\/p>\n<p><span style=\"font-weight: 400;\">Socials: Ramon Belastegui, Gemma Amice, Paco Zea<\/span><\/p>\n<p><span style=\"font-weight: 400;\">Angl\u00e8s: Cristina Pello, Emma Vivas<\/span><\/p>\n<p><span style=\"font-weight: 400;\">Franc\u00e8s: Elisabeth Aleu<\/span><\/p>\n<p><span style=\"font-weight: 400;\">Educaci\u00f3 Visual i Pl\u00e0stica: Mercedes Gonz\u00e1lez<\/span><\/p>\n<p><span style=\"font-weight: 400;\">M\u00fasica: Josep Ben\u00edtez<\/span><\/p>\n<p>&nbsp;<\/p>\n<p><b>Departament did\u00e0ctic de Ci\u00e8ncies, Tecnologia i Educaci\u00f3 F\u00edsica<\/b><\/p>\n<p><span style=\"font-weight: 400;\">Matem\u00e0tiques: Agust\u00ed Escriv\u00e0, S\u00edlvia Mart\u00ednez, Dan Navarro<\/span><\/p>\n<p><span style=\"font-weight: 400;\">F\u00edsica i Qu\u00edmica: Jordi Valls, Alexandre Torres<\/span><\/p>\n<p><span style=\"font-weight: 400;\">Biologia i Geologia: Albert Torrent, Jordi Marr\u00f3n<\/span><\/p>\n<p><span style=\"font-weight: 400;\">Tecnologia: V\u00edctor Escarr\u00e9, Josep Moragues<\/span><\/p>\n<p><span style=\"font-weight: 400;\">Educaci\u00f3 F\u00edsica: Germ\u00e1n Montesinos<\/span><\/p>\n<p>&nbsp;<\/p>\n<p><b>Altres professionals del centre<\/b><\/p>\n<p><span style=\"font-weight: 400;\">Coordinaci\u00f3 Temps de migdia: \u00c8lia Mart\u00ednez<\/span><\/p>\n<p><span style=\"font-weight: 400;\">Equip de cuina: Valle Maldonado, Silvia Ruiz i Marina Beltr\u00e1n<\/span><\/p>\n<p><span style=\"font-weight: 400;\">Equip de neteja: Hillary Sotelo i\u00a0 Susana Ruiz\u00a0<\/span><\/p>\n<p><span style=\"font-weight: 400;\">Programa Salut i escola: N\u00faria Prat<\/span><\/p>\n<p><span style=\"font-weight: 400;\">Joves de Barcelona: David Arnau<\/span><\/p>\n","protected":false},"excerpt":{"rendered":"<p>Equip directiu<br \/>\nDirectora: N\u00faria Llopis\u00a0<br \/>\nCap d\u2019Estudis: Jordi Valls\u00a0<br \/>\nCoordinador Pedag\u00f2gic: Paco Zea<br \/>\nSecretari Acad\u00e8mic: Albert Torrent<br \/>\n&nbsp;<br \/>\nConsell Escolar\u00a0<br \/>\nPresidenta: N\u00faria Llopis<br \/>\nCap d\u2019Estudis: Jordi Valls\u00a0<br \/>\nSecretari Acad\u00e8mic: Albert Torrent<br \/>\nRepresentant Municipal: Xavier Mart\u00edn Masip<br \/>\nSector Professorat: Josep V. Moragues, Cristina Pell\u00f3, Leire Crowley, Ra\u00fcl L\u00f3pez<br \/>\nSector PAS: Raquel Badia<br \/>\nSector Alumnat: Akan\u00e9 Tercero, Lola Tomasa, Adriana&hellip;  <a href=\"https:\/\/agora.xtec.cat\/insbosc\/linstitut\/organigrama\/\" title=\"Read Organigrama\">Llegeix m\u00e9s\u00bb<\/a><\/p>\n","protected":false},"author":1,"featured_media":0,"parent":19,"menu_order":50,"comment_status":"closed","ping_status":"closed","template":"page-templates\/side-menu.php","meta":{"_bbp_topic_count":0,"_bbp_reply_count":0,"_bbp_total_topic_count":0,"_bbp_total_reply_count":0,"_bbp_voice_count":0,"_bbp_anonymous_reply_count":0,"_bbp_topic_count_hidden":0,"_bbp_reply_count_hidden":0,"_bbp_forum_subforum_count":0,"footnotes":""},"class_list":["post-46","page","type-page","status-publish","hentry"],"post_mailing_queue_ids":[],"_links":{"self":[{"href":"https:\/\/agora.xtec.cat\/insbosc\/wp-json\/wp\/v2\/pages\/46","targetHints":{"allow":["GET"]}}],"collection":[{"href":"https:\/\/agora.xtec.cat\/insbosc\/wp-json\/wp\/v2\/pages"}],"about":[{"href":"https:\/\/agora.xtec.cat\/insbosc\/wp-json\/wp\/v2\/types\/page"}],"author":[{"embeddable":true,"href":"https:\/\/agora.xtec.cat\/insbosc\/wp-json\/wp\/v2\/users\/1"}],"replies":[{"embeddable":true,"href":"https:\/\/agora.xtec.cat\/insbosc\/wp-json\/wp\/v2\/comments?post=46"}],"version-history":[{"count":6,"href":"https:\/\/agora.xtec.cat\/insbosc\/wp-json\/wp\/v2\/pages\/46\/revisions"}],"predecessor-version":[{"id":3304,"href":"https:\/\/agora.xtec.cat\/insbosc\/wp-json\/wp\/v2\/pages\/46\/revisions\/3304"}],"up":[{"embeddable":true,"href":"https:\/\/agora.xtec.cat\/insbosc\/wp-json\/wp\/v2\/pages\/19"}],"wp:attachment":[{"href":"https:\/\/agora.xtec.cat\/insbosc\/wp-json\/wp\/v2\/media?parent=46"}],"curies":[{"name":"wp","href":"https:\/\/api.w.org\/{rel}","templated":true}]}}