{"id":39,"date":"2014-09-17T16:36:44","date_gmt":"2014-09-17T16:36:44","guid":{"rendered":"http:\/\/agora.xtec.cat\/insbosc\/?page_id=39"},"modified":"2025-10-09T12:59:42","modified_gmt":"2025-10-09T10:59:42","slug":"instal%c2%b7lacions","status":"publish","type":"page","link":"https:\/\/agora.xtec.cat\/insbosc\/linstitut\/instal%c2%b7lacions\/","title":{"rendered":"Instal\u00b7lacions"},"content":{"rendered":"<div class=\"page\" title=\"Page 11\">\n<div class=\"layoutArea\">\n<div class=\"column\">\n<p style=\"text-align: left;\">L&#8217;institut est\u00e0 distribu\u00eft en tres plantes i disposa d\u2019ascensor, biblioteca, aula de m\u00fasica, aula d\u2019inform\u00e0tica, taller de tecnologia, aula d\u2019educaci\u00f3 visual i pl\u00e0stica, laboratori, les diferents aules (amb equipament multim\u00e8dia i pissarra electr\u00f2nica) i un hort.<\/p>\n<p style=\"text-align: left;\">Tamb\u00e9 disposem d&#8217;espais i equips comuns amb l\u2019Escola del Bosc, com el gimn\u00e0s i vestuaris, menjador i el pati.<\/p>\n<p style=\"text-align: left;\">A l&#8217;exterior hi trobem les diferents entrades al recinte, una \u00e0mplia pista de futbol-b\u00e0squet, una gran zona de bosc amb pins i a un costat, el nostre caracter\u00edstic Bolet, una estructura circular de metall tapada per realitzar diferents funcions. Al costat hi trobem dues taules de tennis taula i en diferents punts del pati tamb\u00e9 tenim estructures de fusta per al descans i reuni\u00f3.<\/p>\n<\/div>\n<\/div>\n<\/div>\n<p><a href=\"https:\/\/agora.xtec.cat\/insbosc\/wp-content\/uploads\/usu2624\/2021\/07\/IMG_0902-1.jpg\"><img loading=\"lazy\" decoding=\"async\" class=\"alignnone wp-image-531\" src=\"https:\/\/agora.xtec.cat\/insbosc\/wp-content\/uploads\/usu2624\/2021\/07\/IMG_0902-1-1024x577.jpg\" alt=\"\" width=\"433\" height=\"244\" srcset=\"https:\/\/agora.xtec.cat\/insbosc\/wp-content\/uploads\/usu2624\/2021\/07\/IMG_0902-1-1024x577.jpg 1024w, https:\/\/agora.xtec.cat\/insbosc\/wp-content\/uploads\/usu2624\/2021\/07\/IMG_0902-1-300x169.jpg 300w, https:\/\/agora.xtec.cat\/insbosc\/wp-content\/uploads\/usu2624\/2021\/07\/IMG_0902-1-768x433.jpg 768w, https:\/\/agora.xtec.cat\/insbosc\/wp-content\/uploads\/usu2624\/2021\/07\/IMG_0902-1.jpg 1996w\" sizes=\"auto, (max-width: 433px) 100vw, 433px\" \/><\/a><a href=\"https:\/\/agora.xtec.cat\/insbosc\/wp-content\/uploads\/usu2624\/2021\/07\/IMG_0903-1.jpg\"><img loading=\"lazy\" decoding=\"async\" class=\"alignnone wp-image-532\" src=\"https:\/\/agora.xtec.cat\/insbosc\/wp-content\/uploads\/usu2624\/2021\/07\/IMG_0903-1-1024x574.jpg\" alt=\"\" width=\"440\" height=\"247\" \/><\/a><\/p>\n<p>&nbsp;<\/p>\n<p>Us deixem amb el v\u00eddeo d&#8217;un dia a l&#8217;Institut Bosc de Montju\u00efc gravat al curs 2020-2021.<\/p>\n<p><iframe loading=\"lazy\" src=\"https:\/\/www.youtube.com\/embed\/vnPIaVcwp48\" width=\"560\" height=\"315\" frameborder=\"0\"><\/iframe><\/p>\n","protected":false},"excerpt":{"rendered":"<p>L&#8217;institut est\u00e0 distribu\u00eft en tres plantes i disposa d\u2019ascensor, biblioteca, aula de m\u00fasica, aula d\u2019inform\u00e0tica, taller de tecnologia, aula d\u2019educaci\u00f3 visual i pl\u00e0stica, laboratori, les diferents aules (amb equipament multim\u00e8dia i pissarra electr\u00f2nica) i un hort.<br \/>\nTamb\u00e9 disposem d&#8217;espais i equips comuns amb l\u2019Escola del Bosc,&hellip;  <a href=\"https:\/\/agora.xtec.cat\/insbosc\/linstitut\/instal%c2%b7lacions\/\" title=\"Read Instal\u00b7lacions\">Llegeix m\u00e9s\u00bb<\/a><\/p>\n","protected":false},"author":1,"featured_media":0,"parent":19,"menu_order":30,"comment_status":"closed","ping_status":"closed","template":"page-templates\/side-menu.php","meta":{"_bbp_topic_count":0,"_bbp_reply_count":0,"_bbp_total_topic_count":0,"_bbp_total_reply_count":0,"_bbp_voice_count":0,"_bbp_anonymous_reply_count":0,"_bbp_topic_count_hidden":0,"_bbp_reply_count_hidden":0,"_bbp_forum_subforum_count":0,"footnotes":""},"class_list":["post-39","page","type-page","status-publish","hentry"],"post_mailing_queue_ids":[],"_links":{"self":[{"href":"https:\/\/agora.xtec.cat\/insbosc\/wp-json\/wp\/v2\/pages\/39","targetHints":{"allow":["GET"]}}],"collection":[{"href":"https:\/\/agora.xtec.cat\/insbosc\/wp-json\/wp\/v2\/pages"}],"about":[{"href":"https:\/\/agora.xtec.cat\/insbosc\/wp-json\/wp\/v2\/types\/page"}],"author":[{"embeddable":true,"href":"https:\/\/agora.xtec.cat\/insbosc\/wp-json\/wp\/v2\/users\/1"}],"replies":[{"embeddable":true,"href":"https:\/\/agora.xtec.cat\/insbosc\/wp-json\/wp\/v2\/comments?post=39"}],"version-history":[{"count":5,"href":"https:\/\/agora.xtec.cat\/insbosc\/wp-json\/wp\/v2\/pages\/39\/revisions"}],"predecessor-version":[{"id":3349,"href":"https:\/\/agora.xtec.cat\/insbosc\/wp-json\/wp\/v2\/pages\/39\/revisions\/3349"}],"up":[{"embeddable":true,"href":"https:\/\/agora.xtec.cat\/insbosc\/wp-json\/wp\/v2\/pages\/19"}],"wp:attachment":[{"href":"https:\/\/agora.xtec.cat\/insbosc\/wp-json\/wp\/v2\/media?parent=39"}],"curies":[{"name":"wp","href":"https:\/\/api.w.org\/{rel}","templated":true}]}}