{"id":27,"date":"2014-09-17T16:24:03","date_gmt":"2014-09-17T16:24:03","guid":{"rendered":"http:\/\/agora.xtec.cat\/insbosc\/?page_id=27"},"modified":"2025-10-09T12:51:26","modified_gmt":"2025-10-09T10:51:26","slug":"historia","status":"publish","type":"page","link":"https:\/\/agora.xtec.cat\/insbosc\/linstitut\/historia\/","title":{"rendered":"Hist\u00f2ria"},"content":{"rendered":"<div class=\"page\" title=\"Page 4\">\n<div class=\"layoutArea\">\n<div class=\"column\">\n<p>L\u2019Institut Bosc de Montju\u00efc \u00e9s un centre p\u00fablic de titularitat municipal que dep\u00e8n del Consorci d\u2019Educaci\u00f3 de Barcelona i que va iniciar el seu cam\u00ed el curs 1996-1997. En aquest curs acad\u00e8mic es van obrir dues l\u00ednies de 1r i 3r d&#8217;ESO, que van acollir l&#8217;alumnat de 6\u00e8 i 8\u00e8 d\u2019EGB, respectivament. Al curs seg\u00fcent, es va completar tota l\u2019etapa d&#8217;ESO, segons estipulava la llei d\u2019educaci\u00f3 vigent en aquell moment (LOGSE). L&#8217;institut naixia amb la reformulaci\u00f3 en l&#8217;oferta educativa de \u00a0l\u2019IESM Llu\u00efsa Cura i a l\u2019IESM Narc\u00eds Monturiol,\u00a0 dels quals provenien la majoria del professorat, i de la hist\u00f2rica escola de Bosc, que va passar de dues l\u00ednies a una.<\/p>\n<p>Des del curs 2023-2024, l&#8217;institut \u00e9s un centre biling\u00fce intermodal en llengua de signes catalana i ofereix continu\u00eftat al model biling\u00fce de l&#8217;escola de Tres Pins.<\/p>\n<p><span style=\"font-weight: 400;\">El centre est\u00e0 situat a la muntanya de Montju\u00efc i pertany al barri del Poble-Sec. La muntanya de Montju\u00efc t\u00e9 una llarga hist\u00f2ria vinculada a la ciutat des dels seus or\u00edgens. Disposa de m\u00e9s de 20 equipaments i edificis culturals, art\u00edstics, esportius, naturals i hist\u00f2rics. El Poble-Sec \u00e9s un barri que ofereix una gran diversitat cultural, social, econ\u00f2mica i ling\u00fc\u00edstica que alimenta el centre.\u00a0<\/span><\/p>\n<\/div>\n<\/div>\n<\/div>\n","protected":false},"excerpt":{"rendered":"<p>L\u2019Institut Bosc de Montju\u00efc \u00e9s un centre p\u00fablic de titularitat municipal que dep\u00e8n del Consorci d\u2019Educaci\u00f3 de Barcelona i que va iniciar el seu cam\u00ed el curs 1996-1997. En aquest curs acad\u00e8mic es van obrir dues l\u00ednies de 1r i 3r d&#8217;ESO, que van acollir&hellip;  <a href=\"https:\/\/agora.xtec.cat\/insbosc\/linstitut\/historia\/\" title=\"Read Hist\u00f2ria\">Llegeix m\u00e9s\u00bb<\/a><\/p>\n","protected":false},"author":1,"featured_media":0,"parent":19,"menu_order":20,"comment_status":"closed","ping_status":"closed","template":"page-templates\/side-menu.php","meta":{"_bbp_topic_count":0,"_bbp_reply_count":0,"_bbp_total_topic_count":0,"_bbp_total_reply_count":0,"_bbp_voice_count":0,"_bbp_anonymous_reply_count":0,"_bbp_topic_count_hidden":0,"_bbp_reply_count_hidden":0,"_bbp_forum_subforum_count":0,"footnotes":""},"class_list":["post-27","page","type-page","status-publish","hentry"],"post_mailing_queue_ids":[],"_links":{"self":[{"href":"https:\/\/agora.xtec.cat\/insbosc\/wp-json\/wp\/v2\/pages\/27","targetHints":{"allow":["GET"]}}],"collection":[{"href":"https:\/\/agora.xtec.cat\/insbosc\/wp-json\/wp\/v2\/pages"}],"about":[{"href":"https:\/\/agora.xtec.cat\/insbosc\/wp-json\/wp\/v2\/types\/page"}],"author":[{"embeddable":true,"href":"https:\/\/agora.xtec.cat\/insbosc\/wp-json\/wp\/v2\/users\/1"}],"replies":[{"embeddable":true,"href":"https:\/\/agora.xtec.cat\/insbosc\/wp-json\/wp\/v2\/comments?post=27"}],"version-history":[{"count":6,"href":"https:\/\/agora.xtec.cat\/insbosc\/wp-json\/wp\/v2\/pages\/27\/revisions"}],"predecessor-version":[{"id":3347,"href":"https:\/\/agora.xtec.cat\/insbosc\/wp-json\/wp\/v2\/pages\/27\/revisions\/3347"}],"up":[{"embeddable":true,"href":"https:\/\/agora.xtec.cat\/insbosc\/wp-json\/wp\/v2\/pages\/19"}],"wp:attachment":[{"href":"https:\/\/agora.xtec.cat\/insbosc\/wp-json\/wp\/v2\/media?parent=27"}],"curies":[{"name":"wp","href":"https:\/\/api.w.org\/{rel}","templated":true}]}}