{"id":21,"date":"2014-09-17T16:14:14","date_gmt":"2014-09-17T16:14:14","guid":{"rendered":"http:\/\/agora.xtec.cat\/insbosc\/?page_id=21"},"modified":"2025-10-09T12:48:17","modified_gmt":"2025-10-09T10:48:17","slug":"on-som","status":"publish","type":"page","link":"https:\/\/agora.xtec.cat\/insbosc\/linstitut\/on-som\/","title":{"rendered":"On som"},"content":{"rendered":"<p style=\"color: #666666;\"><span style=\"color: #000000;\"><strong>Institut Bosc de Montju\u00efc<\/strong><\/span><br \/>\n<span style=\"color: #000000;\">Avinguda Miramar, 9, 08038, Barcelona\u00a0<\/span><\/p>\n<p><strong>Tel\u00e8fon de contacte: <\/strong>934 41 02 21<br \/>\n<strong>Correu electr\u00f2nic: <\/strong>a8054848@xtec.cat<\/p>\n<div class=\"confit-hours\">\n<p><strong>Horari d&#8217;atenci\u00f3:<\/strong><\/p>\n<ul>\n<li>Dilluns, dimarts i dijous: 8:30-16:30<\/li>\n<li>Dimecres i divendres: 8:30-15:00<\/li>\n<\/ul>\n<\/div>\n<div><\/div>\n<p><iframe loading=\"lazy\" src=\"https:\/\/www.google.com\/maps\/embed?pb=!1m18!1m12!1m3!1d2994.227346424428!2d2.159338515425214!3d41.36914507926586!2m3!1f0!2f0!3f0!3m2!1i1024!2i768!4f13.1!3m3!1m2!1s0x12a4a268e72438b7%3A0x8e739c38ebb3b5c9!2sAvinguda%20Miramar%2C%209%2C%2008038%20Barcelona!5e0!3m2!1ses!2ses!4v1625772239783!5m2!1ses!2ses\" width=\"600\" height=\"450\"><\/iframe><\/p>\n<p><strong>Com arribar-hi:<br \/>\n<\/strong><\/p>\n<ul>\n<li>Amb funicular des de <span style=\"font-family: inherit; font-size: 1em;\">Paral\u00b7lel | Enlla\u00e7 amb metro l\u00ednia 2 i l\u00ednia 3 (L2 i L3)<\/span><\/li>\n<li>Per bus: l\u00ednia 150, on fa dues parades prop del centre, a la Fundaci\u00f3 Joan Mir\u00f3 i a l\u2019estaci\u00f3 del funicular. L\u2019itinerari d\u2019aquesta l\u00ednia va des de pla\u00e7a Espanya fins al Castell de Montju\u00efc.<\/li>\n<\/ul>\n<p>En la imatge anterior teniu un trajecte semblant al que recorre l\u2019autob\u00fas 150. Us pot servir de referent si penseu arribar\u00a0amb vehicle propi. No \u00e9s la ruta m\u00e9s directa, per\u00f2 \u00e9s senzilla de recordar.<\/p>\n<p><a href=\"https:\/\/agora.xtec.cat\/insbosc\/wp-content\/uploads\/usu2624\/2021\/07\/itinerari1.png\"><img loading=\"lazy\" decoding=\"async\" class=\"alignnone size-full wp-image-493\" src=\"https:\/\/agora.xtec.cat\/insbosc\/wp-content\/uploads\/usu2624\/2021\/07\/itinerari1.png\" alt=\"\" width=\"573\" height=\"393\" srcset=\"https:\/\/agora.xtec.cat\/insbosc\/wp-content\/uploads\/usu2624\/2021\/07\/itinerari1.png 573w, https:\/\/agora.xtec.cat\/insbosc\/wp-content\/uploads\/usu2624\/2021\/07\/itinerari1-300x206.png 300w\" sizes=\"auto, (max-width: 573px) 100vw, 573px\" \/><\/a><\/p>\n<p>&nbsp;<\/p>\n<p>&nbsp;<\/p>\n","protected":false},"excerpt":{"rendered":"<p>Institut Bosc de Montju\u00efc<br \/>\nAvinguda Miramar, 9, 08038, Barcelona\u00a0<br \/>\nTel\u00e8fon de contacte: 934 41 02 21<br \/>\nCorreu electr\u00f2nic: a8054848@xtec.cat<\/p>\n<p>Horari d&#8217;atenci\u00f3:<\/p>\n<ul>\n<li>Dilluns, dimarts i dijous: 8:30-16:30<\/li>\n<li>Dimecres i divendres: 8:30-15:00<\/li>\n<\/ul>\n<p>Com arribar-hi:<\/p>\n<ul>\n<li>Amb funicular des de Paral\u00b7lel | Enlla\u00e7 amb metro l\u00ednia 2 i l\u00ednia 3 (L2 i L3)<\/li>\n<li>Per bus: l\u00ednia 150, on&hellip;  <a href=\"https:\/\/agora.xtec.cat\/insbosc\/linstitut\/on-som\/\" title=\"Read On som\">Llegeix m\u00e9s\u00bb<\/a><br \/>\n","protected":false},"author":1,"featured_media":0,"parent":19,"menu_order":10,"comment_status":"closed","ping_status":"closed","template":"page-templates\/side-menu.php","meta":{"_bbp_topic_count":0,"_bbp_reply_count":0,"_bbp_total_topic_count":0,"_bbp_total_reply_count":0,"_bbp_voice_count":0,"_bbp_anonymous_reply_count":0,"_bbp_topic_count_hidden":0,"_bbp_reply_count_hidden":0,"_bbp_forum_subforum_count":0,"footnotes":""},"class_list":["post-21","page","type-page","status-publish","hentry"],"post_mailing_queue_ids":[],"_links":{"self":[{"href":"https:\/\/agora.xtec.cat\/insbosc\/wp-json\/wp\/v2\/pages\/21","targetHints":{"allow":["GET"]}}],"collection":[{"href":"https:\/\/agora.xtec.cat\/insbosc\/wp-json\/wp\/v2\/pages"}],"about":[{"href":"https:\/\/agora.xtec.cat\/insbosc\/wp-json\/wp\/v2\/types\/page"}],"author":[{"embeddable":true,"href":"https:\/\/agora.xtec.cat\/insbosc\/wp-json\/wp\/v2\/users\/1"}],"replies":[{"embeddable":true,"href":"https:\/\/agora.xtec.cat\/insbosc\/wp-json\/wp\/v2\/comments?post=21"}],"version-history":[{"count":5,"href":"https:\/\/agora.xtec.cat\/insbosc\/wp-json\/wp\/v2\/pages\/21\/revisions"}],"predecessor-version":[{"id":3345,"href":"https:\/\/agora.xtec.cat\/insbosc\/wp-json\/wp\/v2\/pages\/21\/revisions\/3345"}],"up":[{"embeddable":true,"href":"https:\/\/agora.xtec.cat\/insbosc\/wp-json\/wp\/v2\/pages\/19"}],"wp:attachment":[{"href":"https:\/\/agora.xtec.cat\/insbosc\/wp-json\/wp\/v2\/media?parent=21"}],"curies":[{"name":"wp","href":"https:\/\/api.w.org\/{rel}","templated":true}]}}