{"id":195,"date":"2014-09-22T10:39:39","date_gmt":"2014-09-22T10:39:39","guid":{"rendered":"http:\/\/agora.xtec.cat\/insbosc\/?page_id=195"},"modified":"2025-09-19T21:22:21","modified_gmt":"2025-09-19T19:22:21","slug":"estudis","status":"publish","type":"page","link":"https:\/\/agora.xtec.cat\/insbosc\/estudis\/","title":{"rendered":"Oferta educativa"},"content":{"rendered":"<p style=\"color: #444444;\">L\u2019educaci\u00f3 Secund\u00e0ria Obligat\u00f2ria compr\u00e8n quatre cursos acad\u00e8mics que van des dels 12 fins als 16 anys. La finalitat d\u2019aquesta etapa educativa \u00e9s l\u2019adquisici\u00f3 i consolidaci\u00f3 d\u2019unes compet\u00e8ncies b\u00e0siques que han de contribuir al desenvolupament personal de l\u2019alumnat, a la pr\u00e0ctica de la ciutadania activa, a la incorporaci\u00f3 a la vida adulta i, sobretot, al desenvolupament de l\u2019aprenentatge, no sols durant aquest cicle, sin\u00f3 al llarg de tota la vida.<\/p>\n<header class=\"entry-header\" style=\"color: #444444;\">\n<h3 class=\"entry-title\" style=\"font-weight: 400; color: #087eb6;\">Mat\u00e8ries comunes<\/h3>\n<\/header>\n<table style=\"width: 831px; border-color: #e8e8e8;\">\n<tbody>\n<tr>\n<td style=\"width: 380px;\">Ci\u00e8ncies de la naturalesa<\/td>\n<td style=\"width: 451px;\">Eduaci\u00f3 f\u00edsica<\/td>\n<\/tr>\n<tr>\n<td style=\"width: 380px;\">Llengua castellana i literatura<\/td>\n<td style=\"width: 451px;\">Llengua estrangera (Angl\u00e8s)<\/td>\n<\/tr>\n<tr>\n<td style=\"width: 380px;\">M\u00fasica<\/td>\n<td style=\"width: 451px;\">Ci\u00e8ncies socials geografia i hist\u00f2ria<\/td>\n<\/tr>\n<tr>\n<td style=\"width: 380px;\">Educaci\u00f3 visual i pl\u00e0stica<\/td>\n<td style=\"width: 451px;\">Llengua catalana i literatura<\/td>\n<\/tr>\n<tr>\n<td style=\"width: 380px;\">Matem\u00e0tiques<\/td>\n<td style=\"width: 451px;\">Tecnologia<\/td>\n<\/tr>\n<tr>\n<td style=\"width: 380px;\">Valors \u00e8tics (incorporats als projectes)<\/td>\n<td style=\"width: 451px;\">Educaci\u00f3 eticoc\u00edvica (4t)<\/td>\n<\/tr>\n<\/tbody>\n<\/table>\n<div class=\"entry-content\" style=\"color: #444444;\">\n<h3 class=\"entry-title\" style=\"font-weight: 400; color: #087eb6;\">Mat\u00e8ries optatives<\/h3>\n<div class=\"entry-content\">\n<p>Les mat\u00e8ries optatives contribueixen a completar la formaci\u00f3 de l\u2019alumnat ampliant les perspectives de les mat\u00e8ries comunes. El centre ha fet un esfor\u00e7 per oferir un ampli ventall de possibilitats que serveixin per ampliar i\/o complementar el curr\u00edculum com\u00fa. Aix\u00ed els\/les nostres alumnes, quan hagin acabat l\u2019ESO hauran treballat temes com l\u2019expressi\u00f3 oral i escrita, el c\u00e0lcul num\u00e8ric, la cultura cl\u00e0ssica, l\u2019emprenedoria, diferents t\u00e8cniques interdisciplinars d\u2019expressi\u00f3 art\u00edstica, el franc\u00e9s com a segona llengua estrangera o la hist\u00f2ria d\u2019algun pa\u00eds angl\u00f2fon com Irlanda.<\/p>\n<\/div>\n<\/div>\n<header class=\"entry-header\" style=\"color: #444444;\">\n<h3 class=\"entry-title\" style=\"font-weight: 400; color: #087eb6;\">Mat\u00e8ries optatives\u00a0espec\u00edfiques<\/h3>\n<\/header>\n<div class=\"entry-content\" style=\"color: #444444;\">\n<p>Tenen com a finalitat proporcionar una formaci\u00f3 de car\u00e0cter espec\u00edfic que prepari per a estudis posteriors i afavoreixi la inserci\u00f3 laboral en un camp determinat. Atenent al curr\u00edculum actual, les mat\u00e8ries s\u00f3n les seg\u00fcents (amb l\u2019etiqueta AICLE* indiquem aquelles mat\u00e8ries que s\u2019imparteixen en Angl\u00e8s.)<\/p>\n<table style=\"width: 655px;\">\n<tbody>\n<tr>\n<td style=\"width: 223px;\"><strong>1r d&#8217;ESO<\/strong><\/td>\n<td style=\"width: 205px;\"><strong>2n d&#8217;ESO<\/strong><\/td>\n<td style=\"width: 217px;\"><strong>3r d&#8217;ESO<\/strong><\/td>\n<\/tr>\n<tr>\n<td style=\"width: 223px;\">Franc\u00e8s<\/td>\n<td style=\"width: 205px;\">Franc\u00e8s<\/td>\n<td style=\"width: 217px;\">Franc\u00e8s<\/td>\n<\/tr>\n<tr>\n<td style=\"width: 223px;\">Entorn Natural<\/td>\n<td style=\"width: 205px;\">Hort Escolar<\/td>\n<td style=\"width: 217px;\">Literapolis<\/td>\n<\/tr>\n<tr>\n<td style=\"width: 223px;\">A concretar<\/td>\n<td style=\"width: 205px;\">A concretar<\/td>\n<td style=\"width: 217px;\"><\/td>\n<\/tr>\n<\/tbody>\n<\/table>\n<\/div>\n<table style=\"width: 665px; height: 179px;\">\n<thead>\n<tr style=\"height: 50px;\">\n<td style=\"width: 659.03125px; height: 50px;\" colspan=\"3\">4t d&#8217;ESO<\/td>\n<\/tr>\n<\/thead>\n<tbody>\n<tr style=\"height: 33px;\">\n<td style=\"width: 224.078125px; height: 33px;\"><b>LLETRES<\/b><\/td>\n<td style=\"height: 33px; width: 205.234375px;\"><b>CI\u00c8NCIES<\/b><\/td>\n<td style=\"width: 225.71875px; height: 33px;\"><b>ART\u00cdSTIC-TECNOL\u00d2GIC<\/b><\/td>\n<\/tr>\n<tr style=\"height: 32px;\">\n<td style=\"width: 224.078125px; height: 32px;\">Filosofia<\/td>\n<td style=\"height: 32px; width: 205.234375px;\">F\u00edsica i Qu\u00edmica (AICLE)<\/td>\n<td style=\"width: 225.71875px; height: 32px;\">Educaci\u00f3 Visual i Pl\u00e0stica<\/td>\n<\/tr>\n<tr style=\"height: 32px;\">\n<td style=\"width: 224.078125px; height: 32px;\">Emprenedoria<\/td>\n<td style=\"height: 32px; width: 205.234375px;\">Biologia (AICLE)<\/td>\n<td style=\"width: 225.71875px; height: 32px;\">Tecnologia<\/td>\n<\/tr>\n<tr style=\"height: 32px;\">\n<td style=\"width: 224.078125px; height: 32px;\">Franc\u00e8s<\/td>\n<td style=\"height: 32px; width: 205.234375px;\">Inform\u00e0tica (AICLE)<\/td>\n<td style=\"width: 225.71875px; height: 32px;\">Cultura Cl\u00e0ssica<\/td>\n<\/tr>\n<\/tbody>\n<\/table>\n<div class=\"entry-content\" style=\"color: #444444;\">\n<div class=\"entry-content\">\n<h3 class=\"entry-title\" style=\"font-weight: 400; color: #087eb6;\">Treball de s\u00edntesi i projecte de recerca<\/h3>\n<p>Cada curs els alumnes dels tres primers cursos realitzen un treball de s\u00edntesi en horari intensiu. Aquest treball, que s\u2019ha de fer en equip, est\u00e0 format per una col\u00b7lecci\u00f3 d\u2019activitats d\u2019ensenyament-aprenentatge amb l\u2019objectiu d\u2019integrar i consolidar les compet\u00e8ncies b\u00e0siques.<\/p>\n<p>Pel que fa a quart, el projecte es treballa com una mat\u00e8ria optativa al llarg de l\u2019any. Estem parlant d\u2019un conjunt d\u2019activitats de descoberta i recerca realitzades pels estudiants al voltant d\u2019un tema escollit i acotat per ells mateixos sota el guiatge del professorat.<\/p>\n<h3 class=\"entry-title\" style=\"font-weight: 400; color: #087eb6;\">Atenci\u00f3 a la diversitat<\/h3>\n<p>Les mesures d\u2019atenci\u00f3 a la diversitat tenen com a objectiu atendre les necessitats educatives de l\u2019alumnat amb la finalitat que puguin assolir les compet\u00e8ncies b\u00e0siques de l\u2019etapa. Al nostre institut hem posat molts recursos al servei d\u2019aquesta causa, entre els quals destaquen:<\/p>\n<ul>\n<li>Grups redu\u00efts (15-20 alumnes per grup)<\/li>\n<li>Mat\u00e8ries optatives de refor\u00e7 i ampliaci\u00f3<\/li>\n<li>Seguiment i orientaci\u00f3 del proc\u00e9s d\u2019aprenentatge i de les necessitats educatives mitjan\u00e7ant l\u2019acci\u00f3 tutorial i l\u2019equip psicopedag\u00f2gic.<\/li>\n<\/ul>\n<\/div>\n<\/div>\n","protected":false},"excerpt":{"rendered":"<p>L\u2019educaci\u00f3 Secund\u00e0ria Obligat\u00f2ria compr\u00e8n quatre cursos acad\u00e8mics que van des dels 12 fins als 16 anys. La finalitat d\u2019aquesta etapa educativa \u00e9s l\u2019adquisici\u00f3 i consolidaci\u00f3 d\u2019unes compet\u00e8ncies b\u00e0siques que han de contribuir al desenvolupament personal de l\u2019alumnat, a la pr\u00e0ctica de la ciutadania activa, a&hellip;  <a href=\"https:\/\/agora.xtec.cat\/insbosc\/estudis\/\" title=\"Read Oferta educativa\">Llegeix m\u00e9s\u00bb<\/a><\/p>\n","protected":false},"author":1,"featured_media":0,"parent":0,"menu_order":0,"comment_status":"closed","ping_status":"closed","template":"","meta":{"_bbp_topic_count":0,"_bbp_reply_count":0,"_bbp_total_topic_count":0,"_bbp_total_reply_count":0,"_bbp_voice_count":0,"_bbp_anonymous_reply_count":0,"_bbp_topic_count_hidden":0,"_bbp_reply_count_hidden":0,"_bbp_forum_subforum_count":0,"footnotes":""},"class_list":["post-195","page","type-page","status-publish","hentry"],"post_mailing_queue_ids":[],"_links":{"self":[{"href":"https:\/\/agora.xtec.cat\/insbosc\/wp-json\/wp\/v2\/pages\/195","targetHints":{"allow":["GET"]}}],"collection":[{"href":"https:\/\/agora.xtec.cat\/insbosc\/wp-json\/wp\/v2\/pages"}],"about":[{"href":"https:\/\/agora.xtec.cat\/insbosc\/wp-json\/wp\/v2\/types\/page"}],"author":[{"embeddable":true,"href":"https:\/\/agora.xtec.cat\/insbosc\/wp-json\/wp\/v2\/users\/1"}],"replies":[{"embeddable":true,"href":"https:\/\/agora.xtec.cat\/insbosc\/wp-json\/wp\/v2\/comments?post=195"}],"version-history":[{"count":3,"href":"https:\/\/agora.xtec.cat\/insbosc\/wp-json\/wp\/v2\/pages\/195\/revisions"}],"predecessor-version":[{"id":1597,"href":"https:\/\/agora.xtec.cat\/insbosc\/wp-json\/wp\/v2\/pages\/195\/revisions\/1597"}],"wp:attachment":[{"href":"https:\/\/agora.xtec.cat\/insbosc\/wp-json\/wp\/v2\/media?parent=195"}],"curies":[{"name":"wp","href":"https:\/\/api.w.org\/{rel}","templated":true}]}}