{"id":890,"date":"2016-11-07T10:34:01","date_gmt":"2016-11-07T09:34:01","guid":{"rendered":"http:\/\/agora.xtec.cat\/insbitacola\/?page_id=890"},"modified":"2025-05-26T13:36:57","modified_gmt":"2025-05-26T11:36:57","slug":"avaluacio","status":"publish","type":"page","link":"https:\/\/agora.xtec.cat\/insbitacola\/linstitut\/com-som\/avaluacio\/","title":{"rendered":"Avaluaci\u00f3"},"content":{"rendered":"<p><a href=\"http:\/\/agora.xtec.cat\/insbitacola\/wp-content\/uploads\/usu1329\/2016\/11\/Avaluaci\u00f3-1.jpg\"><img loading=\"lazy\" decoding=\"async\" class=\"alignnone wp-image-891\" src=\"http:\/\/agora.xtec.cat\/insbitacola\/wp-content\/uploads\/usu1329\/2016\/11\/Avaluaci\u00f3-1.jpg\" alt=\"avaluacio-1\" width=\"573\" height=\"542\" srcset=\"https:\/\/agora.xtec.cat\/insbitacola\/wp-content\/uploads\/usu1329\/2016\/11\/Avaluaci\u00f3-1.jpg 655w, https:\/\/agora.xtec.cat\/insbitacola\/wp-content\/uploads\/usu1329\/2016\/11\/Avaluaci\u00f3-1-300x284.jpg 300w\" sizes=\"auto, (max-width: 573px) 100vw, 573px\" \/><\/a><\/p>\n<p>&nbsp;<\/p>\n<p>&nbsp;<\/p>\n<p>&nbsp;<\/p>\n<p><a href=\"http:\/\/agora.xtec.cat\/insbitacola\/wp-content\/uploads\/usu1329\/2016\/11\/Avaluaci\u00f3-2.jpg\"><img loading=\"lazy\" decoding=\"async\" class=\"alignnone wp-image-892\" src=\"http:\/\/agora.xtec.cat\/insbitacola\/wp-content\/uploads\/usu1329\/2016\/11\/Avaluaci\u00f3-2.jpg\" alt=\"avaluacio-2\" width=\"642\" height=\"612\" srcset=\"https:\/\/agora.xtec.cat\/insbitacola\/wp-content\/uploads\/usu1329\/2016\/11\/Avaluaci\u00f3-2.jpg 798w, https:\/\/agora.xtec.cat\/insbitacola\/wp-content\/uploads\/usu1329\/2016\/11\/Avaluaci\u00f3-2-300x286.jpg 300w, https:\/\/agora.xtec.cat\/insbitacola\/wp-content\/uploads\/usu1329\/2016\/11\/Avaluaci\u00f3-2-768x731.jpg 768w\" sizes=\"auto, (max-width: 642px) 100vw, 642px\" \/><\/a><\/p>\n<p><a href=\"https:\/\/agora.xtec.cat\/insbitacola\/wp-content\/uploads\/usu1329\/2025\/05\/avaluacio-1.jpg\"><img loading=\"lazy\" decoding=\"async\" class=\"alignnone size-full wp-image-30415\" src=\"https:\/\/agora.xtec.cat\/insbitacola\/wp-content\/uploads\/usu1329\/2025\/05\/avaluacio-1.jpg\" alt=\"\" width=\"693\" height=\"548\" srcset=\"https:\/\/agora.xtec.cat\/insbitacola\/wp-content\/uploads\/usu1329\/2025\/05\/avaluacio-1.jpg 693w, https:\/\/agora.xtec.cat\/insbitacola\/wp-content\/uploads\/usu1329\/2025\/05\/avaluacio-1-300x237.jpg 300w\" sizes=\"auto, (max-width: 693px) 100vw, 693px\" \/><\/a> <a href=\"https:\/\/agora.xtec.cat\/insbitacola\/wp-content\/uploads\/usu1329\/2025\/05\/avaluacio-2.jpg\"><img loading=\"lazy\" decoding=\"async\" class=\"alignnone size-large wp-image-30416\" src=\"https:\/\/agora.xtec.cat\/insbitacola\/wp-content\/uploads\/usu1329\/2025\/05\/avaluacio-2-1024x768.jpg\" alt=\"\" width=\"1024\" height=\"768\" srcset=\"https:\/\/agora.xtec.cat\/insbitacola\/wp-content\/uploads\/usu1329\/2025\/05\/avaluacio-2-1024x768.jpg 1024w, https:\/\/agora.xtec.cat\/insbitacola\/wp-content\/uploads\/usu1329\/2025\/05\/avaluacio-2-300x225.jpg 300w, https:\/\/agora.xtec.cat\/insbitacola\/wp-content\/uploads\/usu1329\/2025\/05\/avaluacio-2-768x576.jpg 768w, https:\/\/agora.xtec.cat\/insbitacola\/wp-content\/uploads\/usu1329\/2025\/05\/avaluacio-2-200x150.jpg 200w, https:\/\/agora.xtec.cat\/insbitacola\/wp-content\/uploads\/usu1329\/2025\/05\/avaluacio-2.jpg 1536w\" sizes=\"auto, (max-width: 1024px) 100vw, 1024px\" \/><\/a><a href=\"https:\/\/agora.xtec.cat\/insbitacola\/wp-content\/uploads\/usu1329\/2022\/06\/portada-2.jpg\"><img loading=\"lazy\" decoding=\"async\" class=\"alignnone size-large wp-image-25384\" src=\"https:\/\/agora.xtec.cat\/insbitacola\/wp-content\/uploads\/usu1329\/2022\/06\/portada-2-1024x768.jpg\" alt=\"\" width=\"1024\" height=\"768\" srcset=\"https:\/\/agora.xtec.cat\/insbitacola\/wp-content\/uploads\/usu1329\/2022\/06\/portada-2-1024x768.jpg 1024w, https:\/\/agora.xtec.cat\/insbitacola\/wp-content\/uploads\/usu1329\/2022\/06\/portada-2-300x225.jpg 300w, https:\/\/agora.xtec.cat\/insbitacola\/wp-content\/uploads\/usu1329\/2022\/06\/portada-2-768x576.jpg 768w, https:\/\/agora.xtec.cat\/insbitacola\/wp-content\/uploads\/usu1329\/2022\/06\/portada-2-1536x1152.jpg 1536w, https:\/\/agora.xtec.cat\/insbitacola\/wp-content\/uploads\/usu1329\/2022\/06\/portada-2-200x150.jpg 200w, https:\/\/agora.xtec.cat\/insbitacola\/wp-content\/uploads\/usu1329\/2022\/06\/portada-2.jpg 2016w\" sizes=\"auto, (max-width: 1024px) 100vw, 1024px\" \/><\/a><\/p>\n<p><a href=\"https:\/\/agora.xtec.cat\/insbitacola\/wp-content\/uploads\/usu1329\/2025\/04\/IMG_0814-1-scaled.jpeg\"><img loading=\"lazy\" decoding=\"async\" class=\"alignnone size-large wp-image-30281\" src=\"https:\/\/agora.xtec.cat\/insbitacola\/wp-content\/uploads\/usu1329\/2025\/04\/IMG_0814-1-1024x768.jpeg\" alt=\"\" width=\"1024\" height=\"768\" srcset=\"https:\/\/agora.xtec.cat\/insbitacola\/wp-content\/uploads\/usu1329\/2025\/04\/IMG_0814-1-1024x768.jpeg 1024w, https:\/\/agora.xtec.cat\/insbitacola\/wp-content\/uploads\/usu1329\/2025\/04\/IMG_0814-1-300x225.jpeg 300w, https:\/\/agora.xtec.cat\/insbitacola\/wp-content\/uploads\/usu1329\/2025\/04\/IMG_0814-1-768x576.jpeg 768w, https:\/\/agora.xtec.cat\/insbitacola\/wp-content\/uploads\/usu1329\/2025\/04\/IMG_0814-1-1536x1152.jpeg 1536w, https:\/\/agora.xtec.cat\/insbitacola\/wp-content\/uploads\/usu1329\/2025\/04\/IMG_0814-1-2048x1536.jpeg 2048w, https:\/\/agora.xtec.cat\/insbitacola\/wp-content\/uploads\/usu1329\/2025\/04\/IMG_0814-1-200x150.jpeg 200w\" sizes=\"auto, (max-width: 1024px) 100vw, 1024px\" \/><\/a><\/p>\n<p>&nbsp;<\/p>\n<p>&nbsp;<\/p>\n<p><span style=\"font-size: 14pt;\"><strong>AVALUACI\u00d3 TRIANGULADA<\/strong><\/span><\/p>\n<p>El proc\u00e9s d&#8217;avaluaci\u00f3 a 3r i 4t d&#8217;ESO l&#8217;experimentem amb la participaci\u00f3 de fam\u00edlies, alumnat i professorat.<\/p>\n<p><a href=\"https:\/\/agora.xtec.cat\/insbitacola\/wp-content\/uploads\/usu1329\/2021\/07\/2.png\"><img loading=\"lazy\" decoding=\"async\" class=\"alignnone size-full wp-image-21842\" src=\"https:\/\/agora.xtec.cat\/insbitacola\/wp-content\/uploads\/usu1329\/2021\/07\/2.png\" alt=\"\" width=\"653\" height=\"368\" srcset=\"https:\/\/agora.xtec.cat\/insbitacola\/wp-content\/uploads\/usu1329\/2021\/07\/2.png 653w, https:\/\/agora.xtec.cat\/insbitacola\/wp-content\/uploads\/usu1329\/2021\/07\/2-300x169.png 300w\" sizes=\"auto, (max-width: 653px) 100vw, 653px\" \/><\/a><\/p>\n","protected":false},"excerpt":{"rendered":"<p><a href=\"http:\/\/agora.xtec.cat\/insbitacola\/wp-content\/uploads\/usu1329\/2016\/11\/Avaluaci\u00f3-1.jpg\"><\/a><br \/>\n&nbsp;<br \/>\n&nbsp;<br \/>\n&nbsp;<br \/>\n<a href=\"http:\/\/agora.xtec.cat\/insbitacola\/wp-content\/uploads\/usu1329\/2016\/11\/Avaluaci\u00f3-2.jpg\"><\/a><br \/>\n<a href=\"https:\/\/agora.xtec.cat\/insbitacola\/wp-content\/uploads\/usu1329\/2025\/05\/avaluacio-1.jpg\"><\/a> <a href=\"https:\/\/agora.xtec.cat\/insbitacola\/wp-content\/uploads\/usu1329\/2025\/05\/avaluacio-2.jpg\"><\/a><a href=\"https:\/\/agora.xtec.cat\/insbitacola\/wp-content\/uploads\/usu1329\/2022\/06\/portada-2.jpg\"><\/a><br \/>\n<a href=\"https:\/\/agora.xtec.cat\/insbitacola\/wp-content\/uploads\/usu1329\/2025\/04\/IMG_0814-1-scaled.jpeg\"><\/a><br \/>\n&nbsp;<br \/>\n&nbsp;<br \/>\nAVALUACI\u00d3 TRIANGULADA<br \/>\nEl proc\u00e9s d&#8217;avaluaci\u00f3 a 3r i 4t d&#8217;ESO l&#8217;experimentem amb la participaci\u00f3 de fam\u00edlies, alumnat i professorat.<br \/>\n<a href=\"https:\/\/agora.xtec.cat\/insbitacola\/wp-content\/uploads\/usu1329\/2021\/07\/2.png\"><\/a><\/p>\n","protected":false},"author":1,"featured_media":0,"parent":39,"menu_order":7,"comment_status":"closed","ping_status":"closed","template":"page-templates\/side-menu.php","meta":{"_bbp_topic_count":0,"_bbp_reply_count":0,"_bbp_total_topic_count":0,"_bbp_total_reply_count":0,"_bbp_voice_count":0,"_bbp_anonymous_reply_count":0,"_bbp_topic_count_hidden":0,"_bbp_reply_count_hidden":0,"_bbp_forum_subforum_count":0,"footnotes":""},"class_list":["post-890","page","type-page","status-publish","hentry"],"post_mailing_queue_ids":[],"_links":{"self":[{"href":"https:\/\/agora.xtec.cat\/insbitacola\/wp-json\/wp\/v2\/pages\/890","targetHints":{"allow":["GET"]}}],"collection":[{"href":"https:\/\/agora.xtec.cat\/insbitacola\/wp-json\/wp\/v2\/pages"}],"about":[{"href":"https:\/\/agora.xtec.cat\/insbitacola\/wp-json\/wp\/v2\/types\/page"}],"author":[{"embeddable":true,"href":"https:\/\/agora.xtec.cat\/insbitacola\/wp-json\/wp\/v2\/users\/1"}],"replies":[{"embeddable":true,"href":"https:\/\/agora.xtec.cat\/insbitacola\/wp-json\/wp\/v2\/comments?post=890"}],"version-history":[{"count":5,"href":"https:\/\/agora.xtec.cat\/insbitacola\/wp-json\/wp\/v2\/pages\/890\/revisions"}],"predecessor-version":[{"id":30419,"href":"https:\/\/agora.xtec.cat\/insbitacola\/wp-json\/wp\/v2\/pages\/890\/revisions\/30419"}],"up":[{"embeddable":true,"href":"https:\/\/agora.xtec.cat\/insbitacola\/wp-json\/wp\/v2\/pages\/39"}],"wp:attachment":[{"href":"https:\/\/agora.xtec.cat\/insbitacola\/wp-json\/wp\/v2\/media?parent=890"}],"curies":[{"name":"wp","href":"https:\/\/api.w.org\/{rel}","templated":true}]}}