{"id":616,"date":"2016-09-28T09:33:07","date_gmt":"2016-09-28T07:33:07","guid":{"rendered":"http:\/\/agora.xtec.cat\/insbitacola\/?page_id=616"},"modified":"2025-05-26T13:40:20","modified_gmt":"2025-05-26T11:40:20","slug":"valors-de-centre","status":"publish","type":"page","link":"https:\/\/agora.xtec.cat\/insbitacola\/linstitut\/com-som\/valors-de-centre\/","title":{"rendered":"Valors de centre"},"content":{"rendered":"<p><strong><u>\u00a0<a href=\"http:\/\/agora.xtec.cat\/insbitacola\/wp-content\/uploads\/usu1329\/2016\/09\/Fons-Pantalla-Benvinguda.jpg\"><img loading=\"lazy\" decoding=\"async\" class=\"alignnone size-full wp-image-623\" src=\"http:\/\/agora.xtec.cat\/insbitacola\/wp-content\/uploads\/usu1329\/2016\/09\/Fons-Pantalla-Benvinguda.jpg\" alt=\"fons-pantalla-benvinguda\" width=\"960\" height=\"720\" srcset=\"https:\/\/agora.xtec.cat\/insbitacola\/wp-content\/uploads\/usu1329\/2016\/09\/Fons-Pantalla-Benvinguda.jpg 960w, https:\/\/agora.xtec.cat\/insbitacola\/wp-content\/uploads\/usu1329\/2016\/09\/Fons-Pantalla-Benvinguda-300x225.jpg 300w, https:\/\/agora.xtec.cat\/insbitacola\/wp-content\/uploads\/usu1329\/2016\/09\/Fons-Pantalla-Benvinguda-768x576.jpg 768w, https:\/\/agora.xtec.cat\/insbitacola\/wp-content\/uploads\/usu1329\/2016\/09\/Fons-Pantalla-Benvinguda-200x150.jpg 200w\" sizes=\"auto, (max-width: 960px) 100vw, 960px\" \/><\/a><\/u><\/strong><\/p>\n<ol>\n<li>Un centre <strong>obert al m\u00f3n <\/strong>i <strong>participatiu <\/strong>amb l\u2019entorn (enc\u00e0rrecs, participaci\u00f3 amb activitats municipals, camps d\u2019aprenentatge\u2026)<\/li>\n<li><strong>Identificaci\u00f3 <\/strong>de la comunitat educativa amb el centre .<\/li>\n<li>Clima de <strong>conviv\u00e8ncia <\/strong>a partir del <strong>di\u00e0leg<\/strong> basat en un aprenentatge molt <strong>personalitzat<\/strong> amb <strong>r\u00e0tios baixes<\/strong>.<\/li>\n<li><strong>Coordinaci\u00f3 <\/strong>de tots\/es els professionals que intervenen en el proc\u00e9s d\u2019aprenentatge i creixement de l\u2019alumnat<\/li>\n<li><strong>Avaluaci\u00f3 constant <\/strong>dels processos educatius i <strong>propostes de millora a conseq\u00fc\u00e8ncia<\/strong>\u00a0d\u2019una <strong>visi\u00f3 din\u00e0mica <\/strong>del proc\u00e9s educatiu.<\/li>\n<li><strong>ESCOLA INCLUSIVA:<\/strong><\/li>\n<\/ol>\n<p><strong>Una escola per a tothom, un projecte per a cadasc\u00fa<\/strong><\/p>\n<p><a href=\"https:\/\/agora.xtec.cat\/insbitacola\/wp-content\/uploads\/usu1329\/2025\/05\/IMG-20250425-WA0040.jpg\"><img loading=\"lazy\" decoding=\"async\" class=\"alignnone size-large wp-image-30370\" src=\"https:\/\/agora.xtec.cat\/insbitacola\/wp-content\/uploads\/usu1329\/2025\/05\/IMG-20250425-WA0040-1024x666.jpg\" alt=\"\" width=\"1024\" height=\"666\" srcset=\"https:\/\/agora.xtec.cat\/insbitacola\/wp-content\/uploads\/usu1329\/2025\/05\/IMG-20250425-WA0040-1024x666.jpg 1024w, https:\/\/agora.xtec.cat\/insbitacola\/wp-content\/uploads\/usu1329\/2025\/05\/IMG-20250425-WA0040-300x195.jpg 300w, https:\/\/agora.xtec.cat\/insbitacola\/wp-content\/uploads\/usu1329\/2025\/05\/IMG-20250425-WA0040-768x499.jpg 768w, https:\/\/agora.xtec.cat\/insbitacola\/wp-content\/uploads\/usu1329\/2025\/05\/IMG-20250425-WA0040-1536x998.jpg 1536w, https:\/\/agora.xtec.cat\/insbitacola\/wp-content\/uploads\/usu1329\/2025\/05\/IMG-20250425-WA0040.jpg 1600w\" sizes=\"auto, (max-width: 1024px) 100vw, 1024px\" \/><\/a><\/p>\n<p>&nbsp;<\/p>\n\n\t\t<style type=\"text\/css\">\n\t\t\t#gallery-1 {\n\t\t\t\tmargin: auto;\n\t\t\t}\n\t\t\t#gallery-1 .gallery-item {\n\t\t\t\tfloat: left;\n\t\t\t\tmargin-top: 10px;\n\t\t\t\ttext-align: center;\n\t\t\t\twidth: 50%;\n\t\t\t}\n\t\t\t#gallery-1 img {\n\t\t\t\tborder: 2px solid #cfcfcf;\n\t\t\t}\n\t\t\t#gallery-1 .gallery-caption {\n\t\t\t\tmargin-left: 0;\n\t\t\t}\n\t\t\t\/* see gallery_shortcode() in wp-includes\/media.php *\/\n\t\t<\/style>\n\t\t<div id='gallery-1' class='gallery galleryid-616 gallery-columns-2 gallery-size-large'><dl class='gallery-item'>\n\t\t\t<dt class='gallery-icon portrait'>\n\t\t\t\t<a href='https:\/\/agora.xtec.cat\/insbitacola\/linstitut\/com-som\/valors-de-centre\/attachment\/imatge-de-whatsapp-2025-03-25-a-les-20-05-11_ada4bd29-2\/'><img loading=\"lazy\" decoding=\"async\" width=\"768\" height=\"1024\" src=\"https:\/\/agora.xtec.cat\/insbitacola\/wp-content\/uploads\/usu1329\/2025\/05\/Imatge-de-WhatsApp-2025-03-25-a-les-20.05.11_ada4bd29-768x1024.jpg\" class=\"attachment-large size-large\" alt=\"\" srcset=\"https:\/\/agora.xtec.cat\/insbitacola\/wp-content\/uploads\/usu1329\/2025\/05\/Imatge-de-WhatsApp-2025-03-25-a-les-20.05.11_ada4bd29-768x1024.jpg 768w, https:\/\/agora.xtec.cat\/insbitacola\/wp-content\/uploads\/usu1329\/2025\/05\/Imatge-de-WhatsApp-2025-03-25-a-les-20.05.11_ada4bd29-225x300.jpg 225w, https:\/\/agora.xtec.cat\/insbitacola\/wp-content\/uploads\/usu1329\/2025\/05\/Imatge-de-WhatsApp-2025-03-25-a-les-20.05.11_ada4bd29-1152x1536.jpg 1152w, https:\/\/agora.xtec.cat\/insbitacola\/wp-content\/uploads\/usu1329\/2025\/05\/Imatge-de-WhatsApp-2025-03-25-a-les-20.05.11_ada4bd29.jpg 1536w\" sizes=\"auto, (max-width: 768px) 100vw, 768px\" \/><\/a>\n\t\t\t<\/dt><\/dl><dl class='gallery-item'>\n\t\t\t<dt class='gallery-icon landscape'>\n\t\t\t\t<a href='https:\/\/agora.xtec.cat\/insbitacola\/linstitut\/com-som\/valors-de-centre\/attachment\/img_2110-2\/'><img loading=\"lazy\" decoding=\"async\" width=\"1024\" height=\"768\" src=\"https:\/\/agora.xtec.cat\/insbitacola\/wp-content\/uploads\/usu1329\/2025\/05\/IMG_2110-1024x768.jpg\" class=\"attachment-large size-large\" alt=\"\" srcset=\"https:\/\/agora.xtec.cat\/insbitacola\/wp-content\/uploads\/usu1329\/2025\/05\/IMG_2110-1024x768.jpg 1024w, https:\/\/agora.xtec.cat\/insbitacola\/wp-content\/uploads\/usu1329\/2025\/05\/IMG_2110-300x225.jpg 300w, https:\/\/agora.xtec.cat\/insbitacola\/wp-content\/uploads\/usu1329\/2025\/05\/IMG_2110-768x576.jpg 768w, https:\/\/agora.xtec.cat\/insbitacola\/wp-content\/uploads\/usu1329\/2025\/05\/IMG_2110-1536x1152.jpg 1536w, https:\/\/agora.xtec.cat\/insbitacola\/wp-content\/uploads\/usu1329\/2025\/05\/IMG_2110-200x150.jpg 200w, https:\/\/agora.xtec.cat\/insbitacola\/wp-content\/uploads\/usu1329\/2025\/05\/IMG_2110.jpg 2016w\" sizes=\"auto, (max-width: 1024px) 100vw, 1024px\" \/><\/a>\n\t\t\t<\/dt><\/dl><br style=\"clear: both\" \/><dl class='gallery-item'>\n\t\t\t<dt class='gallery-icon landscape'>\n\t\t\t\t<a href='https:\/\/agora.xtec.cat\/insbitacola\/linstitut\/com-som\/valors-de-centre\/attachment\/musica\/'><img loading=\"lazy\" decoding=\"async\" width=\"1024\" height=\"683\" src=\"https:\/\/agora.xtec.cat\/insbitacola\/wp-content\/uploads\/usu1329\/2025\/05\/musica-1024x683.jpg\" class=\"attachment-large size-large\" alt=\"\" srcset=\"https:\/\/agora.xtec.cat\/insbitacola\/wp-content\/uploads\/usu1329\/2025\/05\/musica-1024x683.jpg 1024w, https:\/\/agora.xtec.cat\/insbitacola\/wp-content\/uploads\/usu1329\/2025\/05\/musica-300x200.jpg 300w, https:\/\/agora.xtec.cat\/insbitacola\/wp-content\/uploads\/usu1329\/2025\/05\/musica-768x512.jpg 768w, https:\/\/agora.xtec.cat\/insbitacola\/wp-content\/uploads\/usu1329\/2025\/05\/musica.jpg 1536w\" sizes=\"auto, (max-width: 1024px) 100vw, 1024px\" \/><\/a>\n\t\t\t<\/dt><\/dl><dl class='gallery-item'>\n\t\t\t<dt class='gallery-icon landscape'>\n\t\t\t\t<a href='https:\/\/agora.xtec.cat\/insbitacola\/linstitut\/com-som\/valors-de-centre\/attachment\/radio-5\/'><img loading=\"lazy\" decoding=\"async\" width=\"800\" height=\"600\" src=\"https:\/\/agora.xtec.cat\/insbitacola\/wp-content\/uploads\/usu1329\/2025\/05\/radio.jpg\" class=\"attachment-large size-large\" alt=\"\" srcset=\"https:\/\/agora.xtec.cat\/insbitacola\/wp-content\/uploads\/usu1329\/2025\/05\/radio.jpg 800w, https:\/\/agora.xtec.cat\/insbitacola\/wp-content\/uploads\/usu1329\/2025\/05\/radio-300x225.jpg 300w, https:\/\/agora.xtec.cat\/insbitacola\/wp-content\/uploads\/usu1329\/2025\/05\/radio-768x576.jpg 768w, https:\/\/agora.xtec.cat\/insbitacola\/wp-content\/uploads\/usu1329\/2025\/05\/radio-200x150.jpg 200w\" sizes=\"auto, (max-width: 800px) 100vw, 800px\" \/><\/a>\n\t\t\t<\/dt><\/dl><br style=\"clear: both\" \/><dl class='gallery-item'>\n\t\t\t<dt class='gallery-icon landscape'>\n\t\t\t\t<a href='https:\/\/agora.xtec.cat\/insbitacola\/linstitut\/com-som\/valors-de-centre\/attachment\/sortides-2\/'><img loading=\"lazy\" decoding=\"async\" width=\"1024\" height=\"1024\" src=\"https:\/\/agora.xtec.cat\/insbitacola\/wp-content\/uploads\/usu1329\/2025\/05\/SORTIDES-1024x1024.jpg\" class=\"attachment-large size-large\" alt=\"\" srcset=\"https:\/\/agora.xtec.cat\/insbitacola\/wp-content\/uploads\/usu1329\/2025\/05\/SORTIDES-1024x1024.jpg 1024w, https:\/\/agora.xtec.cat\/insbitacola\/wp-content\/uploads\/usu1329\/2025\/05\/SORTIDES-300x300.jpg 300w, https:\/\/agora.xtec.cat\/insbitacola\/wp-content\/uploads\/usu1329\/2025\/05\/SORTIDES-150x150.jpg 150w, https:\/\/agora.xtec.cat\/insbitacola\/wp-content\/uploads\/usu1329\/2025\/05\/SORTIDES-768x768.jpg 768w, https:\/\/agora.xtec.cat\/insbitacola\/wp-content\/uploads\/usu1329\/2025\/05\/SORTIDES.jpg 1440w\" sizes=\"auto, (max-width: 1024px) 100vw, 1024px\" \/><\/a>\n\t\t\t<\/dt><\/dl>\n\t\t\t<br style='clear: both' \/>\n\t\t<\/div>\n\n","protected":false},"excerpt":{"rendered":"<p>\u00a0<a href=\"http:\/\/agora.xtec.cat\/insbitacola\/wp-content\/uploads\/usu1329\/2016\/09\/Fons-Pantalla-Benvinguda.jpg\"><\/a><\/p>\n<ol>\n<li>Un centre obert al m\u00f3n i participatiu amb l\u2019entorn (enc\u00e0rrecs, participaci\u00f3 amb activitats municipals, camps d\u2019aprenentatge\u2026)<\/li>\n<li>Identificaci\u00f3 de la comunitat educativa amb el centre .<\/li>\n<li>Clima de conviv\u00e8ncia a partir del di\u00e0leg basat en un aprenentatge molt personalitzat amb r\u00e0tios baixes.<\/li>\n<li>Coordinaci\u00f3 de tots\/es els professionals que&hellip;  <a href=\"https:\/\/agora.xtec.cat\/insbitacola\/linstitut\/com-som\/valors-de-centre\/\" title=\"Read Valors de centre\">Llegeix m\u00e9s\u00bb<\/a><br \/>\n","protected":false},"author":1,"featured_media":0,"parent":39,"menu_order":1,"comment_status":"closed","ping_status":"closed","template":"page-templates\/side-menu.php","meta":{"_bbp_topic_count":0,"_bbp_reply_count":0,"_bbp_total_topic_count":0,"_bbp_total_reply_count":0,"_bbp_voice_count":0,"_bbp_anonymous_reply_count":0,"_bbp_topic_count_hidden":0,"_bbp_reply_count_hidden":0,"_bbp_forum_subforum_count":0,"footnotes":""},"class_list":["post-616","page","type-page","status-publish","hentry"],"post_mailing_queue_ids":[],"_links":{"self":[{"href":"https:\/\/agora.xtec.cat\/insbitacola\/wp-json\/wp\/v2\/pages\/616","targetHints":{"allow":["GET"]}}],"collection":[{"href":"https:\/\/agora.xtec.cat\/insbitacola\/wp-json\/wp\/v2\/pages"}],"about":[{"href":"https:\/\/agora.xtec.cat\/insbitacola\/wp-json\/wp\/v2\/types\/page"}],"author":[{"embeddable":true,"href":"https:\/\/agora.xtec.cat\/insbitacola\/wp-json\/wp\/v2\/users\/1"}],"replies":[{"embeddable":true,"href":"https:\/\/agora.xtec.cat\/insbitacola\/wp-json\/wp\/v2\/comments?post=616"}],"version-history":[{"count":5,"href":"https:\/\/agora.xtec.cat\/insbitacola\/wp-json\/wp\/v2\/pages\/616\/revisions"}],"predecessor-version":[{"id":30420,"href":"https:\/\/agora.xtec.cat\/insbitacola\/wp-json\/wp\/v2\/pages\/616\/revisions\/30420"}],"up":[{"embeddable":true,"href":"https:\/\/agora.xtec.cat\/insbitacola\/wp-json\/wp\/v2\/pages\/39"}],"wp:attachment":[{"href":"https:\/\/agora.xtec.cat\/insbitacola\/wp-json\/wp\/v2\/media?parent=616"}],"curies":[{"name":"wp","href":"https:\/\/api.w.org\/{rel}","templated":true}]}}