{"id":46,"date":"2014-09-17T16:53:45","date_gmt":"2014-09-17T16:53:45","guid":{"rendered":"http:\/\/agora.xtec.cat\/insbitacola\/?page_id=46"},"modified":"2021-07-19T13:14:30","modified_gmt":"2021-07-19T11:14:30","slug":"com-ens-organitzem","status":"publish","type":"page","link":"https:\/\/agora.xtec.cat\/insbitacola\/linstitut\/com-ens-organitzem\/","title":{"rendered":"Com ens organitzem?"},"content":{"rendered":"<p style=\"text-align: justify;\"><b><a href=\"http:\/\/agora.xtec.cat\/insbitacola\/wp-content\/uploads\/usu1329\/2014\/09\/cita-marc-levy.jpg\"><img loading=\"lazy\" decoding=\"async\" class=\"alignnone size-large wp-image-629\" src=\"http:\/\/agora.xtec.cat\/insbitacola\/wp-content\/uploads\/usu1329\/2014\/09\/cita-marc-levy-1024x172.jpg\" alt=\"cita-marc-levy\" width=\"1024\" height=\"172\" srcset=\"https:\/\/agora.xtec.cat\/insbitacola\/wp-content\/uploads\/usu1329\/2014\/09\/cita-marc-levy-1024x172.jpg 1024w, https:\/\/agora.xtec.cat\/insbitacola\/wp-content\/uploads\/usu1329\/2014\/09\/cita-marc-levy-300x50.jpg 300w, https:\/\/agora.xtec.cat\/insbitacola\/wp-content\/uploads\/usu1329\/2014\/09\/cita-marc-levy-768x129.jpg 768w, https:\/\/agora.xtec.cat\/insbitacola\/wp-content\/uploads\/usu1329\/2014\/09\/cita-marc-levy.jpg 1074w\" sizes=\"auto, (max-width: 1024px) 100vw, 1024px\" \/><\/a><\/b><\/p>\n<p style=\"text-align: justify;\"><span style=\"font-weight: 400;\">Un organigrama ha d\u2019estar el servei dels objectius que es proposa un col\u00b7lectiu. La nostra comunitat pret\u00e9n estar en constant canvi perqu\u00e8 aquest forma part del mateix proc\u00e9s d\u2019aprenentatge de tota la comunitat si volem que es mantingui sempre viva. \u00c9s per aix\u00f2 que els \u00e0mbits en qu\u00e8 dividim les actuacions del nostre centre s\u2019han d\u2019entendre com grups de reflexi\u00f3 sobre all\u00f2 que fem per a pensar all\u00f2 que podr\u00edem fer, implementar-ho, fer-ne el seguiment, avaluar-ho i tornar a proposar.<\/span><\/p>\n<p style=\"text-align: justify;\"><a href=\"https:\/\/agora.xtec.cat\/insbitacola\/wp-content\/uploads\/usu1329\/2021\/07\/3.png\"><img loading=\"lazy\" decoding=\"async\" class=\"alignnone wp-image-21844 size-full\" src=\"https:\/\/agora.xtec.cat\/insbitacola\/wp-content\/uploads\/usu1329\/2021\/07\/3.png\" alt=\"\" width=\"870\" height=\"645\" srcset=\"https:\/\/agora.xtec.cat\/insbitacola\/wp-content\/uploads\/usu1329\/2021\/07\/3.png 870w, https:\/\/agora.xtec.cat\/insbitacola\/wp-content\/uploads\/usu1329\/2021\/07\/3-300x222.png 300w, https:\/\/agora.xtec.cat\/insbitacola\/wp-content\/uploads\/usu1329\/2021\/07\/3-768x569.png 768w\" sizes=\"auto, (max-width: 870px) 100vw, 870px\" \/><\/a><\/p>\n<p style=\"text-align: justify;\">\n<p style=\"text-align: justify;\"><a href=\"http:\/\/agora.xtec.cat\/insbitacola\/wp-content\/uploads\/usu1329\/2014\/09\/ambit.jpg\"><img loading=\"lazy\" decoding=\"async\" class=\"alignnone size-full wp-image-626\" src=\"http:\/\/agora.xtec.cat\/insbitacola\/wp-content\/uploads\/usu1329\/2014\/09\/ambit.jpg\" alt=\"ambit\" width=\"939\" height=\"845\" srcset=\"https:\/\/agora.xtec.cat\/insbitacola\/wp-content\/uploads\/usu1329\/2014\/09\/ambit.jpg 939w, https:\/\/agora.xtec.cat\/insbitacola\/wp-content\/uploads\/usu1329\/2014\/09\/ambit-300x270.jpg 300w, https:\/\/agora.xtec.cat\/insbitacola\/wp-content\/uploads\/usu1329\/2014\/09\/ambit-768x691.jpg 768w\" sizes=\"auto, (max-width: 939px) 100vw, 939px\" \/><\/a><\/p>\n","protected":false},"excerpt":{"rendered":"<p><a href=\"http:\/\/agora.xtec.cat\/insbitacola\/wp-content\/uploads\/usu1329\/2014\/09\/cita-marc-levy.jpg\"><\/a><br \/>\nUn organigrama ha d\u2019estar el servei dels objectius que es proposa un col\u00b7lectiu. La nostra comunitat pret\u00e9n estar en constant canvi perqu\u00e8 aquest forma part del mateix proc\u00e9s d\u2019aprenentatge de tota la comunitat si volem que es mantingui sempre viva. \u00c9s per aix\u00f2 que&hellip;  <a href=\"https:\/\/agora.xtec.cat\/insbitacola\/linstitut\/com-ens-organitzem\/\" title=\"Read Com ens organitzem?\">Llegeix m\u00e9s\u00bb<\/a><\/p>\n","protected":false},"author":1,"featured_media":0,"parent":19,"menu_order":50,"comment_status":"closed","ping_status":"closed","template":"page-templates\/side-menu.php","meta":{"_bbp_topic_count":0,"_bbp_reply_count":0,"_bbp_total_topic_count":0,"_bbp_total_reply_count":0,"_bbp_voice_count":0,"_bbp_anonymous_reply_count":0,"_bbp_topic_count_hidden":0,"_bbp_reply_count_hidden":0,"_bbp_forum_subforum_count":0,"footnotes":""},"class_list":["post-46","page","type-page","status-publish","hentry"],"post_mailing_queue_ids":[],"_links":{"self":[{"href":"https:\/\/agora.xtec.cat\/insbitacola\/wp-json\/wp\/v2\/pages\/46","targetHints":{"allow":["GET"]}}],"collection":[{"href":"https:\/\/agora.xtec.cat\/insbitacola\/wp-json\/wp\/v2\/pages"}],"about":[{"href":"https:\/\/agora.xtec.cat\/insbitacola\/wp-json\/wp\/v2\/types\/page"}],"author":[{"embeddable":true,"href":"https:\/\/agora.xtec.cat\/insbitacola\/wp-json\/wp\/v2\/users\/1"}],"replies":[{"embeddable":true,"href":"https:\/\/agora.xtec.cat\/insbitacola\/wp-json\/wp\/v2\/comments?post=46"}],"version-history":[{"count":4,"href":"https:\/\/agora.xtec.cat\/insbitacola\/wp-json\/wp\/v2\/pages\/46\/revisions"}],"predecessor-version":[{"id":21845,"href":"https:\/\/agora.xtec.cat\/insbitacola\/wp-json\/wp\/v2\/pages\/46\/revisions\/21845"}],"up":[{"embeddable":true,"href":"https:\/\/agora.xtec.cat\/insbitacola\/wp-json\/wp\/v2\/pages\/19"}],"wp:attachment":[{"href":"https:\/\/agora.xtec.cat\/insbitacola\/wp-json\/wp\/v2\/media?parent=46"}],"curies":[{"name":"wp","href":"https:\/\/api.w.org\/{rel}","templated":true}]}}