{"id":28151,"date":"2023-10-31T08:59:02","date_gmt":"2023-10-31T07:59:02","guid":{"rendered":"https:\/\/agora.xtec.cat\/insbitacola\/?page_id=28151"},"modified":"2023-11-27T13:03:30","modified_gmt":"2023-11-27T12:03:30","slug":"portes-obertes-professorat","status":"publish","type":"page","link":"https:\/\/agora.xtec.cat\/insbitacola\/portes-obertes-professorat\/","title":{"rendered":"Portes obertes Professorat"},"content":{"rendered":"<div>\n<div><a href=\"https:\/\/agora.xtec.cat\/insbitacola\/wp-content\/uploads\/usu1329\/2023\/10\/Portes-obertes-professorat.png\"><img loading=\"lazy\" decoding=\"async\" class=\" wp-image-28149 alignright\" src=\"https:\/\/agora.xtec.cat\/insbitacola\/wp-content\/uploads\/usu1329\/2023\/10\/Portes-obertes-professorat-1024x1024.png\" alt=\"\" width=\"362\" height=\"362\" srcset=\"https:\/\/agora.xtec.cat\/insbitacola\/wp-content\/uploads\/usu1329\/2023\/10\/Portes-obertes-professorat-1024x1024.png 1024w, https:\/\/agora.xtec.cat\/insbitacola\/wp-content\/uploads\/usu1329\/2023\/10\/Portes-obertes-professorat-300x300.png 300w, https:\/\/agora.xtec.cat\/insbitacola\/wp-content\/uploads\/usu1329\/2023\/10\/Portes-obertes-professorat-150x150.png 150w, https:\/\/agora.xtec.cat\/insbitacola\/wp-content\/uploads\/usu1329\/2023\/10\/Portes-obertes-professorat-768x768.png 768w, https:\/\/agora.xtec.cat\/insbitacola\/wp-content\/uploads\/usu1329\/2023\/10\/Portes-obertes-professorat.png 1080w\" sizes=\"auto, (max-width: 362px) 100vw, 362px\" \/><\/a>Estem il\u00b7lusionats de rebre-us el dijous 30 de novembre a les 9:45h per a compartir el projecte del nostre centre.<\/div>\n<p>La planificaci\u00f3 de la visita ser\u00e0 la seg\u00fcent:<\/p>\n<ul>\n<li>10:00: Rebuda<\/li>\n<li>10:00-11:00h Personalitzaci\u00f3 \/ Flexibilitzaci\u00f3 de l&#8217;aprenentatge.<\/li>\n<li>11:00-11:30h Esmorzar \/ Patis Coeducactius<\/li>\n<li>11:30-12:30h Estrat\u00e8gies metodol\u00f2giques comunes<\/li>\n<li>12:30-13:00h Col\u00b7loqui<\/li>\n<\/ul>\n<p>La nostra adre\u00e7a \u00e9s\u00a0<a href=\"https:\/\/www.google.com\/maps\/place\/Institut+Bit%C3%A0cola\/@41.511975,2.122078,15z\/data=!4m2!3m1!1s0x0:0xbcd3f3294ec95f9?sa=X&amp;ved=2ahUKEwjZpumz4bf9AhUbUqQEHZriCcoQ_BJ6BAhaEAg\" target=\"_blank\" rel=\"noopener\" data-saferedirecturl=\"https:\/\/www.google.com\/url?q=https:\/\/www.google.com\/maps\/place\/Institut%2BBit%25C3%25A0cola\/@41.511975,2.122078,15z\/data%3D!4m2!3m1!1s0x0:0xbcd3f3294ec95f9?sa%3DX%26ved%3D2ahUKEwjZpumz4bf9AhUbUqQEHZriCcoQ_BJ6BAhaEAg&amp;source=gmail&amp;ust=1698825289156000&amp;usg=AOvVaw2JJMUlB4U5n6Z18HPCRDaO\">Ronda de l&#8217;Est s\/n, a Barber\u00e0 del Vall\u00e8s<\/a>. Informar-vos que estem al costat de l&#8217;estaci\u00f3 de RENFE de Barber\u00e0, on tamb\u00e9 hi ha un aparcament gratu\u00eft.<\/p>\n<div><\/div>\n<div>Si us voleu inscriure\u00a0escriviu\u00a0un correu a\u00a0<a href=\"mailto:institut@insbitacola.cat\" target=\"_blank\" rel=\"noopener\">institut@insbitacola.cat\u00a0<\/a><\/div>\n<div>Tamb\u00e9\u00a0us facilitem el tel\u00e8fon del nostre centre\u00a0 93.719.56.62<\/div>\n<\/div>\n<div><\/div>\n<div>Us esperem,<\/div>\n","protected":false},"excerpt":{"rendered":"<p><a href=\"https:\/\/agora.xtec.cat\/insbitacola\/wp-content\/uploads\/usu1329\/2023\/10\/Portes-obertes-professorat.png\"><\/a>Estem il\u00b7lusionats de rebre-us el dijous 30 de novembre a les 9:45h per a compartir el projecte del nostre centre.<br \/>\nLa planificaci\u00f3 de la visita ser\u00e0 la seg\u00fcent:<\/p>\n<ul>\n<li>10:00: Rebuda<\/li>\n<li>10:00-11:00h Personalitzaci\u00f3 \/ Flexibilitzaci\u00f3 de l&#8217;aprenentatge.<\/li>\n<li>11:00-11:30h Esmorzar \/ Patis Coeducactius<\/li>\n<li>11:30-12:30h Estrat\u00e8gies metodol\u00f2giques comunes<\/li>\n<li>12:30-13:00h Col\u00b7loqui<\/li>\n<\/ul>\n<p>La nostra adre\u00e7a \u00e9s\u00a0<a&hellip;  <a href=\"https:\/\/agora.xtec.cat\/insbitacola\/portes-obertes-professorat\/\" title=\"Read Portes obertes Professorat\">Llegeix m\u00e9s\u00bb<\/a><\/p>\n","protected":false},"author":3,"featured_media":0,"parent":0,"menu_order":0,"comment_status":"closed","ping_status":"closed","template":"","meta":{"_bbp_topic_count":0,"_bbp_reply_count":0,"_bbp_total_topic_count":0,"_bbp_total_reply_count":0,"_bbp_voice_count":0,"_bbp_anonymous_reply_count":0,"_bbp_topic_count_hidden":0,"_bbp_reply_count_hidden":0,"_bbp_forum_subforum_count":0,"footnotes":""},"class_list":["post-28151","page","type-page","status-publish","hentry"],"post_mailing_queue_ids":[],"_links":{"self":[{"href":"https:\/\/agora.xtec.cat\/insbitacola\/wp-json\/wp\/v2\/pages\/28151","targetHints":{"allow":["GET"]}}],"collection":[{"href":"https:\/\/agora.xtec.cat\/insbitacola\/wp-json\/wp\/v2\/pages"}],"about":[{"href":"https:\/\/agora.xtec.cat\/insbitacola\/wp-json\/wp\/v2\/types\/page"}],"author":[{"embeddable":true,"href":"https:\/\/agora.xtec.cat\/insbitacola\/wp-json\/wp\/v2\/users\/3"}],"replies":[{"embeddable":true,"href":"https:\/\/agora.xtec.cat\/insbitacola\/wp-json\/wp\/v2\/comments?post=28151"}],"version-history":[{"count":2,"href":"https:\/\/agora.xtec.cat\/insbitacola\/wp-json\/wp\/v2\/pages\/28151\/revisions"}],"predecessor-version":[{"id":28326,"href":"https:\/\/agora.xtec.cat\/insbitacola\/wp-json\/wp\/v2\/pages\/28151\/revisions\/28326"}],"wp:attachment":[{"href":"https:\/\/agora.xtec.cat\/insbitacola\/wp-json\/wp\/v2\/media?parent=28151"}],"curies":[{"name":"wp","href":"https:\/\/api.w.org\/{rel}","templated":true}]}}