{"id":27970,"date":"2023-06-30T11:55:23","date_gmt":"2023-06-30T09:55:23","guid":{"rendered":"https:\/\/agora.xtec.cat\/insbitacola\/?page_id=27970"},"modified":"2025-12-12T14:20:48","modified_gmt":"2025-12-12T13:20:48","slug":"acords","status":"publish","type":"page","link":"https:\/\/agora.xtec.cat\/insbitacola\/consell-escolar\/acords\/","title":{"rendered":"Acords de la sessi\u00f3 del 3\/12\/25"},"content":{"rendered":"<p><strong>1. Constituci\u00f3 del Consell Escolar<\/strong><br \/>\nPresentaci\u00f3 dels membres i aprovaci\u00f3 per unanimitat de la constituci\u00f3 del nou Consell Escolar del curs 2025-2026.<\/p>\n<p><strong>2. Nomenament de la responsable de coeducaci\u00f3<\/strong><br \/>\nS\u2019aprova per unanimitat que Alba Serqueda assumeixi el c\u00e0rrec.<\/p>\n<p><strong>3. Valoraci\u00f3 de l\u2019inici de curs<\/strong><br \/>\nEl claustre es mant\u00e9 estable; es destaca la bona conviv\u00e8ncia i la necessitat de refor\u00e7ar l\u2019acompanyament al professorat nou.<\/p>\n<p><strong>4. Presentaci\u00f3 i aprovaci\u00f3 de la PGA<\/strong><br \/>\nEs presenten els projectes principals (Erasmus+, AraArt, Talking, Patis CoEducActius, MUFPS, etc.) i s\u2019aprova la Programaci\u00f3 General Anual.<\/p>\n<p><strong>5. Aprovaci\u00f3 de les cartes de comprom\u00eds<\/strong><br \/>\nS\u2019aproven les noves cartes de comprom\u00eds del centre.<\/p>\n<p><strong>6. Presentaci\u00f3 de la web \u201cInici Fam\u00edlies\u201d<\/strong><br \/>\nNova plataforma informativa per facilitar l\u2019acc\u00e9s de les fam\u00edlies als recursos del centre.<\/p>\n<p><strong>7. Celebracions i organitzaci\u00f3 pedag\u00f2gica<\/strong><br \/>\nAprovades les celebracions de centre, els Espais Globalitzats, Espai Creatiu, Espais en Xarxa, Itineraris Personals i els Patis CoEducActius.<\/p>\n<p><strong>8. Programes educatius<\/strong><br \/>\nAprovada la participaci\u00f3 en diversos programes: Concurs Piula, Telecogames, Campus \u00cdtaca, Erasmus+, AraArt, MUPFS, Immersi\u00f3 Ling\u00fc\u00edstica, Certificaci\u00f3 EOI, Intercultura AFS, entre altres.<\/p>\n<p><strong>9. Projectes d\u2019orientaci\u00f3<\/strong><br \/>\nEs continua treballant amb Acompanya\u2019m, T\u00e0ndem i Nous Cims; s\u2019incrementen hores d\u2019orientaci\u00f3 al 2n trimestre.<\/p>\n<p><strong>10. Conviv\u00e8ncia i benestar<\/strong><br \/>\nEs refor\u00e7a la l\u00ednia de treball dialogada amb les fam\u00edlies i l\u2019objectiu de minimitzar expedients.<\/p>\n<p><strong>11. Pressupost 2026<\/strong><br \/>\nEs presenta el pressupost i s\u2019aproven les inversions. Es proposa un taller de prevenci\u00f3 de l\u2019assetjament sexual a 1r d\u2019ESO.<\/p>\n<p><strong>12. Torn obert de paraules<\/strong><br \/>\nSense intervencions.<\/p>\n","protected":false},"excerpt":{"rendered":"<p>1. Constituci\u00f3 del Consell Escolar<br \/>\nPresentaci\u00f3 dels membres i aprovaci\u00f3 per unanimitat de la constituci\u00f3 del nou Consell Escolar del curs 2025-2026.<br \/>\n2. Nomenament de la responsable de coeducaci\u00f3<br \/>\nS\u2019aprova per unanimitat que Alba Serqueda assumeixi el c\u00e0rrec.<br \/>\n3. Valoraci\u00f3 de l\u2019inici de curs<br \/>\nEl claustre es mant\u00e9 estable; es&hellip;  <a href=\"https:\/\/agora.xtec.cat\/insbitacola\/consell-escolar\/acords\/\" title=\"Read Acords de la sessi\u00f3 del 3\/12\/25\">Llegeix m\u00e9s\u00bb<\/a><\/p>\n","protected":false},"author":3,"featured_media":0,"parent":14647,"menu_order":0,"comment_status":"closed","ping_status":"closed","template":"","meta":{"_bbp_topic_count":0,"_bbp_reply_count":0,"_bbp_total_topic_count":0,"_bbp_total_reply_count":0,"_bbp_voice_count":0,"_bbp_anonymous_reply_count":0,"_bbp_topic_count_hidden":0,"_bbp_reply_count_hidden":0,"_bbp_forum_subforum_count":0,"footnotes":""},"class_list":["post-27970","page","type-page","status-publish","hentry"],"post_mailing_queue_ids":[],"_links":{"self":[{"href":"https:\/\/agora.xtec.cat\/insbitacola\/wp-json\/wp\/v2\/pages\/27970","targetHints":{"allow":["GET"]}}],"collection":[{"href":"https:\/\/agora.xtec.cat\/insbitacola\/wp-json\/wp\/v2\/pages"}],"about":[{"href":"https:\/\/agora.xtec.cat\/insbitacola\/wp-json\/wp\/v2\/types\/page"}],"author":[{"embeddable":true,"href":"https:\/\/agora.xtec.cat\/insbitacola\/wp-json\/wp\/v2\/users\/3"}],"replies":[{"embeddable":true,"href":"https:\/\/agora.xtec.cat\/insbitacola\/wp-json\/wp\/v2\/comments?post=27970"}],"version-history":[{"count":3,"href":"https:\/\/agora.xtec.cat\/insbitacola\/wp-json\/wp\/v2\/pages\/27970\/revisions"}],"predecessor-version":[{"id":31155,"href":"https:\/\/agora.xtec.cat\/insbitacola\/wp-json\/wp\/v2\/pages\/27970\/revisions\/31155"}],"up":[{"embeddable":true,"href":"https:\/\/agora.xtec.cat\/insbitacola\/wp-json\/wp\/v2\/pages\/14647"}],"wp:attachment":[{"href":"https:\/\/agora.xtec.cat\/insbitacola\/wp-json\/wp\/v2\/media?parent=27970"}],"curies":[{"name":"wp","href":"https:\/\/api.w.org\/{rel}","templated":true}]}}