{"id":1726,"date":"2017-07-26T09:06:42","date_gmt":"2017-07-26T07:06:42","guid":{"rendered":"http:\/\/agora.xtec.cat\/insbitacola\/?page_id=1726"},"modified":"2020-12-06T22:15:38","modified_gmt":"2020-12-06T21:15:38","slug":"linstitut-un-projecte","status":"publish","type":"page","link":"https:\/\/agora.xtec.cat\/insbitacola\/linstitut\/com-som\/linstitut-un-projecte\/","title":{"rendered":"L&#8217;Institut: un projecte"},"content":{"rendered":"<h3>Que vol aprendre amb sentit i per aix\u00f2:<\/h3>\n<p><a href=\"http:\/\/agora.xtec.cat\/insbitacola\/wp-content\/uploads\/usu1329\/2017\/07\/1.jpg\"><img loading=\"lazy\" decoding=\"async\" class=\"alignnone size-full wp-image-1727\" src=\"http:\/\/agora.xtec.cat\/insbitacola\/wp-content\/uploads\/usu1329\/2017\/07\/1.jpg\" alt=\"\" width=\"800\" height=\"417\" srcset=\"https:\/\/agora.xtec.cat\/insbitacola\/wp-content\/uploads\/usu1329\/2017\/07\/1.jpg 800w, https:\/\/agora.xtec.cat\/insbitacola\/wp-content\/uploads\/usu1329\/2017\/07\/1-300x156.jpg 300w, https:\/\/agora.xtec.cat\/insbitacola\/wp-content\/uploads\/usu1329\/2017\/07\/1-768x400.jpg 768w\" sizes=\"auto, (max-width: 800px) 100vw, 800px\" \/><\/a><\/p>\n<h3>Que ent\u00e9n que fer projecte vol dir:<\/h3>\n<p><a href=\"http:\/\/agora.xtec.cat\/insbitacola\/wp-content\/uploads\/usu1329\/2017\/07\/2.jpg\"><img loading=\"lazy\" decoding=\"async\" class=\"alignnone size-large wp-image-1728\" src=\"http:\/\/agora.xtec.cat\/insbitacola\/wp-content\/uploads\/usu1329\/2017\/07\/2.jpg\" alt=\"\" width=\"474\" height=\"424\" srcset=\"https:\/\/agora.xtec.cat\/insbitacola\/wp-content\/uploads\/usu1329\/2017\/07\/2.jpg 474w, https:\/\/agora.xtec.cat\/insbitacola\/wp-content\/uploads\/usu1329\/2017\/07\/2-300x268.jpg 300w\" sizes=\"auto, (max-width: 474px) 100vw, 474px\" \/><\/a><\/p>\n<h5><span style=\"color: #0000ff;\"><em>Estrat\u00e8gia d&#8217;educaci\u00f3 inclusiva perqu\u00e8 tothom pot fer alguna cosa<\/em><\/span><\/h5>\n","protected":false},"excerpt":{"rendered":"<p>Que vol aprendre amb sentit i per aix\u00f2:<br \/>\n<a href=\"http:\/\/agora.xtec.cat\/insbitacola\/wp-content\/uploads\/usu1329\/2017\/07\/1.jpg\"><\/a><br \/>\nQue ent\u00e9n que fer projecte vol dir:<br \/>\n<a href=\"http:\/\/agora.xtec.cat\/insbitacola\/wp-content\/uploads\/usu1329\/2017\/07\/2.jpg\"><\/a><br \/>\nEstrat\u00e8gia d&#8217;educaci\u00f3 inclusiva perqu\u00e8 tothom pot fer alguna cosa<\/p>\n","protected":false},"author":1,"featured_media":0,"parent":39,"menu_order":4,"comment_status":"closed","ping_status":"closed","template":"page-templates\/side-menu.php","meta":{"_bbp_topic_count":0,"_bbp_reply_count":0,"_bbp_total_topic_count":0,"_bbp_total_reply_count":0,"_bbp_voice_count":0,"_bbp_anonymous_reply_count":0,"_bbp_topic_count_hidden":0,"_bbp_reply_count_hidden":0,"_bbp_forum_subforum_count":0,"footnotes":""},"class_list":["post-1726","page","type-page","status-publish","hentry"],"post_mailing_queue_ids":[],"_links":{"self":[{"href":"https:\/\/agora.xtec.cat\/insbitacola\/wp-json\/wp\/v2\/pages\/1726","targetHints":{"allow":["GET"]}}],"collection":[{"href":"https:\/\/agora.xtec.cat\/insbitacola\/wp-json\/wp\/v2\/pages"}],"about":[{"href":"https:\/\/agora.xtec.cat\/insbitacola\/wp-json\/wp\/v2\/types\/page"}],"author":[{"embeddable":true,"href":"https:\/\/agora.xtec.cat\/insbitacola\/wp-json\/wp\/v2\/users\/1"}],"replies":[{"embeddable":true,"href":"https:\/\/agora.xtec.cat\/insbitacola\/wp-json\/wp\/v2\/comments?post=1726"}],"version-history":[{"count":3,"href":"https:\/\/agora.xtec.cat\/insbitacola\/wp-json\/wp\/v2\/pages\/1726\/revisions"}],"predecessor-version":[{"id":1751,"href":"https:\/\/agora.xtec.cat\/insbitacola\/wp-json\/wp\/v2\/pages\/1726\/revisions\/1751"}],"up":[{"embeddable":true,"href":"https:\/\/agora.xtec.cat\/insbitacola\/wp-json\/wp\/v2\/pages\/39"}],"wp:attachment":[{"href":"https:\/\/agora.xtec.cat\/insbitacola\/wp-json\/wp\/v2\/media?parent=1726"}],"curies":[{"name":"wp","href":"https:\/\/api.w.org\/{rel}","templated":true}]}}