{"id":14647,"date":"2019-02-11T15:28:29","date_gmt":"2019-02-11T14:28:29","guid":{"rendered":"http:\/\/agora.xtec.cat\/insbitacola\/?page_id=14647"},"modified":"2025-12-12T14:16:02","modified_gmt":"2025-12-12T13:16:02","slug":"consell-escolar","status":"publish","type":"page","link":"https:\/\/agora.xtec.cat\/insbitacola\/consell-escolar\/","title":{"rendered":"Consell Escolar"},"content":{"rendered":"<p>El consell escolar del centre \u00e9s l\u2019\u00f2rgan col\u00b7legiat de participaci\u00f3 de la comunitat escolar en el govern del centre. En el consell escolar hi ha representats tots els col\u00b7lectius que intervenen en la comunitat educativa: director, professorat, alumnat, personal d\u2019administraci\u00f3 i serveis, etc.<\/p>\n<p>Actualment, en l\u2019institut Bit\u00e0cola, est\u00e0 format per:<\/p>\n<p><strong>Composici\u00f3<\/strong><\/p>\n<table style=\"height: 434px;\" width=\"573\">\n<tbody>\n<tr style=\"height: 31px;\">\n<td style=\"height: 31px;\"><strong>Directora:<\/strong><\/td>\n<\/tr>\n<tr style=\"height: 31px;\">\n<td style=\"height: 31px;\">J\u00falia Coll Pons<\/td>\n<\/tr>\n<tr style=\"height: 31px;\">\n<td style=\"height: 31px;\"><strong>Cap d\u2019estudis<\/strong>:<\/td>\n<\/tr>\n<tr style=\"height: 31px;\">\n<td style=\"height: 31px;\">Laura Manchado Rubio<\/td>\n<\/tr>\n<tr style=\"height: 31px;\">\n<td style=\"height: 31px;\"><strong>Secretari:<\/strong><\/td>\n<\/tr>\n<tr style=\"height: 31px;\">\n<td style=\"height: 31px;\">Xavier Reyes Tineo<\/td>\n<\/tr>\n<tr style=\"height: 31px;\">\n<td style=\"height: 31px;\"><strong>Representant de l\u2019Ajuntament:<\/strong><\/td>\n<\/tr>\n<tr style=\"height: 31px;\">\n<td style=\"height: 31px;\">Daniel Gonz\u00e1lez Cabrera<\/td>\n<\/tr>\n<tr style=\"height: 31px;\">\n<td style=\"height: 31px;\"><strong>Representants del professorat<\/strong>:<\/td>\n<\/tr>\n<tr style=\"height: 31px;\">\n<td style=\"height: 31px;\">Mireia Vendrell Torroella<\/p>\n<p>Joan Carles Tinoco Balongo<\/p>\n<p>Marta Fernandez Prat<\/p>\n<p>Alba Serqueda Torralba<\/td>\n<\/tr>\n<tr style=\"height: 31px;\">\n<td style=\"height: 31px;\"><strong>Representants de les fam\u00edlies:<\/strong><\/td>\n<\/tr>\n<tr style=\"height: 31px;\">\n<td style=\"height: 31px;\">Esther Garcia Merino<\/p>\n<p>Isabel Morote Iglesia (representant de l&#8217;AFA)<\/td>\n<\/tr>\n<tr>\n<td><strong>Representants de l&#8217;alumnat:<\/strong><\/td>\n<\/tr>\n<tr>\n<td>Lua Quir\u00f3s Solorzano<\/p>\n<p>Asier Ferraz Egea<\/td>\n<\/tr>\n<tr style=\"height: 31px;\">\n<td style=\"height: 31px;\"><strong>Representant del PAS<\/strong>:<\/td>\n<\/tr>\n<tr style=\"height: 31px;\">\n<td style=\"height: 31px;\">M\u00aa Teresa Barnola Aug\u00e9<\/td>\n<\/tr>\n<\/tbody>\n<\/table>\n<p>En els centres p\u00fablics, la funci\u00f3 principal del consell escolar \u00e9s participar en la presa de decisions en relaci\u00f3 amb aquells temes importants per al funcionament i l\u2019organitzaci\u00f3 del centre: el projecte educatiu, la programaci\u00f3 general, la gesti\u00f3 econ\u00f2mica, etc.<\/p>\n<p>Els membres del consell escolar s\u00f3n elegits per un per\u00edode de quatre anys i es renoven per meitats cada dos anys.<\/p>\n<p>El consell escolar del centre es reuneix preceptivament una vegada al trimestre i sempre que el convoca el director o directora del centre o ho sol\u00b7licita almenys un ter\u00e7 de les seves persones membres. A m\u00e9s, s\u2019ha de fer una reuni\u00f3 a principi de curs i una altra a la seva finalitzaci\u00f3.<\/p>\n<p>El consell escolar actua normalment en ple. Es poden constituir comissions espec\u00edfiques d\u2019estudi i informaci\u00f3, a les quals, en tot cas, s\u2019hi ha d\u2019incorporar la direcci\u00f3 del centre, o en la seva representaci\u00f3, un altre \u00f2rgan unipersonal de direcci\u00f3, un professor o professora, i un alumne o alumna o un representant o una representant de les mares i els pares. Els centres de titularitat p\u00fablica, a m\u00e9s, hi ha d\u2019haver preceptivament una comissi\u00f3 econ\u00f2mica que supervisa la gesti\u00f3 econ\u00f2mica del centre.<\/p>\n","protected":false},"excerpt":{"rendered":"<p>El consell escolar del centre \u00e9s l\u2019\u00f2rgan col\u00b7legiat de participaci\u00f3 de la comunitat escolar en el govern del centre. En el consell escolar hi ha representats tots els col\u00b7lectius que intervenen en la comunitat educativa: director, professorat, alumnat, personal d\u2019administraci\u00f3 i serveis, etc.<br \/>\nActualment, en l\u2019institut&hellip;  <a href=\"https:\/\/agora.xtec.cat\/insbitacola\/consell-escolar\/\" title=\"Read Consell Escolar\">Llegeix m\u00e9s\u00bb<\/a><\/p>\n","protected":false},"author":3,"featured_media":0,"parent":0,"menu_order":0,"comment_status":"closed","ping_status":"closed","template":"page-templates\/side-menu.php","meta":{"_bbp_topic_count":0,"_bbp_reply_count":0,"_bbp_total_topic_count":0,"_bbp_total_reply_count":0,"_bbp_voice_count":0,"_bbp_anonymous_reply_count":0,"_bbp_topic_count_hidden":0,"_bbp_reply_count_hidden":0,"_bbp_forum_subforum_count":0,"footnotes":""},"class_list":["post-14647","page","type-page","status-publish","hentry"],"post_mailing_queue_ids":[],"_links":{"self":[{"href":"https:\/\/agora.xtec.cat\/insbitacola\/wp-json\/wp\/v2\/pages\/14647","targetHints":{"allow":["GET"]}}],"collection":[{"href":"https:\/\/agora.xtec.cat\/insbitacola\/wp-json\/wp\/v2\/pages"}],"about":[{"href":"https:\/\/agora.xtec.cat\/insbitacola\/wp-json\/wp\/v2\/types\/page"}],"author":[{"embeddable":true,"href":"https:\/\/agora.xtec.cat\/insbitacola\/wp-json\/wp\/v2\/users\/3"}],"replies":[{"embeddable":true,"href":"https:\/\/agora.xtec.cat\/insbitacola\/wp-json\/wp\/v2\/comments?post=14647"}],"version-history":[{"count":6,"href":"https:\/\/agora.xtec.cat\/insbitacola\/wp-json\/wp\/v2\/pages\/14647\/revisions"}],"predecessor-version":[{"id":31153,"href":"https:\/\/agora.xtec.cat\/insbitacola\/wp-json\/wp\/v2\/pages\/14647\/revisions\/31153"}],"wp:attachment":[{"href":"https:\/\/agora.xtec.cat\/insbitacola\/wp-json\/wp\/v2\/media?parent=14647"}],"curies":[{"name":"wp","href":"https:\/\/api.w.org\/{rel}","templated":true}]}}