{"id":13823,"date":"2018-10-15T10:30:54","date_gmt":"2018-10-15T08:30:54","guid":{"rendered":"http:\/\/agora.xtec.cat\/insbitacola\/?page_id=13823"},"modified":"2020-12-06T22:16:43","modified_gmt":"2020-12-06T21:16:43","slug":"orientacio","status":"publish","type":"page","link":"https:\/\/agora.xtec.cat\/insbitacola\/linstitut\/com-som\/orientacio\/","title":{"rendered":"Orientaci\u00f3"},"content":{"rendered":"<p>El nostre centre basa el seu\u00a0 curr\u00edculum en una concepci\u00f3 globalitzada de l&#8217;aprenentatge. \u00c9s per aix\u00f2 que entenem que l&#8217;orientaci\u00f3 ha d&#8217;estar present en tots els \u00e0mbits i espais educatius que anem creant al llarg dels cursos. El seg\u00fcent mapa conceptual mostra com i on orientem l&#8217;alumnat.<\/p>\n<p><a href=\"https:\/\/agora.xtec.cat\/insbitacola\/wp-content\/uploads\/usu1329\/2018\/10\/Orientaci\u00f3-educativa.1.jpeg\"><img loading=\"lazy\" decoding=\"async\" class=\"alignnone size-large wp-image-13824\" src=\"https:\/\/agora.xtec.cat\/insbitacola\/wp-content\/uploads\/usu1329\/2018\/10\/Orientaci\u00f3-educativa.1-1024x791.jpeg\" alt=\"\" width=\"1024\" height=\"791\" srcset=\"https:\/\/agora.xtec.cat\/insbitacola\/wp-content\/uploads\/usu1329\/2018\/10\/Orientaci\u00f3-educativa.1-1024x791.jpeg 1024w, https:\/\/agora.xtec.cat\/insbitacola\/wp-content\/uploads\/usu1329\/2018\/10\/Orientaci\u00f3-educativa.1-300x232.jpeg 300w, https:\/\/agora.xtec.cat\/insbitacola\/wp-content\/uploads\/usu1329\/2018\/10\/Orientaci\u00f3-educativa.1-768x593.jpeg 768w, https:\/\/agora.xtec.cat\/insbitacola\/wp-content\/uploads\/usu1329\/2018\/10\/Orientaci\u00f3-educativa.1.jpeg 1760w\" sizes=\"auto, (max-width: 1024px) 100vw, 1024px\" \/><\/a><\/p>\n","protected":false},"excerpt":{"rendered":"<p>El nostre centre basa el seu\u00a0 curr\u00edculum en una concepci\u00f3 globalitzada de l&#8217;aprenentatge. \u00c9s per aix\u00f2 que entenem que l&#8217;orientaci\u00f3 ha d&#8217;estar present en tots els \u00e0mbits i espais educatius que anem creant al llarg dels cursos. El seg\u00fcent mapa conceptual mostra com i on&hellip;  <a href=\"https:\/\/agora.xtec.cat\/insbitacola\/linstitut\/com-som\/orientacio\/\" title=\"Read Orientaci\u00f3\">Llegeix m\u00e9s\u00bb<\/a><\/p>\n","protected":false},"author":3,"featured_media":0,"parent":39,"menu_order":6,"comment_status":"closed","ping_status":"closed","template":"page-templates\/side-menu.php","meta":{"_bbp_topic_count":0,"_bbp_reply_count":0,"_bbp_total_topic_count":0,"_bbp_total_reply_count":0,"_bbp_voice_count":0,"_bbp_anonymous_reply_count":0,"_bbp_topic_count_hidden":0,"_bbp_reply_count_hidden":0,"_bbp_forum_subforum_count":0,"footnotes":""},"class_list":["post-13823","page","type-page","status-publish","hentry"],"post_mailing_queue_ids":[],"_links":{"self":[{"href":"https:\/\/agora.xtec.cat\/insbitacola\/wp-json\/wp\/v2\/pages\/13823","targetHints":{"allow":["GET"]}}],"collection":[{"href":"https:\/\/agora.xtec.cat\/insbitacola\/wp-json\/wp\/v2\/pages"}],"about":[{"href":"https:\/\/agora.xtec.cat\/insbitacola\/wp-json\/wp\/v2\/types\/page"}],"author":[{"embeddable":true,"href":"https:\/\/agora.xtec.cat\/insbitacola\/wp-json\/wp\/v2\/users\/3"}],"replies":[{"embeddable":true,"href":"https:\/\/agora.xtec.cat\/insbitacola\/wp-json\/wp\/v2\/comments?post=13823"}],"version-history":[{"count":1,"href":"https:\/\/agora.xtec.cat\/insbitacola\/wp-json\/wp\/v2\/pages\/13823\/revisions"}],"predecessor-version":[{"id":13825,"href":"https:\/\/agora.xtec.cat\/insbitacola\/wp-json\/wp\/v2\/pages\/13823\/revisions\/13825"}],"up":[{"embeddable":true,"href":"https:\/\/agora.xtec.cat\/insbitacola\/wp-json\/wp\/v2\/pages\/39"}],"wp:attachment":[{"href":"https:\/\/agora.xtec.cat\/insbitacola\/wp-json\/wp\/v2\/media?parent=13823"}],"curies":[{"name":"wp","href":"https:\/\/api.w.org\/{rel}","templated":true}]}}