{"id":13815,"date":"2018-10-15T10:17:26","date_gmt":"2018-10-15T08:17:26","guid":{"rendered":"http:\/\/agora.xtec.cat\/insbitacola\/?page_id=13815"},"modified":"2020-12-06T22:14:40","modified_gmt":"2020-12-06T21:14:40","slug":"com-volem-ser","status":"publish","type":"page","link":"https:\/\/agora.xtec.cat\/insbitacola\/linstitut\/com-som\/com-volem-ser\/","title":{"rendered":"Com volem ser"},"content":{"rendered":"<p>Per saber com som primer ens hem de plantejar com volem ser. L&#8217;INS Bit\u00e0cola, despr\u00e9s d&#8217;un proc\u00e9s de reflexi\u00f3 de tota la comunitat educativa hem arribat a la conclusi\u00f3 que els trets que volem que ens identifiquin s\u00f3n els que plantegem en els seg\u00fcents mapes mentals. La planificaci\u00f3 de tots els \u00e0mbits de l&#8217;INS hauran de respectar aquests perfils.<\/p>\n<p><a href=\"https:\/\/agora.xtec.cat\/insbitacola\/wp-content\/uploads\/usu1329\/2018\/10\/ALUMNE-BITACOLA.jpg\"><img loading=\"lazy\" decoding=\"async\" class=\"alignnone size-large wp-image-13816\" src=\"https:\/\/agora.xtec.cat\/insbitacola\/wp-content\/uploads\/usu1329\/2018\/10\/ALUMNE-BITACOLA-1024x724.jpg\" alt=\"\" width=\"1024\" height=\"724\" srcset=\"https:\/\/agora.xtec.cat\/insbitacola\/wp-content\/uploads\/usu1329\/2018\/10\/ALUMNE-BITACOLA-1024x724.jpg 1024w, https:\/\/agora.xtec.cat\/insbitacola\/wp-content\/uploads\/usu1329\/2018\/10\/ALUMNE-BITACOLA-300x212.jpg 300w, https:\/\/agora.xtec.cat\/insbitacola\/wp-content\/uploads\/usu1329\/2018\/10\/ALUMNE-BITACOLA-768x543.jpg 768w\" sizes=\"auto, (max-width: 1024px) 100vw, 1024px\" \/><\/a><\/p>\n<p><a href=\"https:\/\/agora.xtec.cat\/insbitacola\/wp-content\/uploads\/usu1329\/2018\/10\/Fam\u00edlies-Bit\u00e0cola.jpg\"><img loading=\"lazy\" decoding=\"async\" class=\"alignnone size-large wp-image-13817\" src=\"https:\/\/agora.xtec.cat\/insbitacola\/wp-content\/uploads\/usu1329\/2018\/10\/Fam\u00edlies-Bit\u00e0cola-1024x724.jpg\" alt=\"\" width=\"1024\" height=\"724\" srcset=\"https:\/\/agora.xtec.cat\/insbitacola\/wp-content\/uploads\/usu1329\/2018\/10\/Fam\u00edlies-Bit\u00e0cola-1024x724.jpg 1024w, https:\/\/agora.xtec.cat\/insbitacola\/wp-content\/uploads\/usu1329\/2018\/10\/Fam\u00edlies-Bit\u00e0cola-300x212.jpg 300w, https:\/\/agora.xtec.cat\/insbitacola\/wp-content\/uploads\/usu1329\/2018\/10\/Fam\u00edlies-Bit\u00e0cola-768x543.jpg 768w\" sizes=\"auto, (max-width: 1024px) 100vw, 1024px\" \/><\/a><\/p>\n<p><a href=\"https:\/\/agora.xtec.cat\/insbitacola\/wp-content\/uploads\/usu1329\/2018\/10\/scan-Institut-Bitacola-02.jpg\"><img loading=\"lazy\" decoding=\"async\" class=\"alignnone size-large wp-image-13821\" src=\"https:\/\/agora.xtec.cat\/insbitacola\/wp-content\/uploads\/usu1329\/2018\/10\/scan-Institut-Bitacola-02-1024x786.jpg\" alt=\"\" width=\"1024\" height=\"786\" srcset=\"https:\/\/agora.xtec.cat\/insbitacola\/wp-content\/uploads\/usu1329\/2018\/10\/scan-Institut-Bitacola-02-1024x786.jpg 1024w, https:\/\/agora.xtec.cat\/insbitacola\/wp-content\/uploads\/usu1329\/2018\/10\/scan-Institut-Bitacola-02-300x230.jpg 300w, https:\/\/agora.xtec.cat\/insbitacola\/wp-content\/uploads\/usu1329\/2018\/10\/scan-Institut-Bitacola-02-768x590.jpg 768w\" sizes=\"auto, (max-width: 1024px) 100vw, 1024px\" \/><\/a><\/p>\n","protected":false},"excerpt":{"rendered":"<p>Per saber com som primer ens hem de plantejar com volem ser. L&#8217;INS Bit\u00e0cola, despr\u00e9s d&#8217;un proc\u00e9s de reflexi\u00f3 de tota la comunitat educativa hem arribat a la conclusi\u00f3 que els trets que volem que ens identifiquin s\u00f3n els que plantegem en els seg\u00fcents mapes&hellip;  <a href=\"https:\/\/agora.xtec.cat\/insbitacola\/linstitut\/com-som\/com-volem-ser\/\" title=\"Read Com volem ser\">Llegeix m\u00e9s\u00bb<\/a><\/p>\n","protected":false},"author":3,"featured_media":0,"parent":39,"menu_order":8,"comment_status":"closed","ping_status":"closed","template":"page-templates\/side-menu.php","meta":{"_bbp_topic_count":0,"_bbp_reply_count":0,"_bbp_total_topic_count":0,"_bbp_total_reply_count":0,"_bbp_voice_count":0,"_bbp_anonymous_reply_count":0,"_bbp_topic_count_hidden":0,"_bbp_reply_count_hidden":0,"_bbp_forum_subforum_count":0,"footnotes":""},"class_list":["post-13815","page","type-page","status-publish","hentry"],"post_mailing_queue_ids":[],"_links":{"self":[{"href":"https:\/\/agora.xtec.cat\/insbitacola\/wp-json\/wp\/v2\/pages\/13815","targetHints":{"allow":["GET"]}}],"collection":[{"href":"https:\/\/agora.xtec.cat\/insbitacola\/wp-json\/wp\/v2\/pages"}],"about":[{"href":"https:\/\/agora.xtec.cat\/insbitacola\/wp-json\/wp\/v2\/types\/page"}],"author":[{"embeddable":true,"href":"https:\/\/agora.xtec.cat\/insbitacola\/wp-json\/wp\/v2\/users\/3"}],"replies":[{"embeddable":true,"href":"https:\/\/agora.xtec.cat\/insbitacola\/wp-json\/wp\/v2\/comments?post=13815"}],"version-history":[{"count":3,"href":"https:\/\/agora.xtec.cat\/insbitacola\/wp-json\/wp\/v2\/pages\/13815\/revisions"}],"predecessor-version":[{"id":13827,"href":"https:\/\/agora.xtec.cat\/insbitacola\/wp-json\/wp\/v2\/pages\/13815\/revisions\/13827"}],"up":[{"embeddable":true,"href":"https:\/\/agora.xtec.cat\/insbitacola\/wp-json\/wp\/v2\/pages\/39"}],"wp:attachment":[{"href":"https:\/\/agora.xtec.cat\/insbitacola\/wp-json\/wp\/v2\/media?parent=13815"}],"curies":[{"name":"wp","href":"https:\/\/api.w.org\/{rel}","templated":true}]}}