{"id":1880,"date":"2023-05-25T14:39:23","date_gmt":"2023-05-25T12:39:23","guid":{"rendered":"https:\/\/agora.xtec.cat\/insbiada\/?page_id=1880"},"modified":"2024-09-26T10:13:44","modified_gmt":"2024-09-26T08:13:44","slug":"preinscripcio-i-matricula-de-cfgs","status":"publish","type":"page","link":"https:\/\/agora.xtec.cat\/insbiada\/preinscripcio-i-matricula-de-cfgs\/","title":{"rendered":"Preinscripci\u00f3 i matr\u00edcula de CFGS"},"content":{"rendered":"<p><a href=\"https:\/\/agora.xtec.cat\/insbiada\/wp-content\/uploads\/usu2344\/2024\/09\/INFORME_VACANTS_OME_VACANTS-1_CS.pdf\">Publicaci\u00f3 de vacants pel proc\u00e9s de preinscripci\u00f3 o ampliaci\u00f3 de sol\u00b7licituds que s&#8217;inicia el 12 de setembre<\/a><\/p>\n<p><a href=\"https:\/\/agora.xtec.cat\/insbiada\/wp-content\/uploads\/usu2344\/2024\/09\/INFORME_BAREM_GESTIO_VACANTS_-1.pdf\"><span dir=\"ltr\" role=\"presentation\">Publicaci\u00f3 de la llista de sol\u00b7licituds que han demanat el centre i l&#8217;ensenyament a la primera<\/span><\/a><br role=\"presentation\" \/><span dir=\"ltr\" role=\"presentation\">petici\u00f3 ampliada amb la puntuaci\u00f3 a 19\/09\/2024<\/span><\/p>\n<p><a href=\"https:\/\/agora.xtec.cat\/insbiada\/wp-content\/uploads\/usu2344\/2024\/09\/INFORME_ASSIGNADES_INFORME_ASSIGNADES-10.pdf\">Alumnes assignats al centre en fase gesti\u00f3 de vacants a 25\/09\/2024<\/a><\/p>\n<h2><strong>Matr\u00edcula de CFGS del 26 al 30 de setembre<\/strong><\/h2>\n<p>Us informem que el per\u00edode de matr\u00edcula per l&#8217;alumnat en tercera tanda d&#8217;assignacions ser\u00e0 del<strong> 25 al 30 de setembre fins les 12:00h<\/strong>.<\/p>\n<p><strong>Documentaci\u00f3 a preparar per a la matr\u00edcula:<\/strong><\/p>\n<p>Fotografia de carnet<\/p>\n<p>Requisit d\u2019acc\u00e9s al cicle &#8211; Historial acad\u00e8mic o resguard de t\u00edtol<\/p>\n<p>C\u00f2pia del DNI de l\u2019alumne amb dues cares<\/p>\n<p>C\u00f2pia del DNI del tutor legal amb dues cares ( en cas de ser menor d\u2019edat)<\/p>\n<p>C\u00f2pia de la targeta sanit\u00e0ria<\/p>\n<p>&nbsp;<\/p>\n<p>Enguany, la matr\u00edcula es formalitzar\u00e0 de forma telem\u00e0tica a trav\u00e9s de l\u2019enlla\u00e7 que trobareu a continuaci\u00f3.<\/p>\n<p>Un cop a la p\u00e0gina web per formalitzar la matr\u00edcula, haureu de clicar\u00a0 on diu \u201cMatriculaci\u00f3 Grau Superior 2024 &#8211; 2025\u201d. Per accedir haureu d\u2019introduir el DNI de l&#8217;alumne o el del tutor legal en el cas de ser menor d&#8217;edat i data de naixement de l\u2019alumne. \u00a0En el cas del DNI del tutor, ha de ser el del primer tutor, el que us vau informar quan vau fer la preinscripci\u00f3. Un cop a dins, haureu d&#8217;emplenar i validar dades personals, adjuntar la documentaci\u00f3 i finalment arribareu al pas de pagament. Podreu pagar amb targeta, Bizum.<\/p>\n<p>Un cop efectuat el pagament, es considerar\u00e0 que s\u2019ha formalitzat la matr\u00edcula de l\u2019alumne.<\/p>\n<p>En cas de voler fraccionar el pagament, en el moment de la matr\u00edcula s&#8217;abonar\u00e0 el 50% del preu p\u00fablic i abans de finalitzar el mes de setembre, s&#8217;haur\u00e0 d&#8217;abonar el 50% restant.<\/p>\n<p>Si s&#8217;escull l&#8217;opci\u00f3 de fraccionar el pagament, es considerar\u00e0 que s&#8217;ha formalitzat tota la matr\u00edcula un cop s&#8217;hagi abonat el 50% al setembre.<\/p>\n<p>En cas de necessitar ajuda, podeu demanar cita pr\u00e8via clicant en el seg\u00fcent enlla\u00e7: <a href=\"https:\/\/aplicacions.gestioeducativa.gencat.cat\/pls\/apex\/f?p=CITA_PREVIA:4::::4:P4_TIPUS_CALENDARI,P4_DOMINI:03_CGS,08077976\">clica aqu\u00ed<\/a><\/p>\n<p>Per realitzar la matr\u00edcula clica el seg\u00fcent enlla\u00e7:<\/p>\n<p><a href=\"https:\/\/matricula.biada.org\/\">Matricula&#8217;t<\/a><\/p>\n<p><strong>Molt important:<\/strong> el <strong>30\u00a0de setembre a les 12:00 es tancar\u00e0 l&#8217;aplicatiu de matr\u00edcula<\/strong> i a partir d&#8217;aquesta data ja no es podran realitzar m\u00e9s matr\u00edcules\u00a0 i si no s&#8217;ha realitzat la matr\u00edcula en la seva totalitat, implicar\u00e0 perdre la pla\u00e7a.<\/p>\n<h2><\/h2>\n<h2><strong>Matr\u00edcula de l&#8217;alumnat nou de CFGS pel curs 2024-2025- Segona tanda d&#8217;assignacions<\/strong><\/h2>\n<p>Us informem que el per\u00edode de matr\u00edcula per l&#8217;alumnat en segona tanda d&#8217;assignacions ser\u00e0 del<strong> 2 al 6 de setembre fins les 12:00h<\/strong>.<\/p>\n<p><strong>Documentaci\u00f3 a preparar per a la matr\u00edcula:<\/strong><\/p>\n<p><span style=\"font-weight: 400;\">Fotografia de carnet<\/span><\/p>\n<p><span style=\"font-weight: 400;\">Requisit d\u2019acc\u00e9s al cicle &#8211; Historial acad\u00e8mic o resguard de t\u00edtol<\/span><\/p>\n<p><span style=\"font-weight: 400;\">C\u00f2pia del DNI de l\u2019alumne amb dues cares<\/span><\/p>\n<p><span style=\"font-weight: 400;\">C\u00f2pia del DNI del tutor legal amb dues cares ( en cas de ser menor d\u2019edat)<\/span><\/p>\n<p><span style=\"font-weight: 400;\">C\u00f2pia de la targeta sanit\u00e0ria<\/span><\/p>\n<p>&nbsp;<\/p>\n<p>Enguany, la matr\u00edcula es formalitzar\u00e0 de forma telem\u00e0tica a trav\u00e9s de l\u2019enlla\u00e7 que trobareu a continuaci\u00f3.<\/p>\n<p>Un cop a la p\u00e0gina web per formalitzar la matr\u00edcula, haureu de clicar\u00a0 on diu \u201cMatriculaci\u00f3 Grau Superior 2024 &#8211; 2025\u201d. Per accedir haureu d\u2019introduir el DNI de l&#8217;alumne o el del tutor legal en el cas de ser menor d&#8217;edat i data de naixement de l\u2019alumne. \u00a0En el cas del DNI del tutor, ha de ser el del primer tutor, el que us vau informar quan vau fer la preinscripci\u00f3. Un cop a dins, haureu d&#8217;emplenar i validar dades personals, adjuntar la documentaci\u00f3 i finalment arribareu al pas de pagament. Podreu pagar amb targeta, Bizum.<\/p>\n<p>Un cop efectuat el pagament, es considerar\u00e0 que s\u2019ha formalitzat la matr\u00edcula de l\u2019alumne.<\/p>\n<p>En cas de voler fraccionar el pagament, en el moment de la matr\u00edcula s&#8217;abonar\u00e0 el 50% del preu p\u00fablic i abans de finalitzar el mes de setembre, s&#8217;haur\u00e0 d&#8217;abonar el 50% restant.<\/p>\n<p>Si s&#8217;escull l&#8217;opci\u00f3 de fraccionar el pagament, es considerar\u00e0 que s&#8217;ha formalitzat tota la matr\u00edcula un cop s&#8217;hagi abonat el 50% al setembre.<\/p>\n<p>En cas de necessitar ajuda, podeu demanar cita pr\u00e8via clicant en el seg\u00fcent enlla\u00e7: <a href=\"https:\/\/aplicacions.gestioeducativa.gencat.cat\/pls\/apex\/f?p=CITA_PREVIA:4::::4:P4_TIPUS_CALENDARI,P4_DOMINI:03_CGS,08077976\">clica aqu\u00ed<\/a><\/p>\n<p>Per realitzar la matr\u00edcula clica el seg\u00fcent enlla\u00e7:<\/p>\n<p><a href=\"https:\/\/matricula.biada.org\/\">Matricula&#8217;t<\/a><\/p>\n<p><strong>Molt important:<\/strong> el <strong>6 de setembre a les 12:00 es tancar\u00e0 l&#8217;aplicatiu de matr\u00edcula<\/strong> i a partir d&#8217;aquesta data ja no es podran realitzar m\u00e9s matr\u00edcules\u00a0 i si no s&#8217;ha realitzat la matr\u00edcula en la seva totalitat, implicar\u00e0 perdre la pla\u00e7a.<\/p>\n<h2><strong>Matr\u00edcula de l&#8217;alumnat nou en primera tanda d&#8217;assignacions i alumnat del centre de CFGS pel curs 2024-2025<\/strong><\/h2>\n<p>Us informem que el per\u00edode de matr\u00edcula per l&#8217;alumnat de nou ingr\u00e9s que han demanat el centre en <strong>1a opci\u00f3 i <\/strong>l&#8217;alumnat del centre\u00a0ser\u00e0 del <strong>12 al 18 de juliol fins les 12:00h<\/strong>.<\/p>\n<p><strong>Documentaci\u00f3 a preparar per a la matr\u00edcula:<\/strong><\/p>\n<p><span style=\"font-weight: 400;\">Fotografia de carnet<\/span><\/p>\n<p><span style=\"font-weight: 400;\">Requisit d\u2019acc\u00e9s al cicle &#8211; Historial acad\u00e8mic o resguard de t\u00edtol<\/span><\/p>\n<p><span style=\"font-weight: 400;\">C\u00f2pia del DNI de l\u2019alumne amb dues cares<\/span><\/p>\n<p><span style=\"font-weight: 400;\">C\u00f2pia del DNI del tutor legal amb dues cares ( en cas de ser menor d\u2019edat)<\/span><\/p>\n<p><span style=\"font-weight: 400;\">C\u00f2pia de la targeta sanit\u00e0ria<\/span><\/p>\n<p>&nbsp;<\/p>\n<p>Enguany, la matr\u00edcula es formalitzar\u00e0 de forma telem\u00e0tica a trav\u00e9s de l\u2019enlla\u00e7 que trobareu a continuaci\u00f3.<\/p>\n<p>Un cop a la p\u00e0gina web per formalitzar la matr\u00edcula, haureu de clicar\u00a0 on diu \u201cMatriculaci\u00f3 Grau Superior 2024 &#8211; 2025\u201d. Per accedir haureu d\u2019introduir el DNI de l&#8217;alumne o el del tutor legal en el cas de ser menor d&#8217;edat i data de naixement de l\u2019alumne. \u00a0En el cas del DNI del tutor, ha de ser el del primer tutor, el que us vau informar quan vau fer la preinscripci\u00f3. Un cop a dins, haureu d&#8217;emplenar i validar dades personals, adjuntar la documentaci\u00f3 i finalment arribareu al pas de pagament. Podreu pagar amb targeta, Bizum.<\/p>\n<p>Un cop efectuat el pagament, es considerar\u00e0 que s\u2019ha formalitzat la matr\u00edcula de l\u2019alumne.<\/p>\n<p>En cas de voler fraccionar el pagament, en el moment de la matr\u00edcula s&#8217;abonar\u00e0 el 50% del preu p\u00fablic i abans de finalitzar el mes de setembre, s&#8217;haur\u00e0 d&#8217;abonar el 50% restant.<\/p>\n<p>Si s&#8217;escull l&#8217;opci\u00f3 de fraccionar el pagament, es considerar\u00e0 que s&#8217;ha formalitzat tota la matr\u00edcula un cop s&#8217;hagi abonat el 50% al setembre.<\/p>\n<p>En cas de necessitar ajuda, podeu demanar cita pr\u00e8via clicant en el seg\u00fcent enlla\u00e7: <a href=\"https:\/\/aplicacions.gestioeducativa.gencat.cat\/pls\/apex\/f?p=CITA_PREVIA:4::::4:P4_TIPUS_CALENDARI,P4_DOMINI:03_CGS,08077976\">clica aqu\u00ed<\/a><\/p>\n<p>Per realitzar la matr\u00edcula clica el seg\u00fcent enlla\u00e7:<\/p>\n<p><a href=\"https:\/\/matricula.biada.org\/\">Matricula&#8217;t<\/a><\/p>\n<p><strong>Molt important:<\/strong> el <strong>18 de juliol a les 12:00<\/strong> es tancar\u00e0 l&#8217;aplicatiu de matr\u00edcula i a partir d&#8217;aquesta data i hora ja no es podran realitzar m\u00e9s matricules i si no s&#8217;ha realitzat la matr\u00edcula, implicar\u00e0 perdre la pla\u00e7a i aquesta anir\u00e0 per la segona tanda d&#8217;assignacions.<\/p>\n<p>&nbsp;<\/p>\n<h2><\/h2>\n<h2><\/h2>\n<h2><strong>Preinscripci\u00f3 de cicles formatius de grau superior pel curs 2024-2025<\/strong><\/h2>\n<p><a href=\"https:\/\/agora.xtec.cat\/insbiada\/wp-content\/uploads\/usu2344\/2024\/05\/INFORME_OFERTA_OME_INFORME_OFERTA-1-1.pdf\">Oferta de places<\/a><\/p>\n<p><a href=\"https:\/\/agora.xtec.cat\/insbiada\/wp-content\/uploads\/usu2344\/2024\/06\/INFORME_BAREM_PROVISIONAL_BAREM-Superior.pdf\">Llista amb la puntuaci\u00f3 provisional<\/a><\/p>\n<p><a href=\"https:\/\/agora.xtec.cat\/insbiada\/wp-content\/uploads\/usu2344\/2024\/07\/INFORME_BAREM_RESOLTES_BAREM-9.pdf\">Barem definitiu un cop resoltes les reclamacions<\/a><\/p>\n<p><a href=\"https:\/\/agora.xtec.cat\/insbiada\/wp-content\/uploads\/usu2344\/2024\/07\/INFORME_PREINSCRITES_OME_INFORME_PREINSCRITES_OME-2.pdf\">Llistat d&#8217;alumnes preinscrits al centre<\/a><\/p>\n<p><a href=\"https:\/\/agora.xtec.cat\/insbiada\/wp-content\/uploads\/usu2344\/2024\/07\/INFORME_ASSIGNADES_INFORME_ASSIGNADES-5.pdf\">Llistat d&#8217;alumnes assignats al centre<\/a><\/p>\n<p><a href=\"https:\/\/agora.xtec.cat\/insbiada\/wp-content\/uploads\/usu2344\/2024\/07\/INFORME_ASSIGNADES_INFORME_ASSIGNADES-4-1.pdf\">Llistat d&#8217;alumnes assignats al centre en la segona tanda<\/a><\/p>\n<p><strong>Per\u00edode de presentaci\u00f3 de sol\u00b7licituds: <\/strong>del <strong>24 al 30 de maig<\/strong> de 2024<\/p>\n<p><strong>Per\u00edode de reclamacions: del 26 de juny a l&#8217;1 de juliol<\/strong><\/p>\n<p>Per a m\u00e9s informaci\u00f3 referent a tot el proc\u00e9s de preinscripci\u00f3 i matr\u00edcula: <a href=\"https:\/\/preinscripcio.gencat.cat\/ca\/estudis\/fp-grau-superior\/inici\/\">clica aqu\u00ed<\/a><\/p>\n<p><strong>Presentaci\u00f3 de sol\u00b7licitud:\u00a0<\/strong> <!-- <a href=\"https:\/\/preinscripcio.gencat.cat\/ca\/estudis\/eso\/inici\/\">clica aqu\u00ed<\/a>   --><\/p>\n<p>Si necessiteu ajuda per realitzar la preinscripci\u00f3, ens podeu trucar al tel\u00e8fon 93 798 14 89 o podeu demanar cita pr\u00e8via <strong>del 23 fins el 30 de maig.<\/strong><br \/>\nPer demanar cita pr\u00e8via heu de clicar al seg\u00fcent enlla\u00e7: <a href=\"https:\/\/aplicacions.gestioeducativa.gencat.cat\/pls\/apex\/f?p=CITA_PREVIA:4::::4:P4_TIPUS_CALENDARI,P4_DOMINI:01_CGS,08077976\">clica aqu\u00ed<\/a><\/p>\n<p>&nbsp;<\/p>\n<p><!--\n\n<a href=\"https:\/\/agora.xtec.cat\/insbiada\/wp-content\/uploads\/usu2344\/2023\/05\/INFORME_OFERTA_OME_INFORME_OFERTA4.pdf\">Oferta inicial<\/a>\n\n<a href=\"https:\/\/agora.xtec.cat\/insbiada\/wp-content\/uploads\/usu2344\/2023\/06\/GS-INFORME_BAREM_PROVISIONAL.pdf\">Llista de barem provisional<\/a>\n\n<a href=\"https:\/\/agora.xtec.cat\/insbiada\/wp-content\/uploads\/usu2344\/2023\/07\/INFORME_BAREM_RESOLTES_BAREM.pdf\">Llistat del barem un cop resoltes les reclamacions<\/a>\n\n<a href=\"https:\/\/agora.xtec.cat\/insbiada\/wp-content\/uploads\/usu2344\/2023\/07\/INFORME_BAREM_DEFINITIU_BAREM8.pdf\">Llista ordenada definitiva<\/a>\n\n<a href=\"https:\/\/agora.xtec.cat\/insbiada\/wp-content\/uploads\/usu2344\/2023\/07\/INFORME_ASSIGNADES_INFORME_ASSIGNADES10.pdf\">Alumnes assignats al centre amb indicaci\u00f3 de la primera petici\u00f3<\/a>\n\n<a href=\"https:\/\/agora.xtec.cat\/insbiada\/wp-content\/uploads\/usu2344\/2023\/07\/INFORME_PREINSCRITES_OME_INFORME_PREINSCRITES_OME5.pdf\">Alumnes preinscrits al centre<\/a>\n\n<a href=\"https:\/\/agora.xtec.cat\/insbiada\/wp-content\/uploads\/usu2344\/2023\/07\/INFORME_LLISTA_ESPERA_OME_LLISTA_ESPERA10.pdf\">Llista d'espera\u00a0<\/a>\n\n<a href=\"https:\/\/agora.xtec.cat\/insbiada\/wp-content\/uploads\/usu2344\/2023\/09\/INFORME_VACANTS_OME_VACANTS1.pdf\">Vacants segona fase d'admissi\u00f3<\/a>\n\n<a href=\"https:\/\/agora.xtec.cat\/insbiada\/wp-content\/uploads\/usu2344\/2023\/09\/INFORME_ASSIGNADES_INFORME_ASSIGNADES11.pdf\">Llista d'admesos en segona volta<\/a>\n\n&nbsp;\n\n<strong><u>Matr\u00edcula dels alumnes admesos en segona volta de cicles formatius de grau mitj\u00e0 pel curs 2023-2024<\/u><\/strong>\n\n&nbsp;\n\nEl per\u00edode per formalitzar la matr\u00edcula dels alumnes de cicles formatius de grau superior en segona volta ser\u00e0 <strong>del 12 al 14 de juliol.<\/strong>\n\nTots els nous alumnes rebran un correu amb les claus d\u2019acc\u00e9s a l\u2019aplicaci\u00f3 TPV-Escola. Cal descarregar l\u2019aplicaci\u00f3 i amb l\u2019usuari i contrasenya podran accedir a pagament que ja tenen carregat en funci\u00f3 del cicle formatiu que cursen.\n\n<strong>Important:<\/strong> El correu amb l\u2019usuari i la contrasenya del TPV-Escola el rebran al correu que van utilitzar per fer la preinscripci\u00f3.\n\nPer formalitzar la matr\u00edcula haureu de formalitzar el formulari seg\u00fcent:\n\n<a href=\"https:\/\/forms.gle\/5KN4z7kmUEMjfJDc7\">https:\/\/forms.gle\/5KN4z7kmUEMjfJDc7<\/a>\n\n<strong>Important:<\/strong> Aprofitem per informar-los que tots aquells alumnes nous que no realitzin la gesti\u00f3 de la matr\u00edcula en les dates establertes,<strong> del 12 al 14 de juliol<\/strong>, perdran la pla\u00e7a i la ocupar\u00e0 un alumne de llista d\u2019espera.\n\n&nbsp;\n\n&nbsp;\n\n\n<h3 class=\"hP\" tabindex=\"-1\" data-thread-perm-id=\"thread-a:r4752700151659712508\" data-legacy-thread-id=\"1898c31b355a7cce\">Acte p\u00fablic presencial per l'assignaci\u00f3 de vacants de cicles formatius de grau superior de l'Institut Miquel Biada<\/h3>\n\n\n&nbsp;\n\nUs informem que dem\u00e0 \u00a0<strong>dimecres 26 de juliol<\/strong> se celebrar\u00e0 l'acte p\u00fablic per l'assignaci\u00f3 de places vacants de cicles formatius de grau superior pels usuaris preinscrits que estiguin en llista d'espera.\n\n&nbsp;\n\n<strong>Ubicaci\u00f3, cicle formatiu i hora:<\/strong>\n\nAula 110, CFPS QUD0 - Laboratori d'an\u00e0lisi i control de qualitat a les 10:00h\n\nAula 110, CFPS EEB0 - Automatitzaci\u00f3 i rob\u00f2tica industrial a les 10:30h\n\n&nbsp;\n\nUs recomanem que vingueu uns minuts abans de l'inici de l'acte p\u00fablic, ja que un cop iniciat l\u2019acte p\u00fablic no es podr\u00e0 accedir a l'aula on se celebrar\u00e0.\n\nPer l'assignaci\u00f3 d'una vacant ser\u00e0 necessari que us identifiqueu adequadament.\n\n&nbsp;\n\n<strong>Places vacants:<\/strong>\n\nCFPS EEB0 - Automatitzaci\u00f3 i rob\u00f2tica industrial: 8\n\nCFPS QUD0 - Laboratori d'an\u00e0lisi i control de qualitat: 4\n\nAquelles persones que obtinguin una vacant ,tamb\u00e9 hauran de realitzar el formulari seg\u00fcent:\n\n<a href=\"https:\/\/forms.gle\/5KN4z7kmUEMjfJDc7\">https:\/\/forms.gle\/5KN4z7kmUEMjfJDc7<\/a>\n\n&nbsp;\n\n<strong>Matr\u00edcula dels alumnes nous al centre de cicles formatius de grau superior pel curs 2023-2024<\/strong>\n\nEl per\u00edode per formalitzar la matr\u00edcula dels alumnes de continu\u00eftat ser\u00e0 <strong>del 19 al 24 de juliol.<\/strong>\n\nTots els nous alumnes rebran un correu amb les claus d\u2019acc\u00e9s a l\u2019aplicaci\u00f3 TPV-Escola. Cal descarregar l\u2019aplicaci\u00f3 i amb l\u2019usuari i contrasenya podran accedir a pagament que ja tenen carregat en funci\u00f3 del cicle formatiu que cursen.\n\n<strong>Important:<\/strong> El correu amb l\u2019usuari i la contrasenya del TPV-Escola el rebran al correu que van utilitzar per fer la preinscripci\u00f3.\n\nPer formalitzar la matr\u00edcula haureu de formalitzar el formulari seg\u00fcent:\n\n<a href=\"https:\/\/forms.gle\/5KN4z7kmUEMjfJDc7\">https:\/\/forms.gle\/5KN4z7kmUEMjfJDc7<\/a>\n\n&nbsp;\n\n<strong>Important:<\/strong> Aprofitem per informar-los que tots aquells alumnes nous que no realitzin la gesti\u00f3 de la matr\u00edcula en les dates establertes,<strong> del 19 al 24 de juliol<\/strong>, perdran la pla\u00e7a i la ocupar\u00e0 un alumne de llista d\u2019espera.\n\n&nbsp;\n\n&nbsp;\n\n<strong>Matr\u00edcula dels alumnes de continu\u00eftat del centre de cicles formatius de grau superior pel curs 2023-2024<\/strong>\n\nEl per\u00edode per formalitzar la matr\u00edcula dels alumnes de continu\u00eftat ser\u00e0 <strong>del 18 al 21 de juliol.<\/strong>\n\nEls alumnes de continu\u00eftat per formalitzar la matr\u00edcula <strong>nom\u00e9s<\/strong> hauran de formalitzar el pagament a trav\u00e9s del TPV -Escola en les dates esmentades.\n\nTots els alumnes rebran un correu amb les claus d\u2019acc\u00e9s a l\u2019aplicaci\u00f3 TPV-Escola. Cal descarregar l\u2019aplicaci\u00f3 i amb l\u2019usuari i contrasenya podran accedir a pagament que ja tenen carregat en funci\u00f3 del cicle formatiu que cursen.\n\n<strong>Important:<\/strong> El correu amb l\u2019usuari i la contrasenya del TPV-Escola el rebran al correu d\u2019alumne del centre.\n\n<strong>Important:<\/strong> Aprofitem per informar-los que tots aquells alumnes de continu\u00eftat que no realitzin la gesti\u00f3 de la matr\u00edcula en les dates establertes,<strong> del 18 al 21 de juliol<\/strong>, perdran la pla\u00e7a i la ocupar\u00e0 un alumne de llista d\u2019espera.\n\n&nbsp;\n\n&nbsp;\n\n<a href=\"https:\/\/agora.xtec.cat\/insbiada\/wp-content\/uploads\/usu2344\/2023\/07\/Preus_CFGS.pdf\">Preus dels cicles formatius de grau superior<\/a>\n\n&nbsp;\n\n<strong>Preinscripci\u00f3 de cicles formatius de grau superior pel curs 2023-2024<\/strong>\n\nPer\u00edode de presentaci\u00f3 de sol\u00b7licituds: <strong>del 26 de maig al l'1 de juny de 2023<\/strong>\n\nCom pots obtenir l\u2019idCAT M\u00f2bil: <a href=\"https:\/\/web.gencat.cat\/ca\/tramits\/com-tramitar-en-linia\/identificacio-digital\/id-cat-mobil\/\">clica aqu\u00ed<\/a>\n\nPer obtenir tota la informaci\u00f3 relativa al proc\u00e9s de preinscripci\u00f3: <a href=\"https:\/\/preinscripcio.gencat.cat\/ca\/estudis\/fp-grau-superior\/inici\/\">clica aqu\u00ed<\/a>\n\nSi necessiteu ajuda per realitzar la preinscripci\u00f3, ens podeu trucar al tel\u00e8fon 93 798 14 89 o podeu demanar <strong>cita pr\u00e8via<\/strong> del 25 fins l'1 de juny.\n\nPer demanar cita pr\u00e8via heu de clicar al seg\u00fcent enlla\u00e7: <a href=\"https:\/\/aplicacions.gestioeducativa.gencat.cat\/pls\/apex\/f?p=CITA_PREVIA:4::::4:P4_TIPUS_CALENDARI,P4_DOMINI:01_CGS,08077976\">clica aqu\u00ed<\/a>\n\n--><\/p>\n","protected":false},"excerpt":{"rendered":"<p><a href=\"https:\/\/agora.xtec.cat\/insbiada\/wp-content\/uploads\/usu2344\/2024\/09\/INFORME_VACANTS_OME_VACANTS-1_CS.pdf\">Publicaci\u00f3 de vacants pel proc\u00e9s de preinscripci\u00f3 o ampliaci\u00f3 de sol\u00b7licituds que s&#8217;inicia el 12 de setembre<\/a><br \/>\n<a href=\"https:\/\/agora.xtec.cat\/insbiada\/wp-content\/uploads\/usu2344\/2024\/09\/INFORME_BAREM_GESTIO_VACANTS_-1.pdf\">Publicaci\u00f3 de la llista de sol\u00b7licituds que han demanat el centre i l&#8217;ensenyament a la primera<\/a>petici\u00f3 ampliada amb la puntuaci\u00f3 a 19\/09\/2024<br \/>\n<a href=\"https:\/\/agora.xtec.cat\/insbiada\/wp-content\/uploads\/usu2344\/2024\/09\/INFORME_ASSIGNADES_INFORME_ASSIGNADES-10.pdf\">Alumnes assignats al centre en&hellip;  <a href=\"https:\/\/agora.xtec.cat\/insbiada\/preinscripcio-i-matricula-de-cfgs\/\" title=\"Read Preinscripci\u00f3 i matr\u00edcula de CFGS\">Llegeix m\u00e9s\u00bb<\/a><\/p>\n","protected":false},"author":7,"featured_media":0,"parent":0,"menu_order":0,"comment_status":"closed","ping_status":"closed","template":"","meta":{"_bbp_topic_count":0,"_bbp_reply_count":0,"_bbp_total_topic_count":0,"_bbp_total_reply_count":0,"_bbp_voice_count":0,"_bbp_anonymous_reply_count":0,"_bbp_topic_count_hidden":0,"_bbp_reply_count_hidden":0,"_bbp_forum_subforum_count":0,"footnotes":""},"class_list":["post-1880","page","type-page","status-publish","hentry"],"post_mailing_queue_ids":[],"_links":{"self":[{"href":"https:\/\/agora.xtec.cat\/insbiada\/wp-json\/wp\/v2\/pages\/1880","targetHints":{"allow":["GET"]}}],"collection":[{"href":"https:\/\/agora.xtec.cat\/insbiada\/wp-json\/wp\/v2\/pages"}],"about":[{"href":"https:\/\/agora.xtec.cat\/insbiada\/wp-json\/wp\/v2\/types\/page"}],"author":[{"embeddable":true,"href":"https:\/\/agora.xtec.cat\/insbiada\/wp-json\/wp\/v2\/users\/7"}],"replies":[{"embeddable":true,"href":"https:\/\/agora.xtec.cat\/insbiada\/wp-json\/wp\/v2\/comments?post=1880"}],"version-history":[{"count":6,"href":"https:\/\/agora.xtec.cat\/insbiada\/wp-json\/wp\/v2\/pages\/1880\/revisions"}],"predecessor-version":[{"id":3785,"href":"https:\/\/agora.xtec.cat\/insbiada\/wp-json\/wp\/v2\/pages\/1880\/revisions\/3785"}],"wp:attachment":[{"href":"https:\/\/agora.xtec.cat\/insbiada\/wp-json\/wp\/v2\/media?parent=1880"}],"curies":[{"name":"wp","href":"https:\/\/api.w.org\/{rel}","templated":true}]}}