{"id":1714,"date":"2023-05-11T09:32:50","date_gmt":"2023-05-11T07:32:50","guid":{"rendered":"https:\/\/agora.xtec.cat\/insbiada\/?page_id=1714"},"modified":"2024-06-18T13:54:42","modified_gmt":"2024-06-18T11:54:42","slug":"preinscripcio-i-matricula-cicle-formatiu-de-grau-basic","status":"publish","type":"page","link":"https:\/\/agora.xtec.cat\/insbiada\/preinscripcio-i-matricula-cicle-formatiu-de-grau-basic\/","title":{"rendered":"Preinscripci\u00f3 i matr\u00edcula Cicle formatiu de grau b\u00e0sic"},"content":{"rendered":"<p style=\"text-align: center;\"><span style=\"text-decoration: underline;\"><strong>Preinscripci\u00f3 2024 &#8211; 2025<\/strong><\/span><\/p>\n<p><a href=\"https:\/\/agora.xtec.cat\/insbiada\/wp-content\/uploads\/usu2344\/2024\/06\/Barem-provisional-GRAU-BASIC-DE-REFORMA-I-MANTENIMENT-DEDIFICIS.pdf\">Llistat amb el barem provisional<\/a><\/p>\n<p><a href=\"https:\/\/agora.xtec.cat\/insbiada\/wp-content\/uploads\/usu2344\/2024\/06\/EO10-GRAU-BASIC-DE-REFORMA-I-MANTENIMENT-DEDIFICIS-Llistat-admesos.pdf\">Llista ordenada de les sol\u00b7licituds amb la puntuaci\u00f3 un cop resoltes les reclamacions<\/a><\/p>\n<table style=\"width: 45.4728%; height: 81px;\">\n<tbody>\n<tr style=\"height: 57px;\">\n<td style=\"width: 496.817px; height: 57px; text-align: center;\"><\/td>\n<td style=\"width: 509.067px; height: 57px;\">\n<p style=\"text-align: center;\"><strong>Places<\/strong><\/p>\n<\/td>\n<\/tr>\n<tr style=\"height: 24px;\">\n<td style=\"width: 496.817px; height: 24px;\"><strong>CFGB de reforma i manteniment d\u2019edificis<\/strong><\/td>\n<td style=\"width: 509.067px; height: 24px;\">\n<p style=\"text-align: center;\">12<\/p>\n<\/td>\n<\/tr>\n<\/tbody>\n<\/table>\n<p>El per\u00edode de preinscripci\u00f3 del cicle formatiu de grau b\u00e0sic ser\u00e0 del 16 al 24 de maig<\/p>\n<p>La sol\u00b7licitud de preinscripci\u00f3 es formalitzar\u00e0 utilitzant el formulari disponible al web seg\u00fcent: <a href=\"https:\/\/preinscripcio.gencat.cat\/ca\/estudis\/fp-basica\/preinscriute\/sollicitud\/\">clica aqu\u00ed<\/a><br \/>\nUn cop descarregat i emplenat s&#8217;ha de presentar al centre demanat acompanyat de la documentaci\u00f3 acreditativa.<br \/>\nPer saber la documentaci\u00f3 necess\u00e0ria <a href=\"https:\/\/preinscripcio.gencat.cat\/ca\/estudis\/fp-basica\/informat\/prepara-documentacio\/\">clica aqu\u00ed<\/a><\/p>\n<p>Per a m\u00e9s informaci\u00f3: <a href=\"https:\/\/preinscripcio.gencat.cat\/ca\/estudis\/fp-basica\/inici\/\">clica aqu\u00ed<\/a><\/p>\n<p>En cas de necessitar ajuda per formalitzar la preinscripci\u00f3, podeu trucar al tel\u00e8fon 937981489<\/p>\n<p>&nbsp;<\/p>\n<p>&nbsp;<\/p>\n<p style=\"text-align: center;\"><strong><span style=\"text-decoration: underline;\">Matr\u00edcula 2024-2025<\/span><\/strong><!--\n<strong><u>Preinscripci\u00f3<\/u><\/strong>Sol\u00b7licitud de preinscripci\u00f3: <a href=\"https:\/\/agora.xtec.cat\/insbiada\/wp-content\/uploads\/usu2344\/2023\/05\/Sollicitud_preins_CFB.pdf\">clica aqu\u00ed<\/a>Tota la informaci\u00f3 relativa al proc\u00e9s de preinscripci\u00f3 al cicle formatiu de grau b\u00e0sic la trobar\u00e0s clicant <a href=\"https:\/\/preinscripcio.gencat.cat\/ca\/estudis\/fp-basica\/inici\/\">aqu\u00ed<\/a>Per formalitzar la preinscripci\u00f3 s\u2019haur\u00e0 de trucar al tel\u00e8fon <span class=\"LrzXr zdqRlf kno-fv\"><a href=\"https:\/\/www.google.com\/search?client=firefox-b-d&amp;q=telefona+ins+miquel+biada#\" data-dtype=\"d3ph\" data-local-attribute=\"d3ph\" data-ved=\"2ahUKEwjwu62w3-z-AhUeUaQEHS63AYIQkAgoAHoECEsQAw\"><span aria-label=\"Truca al n\u00famero de tel\u00e8fon 937 98 14 89\">937 98 14 89<\/span><\/a><\/span> per demanar cita pr\u00e8viaTamb\u00e9 s\u2019haur\u00e0 de tenir en compte tota la documentaci\u00f3 que s\u2019haur\u00e0 d\u2019aportar per formalitzar la preinscripci\u00f3:Per fer la sol\u00b7licitud de preinscripci\u00f3 cal presentar tota la documentaci\u00f3 necess\u00e0ria per acreditar la identitat de l'alumne sol\u00b7licitant i l'acompliment dels criteris de prioritat d'assignaci\u00f3 de places.<strong>Documentaci\u00f3 identificativa\u00a0 ( original i fotoc\u00f2pia )\n<\/strong>\n\n\n<ul>\n \t\n\n<li><strong>Certificaci\u00f3 electr\u00f2nica de la inscripci\u00f3 de naixement o llibre de fam\u00edlia o altres documents relatius a la filiaci\u00f3<\/strong>.\nQuan l'alumne estigui en situaci\u00f3 d'acolliment, el document que cal aportar \u00e9s la <strong>resoluci\u00f3 d'acolliment del Departament de Drets Socials<\/strong>.<\/li>\n\n\n \t\n\n<li><strong>DNI del pare, la mare o el tutor o la tutora de l'alumne<\/strong>.\nSi el sol\u00b7licitant \u00e9s estranger, necessitar\u00e0 la <strong>targeta de resid\u00e8ncia<\/strong> on consta el <strong>NIE<\/strong> o el <strong>passaport<\/strong>, i si \u00e9s estranger d'un pa\u00eds membre de la Uni\u00f3 Europea li caldr\u00e0 adjuntar el <strong>document d'identitat del pa\u00eds d'origen<\/strong>.\nDe manera excepcional, es poden acreditar les dades d'identificaci\u00f3 o de filiaci\u00f3 de l'alumnat estranger amb el document d'identitat, el llibre de fam\u00edlia del pa\u00eds d'origen o la documentaci\u00f3 alternativa que la persona pugui aportar. El director o la directora del centre educatiu corresponent valorar\u00e0 i examinar\u00e0 la documentaci\u00f3 presentada.<\/li>\n\n\n \t\n\n<li><strong>DNI, NIE, passaport o document d'identitat d'un pa\u00eds membre de l'alumne o l'alumna.<\/strong><\/li>\n\n\n \t\n\n<li><strong>L'original i una c\u00f2pia del document de consell orientador en qu\u00e8 es recull la proposta de l'equip docent signat per inspecci\u00f3.<\/strong><\/li>\n\n\n<\/ul>\n\n\nDocumentaci\u00f3 acreditativa de criteris\n\n\n<ul>\n \t\n\n<li><strong>Proximitat del domicili habitual<\/strong>. Quan el domicili habitual que s'al\u00b7lega no coincideix amb el del DNI, amb el de la targeta de resid\u00e8ncia on consta el NIE o es tracta de persones estrangeres sense NIE, s'acredita amb el certificat o volant municipal de conviv\u00e8ncia de l'alumne\/a, on ha de constar que conviu amb la persona sol\u00b7licitant.<\/li>\n\n\n \t\n\n<li><strong>Renda anual de la unitat familiar<\/strong>. Documentaci\u00f3 acreditativa de ser beneficiari\/\u00e0ria de la prestaci\u00f3 econ\u00f2mica de la renda garantida de ciutadania.<\/li>\n\n\n \t\n\n<li><strong>Discapacitat de l'alumne\/a, pare o mare, tutor\/a o germans<\/strong>. Targeta acreditativa vigent de la discapacitat. En el cas dels pensionistes de la Seguretat Social que tenen reconeguda una pensi\u00f3 d'incapacitat permanent de grau total, absoluta o de gran invalidesa i els de les classes passives que tenen reconeguda una pensi\u00f3 de jubilaci\u00f3 o de retir per incapacitat permanent per al servei o inutilitat, cal adjuntar el document acreditatiu de ser beneficiari\/\u00e0ria d'aquest tipus de pensi\u00f3.<\/li>\n\n\n \t\n\n<li><strong>Fam\u00edlia nombrosa o fam\u00edlia monoparental<\/strong>. T\u00edtol vigent de fam\u00edlia nombrosa o monoparental.<\/li>\n\n\n \t\n\n<li><strong>Situaci\u00f3 d'acolliment familiar<\/strong>.\u00a0Resoluci\u00f3 d'acolliment del Departament de Drets Socials.<\/li>\n\n\n \t\n\n<li><strong>Condici\u00f3 de v\u00edctima de viol\u00e8ncia de g\u00e8nere o de terrorisme<\/strong>. La condici\u00f3 de v\u00edctima de viol\u00e8ncia de g\u00e8nere s'acredita per qualsevol dels mitjans establerts a l'article 23 de la Llei org\u00e0nica 1\/2004 de 28 de desembre, de mesures de protecci\u00f3 integral contra la viol\u00e8ncia de g\u00e8nere. La condici\u00f3 de v\u00edctima de terrorisme s'acredita amb certificat que emet la Subdirecci\u00f3 General de Suport a V\u00edctimes del Terrorisme del Ministeri de l'Interior.<\/li>\n\n\n<\/ul>\n\n\n<strong>Criteris prioritaris<\/strong>Els centres educatius de Catalunya ofereixen una quantitat limitada de places. Si el nombre de sol\u00b7licituds que s\u2019han fet en un centre determinat \u00e9s superior al nombre de places que ofereix aquest mateix centre, pot passar que algun dels alumnes que l'h\u00e0giu triat com a primera opci\u00f3 no hi obtingueu pla\u00e7a.Les sol\u00b7licituds de preinscripci\u00f3 a la formaci\u00f3 professional de grau b\u00e0sic s\u2019ordenen segons diferents <strong>criteris prioritaris i complementaris.<\/strong>A banda, a cada sol\u00b7licitud s\u2019atorga un n\u00famero de forma aleat\u00f2ria. Aquest n\u00famero s\u2019utilitzar\u00e0 en cas d\u2019empat: s\u2019obt\u00e9 un n\u00famero obtingut per sorteig, a partir del qual s\u2019ordenen les sol\u00b7licituds empatades. El sorteig tindr\u00e0 lloc a cada centre.\n\n\n<ul>\n \t\n\n<li><strong>Proximitat del domicili habitual<\/strong> de l'alumne\/a al centre o, si escau, proximitat del lloc de treball del pare o mare, tutor\/a:\n\n\n<ul>\n \t\n\n<li>\u00a0Quan el domicili habitual de la fam\u00edlia es troba dins dels mateixos serveis territorials que el centre sol\u00b7licitat per cursar el cicle formatiu de grau b\u00e0sic: <strong>30 punts<\/strong>.<\/li>\n\n\n \t\n\n<li>Quan la ubicaci\u00f3 del lloc de feina del pare, la mare, el tutor o tutora es troba dins dels mateixos serveis territorials que el centre sol\u00b7licitat per cursar el cicle formatiu de grau b\u00e0sic: <strong>20 punts<\/strong>.<\/li>\n\n\n<\/ul>\n\n\n<\/li>\n\n\n<\/ul>\n\n\nPer aquest criteri de proximitat al centre no es pot acumular m\u00e9s d'una puntuaci\u00f3, malgrat es doni m\u00e9s d'un dels sup\u00f2sits previstos.\n\n\n<ul>\n \t\n\n<li><strong>Renda anual<\/strong> de la unitat familiar. Quan el pare o mare o tutor\/a s\u00f3n beneficiaris de l'ajut de la renda garantida de ciutadania: <strong>15 punts<\/strong>.<\/li>\n\n\n<\/ul>\n\n\n<strong>Criteris complementaris<\/strong>\n\n\n<ul>\n \t\n\n<li><strong>Discapacitat<\/strong> de l'alumne\/a, pare o mare, tutor\/a o germans: Quan l'alumne\/a o el pare o mare, tutor\/a o un germ\u00e0\/ana de l'alumne\/a acredita una discapacitat igual o superior al 33 %: <strong>15 punts<\/strong>.<\/li>\n\n\n \t\n\n<li>Quan el pare o mare o tutor\/a legal <strong>treballa en el centre<\/strong>, en el moment de presentar la sol\u00b7licitud de preinscripci\u00f3: <strong>10 punts<\/strong>.<\/li>\n\n\n \t\n\n<li>Formar part d'una <strong>fam\u00edlia nombrosa<\/strong>: <strong>10 punts<\/strong>.<\/li>\n\n\n \t\n\n<li>Formar part d'una <strong>fam\u00edlia monoparental<\/strong>: <strong>10 punts<\/strong>.<\/li>\n\n\n \t\n\n<li>Pel fet que l'alumne hagi nascut en un <strong>part m\u00faltiple<\/strong>: <strong>10 punts<\/strong>.<\/li>\n\n\n \t\n\n<li>Pel fet que l'alumne\/a es trobi en situaci\u00f3 d'<strong>acolliment familiar:<\/strong> <strong>10 punts<\/strong>.<\/li>\n\n\n \t\n\n<li>Quan s'acrediti la consici\u00f3 de <strong>v\u00edctima de viol\u00e8ncia de g\u00e8nere o terrorisme<\/strong>: <strong>10 punts<\/strong>.<\/li>\n\n\n<\/ul>\n\n\n<strong>Assignacions<\/strong>Les sol\u00b7licituds s'ordenen de manera decreixent seguint, en primer lloc, la suma de puntuaci\u00f3 de criteris generals i, en segon lloc, la puntuaci\u00f3 del criteri complementari.\u00a0En tots els casos, per desfer situacions d\u2019empat, s\u2019aplica el resultat del sorteig. Si per alguna de les vies d'acc\u00e9s no s'ocupen totes les places reservades corresponents, les vacants es reparteixen a la resta de les vies de forma proporcional\n\n--&gt;\n\n\n<table width=\"100%\"><!--\n<a href=\"https:\/\/agora.xtec.cat\/insbiada\/wp-content\/uploads\/usu2344\/2023\/06\/LLISTA-DEFINITIVA-DADMESOS.pdf\"><span style=\"display: inline-block; width: 0px; overflow: hidden; line-height: 0;\" data-mce-type=\"bookmark\" class=\"mce_SELRES_start\"><\/span>Llista definitiva d'admesos<\/a>\n\n&nbsp;\n--><br \/>\n<!--\n<u>MATR\u00cdCULA DE CICLE FORMATIU DE GRAU B\u00c0SIC<\/u>\n\n<strong>ALUMNES NOUS<\/strong>\n\nPer formalitzar la vostra matr\u00edcula al centre heu de seguir aquests passos:\n\n- Descarregar i omplir els seg\u00fcents documents:\n\n- <a href=\"https:\/\/agora.xtec.cat\/insbiada\/wp-content\/uploads\/usu2344\/2023\/06\/FP-GB-FULL-DE-DADES-GENERAL-23-24.pdf\">Full de Dades Personals<\/a>\n\n- <a href=\"https:\/\/agora.xtec.cat\/insbiada\/wp-content\/uploads\/usu2344\/2023\/06\/Imatges-publiques-menors-14-anys-1.pdf\">Autoritzaci\u00f3 d'imatge (menors de 14 anys)<\/a>\n\n- <a href=\"https:\/\/agora.xtec.cat\/insbiada\/wp-content\/uploads\/usu2344\/2023\/06\/Imatges-publiques-majors-14-anys-2.pdf\">Autoritzaci\u00f3 d'imatge (majors de 14 anys)<\/a>\n\n- <a href=\"https:\/\/agora.xtec.cat\/insbiada\/wp-content\/uploads\/usu2344\/2023\/06\/Autoritzacio-recursos-digitals-menors-14.pdf\">Autoritzaci\u00f3 Recursos digitals<\/a>\n\n- <a href=\"https:\/\/agora.xtec.cat\/insbiada\/wp-content\/uploads\/usu2344\/2023\/06\/Carta-compromis-de-centre.pdf\">Carta de comprom\u00eds educatiu<\/a>\n\n- Recollir a Secretaria el full d'instruccions per realitzar el pagament de les quotes del curs:\n\n200\u20ac (Material Educatiu i Asseguran\u00e7a Escolar)\n\n50\u20ac (Sortides)\n\n<strong>\u00a0<\/strong><strong>ALUMNES DE CONTINU\u00cfTAT DEL CENTRE<\/strong>\n\n- Per formalitzar la vostra matr\u00edcula, haureu de recollir a Secretaria el full d'instruccions per realitzar el pagament de les quotes corresponents:\n\n200\u20ac (Material Educatiu i Asseguran\u00e7a Escolar)\n\n50\u20ac (Sortides)\n\n&nbsp;\n\n&nbsp;\n\n&nbsp;\n\n\n<tbody>\n\n\n<tr>\n\n\n<td width=\"434\"><strong>Calendari<\/strong><\/td>\n\n\n\n\n<td width=\"151\"><strong>\u00a0<\/strong><\/td>\n\n\n<\/tr>\n\n\n\n\n<tr>\n\n\n<td width=\"434\">Publicaci\u00f3 de l\u2019oferta<\/td>\n\n\n\n\n<td width=\"151\">12 de maig<\/td>\n\n\n<\/tr>\n\n\n\n\n<tr>\n\n\n<td width=\"434\">Presentaci\u00f3 de sol\u00b7licituds<\/td>\n\n\n\n\n<td width=\"151\">Del 16 al 25 de maig<\/td>\n\n\n<\/tr>\n\n\n\n\n<tr>\n\n\n<td width=\"434\">Publicaci\u00f3 de llistes amb el barem provisional<\/td>\n\n\n\n\n<td width=\"151\">31 de maig<\/td>\n\n\n<\/tr>\n\n\n\n\n<tr>\n\n\n<td width=\"434\">Presentaci\u00f3 de reclamacions<\/td>\n\n\n\n\n<td width=\"151\">De l\u20191 al 7 de juny<\/td>\n\n\n<\/tr>\n\n\n\n\n<tr>\n\n\n<td width=\"434\">Sorteig del n\u00famero per al desempat a cada centre<\/td>\n\n\n\n\n<td width=\"151\">2 de juny<\/td>\n\n\n<\/tr>\n\n\n\n\n<tr>\n\n\n<td width=\"434\">Publicaci\u00f3 de llistes amb el barem definitiu un cop resoltes les reclamacions<\/td>\n\n\n\n\n<td width=\"151\">9 de juny<\/td>\n\n\n<\/tr>\n\n\n\n\n<tr>\n\n\n<td width=\"434\">Publicar oferta definitiva<\/td>\n\n\n\n\n<td width=\"151\">13 de juny<\/td>\n\n\n<\/tr>\n\n\n\n\n<tr>\n\n\n<td width=\"434\">Publicaci\u00f3 de les llistes d\u2019admesos i llista d\u2019espera<\/td>\n\n\n\n\n<td width=\"151\">14 juny<\/td>\n\n\n<\/tr>\n\n\n\n\n<tr>\n\n\n<td width=\"434\">Matr\u00edculaci\u00f3<\/td>\n\n\n\n\n<td width=\"151\">Del 15 al 21 de juny<\/td>\n\n\n<\/tr>\n\n\n<\/tbody>\n\n\n<\/table>\n\n\n--><\/p>\n<p><strong>Documentaci\u00f3 a preparar per a la matr\u00edcula:<\/strong><\/p>\n<p>C\u00f2pia del carnet de vacunaci\u00f3<\/p>\n<p>C\u00f2pia de DNI de l\u2019alumne amb dues cares<\/p>\n<p>C\u00f2pia del DNI dels tutors legal amb dues cares<\/p>\n<p>C\u00f2pia de la targeta sanit\u00e0ria de l&#8217;alumne<\/p>\n<p>C\u00f2pia del llibre de fam\u00edlia (p\u00e0gina dels pares i de l&#8217;alumne)<\/p>\n<p>&nbsp;<\/p>\n<p>Enguany, la matr\u00edcula es formalitzar\u00e0 de forma telem\u00e0tica a trav\u00e9s de l\u2019enlla\u00e7 que trobareu a continuaci\u00f3.<\/p>\n<p>Un cop a la p\u00e0gina web per formalitzar la matr\u00edcula, haureu de clicar\u00a0 on diu \u201cMatriculaci\u00f3 FP B\u00e0sica 2024-2025\u201d. Per accedir haureu d\u2019introduir el DNI del tutor i data de naixement de l\u2019alumne. \u00a0En el cas del DNI del tutor, ha de ser el del primer tutor, el que es vau informar quan vau fer la preinscripci\u00f3. Un cop a dins, haureu d&#8217;emplenar i validar dades personals, adjuntar la documentaci\u00f3 i finalment arribareu al pas de pagament. Podreu pagar amb targeta o demanar un rebut de pagament.<\/p>\n<p>Un cop efectuat el pagament, es considerar\u00e0 que s\u2019ha formalitzat la matr\u00edcula de l\u2019alumne.<\/p>\n<p>L&#8217;import a pagar s\u00f3n 250 EUR dels quals 200 s\u00f3n en concepte d&#8217;EPI i 50 en concepte de sortides.<\/p>\n<p>Clica el seg\u00fcent enlla\u00e7 per formalitzar la matr\u00edcula: <a href=\"http:\/\/matricula.biada.org\">clica aqu\u00ed<\/a><\/p>\n<p>En cas de demanar ajuda, pots contactar amb el centre al correu secretaria@biada.net o trucar al tel\u00e8fon 937 98 14 89<\/p>\n","protected":false},"excerpt":{"rendered":"<p>Preinscripci\u00f3 2024 &#8211; 2025<br \/>\n<a href=\"https:\/\/agora.xtec.cat\/insbiada\/wp-content\/uploads\/usu2344\/2024\/06\/Barem-provisional-GRAU-BASIC-DE-REFORMA-I-MANTENIMENT-DEDIFICIS.pdf\">Llistat amb el barem provisional<\/a><br \/>\n<a href=\"https:\/\/agora.xtec.cat\/insbiada\/wp-content\/uploads\/usu2344\/2024\/06\/EO10-GRAU-BASIC-DE-REFORMA-I-MANTENIMENT-DEDIFICIS-Llistat-admesos.pdf\">Llista ordenada de les sol\u00b7licituds amb la puntuaci\u00f3 un cop resoltes les reclamacions<\/a><\/p>\n<p>Places<\/p>\n<p>CFGB de reforma i manteniment d\u2019edificis<\/p>\n<p>12<\/p>\n<p>El per\u00edode de preinscripci\u00f3 del cicle formatiu de grau b\u00e0sic ser\u00e0 del 16 al 24 de maig<br \/>\nLa sol\u00b7licitud de&hellip;  <a href=\"https:\/\/agora.xtec.cat\/insbiada\/preinscripcio-i-matricula-cicle-formatiu-de-grau-basic\/\" title=\"Read Preinscripci\u00f3 i matr\u00edcula Cicle formatiu de grau b\u00e0sic\">Llegeix m\u00e9s\u00bb<\/a><\/p>\n","protected":false},"author":7,"featured_media":0,"parent":0,"menu_order":0,"comment_status":"closed","ping_status":"closed","template":"","meta":{"_bbp_topic_count":0,"_bbp_reply_count":0,"_bbp_total_topic_count":0,"_bbp_total_reply_count":0,"_bbp_voice_count":0,"_bbp_anonymous_reply_count":0,"_bbp_topic_count_hidden":0,"_bbp_reply_count_hidden":0,"_bbp_forum_subforum_count":0,"footnotes":""},"class_list":["post-1714","page","type-page","status-publish","hentry"],"post_mailing_queue_ids":[],"_links":{"self":[{"href":"https:\/\/agora.xtec.cat\/insbiada\/wp-json\/wp\/v2\/pages\/1714","targetHints":{"allow":["GET"]}}],"collection":[{"href":"https:\/\/agora.xtec.cat\/insbiada\/wp-json\/wp\/v2\/pages"}],"about":[{"href":"https:\/\/agora.xtec.cat\/insbiada\/wp-json\/wp\/v2\/types\/page"}],"author":[{"embeddable":true,"href":"https:\/\/agora.xtec.cat\/insbiada\/wp-json\/wp\/v2\/users\/7"}],"replies":[{"embeddable":true,"href":"https:\/\/agora.xtec.cat\/insbiada\/wp-json\/wp\/v2\/comments?post=1714"}],"version-history":[{"count":6,"href":"https:\/\/agora.xtec.cat\/insbiada\/wp-json\/wp\/v2\/pages\/1714\/revisions"}],"predecessor-version":[{"id":3561,"href":"https:\/\/agora.xtec.cat\/insbiada\/wp-json\/wp\/v2\/pages\/1714\/revisions\/3561"}],"wp:attachment":[{"href":"https:\/\/agora.xtec.cat\/insbiada\/wp-json\/wp\/v2\/media?parent=1714"}],"curies":[{"name":"wp","href":"https:\/\/api.w.org\/{rel}","templated":true}]}}