{"id":1445,"date":"2023-03-24T08:41:53","date_gmt":"2023-03-24T07:41:53","guid":{"rendered":"https:\/\/agora.xtec.cat\/insbiada\/?page_id=1445"},"modified":"2025-03-05T16:29:40","modified_gmt":"2025-03-05T15:29:40","slug":"preinscripcio-i-matricula-batxillerat","status":"publish","type":"page","link":"https:\/\/agora.xtec.cat\/insbiada\/preinscripcio-i-matricula-batxillerat\/","title":{"rendered":"Preinscripci\u00f3 i matr\u00edcula Batxillerat"},"content":{"rendered":"<p><!--\n\n<a href=\"https:\/\/agora.xtec.cat\/insbiada\/wp-content\/uploads\/usu2344\/2023\/04\/INFORME_OFERTA_OME_INFORME_OFERTA-1.pdf\"><span data-mce-type=\"bookmark\" style=\"display: inline-block; width: 0px; overflow: hidden; line-height: 0;\" class=\"mce_SELRES_start\"><\/span><span style=\"display: inline-block; width: 0px; overflow: hidden; line-height: 0;\" data-mce-type=\"bookmark\" class=\"mce_SELRES_start\"><\/span>Oferta inicial<\/a>\n\n<a href=\"https:\/\/agora.xtec.cat\/insbiada\/wp-content\/uploads\/usu2344\/2023\/05\/INFORME_BAREM_PROVISIONAL.pdf\">Llista de sol\u00b7licituds amb la puntuaci\u00f3 provisional<\/a>\n\n<a href=\"https:\/\/agora.xtec.cat\/insbiada\/wp-content\/uploads\/usu2344\/2023\/06\/INFORME_BAREM_RESOLTES-RECLAMACIONS.pdf\">Llistat amb la puntuaci\u00f3 un cop resoltes les reclamacions<\/a>\n\n<a href=\"https:\/\/agora.xtec.cat\/insbiada\/wp-content\/uploads\/usu2344\/2023\/06\/INFORME_BAREM_DEFINITIU.pdf\">Llista ordenada amb barem definitiu<\/a>\n\n<a href=\"https:\/\/agora.xtec.cat\/insbiada\/wp-content\/uploads\/usu2344\/2023\/06\/INFORME_ASSIGNADES_INFORME_ASSIGNADES8.pdf\">Alumnes assignats al centre amb indicaci\u00f3 de la primera petici\u00f3<\/a>\n\n<a href=\"https:\/\/agora.xtec.cat\/insbiada\/wp-content\/uploads\/usu2344\/2023\/06\/INFORME_PREINSCRITES_OME_INFORME_PREINSCRITES_OME3.pdf\">Alumnes preinscrits al centre<\/a>\n\n<a href=\"https:\/\/agora.xtec.cat\/insbiada\/wp-content\/uploads\/usu2344\/2023\/06\/INFORME_LLISTA_ESPERA_OME_LLISTA_ESPERA4.pdf\">Llista d'espera<\/a>\n\n&nbsp;\n\n<strong><span style=\"text-decoration: underline;\">Matr\u00edcula alumnes nous de Batxillerat a centre<\/span>\n<\/strong>\n\nEl per\u00edode de matr\u00edcula dels alumnes nous d\u2019 ESO per al curs 2023-2024 ser\u00e0 del 22 de juny al 3 de juliol.\n\nPer formalitzar la matr\u00edcula haureu de demanar cita pr\u00e8via a trav\u00e9s del seg\u00fcent enlla\u00e7:\u00a0<a href=\"https:\/\/aplicacions.gestioeducativa.gencat.cat\/pls\/apex\/f?p=CITA_PREVIA:4::::4:P4_TIPUS_CALENDARI,P4_DOMINI:03_BATX,08077976\">clica aqu\u00ed<\/a>\n\n\n<ul>\n \t\n\n<li><strong>Documentaci\u00f3 a lliurar el dia de la matr\u00edcula:<\/strong><\/li>\n\n\n<\/ul>\n\n\n-C\u00f2pia del DNI de l\u2019alumne i del tutor legal amb dues cares\n\n-C\u00f2pia de la targeta sanit\u00e0ria\n\nLes seg\u00fcents autoritzacions s\u2019han de descarregar, emplena i signar:\n\n\u2013\u00a0<a href=\"https:\/\/agora.xtec.cat\/insbiada\/wp-content\/uploads\/usu2344\/2023\/06\/Autoritzacio_imatges_majors_14.pdf\">Autoritzaci\u00f3 d'imatge (clica per descarregar)<\/a>\n\n<a href=\"https:\/\/agora.xtec.cat\/insbiada\/wp-content\/uploads\/usu2344\/2023\/06\/Autoritzacio_internet_majors_14.pdf\">\u2013 Autoritzaci\u00f3 Recursos digitals (clica per descarregar)<\/a>\n\n<a href=\"https:\/\/agora.xtec.cat\/insbiada\/wp-content\/uploads\/usu2344\/2023\/06\/Carta-compromis-de-centre-1.pdf\">\u2013 Carta de comprom\u00eds educatiu (clica per descarregar)<\/a>\n\n<a href=\"https:\/\/agora.xtec.cat\/insbiada\/wp-content\/uploads\/usu2344\/2023\/06\/Autoritzacio_sortides.pdf\">- Autoritzaci\u00f3 de sortides(clica per descarregar)<\/a>\n\n<span style=\"text-decoration: underline;\"><strong>1r Batxillerat<\/strong><\/span>\n\nL\u2019import del material i asseguran\u00e7a escolar seran 36,12 EUR , les sortides de tutoria 70 EUR i les despeses de gesti\u00f3 financera 1,06 EUR. En total l'import a pagar ser\u00e0 de 107,18 EUR.\n\nRebreu un correu electr\u00f2nica en els proper dies per fer la tria d'optatives a traves d'un formulari i\u00a0 tamb\u00e9 es faran entrevistes amb els tutors al setembre ( alumnes provinents d'un altre centre), des del centre ens posarem en contacte amb les fam\u00edlies.\n\n<strong><span style=\"text-decoration: underline;\">2n de Batxillerat<\/span><\/strong>\n\nL\u2019import del material i asseguran\u00e7a escolar seran 36,12 EUR , les sortides de tutoria 50 EUR i les despeses de gesti\u00f3 financera 0,86 EUR. En total l'import a pagar ser\u00e0 de 86,98 EUR.\n\nEl pagament es realitzar\u00e0 a trav\u00e9s d\u2019una de les eines de pagament del centre. Un cop al centre us informarem com realitzar el pagament. Ser\u00e0 necessari disposar de tel\u00e8fon m\u00f2bil amb dades i targeta de d\u00e8bit o cr\u00e8dit.\n\n\n<div>\n\n<span style=\"text-decoration: underline;\"><strong>Matricula d'alumnes de batxillerat del centre<\/strong><\/span>\n\nTots els alumnes\u00a0 promotors de 1r de batxillerat, repetidors de 1r de batxillerat i repetidors de 2n de batxillerat del centre hauran de formalitzar la matr\u00edcula del 26 de juny al 7 de juliol.\n\nEn aquestes dates trobareu el pagament de la matr\u00edcula a l'aplicatiu TPV-Escola. Un cop fet el pagament es donar\u00e0 la matr\u00edcula per formalitzada.\n\n<\/div>\n\n\n--><\/p>\n<p><strong>Preinscripci\u00f3 de Batxillerat pel curs 2025-2026<\/strong><\/p>\n<p><strong>Per\u00edode de presentaci\u00f3 de sol\u00b7licituds: <\/strong><strong><span style=\"font-weight: normal;\">del 3 al 10 d&#8217;abril de 2025<\/span><\/strong><\/p>\n<p>Per a m\u00e9s informaci\u00f3 referent a tot el proc\u00e9s de preinscripci\u00f3 i matr\u00edcula: <a href=\"https:\/\/preinscripcio.gencat.cat\/ca\/estudis\/batxillerat\/inici\/\">clica aqu\u00ed<\/a><\/p>\n<p>&nbsp;<\/p>\n<p><strong>Presentaci\u00f3 de sol\u00b7licitud:\u00a0<\/strong><\/p>\n<p>Si necessiteu ajuda per realitzar la preinscripci\u00f3, ens podeu trucar al tel\u00e8fon 93 798 14 89 o podeu demanar cita pr\u00e8via <strong>del 3 fins al 10 d\u2019abril.<\/strong><br \/>\nPer demanar cita pr\u00e8via heu de clicar al seg\u00fcent enlla\u00e7: <a href=\"https:\/\/aplicacions.gestioeducativa.gencat.cat\/ords\/pls\/apex\/f?p=CITA_PREVIA:4::::4:P4_TIPUS_CALENDARI,P4_DOMINI:01_BATX,08077976\">clica aqu\u00ed<\/a><\/p>\n<p><!--\n\n\n<h2><strong>Matr\u00edcula Batxillerat pel curs 2024-2025<\/strong><\/h2>\n\n\n<strong>Documentaci\u00f3 a preparar per a la matr\u00edcula:<\/strong>\n\n\n<p data-pm-slice=\"1 1 []\">C\u00f2pia del DNI de l\u2019alumne amb dues cares.<\/p>\n\n\nC\u00f2pia del DNI del tutor legal amb dues cares.\n\nC\u00f2pia de la targeta sanit\u00e0ria.\n\nC\u00f2pia del llibre de fam\u00edlia (nom\u00e9s la p\u00e0gina de l\u2019alumne).\n\nC\u00f2pia\u00a0 del carnet de fam\u00edlia nombrosa, monoparental i\/o discapacitat.\n\n&nbsp;\n\nEnguany, la matr\u00edcula es formalitzar\u00e0 de forma telem\u00e0tica a trav\u00e9s de l\u2019enlla\u00e7 que trobareu a continuaci\u00f3.\n\nUn cop a la p\u00e0gina web per formalitzar la matr\u00edcula, haureu de clicar\u00a0 on diu \u201cMatriculaci\u00f3 Batxillerat 2024-2025\u201d. Per accedir haureu d\u2019introduir el DNI del tutor i data de naixement de l\u2019alumne. \u00a0En el cas del DNI del tutor, ha de ser el del primer tutor, el que es vau informar quan vau fer la preinscripci\u00f3. Un cop a dins, haureu d'emplenar i validar dades personals, adjuntar la documentaci\u00f3, fer assignaci\u00f3 de curr\u00edculum i finalment arribareu al pas de pagament. Podreu pagar amb targeta, Bizum o demanar un rebut de pagament.\n\nEn el moment de l'assignaci\u00f3 de curr\u00edculum, heu de seleccionar les mat\u00e8ries de modalitat i les optatives.\n\nUn cop efectuat el pagament, es considerar\u00e0 que s\u2019ha formalitzat la matr\u00edcula de l\u2019alumne.\n\nEn cas de necessitar ajuda, podeu demanar cita pr\u00e8via clicant en el seg\u00fcent enlla\u00e7: <a href=\"https:\/\/aplicacions.gestioeducativa.gencat.cat\/pls\/apex\/f?p=CITA_PREVIA:4::::4:P4_TIPUS_CALENDARI,P4_DOMINI:03_BATX,08077976\">clica aqu\u00ed<\/a>\n\nPer realitzar la matr\u00edcula clica el seg\u00fcent enlla\u00e7:\n\n<strong>\u00a0<\/strong>\n\n<a href=\"https:\/\/matricula.biada.org\/\">Matr\u00edcula't<\/a>\n--><\/p>\n","protected":false},"excerpt":{"rendered":"<p>Preinscripci\u00f3 de Batxillerat pel curs 2025-2026<br \/>\nPer\u00edode de presentaci\u00f3 de sol\u00b7licituds: del 3 al 10 d&#8217;abril de 2025<br \/>\nPer a m\u00e9s informaci\u00f3 referent a tot el proc\u00e9s de preinscripci\u00f3 i matr\u00edcula: <a href=\"https:\/\/preinscripcio.gencat.cat\/ca\/estudis\/batxillerat\/inici\/\">clica aqu\u00ed<\/a><br \/>\n&nbsp;<br \/>\nPresentaci\u00f3 de sol\u00b7licitud:\u00a0<br \/>\nSi necessiteu ajuda per realitzar la preinscripci\u00f3, ens podeu trucar al tel\u00e8fon&hellip;  <a href=\"https:\/\/agora.xtec.cat\/insbiada\/preinscripcio-i-matricula-batxillerat\/\" title=\"Read Preinscripci\u00f3 i matr\u00edcula Batxillerat\">Llegeix m\u00e9s\u00bb<\/a><\/p>\n","protected":false},"author":7,"featured_media":0,"parent":0,"menu_order":0,"comment_status":"closed","ping_status":"closed","template":"","meta":{"_bbp_topic_count":0,"_bbp_reply_count":0,"_bbp_total_topic_count":0,"_bbp_total_reply_count":0,"_bbp_voice_count":0,"_bbp_anonymous_reply_count":0,"_bbp_topic_count_hidden":0,"_bbp_reply_count_hidden":0,"_bbp_forum_subforum_count":0,"footnotes":""},"class_list":["post-1445","page","type-page","status-publish","hentry"],"post_mailing_queue_ids":[],"_links":{"self":[{"href":"https:\/\/agora.xtec.cat\/insbiada\/wp-json\/wp\/v2\/pages\/1445","targetHints":{"allow":["GET"]}}],"collection":[{"href":"https:\/\/agora.xtec.cat\/insbiada\/wp-json\/wp\/v2\/pages"}],"about":[{"href":"https:\/\/agora.xtec.cat\/insbiada\/wp-json\/wp\/v2\/types\/page"}],"author":[{"embeddable":true,"href":"https:\/\/agora.xtec.cat\/insbiada\/wp-json\/wp\/v2\/users\/7"}],"replies":[{"embeddable":true,"href":"https:\/\/agora.xtec.cat\/insbiada\/wp-json\/wp\/v2\/comments?post=1445"}],"version-history":[{"count":6,"href":"https:\/\/agora.xtec.cat\/insbiada\/wp-json\/wp\/v2\/pages\/1445\/revisions"}],"predecessor-version":[{"id":5053,"href":"https:\/\/agora.xtec.cat\/insbiada\/wp-json\/wp\/v2\/pages\/1445\/revisions\/5053"}],"wp:attachment":[{"href":"https:\/\/agora.xtec.cat\/insbiada\/wp-json\/wp\/v2\/media?parent=1445"}],"curies":[{"name":"wp","href":"https:\/\/api.w.org\/{rel}","templated":true}]}}