{"id":67,"date":"2014-09-18T10:14:18","date_gmt":"2014-09-18T09:14:18","guid":{"rendered":"http:\/\/agora.xtec.cat\/insbegues\/?page_id=67"},"modified":"2024-09-05T11:40:47","modified_gmt":"2024-09-05T09:40:47","slug":"acollida","status":"publish","type":"page","link":"https:\/\/agora.xtec.cat\/insbegues\/serveis\/acollida\/","title":{"rendered":"Biblioteca"},"content":{"rendered":"<p>Ja tenim l&#8217;horari del pr\u00e9stec de llibres de la Biblioteca del centre pel curs 2024-25:<\/p>\n<p><a href=\"https:\/\/agora.xtec.cat\/insbegues\/wp-content\/uploads\/usu1482\/2024\/09\/Documento-A4-Horarios-Biblioteca-Ilustrativo-Verde.png\"><img loading=\"lazy\" decoding=\"async\" class=\"size-medium wp-image-3761 aligncenter\" src=\"https:\/\/agora.xtec.cat\/insbegues\/wp-content\/uploads\/usu1482\/2024\/09\/Documento-A4-Horarios-Biblioteca-Ilustrativo-Verde-212x300.png\" alt=\"\" width=\"212\" height=\"300\" srcset=\"https:\/\/agora.xtec.cat\/insbegues\/wp-content\/uploads\/usu1482\/2024\/09\/Documento-A4-Horarios-Biblioteca-Ilustrativo-Verde-212x300.png 212w, https:\/\/agora.xtec.cat\/insbegues\/wp-content\/uploads\/usu1482\/2024\/09\/Documento-A4-Horarios-Biblioteca-Ilustrativo-Verde-724x1024.png 724w, https:\/\/agora.xtec.cat\/insbegues\/wp-content\/uploads\/usu1482\/2024\/09\/Documento-A4-Horarios-Biblioteca-Ilustrativo-Verde-768x1086.png 768w, https:\/\/agora.xtec.cat\/insbegues\/wp-content\/uploads\/usu1482\/2024\/09\/Documento-A4-Horarios-Biblioteca-Ilustrativo-Verde-1086x1536.png 1086w, https:\/\/agora.xtec.cat\/insbegues\/wp-content\/uploads\/usu1482\/2024\/09\/Documento-A4-Horarios-Biblioteca-Ilustrativo-Verde.png 1414w\" sizes=\"auto, (max-width: 212px) 100vw, 212px\" \/><\/a><\/p>\n<p>Informaci\u00f3 per accedir al cat\u00e0leg de la Biblioteca:<\/p>\n<p><a href=\"https:\/\/agora.xtec.cat\/insbegues\/wp-content\/uploads\/usu1482\/2024\/09\/Informacio-Biblioteca-Institut-Begues.png\"><img loading=\"lazy\" decoding=\"async\" class=\"size-medium wp-image-3763 aligncenter\" src=\"https:\/\/agora.xtec.cat\/insbegues\/wp-content\/uploads\/usu1482\/2024\/09\/Informacio-Biblioteca-Institut-Begues-300x212.png\" alt=\"\" width=\"300\" height=\"212\" srcset=\"https:\/\/agora.xtec.cat\/insbegues\/wp-content\/uploads\/usu1482\/2024\/09\/Informacio-Biblioteca-Institut-Begues-300x212.png 300w, https:\/\/agora.xtec.cat\/insbegues\/wp-content\/uploads\/usu1482\/2024\/09\/Informacio-Biblioteca-Institut-Begues-1024x724.png 1024w, https:\/\/agora.xtec.cat\/insbegues\/wp-content\/uploads\/usu1482\/2024\/09\/Informacio-Biblioteca-Institut-Begues-768x543.png 768w, https:\/\/agora.xtec.cat\/insbegues\/wp-content\/uploads\/usu1482\/2024\/09\/Informacio-Biblioteca-Institut-Begues-1536x1086.png 1536w, https:\/\/agora.xtec.cat\/insbegues\/wp-content\/uploads\/usu1482\/2024\/09\/Informacio-Biblioteca-Institut-Begues.png 2000w\" sizes=\"auto, (max-width: 300px) 100vw, 300px\" \/><\/a>\u00a0 \u00a0 \u00a0 \u00a0 \u00a0 \u00a0 \u00a0 \u00a0 \u00a0 \u00a0 \u00a0 \u00a0 \u00a0 \u00a0 \u00a0 \u00a0 \u00a0 \u00a0 \u00a0 \u00a0 \u00a0 \u00a0 \u00a0 \u00a0 \u00a0<a href=\"https:\/\/agora.xtec.cat\/insbegues\/wp-content\/uploads\/usu1482\/2024\/05\/Informacio-Biblioteca-Institut-Begues.pdf\">Informacio\u0301 Biblioteca Institut Begues<\/a><\/p>\n<p style=\"color: #444444;\">Si voleu fer una ullada i consultar el cat\u00e0leg de la Biblioteca del centre, fer click al seg\u00fcent enlla\u00e7:<\/p>\n<p><a href=\"https:\/\/aplicacions.gestioeducativa.gencat.cat\/epergam\/web\/biblioteca.jsp\">Biblioteca Antoni Joan Pons i Pons<\/a><\/p>\n<p>&nbsp;<\/p>\n<p>&nbsp;<\/p>\n","protected":false},"excerpt":{"rendered":"<p>Ja tenim l&#8217;horari del pr\u00e9stec de llibres de la Biblioteca del centre pel curs 2024-25:<br \/>\n<a href=\"https:\/\/agora.xtec.cat\/insbegues\/wp-content\/uploads\/usu1482\/2024\/09\/Documento-A4-Horarios-Biblioteca-Ilustrativo-Verde.png\"><\/a><br \/>\nInformaci\u00f3 per accedir al cat\u00e0leg de la Biblioteca:<br \/>\n<a href=\"https:\/\/agora.xtec.cat\/insbegues\/wp-content\/uploads\/usu1482\/2024\/09\/Informacio-Biblioteca-Institut-Begues.png\"><\/a>\u00a0 \u00a0 \u00a0 \u00a0 \u00a0 \u00a0 \u00a0 \u00a0 \u00a0 \u00a0 \u00a0 \u00a0 \u00a0 \u00a0 \u00a0 \u00a0 \u00a0 \u00a0 \u00a0 \u00a0 \u00a0 \u00a0&hellip;  <a href=\"https:\/\/agora.xtec.cat\/insbegues\/serveis\/acollida\/\" title=\"Read Biblioteca\">Llegeix m\u00e9s\u00bb<\/a><\/p>\n","protected":false},"author":1,"featured_media":0,"parent":63,"menu_order":20,"comment_status":"closed","ping_status":"closed","template":"page-templates\/side-menu.php","meta":{"_bbp_topic_count":0,"_bbp_reply_count":0,"_bbp_total_topic_count":0,"_bbp_total_reply_count":0,"_bbp_voice_count":0,"_bbp_anonymous_reply_count":0,"_bbp_topic_count_hidden":0,"_bbp_reply_count_hidden":0,"_bbp_forum_subforum_count":0,"footnotes":""},"class_list":["post-67","page","type-page","status-publish","hentry"],"post_mailing_queue_ids":[],"_links":{"self":[{"href":"https:\/\/agora.xtec.cat\/insbegues\/wp-json\/wp\/v2\/pages\/67","targetHints":{"allow":["GET"]}}],"collection":[{"href":"https:\/\/agora.xtec.cat\/insbegues\/wp-json\/wp\/v2\/pages"}],"about":[{"href":"https:\/\/agora.xtec.cat\/insbegues\/wp-json\/wp\/v2\/types\/page"}],"author":[{"embeddable":true,"href":"https:\/\/agora.xtec.cat\/insbegues\/wp-json\/wp\/v2\/users\/1"}],"replies":[{"embeddable":true,"href":"https:\/\/agora.xtec.cat\/insbegues\/wp-json\/wp\/v2\/comments?post=67"}],"version-history":[{"count":7,"href":"https:\/\/agora.xtec.cat\/insbegues\/wp-json\/wp\/v2\/pages\/67\/revisions"}],"predecessor-version":[{"id":3767,"href":"https:\/\/agora.xtec.cat\/insbegues\/wp-json\/wp\/v2\/pages\/67\/revisions\/3767"}],"up":[{"embeddable":true,"href":"https:\/\/agora.xtec.cat\/insbegues\/wp-json\/wp\/v2\/pages\/63"}],"wp:attachment":[{"href":"https:\/\/agora.xtec.cat\/insbegues\/wp-json\/wp\/v2\/media?parent=67"}],"curies":[{"name":"wp","href":"https:\/\/api.w.org\/{rel}","templated":true}]}}