{"id":580,"date":"2016-10-11T19:46:43","date_gmt":"2016-10-11T17:46:43","guid":{"rendered":"http:\/\/agora.xtec.cat\/insbegues\/?page_id=580"},"modified":"2016-11-08T19:02:29","modified_gmt":"2016-11-08T18:02:29","slug":"la-coral","status":"publish","type":"page","link":"https:\/\/agora.xtec.cat\/insbegues\/projectes\/la-coral\/","title":{"rendered":"La Coral i l&#8217;Orquestra"},"content":{"rendered":"<p>Des del primer any de funcionament de  l&#8217;Institut de Begues hem comptat amb una coral formada per alumnes del centre. La intenci\u00f3 en el moment de formar aquesta coral, l&#8217;any 2009, va ser potenciar el gust per la m\u00fasica i el cant entre l&#8217;alumnat del centre. Al llarg de tots aquests anys i  gr\u00e0cies a l&#8217;implicaci\u00f3 de Manel Cubeles, el proessor de m\u00fasica, s&#8217;ha mantingut la coral i fins i tot funciona tamb\u00e9 un grup instrumental.<br \/>\nLa coral ha participat en diverses trobades de cant coral de secund\u00e0ria, organitzades pel  Dep. d&#8217;Ensenyament, a Lleida, Girona, Manresa i Vilanova i la Geltr\u00fa. Ha col.laborat tamb\u00e9 amb el Cor Ad Libitum de Begues al concert de Sant Sebasti\u00e0.<br \/>\nFa cinq anys es va fer un inervcanvi amb una coral de Tolosa (Donosti), que hem tornat a fer enguany: el cor Laskorain Abesbatza va ser amb nosaltres a Begues els dies 8,8,10 d&#8217;abril. Van arribar el divendres a la tarda, es van distribuir entre les fam\u00edlies i a la nit va tenir lloc el concert a la sala d&#8217;actes de l&#8217;institut. El dissabte al mat\u00ed vam sortir cap a Barcelona, on vam fer una llarga ruta a peu durant la qual vam passar per la Sagrada Fam\u00edlia, el Passeig de Gr\u00e0cia, la pla\u00e7a Catalunya, la Rambla, el Palau de M\u00fasica, la Catedral, la Pla\u00e7a de Sant Jaume, Santa Maria del Mar, el Born i el parc de la Ciutadella, on vam dinar. A les set de la tarda torn\u00e0vem a Begues, i el dissabte a la nit i el diumenge al mat\u00ed vam estar per Begues. Els vam ensenyar una mica el poble i uns quants, el diumenge al mat\u00ed, vam anar al Mur a veure les vistes i l&#8217;actuaci\u00f3 castellera.<br \/>\nAbans de les tres de la tarda ens vam acomiadar tot cantant \u00c9s l&#8217;hora dels adeus en euskera i catal\u00e0.<br \/>\nEl 27,28 i 29 de maig ens esperen a Tolosa, on anirem amb les nostres veus i amb molta il.lusi\u00f3.<\/p>\n<p>Antoni Joan Pons<\/p>\n<p><iframe loading=\"lazy\" title=\"1714 Baix Llobregat\" width=\"500\" height=\"375\" src=\"https:\/\/www.youtube.com\/embed\/bWnmKVECH-M?feature=oembed\" frameborder=\"0\" allow=\"accelerometer; autoplay; clipboard-write; encrypted-media; gyroscope; picture-in-picture; web-share\" referrerpolicy=\"strict-origin-when-cross-origin\" allowfullscreen><\/iframe><\/p>\n<p><iframe loading=\"lazy\" title=\"CORAL DEL INSTITUT DE BEGUES CONCIERTO TOLOSA 1.avi\" width=\"500\" height=\"375\" src=\"https:\/\/www.youtube.com\/embed\/beEHkCq9hGM?feature=oembed\" frameborder=\"0\" allow=\"accelerometer; autoplay; clipboard-write; encrypted-media; gyroscope; picture-in-picture; web-share\" referrerpolicy=\"strict-origin-when-cross-origin\" allowfullscreen><\/iframe><\/p>\n","protected":false},"excerpt":{"rendered":"<p>Des del primer any de funcionament de  l&#8217;Institut de Begues hem comptat amb una coral formada per alumnes del centre. La intenci\u00f3 en el moment de formar aquesta coral, l&#8217;any 2009, va ser potenciar el gust per la m\u00fasica i el cant entre l&#8217;alumnat&hellip;  <a href=\"https:\/\/agora.xtec.cat\/insbegues\/projectes\/la-coral\/\" title=\"Read La Coral i l&#8217;Orquestra\">Llegeix m\u00e9s\u00bb<\/a><\/p>\n","protected":false},"author":1,"featured_media":0,"parent":530,"menu_order":20,"comment_status":"closed","ping_status":"closed","template":"","meta":{"_bbp_topic_count":0,"_bbp_reply_count":0,"_bbp_total_topic_count":0,"_bbp_total_reply_count":0,"_bbp_voice_count":0,"_bbp_anonymous_reply_count":0,"_bbp_topic_count_hidden":0,"_bbp_reply_count_hidden":0,"_bbp_forum_subforum_count":0,"footnotes":""},"class_list":["post-580","page","type-page","status-publish","hentry"],"post_mailing_queue_ids":[],"_links":{"self":[{"href":"https:\/\/agora.xtec.cat\/insbegues\/wp-json\/wp\/v2\/pages\/580","targetHints":{"allow":["GET"]}}],"collection":[{"href":"https:\/\/agora.xtec.cat\/insbegues\/wp-json\/wp\/v2\/pages"}],"about":[{"href":"https:\/\/agora.xtec.cat\/insbegues\/wp-json\/wp\/v2\/types\/page"}],"author":[{"embeddable":true,"href":"https:\/\/agora.xtec.cat\/insbegues\/wp-json\/wp\/v2\/users\/1"}],"replies":[{"embeddable":true,"href":"https:\/\/agora.xtec.cat\/insbegues\/wp-json\/wp\/v2\/comments?post=580"}],"version-history":[{"count":4,"href":"https:\/\/agora.xtec.cat\/insbegues\/wp-json\/wp\/v2\/pages\/580\/revisions"}],"predecessor-version":[{"id":923,"href":"https:\/\/agora.xtec.cat\/insbegues\/wp-json\/wp\/v2\/pages\/580\/revisions\/923"}],"up":[{"embeddable":true,"href":"https:\/\/agora.xtec.cat\/insbegues\/wp-json\/wp\/v2\/pages\/530"}],"wp:attachment":[{"href":"https:\/\/agora.xtec.cat\/insbegues\/wp-json\/wp\/v2\/media?parent=580"}],"curies":[{"name":"wp","href":"https:\/\/api.w.org\/{rel}","templated":true}]}}