{"id":43,"date":"2014-09-17T16:45:07","date_gmt":"2014-09-17T16:45:07","guid":{"rendered":"http:\/\/agora.xtec.cat\/insbegues\/?page_id=43"},"modified":"2025-09-08T11:10:57","modified_gmt":"2025-09-08T09:10:57","slug":"consell-escolar","status":"publish","type":"page","link":"https:\/\/agora.xtec.cat\/insbegues\/linstitut\/consell-escolar\/","title":{"rendered":"Consell escolar"},"content":{"rendered":"<p><strong>\u00a0 \u00a0 \u00a0 \u00a0 \u00a0 \u00a0 \u00a0 \u00a0 \u00a0 \u00a0 \u00a0 \u00a0 \u00a0 \u00a0 \u00a0 \u00a0 \u00a0 \u00a0 \u00a0 \u00a0\u00a0<\/strong><\/p>\n<table style=\"height: 132px; width: 87.8501%;\" width=\"738\">\n<tbody>\n<tr>\n<td style=\"width: 29.2683%;\">Directora<\/td>\n<td style=\"width: 71.9396%;\">Montserrat Pino<\/td>\n<\/tr>\n<tr>\n<td style=\"width: 29.2683%;\">Cap d\u2019Estudis<\/td>\n<td style=\"width: 71.9396%;\">Mireia Ribera<\/td>\n<\/tr>\n<tr>\n<td style=\"width: 29.2683%;\">Representants del professorat<\/td>\n<td style=\"width: 71.9396%;\">Francisca G\u00f3mez, Anna Jacas, Anna L\u00f3pez, Jaume Oll\u00e9<\/td>\n<\/tr>\n<tr>\n<td style=\"width: 29.2683%;\">Representants de pares i mares<\/td>\n<td style=\"width: 71.9396%;\">Sandra Pastor<\/td>\n<\/tr>\n<tr>\n<td style=\"width: 29.2683%;\">Representant de l\u2019Ajuntament<\/td>\n<td style=\"width: 71.9396%;\">Raquel Agust\u00ed<\/td>\n<\/tr>\n<tr>\n<td style=\"width: 29.2683%;\">Representants de l\u2019alumnat<\/td>\n<td style=\"width: 71.9396%;\"><\/td>\n<\/tr>\n<tr>\n<td style=\"width: 29.2683%;\">Representant de l\u2019AFA<\/td>\n<td style=\"width: 71.9396%;\">Albert P\u00e9rez<\/td>\n<\/tr>\n<tr>\n<td style=\"width: 29.2683%;\">Representant del PAS<\/td>\n<td style=\"width: 71.9396%;\"><\/td>\n<\/tr>\n<tr>\n<td style=\"width: 29.2683%;\">Secret\u00e0ria<\/td>\n<td style=\"width: 71.9396%;\">Olga Pu\u00e9rtolas<\/td>\n<\/tr>\n<\/tbody>\n<\/table>\n<h5><span style=\"text-decoration: underline;\"><strong>Acords aprovats pel Consell Escolar<\/strong><\/span><\/h5>\n<p><strong>Curs 2024-2025<\/strong><\/p>\n<ul style=\"list-style-type: square;\">\n<li>S\u2019aprova la <a href=\"https:\/\/agora.xtec.cat\/insbegues\/wp-content\/uploads\/usu1482\/2025\/02\/Memoria-anual-curs-2023_24.pdf\">mem\u00f2ria anual del curs 2023-2024<\/a>.<\/li>\n<li>S\u2019aprova el <a href=\"https:\/\/agora.xtec.cat\/insbegues\/wp-content\/uploads\/usu1482\/2025\/02\/PLA-GENERAL-ANUAL-24-25.pdf\">Pla General Anual per al curs 24-25<\/a>.<\/li>\n<li>S\u2019aproven les modificacions del pressupost de l\u2019exercici 2024.<\/li>\n<li>S&#8217;aprova el pressupost per a l&#8217;<a href=\"https:\/\/agora.xtec.cat\/insbegues\/docs\/pressupost-2025\/\">exercici 2025<\/a>.<\/li>\n<li>S&#8217;aprova la<a href=\"https:\/\/agora.xtec.cat\/insbegues\/wp-content\/uploads\/usu1482\/2025\/03\/Liquidacio_pressupost_2024_s2.pdf\"> liquidaci\u00f3 del pressupost de l&#8217;exercici 2024<\/a>.<\/li>\n<li>S\u2019escullen els membres de la comissi\u00f3 avaluadora de la Mem\u00f2ria de final de mandat: Izaskun Ba\u00f1os i Paquita G\u00f3mez.<\/li>\n<li>S\u2019aproven les modificacions del pressupost de 2025<\/li>\n<li>S\u2019aprova la llista de material per al curs 2025-2026.<\/li>\n<li>S\u2019aprova l\u2019eliminaci\u00f3 de l\u2019equip inform\u00e0tic detallat a la llista de material obsolet presentada.<\/li>\n<li>S\u2019aprova la sol\u00b7licitud de jornada continuada, reducci\u00f3 de jornada del 8 al 19 de juny i el 19 de desembre, i la proposta de dies de lliure disposici\u00f3.<\/li>\n<\/ul>\n<p><strong>Curs 2023-2024<\/strong><\/p>\n<ul style=\"list-style-type: square;\">\n<li>S\u2019aprova el <a href=\"https:\/\/agora.xtec.cat\/insbegues\/docs\/pressupost-2024\/\">pressupost del 2024<\/a>, amb les noves quotes de material.<\/li>\n<li>S&#8217;aprova la <a href=\"https:\/\/agora.xtec.cat\/insbegues\/docs\/liquidacio-pressupost-2023\/\">liquidaci\u00f3 del pressupost de l&#8217;exercici 2023<\/a>.<\/li>\n<li>S&#8217;aproven les modificacions de la mem\u00f2ria anual del curs 2022-2023.<\/li>\n<li>S&#8217;aproven les modificacions del pla general del curs 2023-2024.<\/li>\n<li>Es designen els membres de\n<ul style=\"list-style-type: circle;\">\n<li>la comissi\u00f3 econ\u00f2mica: Anna Jacas, Pol Manzano i Izaskun Ba\u00f1os<\/li>\n<li>la comissi\u00f3 de conviv\u00e8ncia: Jaume Oll\u00e9, Vinyet Cusc\u00f3 i Sandra Pastor<\/li>\n<li>el referent del CE com a persona impulsora de la igualtat: Montserrat Pino<\/li>\n<\/ul>\n<\/li>\n<li>S\u2019aproven les modificacions del pressupost de l\u2019exercici 2023.<\/li>\n<\/ul>\n","protected":false},"excerpt":{"rendered":"<p>\u00a0 \u00a0 \u00a0 \u00a0 \u00a0 \u00a0 \u00a0 \u00a0 \u00a0 \u00a0 \u00a0 \u00a0 \u00a0 \u00a0 \u00a0 \u00a0 \u00a0 \u00a0 \u00a0 \u00a0\u00a0<\/p>\n<p>Directora<br \/>\nMontserrat Pino<\/p>\n<p>Cap d\u2019Estudis<br \/>\nMireia Ribera<\/p>\n<p>Representants del professorat<br \/>\nFrancisca G\u00f3mez, Anna Jacas, Anna L\u00f3pez, Jaume Oll\u00e9<\/p>\n<p>Representants de pares i mares<br \/>\nSandra Pastor<\/p>\n<p>Representant de l\u2019Ajuntament<br \/>\nRaquel Agust\u00ed<\/p>\n<p>Representants de l\u2019alumnat<\/p>\n<p>Representant de l\u2019AFA<br \/>\nAlbert P\u00e9rez<\/p>\n<p>Representant&hellip;  <a href=\"https:\/\/agora.xtec.cat\/insbegues\/linstitut\/consell-escolar\/\" title=\"Read Consell escolar\">Llegeix m\u00e9s\u00bb<\/a><\/p>\n","protected":false},"author":1,"featured_media":0,"parent":19,"menu_order":40,"comment_status":"closed","ping_status":"closed","template":"page-templates\/side-menu.php","meta":{"_bbp_topic_count":0,"_bbp_reply_count":0,"_bbp_total_topic_count":0,"_bbp_total_reply_count":0,"_bbp_voice_count":0,"_bbp_anonymous_reply_count":0,"_bbp_topic_count_hidden":0,"_bbp_reply_count_hidden":0,"_bbp_forum_subforum_count":0,"footnotes":""},"class_list":["post-43","page","type-page","status-publish","hentry"],"post_mailing_queue_ids":[],"_links":{"self":[{"href":"https:\/\/agora.xtec.cat\/insbegues\/wp-json\/wp\/v2\/pages\/43","targetHints":{"allow":["GET"]}}],"collection":[{"href":"https:\/\/agora.xtec.cat\/insbegues\/wp-json\/wp\/v2\/pages"}],"about":[{"href":"https:\/\/agora.xtec.cat\/insbegues\/wp-json\/wp\/v2\/types\/page"}],"author":[{"embeddable":true,"href":"https:\/\/agora.xtec.cat\/insbegues\/wp-json\/wp\/v2\/users\/1"}],"replies":[{"embeddable":true,"href":"https:\/\/agora.xtec.cat\/insbegues\/wp-json\/wp\/v2\/comments?post=43"}],"version-history":[{"count":6,"href":"https:\/\/agora.xtec.cat\/insbegues\/wp-json\/wp\/v2\/pages\/43\/revisions"}],"predecessor-version":[{"id":4011,"href":"https:\/\/agora.xtec.cat\/insbegues\/wp-json\/wp\/v2\/pages\/43\/revisions\/4011"}],"up":[{"embeddable":true,"href":"https:\/\/agora.xtec.cat\/insbegues\/wp-json\/wp\/v2\/pages\/19"}],"wp:attachment":[{"href":"https:\/\/agora.xtec.cat\/insbegues\/wp-json\/wp\/v2\/media?parent=43"}],"curies":[{"name":"wp","href":"https:\/\/api.w.org\/{rel}","templated":true}]}}