{"id":39,"date":"2014-09-17T16:36:44","date_gmt":"2014-09-17T16:36:44","guid":{"rendered":"http:\/\/agora.xtec.cat\/insbegues\/?page_id=39"},"modified":"2016-10-06T21:14:21","modified_gmt":"2016-10-06T19:14:21","slug":"instal%c2%b7lacions","status":"publish","type":"page","link":"https:\/\/agora.xtec.cat\/insbegues\/linstitut\/instal%c2%b7lacions\/","title":{"rendered":"Instal\u00b7lacions"},"content":{"rendered":"<p>\r\n\t<div class=\"slideshow_container slideshow_container_style-light\" style=\"height: 350px; \" data-slideshow-id=\"538\" data-style-name=\"style-light\" data-style-version=\"2.3.1\" >\r\n\r\n\t\t\t\t\t<div class=\"slideshow_loading_icon\"><\/div>\r\n\t\t\r\n\t\t<div class=\"slideshow_content\" style=\"display: none;\">\r\n\r\n\t\t\t<div class=\"slideshow_view\">\r\n\t\t\t\t<div class=\"slideshow_slide slideshow_slide_image\">\r\n\t\t\t\t\t\t\t\t\t\t\t<img src=\"https:\/\/agora.xtec.cat\/insbegues\/wp-content\/uploads\/usu1482\/2016\/10\/image-e1475781155467.jpeg\" alt=\"Biblioteca\" width=\"1936\" height=\"1935\" \/>\r\n\t\t\t\t\t\t\t\t\t\t<div class=\"slideshow_description_box slideshow_transparent\">\r\n\t\t\t\t\t\t<div class=\"slideshow_title\">Biblioteca<\/div>\t\t\t\t\t\t\t\t\t\t\t<\/div>\r\n\t\t\t\t<\/div>\r\n\r\n\t\t\t\t\t\t<div style=\"clear: both;\"><\/div><\/div><div class=\"slideshow_view\">\r\n\t\t\t\t<div class=\"slideshow_slide slideshow_slide_image\">\r\n\t\t\t\t\t\t\t\t\t\t\t<img src=\"https:\/\/agora.xtec.cat\/insbegues\/wp-content\/uploads\/usu1482\/2016\/10\/image-4-e1475696484198.jpeg\" alt=\"M\u00fasica\" width=\"1936\" height=\"1935\" \/>\r\n\t\t\t\t\t\t\t\t\t\t<div class=\"slideshow_description_box slideshow_transparent\">\r\n\t\t\t\t\t\t<div class=\"slideshow_title\">M\u00fasica<\/div>\t\t\t\t\t\t\t\t\t\t\t<\/div>\r\n\t\t\t\t<\/div>\r\n\r\n\t\t\t\t\t\t<div style=\"clear: both;\"><\/div><\/div><div class=\"slideshow_view\">\r\n\t\t\t\t<div class=\"slideshow_slide slideshow_slide_image\">\r\n\t\t\t\t\t\t\t\t\t\t\t<img src=\"https:\/\/agora.xtec.cat\/insbegues\/wp-content\/uploads\/usu1482\/2016\/10\/image-9-e1475781489873.jpeg\" alt=\"image\" width=\"1936\" height=\"1935\" \/>\r\n\t\t\t\t\t\t\t\t\t\t<div class=\"slideshow_description_box slideshow_transparent\">\r\n\t\t\t\t\t\t<div class=\"slideshow_title\">image<\/div>\t\t\t\t\t\t\t\t\t\t\t<\/div>\r\n\t\t\t\t<\/div>\r\n\r\n\t\t\t\t\t\t<div style=\"clear: both;\"><\/div><\/div><div class=\"slideshow_view\">\r\n\t\t\t\t<div class=\"slideshow_slide slideshow_slide_image\">\r\n\t\t\t\t\t\t\t\t\t\t\t<img src=\"https:\/\/agora.xtec.cat\/insbegues\/wp-content\/uploads\/usu1482\/2016\/10\/image-5-e1475781527540.jpeg\" alt=\"Tecnologia\" width=\"1936\" height=\"1935\" \/>\r\n\t\t\t\t\t\t\t\t\t\t<div class=\"slideshow_description_box slideshow_transparent\">\r\n\t\t\t\t\t\t<div class=\"slideshow_title\">Tecnologia<\/div>\t\t\t\t\t\t\t\t\t\t\t<\/div>\r\n\t\t\t\t<\/div>\r\n\r\n\t\t\t\t\t\t<div style=\"clear: both;\"><\/div><\/div><div class=\"slideshow_view\">\r\n\t\t\t\t<div class=\"slideshow_slide slideshow_slide_image\">\r\n\t\t\t\t\t\t\t\t\t\t\t<img src=\"https:\/\/agora.xtec.cat\/insbegues\/wp-content\/uploads\/usu1482\/2016\/10\/image-1-e1475696420320.jpeg\" alt=\"Aules\" width=\"1936\" height=\"1935\" \/>\r\n\t\t\t\t\t\t\t\t\t\t<div class=\"slideshow_description_box slideshow_transparent\">\r\n\t\t\t\t\t\t<div class=\"slideshow_title\">Aules<\/div>\t\t\t\t\t\t\t\t\t\t\t<\/div>\r\n\t\t\t\t<\/div>\r\n\r\n\t\t\t\t\t\t<div style=\"clear: both;\"><\/div><\/div><div class=\"slideshow_view\">\r\n\t\t\t\t<div class=\"slideshow_slide slideshow_slide_image\">\r\n\t\t\t\t\t\t\t\t\t\t\t<img src=\"https:\/\/agora.xtec.cat\/insbegues\/wp-content\/uploads\/usu1482\/2016\/10\/image-7-e1475780954269.jpeg\" alt=\"Gimn\u00e0s\" width=\"1936\" height=\"1935\" \/>\r\n\t\t\t\t\t\t\t\t\t\t<div class=\"slideshow_description_box slideshow_transparent\">\r\n\t\t\t\t\t\t<div class=\"slideshow_title\">Gimn\u00e0s<\/div>\t\t\t\t\t\t\t\t\t\t\t<\/div>\r\n\t\t\t\t<\/div>\r\n\r\n\t\t\t\t\t\t<div style=\"clear: both;\"><\/div><\/div><div class=\"slideshow_view\">\r\n\t\t\t\t<div class=\"slideshow_slide slideshow_slide_image\">\r\n\t\t\t\t\t\t\t\t\t\t\t<img src=\"https:\/\/agora.xtec.cat\/insbegues\/wp-content\/uploads\/usu1482\/2016\/10\/image-15-e1475780745345.jpeg\" alt=\"image\" width=\"747\" height=\"999\" \/>\r\n\t\t\t\t\t\t\t\t\t\t<div class=\"slideshow_description_box slideshow_transparent\">\r\n\t\t\t\t\t\t<div class=\"slideshow_title\">image<\/div>\t\t\t\t\t\t\t\t\t\t\t<\/div>\r\n\t\t\t\t<\/div>\r\n\r\n\t\t\t\t\t\t<div style=\"clear: both;\"><\/div><\/div><div class=\"slideshow_view\">\r\n\t\t\t\t<div class=\"slideshow_slide slideshow_slide_image\">\r\n\t\t\t\t\t\t\t\t\t\t\t<img src=\"https:\/\/agora.xtec.cat\/insbegues\/wp-content\/uploads\/usu1482\/2016\/10\/image-11-e1475781476546.jpeg\" alt=\"Vestuaris\" width=\"1936\" height=\"1935\" \/>\r\n\t\t\t\t\t\t\t\t\t\t<div class=\"slideshow_description_box slideshow_transparent\">\r\n\t\t\t\t\t\t<div class=\"slideshow_title\">Vestuaris<\/div>\t\t\t\t\t\t\t\t\t\t\t<\/div>\r\n\t\t\t\t<\/div>\r\n\r\n\t\t\t\t\t\t<div style=\"clear: both;\"><\/div><\/div>\r\n\t\t<\/div>\r\n\r\n\t\t<div class=\"slideshow_controlPanel slideshow_transparent\" style=\"display: none;\"><ul><li class=\"slideshow_togglePlay\" data-play-text=\"Visualitza\" data-pause-text=\"Pausa\"><\/li><\/ul><\/div>\r\n\r\n\t\t<div class=\"slideshow_button slideshow_previous slideshow_transparent\" role=\"button\" data-previous-text=\"Anterior\" style=\"display: none;\"><\/div>\r\n\t\t<div class=\"slideshow_button slideshow_next slideshow_transparent\" role=\"button\" data-next-text=\"Seg\u00fcent\" style=\"display: none;\"><\/div>\r\n\r\n\t\t<div class=\"slideshow_pagination\" style=\"display: none;\" data-go-to-text=\"V\u00e9s a la diapositiva\"><div class=\"slideshow_pagination_center\"><\/div><\/div>\r\n\r\n\t\t<!-- WordPress Slideshow Version 2.3.1 -->\r\n\r\n\t\t\t<\/div>\r\n\r\n8 aules de grup.<\/p>\n<p>3 aules de desdoblament grans.<\/p>\n<p>Aules espec\u00edfiques de Tecnologies, dues d\u2019Inform\u00e0tica, Audiovisuals, Visual i pl\u00e0stica, dos laboratoris de ci\u00e8ncies naturals i f\u00edsica i qu\u00edmica i una d\u2019orientaci\u00f3.<\/p>\n<p>Biblioteca.<\/p>\n<p>2 sales de visita.<\/p>\n<p>1 sala de gu\u00e0rdies.<\/p>\n<p>1 sala de professorat i 5 despatxos dedicats a departaments.<\/p>\n<p>Sala d\u2019actes, gimn\u00e0s.<\/p>\n<p>Vestidors i pistes d\u2019esport.<\/p>\n<p>Menjador.<\/p>\n<p>Despatxos de direcci\u00f3, secretaria, cap d\u2019estudis i coordinaci\u00f3 pedag\u00f2gica Consergeria i Administraci\u00f3<\/p>\n<p><a href=\"http:\/\/agora.xtec.cat\/insbegues\/wp-content\/uploads\/usu1482\/2016\/10\/image-12-e1475780592605.jpeg\"><img loading=\"lazy\" decoding=\"async\" class=\"size-medium wp-image-519\" src=\"http:\/\/agora.xtec.cat\/insbegues\/wp-content\/uploads\/usu1482\/2016\/10\/image-12-e1475780592605-300x300.jpeg\" alt=\"Pistes poliesportives\" width=\"300\" height=\"300\" srcset=\"https:\/\/agora.xtec.cat\/insbegues\/wp-content\/uploads\/usu1482\/2016\/10\/image-12-e1475780592605-300x300.jpeg 300w, https:\/\/agora.xtec.cat\/insbegues\/wp-content\/uploads\/usu1482\/2016\/10\/image-12-e1475780592605-150x150.jpeg 150w, https:\/\/agora.xtec.cat\/insbegues\/wp-content\/uploads\/usu1482\/2016\/10\/image-12-e1475780592605-768x768.jpeg 768w, https:\/\/agora.xtec.cat\/insbegues\/wp-content\/uploads\/usu1482\/2016\/10\/image-12-e1475780592605-1024x1024.jpeg 1024w, https:\/\/agora.xtec.cat\/insbegues\/wp-content\/uploads\/usu1482\/2016\/10\/image-12-e1475780592605.jpeg 1936w\" sizes=\"auto, (max-width: 300px) 100vw, 300px\" \/><\/a><\/p>\n<p>Pistes poliesportives<\/p>\n","protected":false},"excerpt":{"rendered":"<p>\t\t\t\t\t\tBiblioteca\t\t\t\t\t\t\t\t\t\t\t<\/p>\n<p>\t\t\t\t\t\tM\u00fasica\t\t\t\t\t\t\t\t\t\t\t<\/p>\n<p>\t\t\t\t\t\timage\t\t\t\t\t\t\t\t\t\t\t<\/p>\n<p>\t\t\t\t\t\tTecnologia\t\t\t\t\t\t\t\t\t\t\t<\/p>\n<p>\t\t\t\t\t\tAules\t\t\t\t\t\t\t\t\t\t\t<\/p>\n<p>\t\t\t\t\t\tGimn\u00e0s\t\t\t\t\t\t\t\t\t\t\t<\/p>\n<p>\t\t\t\t\t\timage\t\t\t\t\t\t\t\t\t\t\t<\/p>\n<p>\t\t\t\t\t\tVestuaris\t\t\t\t\t\t\t\t\t\t\t<\/p>\n<ul>\n<li class=\"slideshow_togglePlay\" data-play-text=\"Visualitza\" data-pause-text=\"Pausa\"><\/li>\n<\/ul>\n<p>8 aules de grup.<br \/>\n3 aules de desdoblament grans.<br \/>\nAules espec\u00edfiques de Tecnologies, dues d\u2019Inform\u00e0tica, Audiovisuals, Visual i pl\u00e0stica, dos laboratoris de ci\u00e8ncies naturals i f\u00edsica i qu\u00edmica i una d\u2019orientaci\u00f3.<br \/>\nBiblioteca.<br \/>\n2 sales de visita.<br \/>\n1 sala de gu\u00e0rdies.<br \/>\n1 sala de professorat i 5 despatxos dedicats&hellip;  <a href=\"https:\/\/agora.xtec.cat\/insbegues\/linstitut\/instal%c2%b7lacions\/\" title=\"Read Instal\u00b7lacions\">Llegeix m\u00e9s\u00bb<\/a><\/p>\n","protected":false},"author":1,"featured_media":0,"parent":19,"menu_order":30,"comment_status":"closed","ping_status":"closed","template":"page-templates\/side-menu.php","meta":{"_bbp_topic_count":0,"_bbp_reply_count":0,"_bbp_total_topic_count":0,"_bbp_total_reply_count":0,"_bbp_voice_count":0,"_bbp_anonymous_reply_count":0,"_bbp_topic_count_hidden":0,"_bbp_reply_count_hidden":0,"_bbp_forum_subforum_count":0,"footnotes":""},"class_list":["post-39","page","type-page","status-publish","hentry"],"post_mailing_queue_ids":[],"_links":{"self":[{"href":"https:\/\/agora.xtec.cat\/insbegues\/wp-json\/wp\/v2\/pages\/39","targetHints":{"allow":["GET"]}}],"collection":[{"href":"https:\/\/agora.xtec.cat\/insbegues\/wp-json\/wp\/v2\/pages"}],"about":[{"href":"https:\/\/agora.xtec.cat\/insbegues\/wp-json\/wp\/v2\/types\/page"}],"author":[{"embeddable":true,"href":"https:\/\/agora.xtec.cat\/insbegues\/wp-json\/wp\/v2\/users\/1"}],"replies":[{"embeddable":true,"href":"https:\/\/agora.xtec.cat\/insbegues\/wp-json\/wp\/v2\/comments?post=39"}],"version-history":[{"count":3,"href":"https:\/\/agora.xtec.cat\/insbegues\/wp-json\/wp\/v2\/pages\/39\/revisions"}],"predecessor-version":[{"id":541,"href":"https:\/\/agora.xtec.cat\/insbegues\/wp-json\/wp\/v2\/pages\/39\/revisions\/541"}],"up":[{"embeddable":true,"href":"https:\/\/agora.xtec.cat\/insbegues\/wp-json\/wp\/v2\/pages\/19"}],"wp:attachment":[{"href":"https:\/\/agora.xtec.cat\/insbegues\/wp-json\/wp\/v2\/media?parent=39"}],"curies":[{"name":"wp","href":"https:\/\/api.w.org\/{rel}","templated":true}]}}