{"id":2899,"date":"2022-02-13T09:40:48","date_gmt":"2022-02-13T08:40:48","guid":{"rendered":"https:\/\/agora.xtec.cat\/insbegues\/?page_id=2899"},"modified":"2022-02-13T10:00:56","modified_gmt":"2022-02-13T09:00:56","slug":"programa-steam","status":"publish","type":"page","link":"https:\/\/agora.xtec.cat\/insbegues\/projectes\/programa-steam\/","title":{"rendered":"Programa STEAM"},"content":{"rendered":"<p><a href=\"https:\/\/agora.xtec.cat\/insbegues\/wp-content\/uploads\/usu1482\/2022\/02\/steamlogo-1.png\"><img loading=\"lazy\" decoding=\"async\" class=\"alignnone size-full wp-image-2901\" src=\"https:\/\/agora.xtec.cat\/insbegues\/wp-content\/uploads\/usu1482\/2022\/02\/steamlogo-1.png\" alt=\"\" width=\"150\" height=\"112\" \/> <\/a><a href=\"https:\/\/agora.xtec.cat\/insbegues\/wp-content\/uploads\/usu1482\/2021\/03\/LOGO-definitiu-COLOR-petit.png\"><img loading=\"lazy\" decoding=\"async\" class=\"alignnone  wp-image-2685\" src=\"https:\/\/agora.xtec.cat\/insbegues\/wp-content\/uploads\/usu1482\/2021\/03\/LOGO-definitiu-COLOR-petit.png\" alt=\"\" width=\"108\" height=\"97\" \/><\/a><\/p>\n<p>Enguany \u00e9s el primer curs que l\u2019institut de Begues participa al Pla d\u2019Innovaci\u00f3 STEAM (Science, Technology, Engineering, Art and Mathematics), que inclou un centenar de centres d\u2019arreu de Catalunya. Aquesta iniciativa t\u00e9 com a objectiu general la millora de la percepci\u00f3 social de les ci\u00e8ncies per tal de propiciar un canvi positiu quant a l\u2019autopercepci\u00f3 de l\u2019alumnat vers aquestes disciplines. El prop\u00f2sit \u00e9s que, m\u00e9s enll\u00e0 de l\u2019ESO, els alumes optin per opcions STEAM en els estudis postobligatoris.<\/p>\n<p>El Pla d\u2019Innovaci\u00f3 STEAM aprofita el lideratge distribu\u00eft del centre, les metodologies, recursos i tecnologies adients a l\u2019aula i el treball en equip del professorat. A m\u00e9s, cal destacar que compta amb el suport del Departament d\u2019Educaci\u00f3 a trav\u00e9s de l\u2019acompanyament i l\u2019assessorament dels centres, amb la creaci\u00f3 de la Comunitat STEAMcat, i mitjan\u00e7ant formacions i l\u2019aportaci\u00f3 de recursos.<\/p>\n<p>Entre el ventall d\u2019activitats previstes dins d\u2019aquest programa destaquen la Setmana de la Ci\u00e8ncia, la Jornada de la nena i la dona a la ci\u00e8ncia, la Jornada de les Matem\u00e0tiques, la Ci\u00e8ncia i la Tecnologia, etc. Es tracta d\u2019activitats que complementen tota la feina feta al llarg dels m\u00e9s de deu anys d\u2019hist\u00f2ria de l\u2019institut.<\/p>\n<p>D\u2019en\u00e7\u00e0 de la creaci\u00f3 del centre s\u2019ha fomentat el pensament cr\u00edtic de l\u2019alumnat. El Pla d\u2019Innovaci\u00f3 STEAM \u00e9s una bona manera de refor\u00e7ar la reflexi\u00f3 en l\u2019aprenentatge, aix\u00ed com tamb\u00e9 d\u2019afavorir l\u2019equitat entre tot l\u2019alumnat per a formar ciutadans competents en tots els \u00e0mbits, en general, per\u00f2 tamb\u00e9 des de la perspectiva cient\u00edfica.<\/p>\n<p>Enlla\u00e7os d\u2019inter\u00e8s:<br \/>\nP\u00e0gina STEAM Catalunya:\u00a0<a href=\"https:\/\/projectes.xtec.cat\/steamcat\/\">https:\/\/projectes.xtec.cat\/steamcat\/<\/a><br \/>\nP\u00e0gina STEAM Institut Begues:\u00a0<a href=\"https:\/\/sites.google.com\/xtec.cat\/institut-begues-steamcat\/inici\">https:\/\/sites.google.com\/xtec.cat\/institut-begues-steamcat\/inici<\/a><\/p>\n","protected":false},"excerpt":{"rendered":"<p><a href=\"https:\/\/agora.xtec.cat\/insbegues\/wp-content\/uploads\/usu1482\/2022\/02\/steamlogo-1.png\"> <\/a><a href=\"https:\/\/agora.xtec.cat\/insbegues\/wp-content\/uploads\/usu1482\/2021\/03\/LOGO-definitiu-COLOR-petit.png\"><\/a><br \/>\nEnguany \u00e9s el primer curs que l\u2019institut de Begues participa al Pla d\u2019Innovaci\u00f3 STEAM (Science, Technology, Engineering, Art and Mathematics), que inclou un centenar de centres d\u2019arreu de Catalunya. Aquesta iniciativa t\u00e9 com a objectiu general la millora de la percepci\u00f3 social&hellip;  <a href=\"https:\/\/agora.xtec.cat\/insbegues\/projectes\/programa-steam\/\" title=\"Read Programa STEAM\">Llegeix m\u00e9s\u00bb<\/a><\/p>\n","protected":false},"author":5,"featured_media":0,"parent":530,"menu_order":0,"comment_status":"closed","ping_status":"closed","template":"","meta":{"_bbp_topic_count":0,"_bbp_reply_count":0,"_bbp_total_topic_count":0,"_bbp_total_reply_count":0,"_bbp_voice_count":0,"_bbp_anonymous_reply_count":0,"_bbp_topic_count_hidden":0,"_bbp_reply_count_hidden":0,"_bbp_forum_subforum_count":0,"footnotes":""},"class_list":["post-2899","page","type-page","status-publish","hentry"],"post_mailing_queue_ids":[],"_links":{"self":[{"href":"https:\/\/agora.xtec.cat\/insbegues\/wp-json\/wp\/v2\/pages\/2899","targetHints":{"allow":["GET"]}}],"collection":[{"href":"https:\/\/agora.xtec.cat\/insbegues\/wp-json\/wp\/v2\/pages"}],"about":[{"href":"https:\/\/agora.xtec.cat\/insbegues\/wp-json\/wp\/v2\/types\/page"}],"author":[{"embeddable":true,"href":"https:\/\/agora.xtec.cat\/insbegues\/wp-json\/wp\/v2\/users\/5"}],"replies":[{"embeddable":true,"href":"https:\/\/agora.xtec.cat\/insbegues\/wp-json\/wp\/v2\/comments?post=2899"}],"version-history":[{"count":3,"href":"https:\/\/agora.xtec.cat\/insbegues\/wp-json\/wp\/v2\/pages\/2899\/revisions"}],"predecessor-version":[{"id":2909,"href":"https:\/\/agora.xtec.cat\/insbegues\/wp-json\/wp\/v2\/pages\/2899\/revisions\/2909"}],"up":[{"embeddable":true,"href":"https:\/\/agora.xtec.cat\/insbegues\/wp-json\/wp\/v2\/pages\/530"}],"wp:attachment":[{"href":"https:\/\/agora.xtec.cat\/insbegues\/wp-json\/wp\/v2\/media?parent=2899"}],"curies":[{"name":"wp","href":"https:\/\/api.w.org\/{rel}","templated":true}]}}