{"id":27,"date":"2014-09-17T16:24:03","date_gmt":"2014-09-17T16:24:03","guid":{"rendered":"http:\/\/agora.xtec.cat\/insbegues\/?page_id=27"},"modified":"2016-11-17T20:52:24","modified_gmt":"2016-11-17T19:52:24","slug":"historia","status":"publish","type":"page","link":"https:\/\/agora.xtec.cat\/insbegues\/linstitut\/historia\/","title":{"rendered":"Hist\u00f2ria"},"content":{"rendered":"<p><img loading=\"lazy\" decoding=\"async\" class=\"alignleft\" src=\"https:\/\/2.bp.blogspot.com\/-D2fF4zMbtQs\/V3p7shh9HdI\/AAAAAAAAQk4\/JUzKCuMfvDAtJthuzKvGwkxHj1rsSbJ8ACLcB\/s1600\/Cal%2BPere%2BVell1.jpg\" width=\"250\" height=\"323\" \/>Quan es va implantar l&#8217;ensenyament secundari obligatori fins als 16 anys l&#8217;any 1996 es va comen\u00e7ar a produir la reivindicaci\u00f3 d&#8217;un institut per a Begues. Hi havia oferta concertada, per\u00f2 no oferta p\u00fablica, i les fam\u00edlies que optaven per l&#8217;ensenyament p\u00fablic es veien for\u00e7ades a enviar els seus fills fora del municipi, a Gav\u00e0.<\/p>\n<p>L&#8217;institut de Bruguers va ser el receptor de la major part d&#8217;alumnes de Begues fins l&#8217;any 2009 quan finalment aquella llarga reivindicaci\u00f3 va acabar donant els seus fruits. El mes de mar\u00e7 d&#8217;aquell any es presentava p\u00fablicament el nou institut de Begues. Immediatament van comen\u00e7ar les actuacions encaminades a habilitar un espai provisional al centre del poble cedit per l&#8217;Ajuntament (Cal Pere Vell), on\u00a0s&#8217;havien de portar les activitats previstes fins que no es pogu\u00e9s ocupar l&#8217;edifici que es comen\u00e7aria a construir a finals de juliol d&#8217;aquell mateix any i que s\u2019ocuparia provisionalment el mes de setembre de 2010 i de manera definitiva el mes de gener de 2011.<\/p>\n<p>&nbsp;<\/p>\n<p><a href=\"http:\/\/agora.xtec.cat\/insbegues\/wp-content\/uploads\/usu1482\/2014\/09\/begues_1-1.jpg\"><img loading=\"lazy\" decoding=\"async\" class=\" wp-image-467 aligncenter\" src=\"http:\/\/agora.xtec.cat\/insbegues\/wp-content\/uploads\/usu1482\/2014\/09\/begues_1-1.jpg\" alt=\"begues-1\" width=\"647\" height=\"365\" srcset=\"https:\/\/agora.xtec.cat\/insbegues\/wp-content\/uploads\/usu1482\/2014\/09\/begues_1-1.jpg 540w, https:\/\/agora.xtec.cat\/insbegues\/wp-content\/uploads\/usu1482\/2014\/09\/begues_1-1-300x169.jpg 300w\" sizes=\"auto, (max-width: 647px) 100vw, 647px\" \/><\/a><\/p>\n","protected":false},"excerpt":{"rendered":"<p>Quan es va implantar l&#8217;ensenyament secundari obligatori fins als 16 anys l&#8217;any 1996 es va comen\u00e7ar a produir la reivindicaci\u00f3 d&#8217;un institut per a Begues. Hi havia oferta concertada, per\u00f2 no oferta p\u00fablica, i les fam\u00edlies que optaven per l&#8217;ensenyament p\u00fablic es veien for\u00e7ades a&hellip;  <a href=\"https:\/\/agora.xtec.cat\/insbegues\/linstitut\/historia\/\" title=\"Read Hist\u00f2ria\">Llegeix m\u00e9s\u00bb<\/a><\/p>\n","protected":false},"author":1,"featured_media":466,"parent":19,"menu_order":20,"comment_status":"closed","ping_status":"closed","template":"page-templates\/side-menu.php","meta":{"_bbp_topic_count":0,"_bbp_reply_count":0,"_bbp_total_topic_count":0,"_bbp_total_reply_count":0,"_bbp_voice_count":0,"_bbp_anonymous_reply_count":0,"_bbp_topic_count_hidden":0,"_bbp_reply_count_hidden":0,"_bbp_forum_subforum_count":0,"footnotes":""},"class_list":["post-27","page","type-page","status-publish","has-post-thumbnail","hentry"],"post_mailing_queue_ids":[],"_links":{"self":[{"href":"https:\/\/agora.xtec.cat\/insbegues\/wp-json\/wp\/v2\/pages\/27","targetHints":{"allow":["GET"]}}],"collection":[{"href":"https:\/\/agora.xtec.cat\/insbegues\/wp-json\/wp\/v2\/pages"}],"about":[{"href":"https:\/\/agora.xtec.cat\/insbegues\/wp-json\/wp\/v2\/types\/page"}],"author":[{"embeddable":true,"href":"https:\/\/agora.xtec.cat\/insbegues\/wp-json\/wp\/v2\/users\/1"}],"replies":[{"embeddable":true,"href":"https:\/\/agora.xtec.cat\/insbegues\/wp-json\/wp\/v2\/comments?post=27"}],"version-history":[{"count":4,"href":"https:\/\/agora.xtec.cat\/insbegues\/wp-json\/wp\/v2\/pages\/27\/revisions"}],"predecessor-version":[{"id":962,"href":"https:\/\/agora.xtec.cat\/insbegues\/wp-json\/wp\/v2\/pages\/27\/revisions\/962"}],"up":[{"embeddable":true,"href":"https:\/\/agora.xtec.cat\/insbegues\/wp-json\/wp\/v2\/pages\/19"}],"wp:featuredmedia":[{"embeddable":true,"href":"https:\/\/agora.xtec.cat\/insbegues\/wp-json\/wp\/v2\/media\/466"}],"wp:attachment":[{"href":"https:\/\/agora.xtec.cat\/insbegues\/wp-json\/wp\/v2\/media?parent=27"}],"curies":[{"name":"wp","href":"https:\/\/api.w.org\/{rel}","templated":true}]}}