{"id":1720,"date":"2017-12-17T21:23:20","date_gmt":"2017-12-17T20:23:20","guid":{"rendered":"http:\/\/agora.xtec.cat\/insbegues\/?page_id=1720"},"modified":"2025-09-22T21:39:46","modified_gmt":"2025-09-22T19:39:46","slug":"criteris-davaluacio","status":"publish","type":"page","link":"https:\/\/agora.xtec.cat\/insbegues\/criteris-davaluacio\/","title":{"rendered":"Criteris d&#8217;avaluaci\u00f3 curs 2025 &#8211; 2026"},"content":{"rendered":"<p>Aqu\u00ed podreu trobar els criteris d&#8217;avaluaci\u00f3 de les diferents mat\u00e8ries als diferents nivells.<\/p>\n","protected":false},"excerpt":{"rendered":"<p>Aqu\u00ed podreu trobar els criteris d&#8217;avaluaci\u00f3 de les diferents mat\u00e8ries als diferents nivells.<\/p>\n","protected":false},"author":1,"featured_media":0,"parent":0,"menu_order":0,"comment_status":"closed","ping_status":"closed","template":"page-templates\/side-menu.php","meta":{"_bbp_topic_count":0,"_bbp_reply_count":0,"_bbp_total_topic_count":0,"_bbp_total_reply_count":0,"_bbp_voice_count":0,"_bbp_anonymous_reply_count":0,"_bbp_topic_count_hidden":0,"_bbp_reply_count_hidden":0,"_bbp_forum_subforum_count":0,"footnotes":""},"class_list":["post-1720","page","type-page","status-publish","hentry"],"post_mailing_queue_ids":[],"_links":{"self":[{"href":"https:\/\/agora.xtec.cat\/insbegues\/wp-json\/wp\/v2\/pages\/1720","targetHints":{"allow":["GET"]}}],"collection":[{"href":"https:\/\/agora.xtec.cat\/insbegues\/wp-json\/wp\/v2\/pages"}],"about":[{"href":"https:\/\/agora.xtec.cat\/insbegues\/wp-json\/wp\/v2\/types\/page"}],"author":[{"embeddable":true,"href":"https:\/\/agora.xtec.cat\/insbegues\/wp-json\/wp\/v2\/users\/1"}],"replies":[{"embeddable":true,"href":"https:\/\/agora.xtec.cat\/insbegues\/wp-json\/wp\/v2\/comments?post=1720"}],"version-history":[{"count":6,"href":"https:\/\/agora.xtec.cat\/insbegues\/wp-json\/wp\/v2\/pages\/1720\/revisions"}],"predecessor-version":[{"id":4017,"href":"https:\/\/agora.xtec.cat\/insbegues\/wp-json\/wp\/v2\/pages\/1720\/revisions\/4017"}],"wp:attachment":[{"href":"https:\/\/agora.xtec.cat\/insbegues\/wp-json\/wp\/v2\/media?parent=1720"}],"curies":[{"name":"wp","href":"https:\/\/api.w.org\/{rel}","templated":true}]}}