{"id":1557,"date":"2017-09-13T20:55:53","date_gmt":"2017-09-13T18:55:53","guid":{"rendered":"http:\/\/agora.xtec.cat\/insbegues\/?page_id=1557"},"modified":"2026-04-29T12:42:06","modified_gmt":"2026-04-29T10:42:06","slug":"httpinstitutbeguesprimer-blogspot-com-es","status":"publish","type":"page","link":"https:\/\/agora.xtec.cat\/insbegues\/","title":{"rendered":"http:\/\/institutbeguesprimer.blogspot.com.es"},"content":{"rendered":"<p style=\"text-align: center;\"><span style=\"color: #ffffff; font-family: 'trebuchet ms', geneva, sans-serif; font-size: 40pt; background-color: #339966; font-weight: bold;\">Preinscripci\u00f3 curs 2026\/2027<\/span><\/p>\n<h4><strong>PUBLICACI\u00d3 DE LA LLISTA ORDENADA <\/strong><a href=\"https:\/\/agora.xtec.cat\/insbegues\/wp-content\/uploads\/usu1482\/2026\/04\/nou.png\"><img loading=\"lazy\" decoding=\"async\" class=\"alignright wp-image-4057\" src=\"https:\/\/agora.xtec.cat\/insbegues\/wp-content\/uploads\/usu1482\/2026\/04\/nou-150x150.png\" alt=\"\" width=\"105\" height=\"100\" srcset=\"https:\/\/agora.xtec.cat\/insbegues\/wp-content\/uploads\/usu1482\/2026\/04\/nou-300x286.png 300w, https:\/\/agora.xtec.cat\/insbegues\/wp-content\/uploads\/usu1482\/2026\/04\/nou.png 506w\" sizes=\"auto, (max-width: 105px) 100vw, 105px\" \/><\/a><\/h4>\n<p>En aquest <strong><a href=\"https:\/\/agora.xtec.cat\/insbegues\/wp-content\/uploads\/usu1482\/2026\/04\/Llista-ordenada.pdf\" target=\"_blank\" rel=\"noopener\">enlla\u00e7<\/a><\/strong> podeu accedir al llistat de sol\u00b7licituds que han demanat el centre i l&#8217;ensenyament en primera petici\u00f3 ordenada a 29\/04\/2026, tenint en compte el nombre de desempat.<\/p>\n<h4>PUBLICACI\u00d3 DEL BAREM DE PUNTUACI\u00d3 PROVISIONAL<\/h4>\n<p>En aquest <strong><a href=\"https:\/\/agora.xtec.cat\/insbegues\/wp-content\/uploads\/usu1482\/2026\/04\/INFORME_BAREM_RESOLTES_BAREM.pdf\" target=\"_blank\" rel=\"noopener\">enlla\u00e7<\/a><\/strong> podeu accedir al llistat ordenat de l&#8217;alumnat que ha demanat el centre en la primera petici\u00f3 <span style=\"text-decoration: underline;\">un cop resoltes les reclamacions<\/span> a data del 23\/04\/2026.<\/p>\n<h4>PUBLICACI\u00d3 DEL BAREM DE PUNTUACI\u00d3 PROVISIONAL<\/h4>\n<p>En aquest <strong><a href=\"https:\/\/agora.xtec.cat\/insbegues\/wp-content\/uploads\/usu1482\/2026\/04\/Barem-puntuacio-provisional-Curs-26-27.pdf\" target=\"_blank\" rel=\"noopener\">enlla\u00e7<\/a><\/strong> podeu accedir al llistat ordenat de l&#8217;alumnat que ha demanat el centre en la primera petici\u00f3 amb la puntuaci\u00f3 provisional a data de 15\/04\/2026<\/p>\n<h4>OFERTA INICIAL DE PLACES<\/h4>\n<p><a href=\"https:\/\/agora.xtec.cat\/insbegues\/wp-content\/uploads\/usu1482\/2026\/03\/OFERTA-INICIAL-26-27.png\"><img loading=\"lazy\" decoding=\"async\" class=\"aligncenter wp-image-4054 size-medium\" src=\"https:\/\/agora.xtec.cat\/insbegues\/wp-content\/uploads\/usu1482\/2026\/03\/OFERTA-INICIAL-26-27-300x151.png\" alt=\"\" width=\"300\" height=\"151\" srcset=\"https:\/\/agora.xtec.cat\/insbegues\/wp-content\/uploads\/usu1482\/2026\/03\/OFERTA-INICIAL-26-27-300x151.png 300w, https:\/\/agora.xtec.cat\/insbegues\/wp-content\/uploads\/usu1482\/2026\/03\/OFERTA-INICIAL-26-27.png 709w\" sizes=\"auto, (max-width: 300px) 100vw, 300px\" \/><\/a><\/p>\n<h4><strong>INFORMACI\u00d3 GENERAL<\/strong><\/h4>\n<ul>\n<li><strong>Procediment telem\u00e0tic<\/strong>. Podeu trobar tota la informaci\u00f3 referent al proc\u00e9s de preinscripci\u00f3 a la <a href=\"https:\/\/preinscripcio.gencat.cat\/ca\/estudis\/eso\/inici\/\">web del Departament d&#8217;Educaci\u00f3 i Formaci\u00f3 Professional<\/a>.<\/li>\n<li>Aqu\u00ed podeu trobar la <a href=\"https:\/\/agora.xtec.cat\/insbegues\/wp-content\/uploads\/usu1482\/2026\/02\/Res-preinscrip-26-27.pdf\">Resoluci\u00f3<\/a> que regula tot el proc\u00e9s.<\/li>\n<li><strong>Presentaci\u00f3 de sol\u00b7licituds:<\/strong> Del 6 al 18 de mar\u00e7 de 2026.<\/li>\n<li><strong>Horari d&#8217;atenci\u00f3 de Secretaria\/Administraci\u00f3<\/strong> (per realitzar consultes): <em>CAL DEMANAR CITA PR\u00c8VIA TRUCANT AL 936\u00b7392\u00b7622<\/em><\/li>\n<\/ul>\n","protected":false},"excerpt":{"rendered":"<p>Preinscripci\u00f3 curs 2026\/2027<br \/>\nPUBLICACI\u00d3 DE LA LLISTA ORDENADA <a href=\"https:\/\/agora.xtec.cat\/insbegues\/wp-content\/uploads\/usu1482\/2026\/04\/nou.png\"><\/a><br \/>\nEn aquest <a href=\"https:\/\/agora.xtec.cat\/insbegues\/wp-content\/uploads\/usu1482\/2026\/04\/Llista-ordenada.pdf\" target=\"_blank\" rel=\"noopener\">enlla\u00e7<\/a> podeu accedir al llistat de sol\u00b7licituds que han demanat el centre i l&#8217;ensenyament en primera petici\u00f3 ordenada a 29\/04\/2026, tenint en compte el nombre de desempat.<br \/>\nPUBLICACI\u00d3 DEL BAREM DE PUNTUACI\u00d3 PROVISIONAL<br \/>\nEn&hellip;  <a href=\"https:\/\/agora.xtec.cat\/insbegues\/\" title=\"Read http:\/\/institutbeguesprimer.blogspot.com.es\">Llegeix m\u00e9s\u00bb<\/a><\/p>\n","protected":false},"author":1,"featured_media":0,"parent":0,"menu_order":0,"comment_status":"closed","ping_status":"closed","template":"page-templates\/front-page.php","meta":{"_bbp_topic_count":0,"_bbp_reply_count":0,"_bbp_total_topic_count":0,"_bbp_total_reply_count":0,"_bbp_voice_count":0,"_bbp_anonymous_reply_count":0,"_bbp_topic_count_hidden":0,"_bbp_reply_count_hidden":0,"_bbp_forum_subforum_count":0,"footnotes":""},"class_list":["post-1557","page","type-page","status-publish","hentry"],"post_mailing_queue_ids":[],"_links":{"self":[{"href":"https:\/\/agora.xtec.cat\/insbegues\/wp-json\/wp\/v2\/pages\/1557","targetHints":{"allow":["GET"]}}],"collection":[{"href":"https:\/\/agora.xtec.cat\/insbegues\/wp-json\/wp\/v2\/pages"}],"about":[{"href":"https:\/\/agora.xtec.cat\/insbegues\/wp-json\/wp\/v2\/types\/page"}],"author":[{"embeddable":true,"href":"https:\/\/agora.xtec.cat\/insbegues\/wp-json\/wp\/v2\/users\/1"}],"replies":[{"embeddable":true,"href":"https:\/\/agora.xtec.cat\/insbegues\/wp-json\/wp\/v2\/comments?post=1557"}],"version-history":[{"count":6,"href":"https:\/\/agora.xtec.cat\/insbegues\/wp-json\/wp\/v2\/pages\/1557\/revisions"}],"predecessor-version":[{"id":4062,"href":"https:\/\/agora.xtec.cat\/insbegues\/wp-json\/wp\/v2\/pages\/1557\/revisions\/4062"}],"wp:attachment":[{"href":"https:\/\/agora.xtec.cat\/insbegues\/wp-json\/wp\/v2\/media?parent=1557"}],"curies":[{"name":"wp","href":"https:\/\/api.w.org\/{rel}","templated":true}]}}