{"id":1235,"date":"2017-02-21T10:09:58","date_gmt":"2017-02-21T09:09:58","guid":{"rendered":"http:\/\/agora.xtec.cat\/insbegues\/?page_id=1235"},"modified":"2017-02-21T10:11:33","modified_gmt":"2017-02-21T09:11:33","slug":"co-responsavihlitat","status":"publish","type":"page","link":"https:\/\/agora.xtec.cat\/insbegues\/projectes\/co-responsavihlitat\/","title":{"rendered":"Co-ResponsaVIHlitat"},"content":{"rendered":"<p>L\u2019Institut de Begues participa en el projecte Co-ResponsaVIHlitat per definir una Agenda de Recerca en Prevenci\u00f3 del VIH\/sida <\/p>\n<p>&#8211;\tCo-ResponsaVIHlitat \u00e9s un projecte pilot de governan\u00e7a per a l\u2019eradicaci\u00f3 del VIH a trav\u00e9s d\u2019un proc\u00e9s obert i inclusiu en el qu\u00e8 participen m\u00e9s de 660 actors socials amb la finalitat d\u2019elaborar una Agenda de Recerca en Prevenci\u00f3 del VIH\/sida. <\/p>\n<p>&#8211;\tEl Living Lab de Salut d\u2019IrsiCaixa  coordina el projecte que s\u2019implementa durant el curs acad\u00e8mic 2016-17 mitjan\u00e7ant metodologies de deliberaci\u00f3 col\u2022laborativa, inspirades per experi\u00e8ncies similars implementades a nivell internacional per associacions de pacients, universitats, centres de recerca i fundacions. <\/p>\n<p>&#8211;\tLa innovaci\u00f3 que aporta el Co-ResponsaVIHlitat \u00e9s que per primera vegada es t\u00e9 en compte l\u2019opini\u00f3 de la comunitat educativa en la presa de decisions. El projecte compta amb la participaci\u00f3 de m\u00e9s de 650 estudiants i docents de secund\u00e0ria, incloent 32 alumnes de 4t  curs de l\u2019Institut de Begues, que col\u2022laboraran amb investigadors\/es de les Universitats Pompeu Fabra (UPF) i de Barcelona (UB), 2 institucions p\u00fabliques, 2 centres de recerca i 7 entitats de la societat civil. <\/p>\n<p>L\u2019Institut de Recerca de la Sida IrsiCaixa, impulsat conjuntament per l\u2019Obra Social \u201cla Caixa\u201d i el Departament de Salut de la Generalitat de Catalunya, inicia el projecte Co-ResponsaVIHlitat que t\u00e9 per objectiu l\u2019elaboraci\u00f3 d\u2019una Agenda de Recerca en Prevenci\u00f3 del VIH\/sida amb la col\u2022laboraci\u00f3 de m\u00e9s de 660 actors socials interessats. Conjuntament, elaboraran un llistat de prioritats de recerca en mat\u00e8ria de prevenci\u00f3 mitjan\u00e7ant metodologies de deliberaci\u00f3 col\u2022laborativa. Els actors participants inclouen professionals assistencials i investigadors vinculats al Comit\u00e8 Assessor Comunitari d\u2019IrsiCaixa (CAC) i a altres centres de recerca i universitats, gestors de pol\u00edtiques de l\u2019Administraci\u00f3 com l\u2019Ag\u00e8ncia de Salut P\u00fablica i el Departament de Salut, representants de la comunitat afectada que treballen en la prevenci\u00f3 del VIH (membres del CAC i SIDASTUDI) i la comunitat educativa (estudiants, professorat i d\u2019altres actors dels centres educatius pilot de secund\u00e0ria). El projecte es duu a terme durant el curs acad\u00e8mic 2016-17 sota la coordinaci\u00f3 del Living Lab de Salut d\u2019IrsiCaixa i s\u2019emmarca dins del projecte europeu EnRRICH i el programa educatiu Xplore Health, impulsat conjuntament per IrsiCaixa i l\u2019Obra Social \u201cla Caixa\u201d.<\/p>\n<p>Co-ResponsaVIHlitat es desenvolupa en diverses fases i s\u2019inicia amb l\u2019an\u00e0lisi de les l\u00ednies de recerca en prevenci\u00f3 existents a nivell internacional, nacional i local. D\u2019aquesta an\u00e0lisis se\u2019n derivaran materials de comunicaci\u00f3 dissenyats per part dels estudiants de secund\u00e0ria i adre\u00e7ats a les diferents comunitats. Posteriorment, tindr\u00e0 lloc l\u2019exploraci\u00f3 de les necessitats dels diferents actors, la prioritzaci\u00f3 de les l\u00ednies de recerca per part de cadascun i la integraci\u00f3 de les diferents agendes mitjan\u00e7ant el di\u00e0leg entre els diferents actors, per tal d\u2019elaborar una agenda final amb les l\u00ednies d\u2019alta prioritat. <\/p>\n<p>Es tracta de la primera vegada que s\u2019inclou l\u2019opini\u00f3 dels estudiants de secund\u00e0ria en l\u2019elaboraci\u00f3 d\u2019una Agenda de Recerca en Prevenci\u00f3 del VIH, conjuntament amb la dels altres actors. De fet, la tem\u00e0tica va ser escollida per part de m\u00e9s de mil joves durant el curs 2014-15 com el segon problema de salut que m\u00e9s els preocupava darrera del de la salut mental (que es va treballar en el projecte \u201cSana Ment\u201d durant el curs anterior). M\u00e9s enll\u00e0 de l\u2019elaboraci\u00f3 de l\u2019Agenda de Recerca en prevenci\u00f3, aquest proc\u00e9s tamb\u00e9 t\u00e9 l\u2019objectiu d\u2019apoderar els diferents actors, especialment els m\u00e9s joves, permetent-los desenvolupar compet\u00e8ncies relacionades amb la comunicaci\u00f3, la col\u2022laboraci\u00f3, la deliberaci\u00f3 i la cultura de la innovaci\u00f3. Alhora tamb\u00e9 els permetr\u00e0 desenvolupar compet\u00e8ncies de reflexi\u00f3 entorn del proc\u00e9s de recerca, dels aspectes \u00e8tics, legals, socials relacionats i de com poder aplicar el coneixement que se\u2019n deriva per respondre millor a necessitats no cobertes. Tot aix\u00f2 donar\u00e0 m\u00e9s legitimitat a la recerca i facilitar\u00e0 la transfer\u00e8ncia del coneixement.   <\/p>\n<p>Les metodologies utilitzades s\u2019inspiren en el moviment que impulsa la CE sota el nom de \u201cRecerca i Innovaci\u00f3 Responsables (RRI, de les seves sigles en angl\u00e8s)\u201d. Aquesta iniciativa t\u00e9 com a finalitat implementar un canvi transformatiu en la manera com es duen a terme i es governen la Recerca i la Innovaci\u00f3 (R&#038;I). Consisteix a promoure la col\u2022laboraci\u00f3 dels diferents actors per participar en processos deliberatius que vagin encaminats a alinear millor les seves necessitats i expectatives amb els aven\u00e7os en R&#038;I.<\/p>\n<p>Per portar a terme el Co-ResponsaVIHlitat se segueix el model de Science Shops, promoguts des del projecte europeu EnRRICH, en el qual els estudiants de m\u00e0ster dediquen el seu treball de fi de m\u00e0ster a una necessitat social. En aquest cas hi participen estudiants de m\u00e0ster (dirigits per investigadors) provinents del M\u00e0ster en Comunicaci\u00f3 Especialitzada de la UB i el M\u00e0ster de Formaci\u00f3 de Professorat d&#8217;Educaci\u00f3 Secund\u00e0ria Obligat\u00f2ria i Batxillerat, Formaci\u00f3 Professional i Ensenyament d&#8217;Idiomes, aix\u00ed com experts en processos de participaci\u00f3 en Recerca i Innovaci\u00f3 (R&#038;I) i en governan\u00e7a de l\u2019R&#038;I del Living Lab de Salut d\u2019IrsiCaixa.<\/p>\n","protected":false},"excerpt":{"rendered":"<p>L\u2019Institut de Begues participa en el projecte Co-ResponsaVIHlitat per definir una Agenda de Recerca en Prevenci\u00f3 del VIH\/sida<br \/>\n&#8211;\tCo-ResponsaVIHlitat \u00e9s un projecte pilot de governan\u00e7a per a l\u2019eradicaci\u00f3 del VIH a trav\u00e9s d\u2019un proc\u00e9s obert i inclusiu en el qu\u00e8 participen m\u00e9s de 660 actors&hellip;  <a href=\"https:\/\/agora.xtec.cat\/insbegues\/projectes\/co-responsavihlitat\/\" title=\"Read Co-ResponsaVIHlitat\">Llegeix m\u00e9s\u00bb<\/a><\/p>\n","protected":false},"author":1,"featured_media":0,"parent":530,"menu_order":0,"comment_status":"closed","ping_status":"closed","template":"","meta":{"_bbp_topic_count":0,"_bbp_reply_count":0,"_bbp_total_topic_count":0,"_bbp_total_reply_count":0,"_bbp_voice_count":0,"_bbp_anonymous_reply_count":0,"_bbp_topic_count_hidden":0,"_bbp_reply_count_hidden":0,"_bbp_forum_subforum_count":0,"footnotes":""},"class_list":["post-1235","page","type-page","status-publish","hentry"],"post_mailing_queue_ids":[],"_links":{"self":[{"href":"https:\/\/agora.xtec.cat\/insbegues\/wp-json\/wp\/v2\/pages\/1235","targetHints":{"allow":["GET"]}}],"collection":[{"href":"https:\/\/agora.xtec.cat\/insbegues\/wp-json\/wp\/v2\/pages"}],"about":[{"href":"https:\/\/agora.xtec.cat\/insbegues\/wp-json\/wp\/v2\/types\/page"}],"author":[{"embeddable":true,"href":"https:\/\/agora.xtec.cat\/insbegues\/wp-json\/wp\/v2\/users\/1"}],"replies":[{"embeddable":true,"href":"https:\/\/agora.xtec.cat\/insbegues\/wp-json\/wp\/v2\/comments?post=1235"}],"version-history":[{"count":1,"href":"https:\/\/agora.xtec.cat\/insbegues\/wp-json\/wp\/v2\/pages\/1235\/revisions"}],"predecessor-version":[{"id":1236,"href":"https:\/\/agora.xtec.cat\/insbegues\/wp-json\/wp\/v2\/pages\/1235\/revisions\/1236"}],"up":[{"embeddable":true,"href":"https:\/\/agora.xtec.cat\/insbegues\/wp-json\/wp\/v2\/pages\/530"}],"wp:attachment":[{"href":"https:\/\/agora.xtec.cat\/insbegues\/wp-json\/wp\/v2\/media?parent=1235"}],"curies":[{"name":"wp","href":"https:\/\/api.w.org\/{rel}","templated":true}]}}