{"id":615,"date":"2018-11-18T10:21:58","date_gmt":"2018-11-18T09:21:58","guid":{"rendered":"https:\/\/agora.xtec.cat\/insbarresiones\/?page_id=615"},"modified":"2019-12-22T21:57:41","modified_gmt":"2019-12-22T20:57:41","slug":"linstitut-i-les-escoles-de-primaria","status":"publish","type":"page","link":"https:\/\/agora.xtec.cat\/insbarresiones\/projecte-educatiu\/linstitut-i-les-escoles-de-primaria\/","title":{"rendered":"L&#8217;institut i les escoles de prim\u00e0ria"},"content":{"rendered":"<p style=\"text-align: justify;\">Des de fa uns quants anys l&#8217;Institut Barres i Ones fa tot un conjunt d&#8217;activitats que pretenen que els alumnes de Prim\u00e0ria de les escoles properes coneguin millor l&#8217;Institut abans d&#8217;arribar-hi. Posem alguns exemples:<\/p>\n<h6 style=\"text-align: justify;\"><strong>L&#8217;alumnat de les escoles de prim\u00e0ria ens visiten_2019\/20<\/strong><\/h6>\n<p><img loading=\"lazy\" decoding=\"async\" class=\"alignleft size-medium wp-image-1490\" src=\"https:\/\/agora.xtec.cat\/insbarresiones\/wp-content\/uploads\/usu1942\/2019\/11\/20191112_102630_opt-1-225x300.jpg\" alt=\"\" width=\"225\" height=\"300\" srcset=\"https:\/\/agora.xtec.cat\/insbarresiones\/wp-content\/uploads\/usu1942\/2019\/11\/20191112_102630_opt-1-225x300.jpg 225w, https:\/\/agora.xtec.cat\/insbarresiones\/wp-content\/uploads\/usu1942\/2019\/11\/20191112_102630_opt-1.jpg 300w\" sizes=\"auto, (max-width: 225px) 100vw, 225px\" \/>Durant el mes de\u00a0 novembre\u00a0 els nens i nenes de sis\u00e8 de prim\u00e0ria de les escoles Itaca, Baldiri Reixac i Antoni Botey fan una <em>visita al nostre<\/em> i centre i realitzen un petit taller.<\/p>\n<p style=\"text-align: justify;\">Aquest <em>taller<\/em> consisteix a fer uns petits arbres de fusta que m\u00e9s tard utilitzen\u00a0 a les maquetes de les diferents ciutats hist\u00f2riques que es construeixen a projectes de 2n d\u2019ESO.<\/p>\n<p style=\"text-align: justify;\">Per alguns nens i nenes va ser la primera vegada que tallen amb una serra. L\u2019alumnat del nostre centre fa de monitors i els hi va fer recordar quan an\u00e0ven a 6\u00e8 de prim\u00e0ria i vam venir a l\u2019institut a fer un clauer de fusta a l\u2019aula de tecnologia.<\/p>\n<p>&nbsp;<\/p>\n<h6><strong>Cerca teules de Gaud\u00ed amb el Baldiri i el Botey_2018\/19<\/strong><\/h6>\n<p style=\"text-align: justify;\"><img loading=\"lazy\" decoding=\"async\" class=\"alignright size-medium wp-image-1155\" src=\"https:\/\/agora.xtec.cat\/insbarresiones\/wp-content\/uploads\/usu1942\/2019\/07\/PS_Gaudi-300x212.png\" alt=\"\" width=\"300\" height=\"212\" srcset=\"https:\/\/agora.xtec.cat\/insbarresiones\/wp-content\/uploads\/usu1942\/2019\/07\/PS_Gaudi-300x212.png 300w, https:\/\/agora.xtec.cat\/insbarresiones\/wp-content\/uploads\/usu1942\/2019\/07\/PS_Gaudi.png 455w\" sizes=\"auto, (max-width: 300px) 100vw, 300px\" \/>Alumnes de 4t d\u2019ESO <em>busquen i troben tres teules modernistes<\/em> amb els alumnes de Prim\u00e0ria del Botey i del Baldiri<\/p>\n<p style=\"text-align: justify;\">Les pistes que s\u2019anaven trobant els alumnes el van permetre \u201ctrobar \u201d de manera \u201cmiraculosa\u201d tres teules de la teulada de la Casa Batll\u00f3.<\/p>\n<p>&nbsp;<\/p>\n<h6><strong>Escape Room amb el Botey_2018\/19<\/strong><\/h6>\n<p style=\"text-align: justify;\"><img loading=\"lazy\" decoding=\"async\" class=\"alignleft size-medium wp-image-1150\" src=\"https:\/\/agora.xtec.cat\/insbarresiones\/wp-content\/uploads\/usu1942\/2019\/07\/PS_Botey-300x209.png\" alt=\"\" width=\"300\" height=\"209\" srcset=\"https:\/\/agora.xtec.cat\/insbarresiones\/wp-content\/uploads\/usu1942\/2019\/07\/PS_Botey-300x209.png 300w, https:\/\/agora.xtec.cat\/insbarresiones\/wp-content\/uploads\/usu1942\/2019\/07\/PS_Botey.png 482w\" sizes=\"auto, (max-width: 300px) 100vw, 300px\" \/>Amb l\u2019objectiu d\u2019apropar l\u2019antiga Roma als alumnes de l\u2019escola Botey, 2n d\u2019ESO van preparar un <em>escape room<\/em> per trobar la llantia perduda de l\u2019emperador August.<\/p>\n<p style=\"text-align: justify;\">Els alumnes havien de superar una s\u00e8rie de proves i esclarir els enigmes. Com a guies els visita l\u2019emperador, la deesa de la saviesa, Minerva i un soldat de les legions romanes.<\/p>\n","protected":false},"excerpt":{"rendered":"<p>Des de fa uns quants anys l&#8217;Institut Barres i Ones fa tot un conjunt d&#8217;activitats que pretenen que els alumnes de Prim\u00e0ria de les escoles properes coneguin millor l&#8217;Institut abans d&#8217;arribar-hi. Posem alguns exemples: L&#8217;alumnat de les escoles de prim\u00e0ria ens visiten_2019\/20 Durant el mes de\u00a0 novembre\u00a0 els nens i nenes de sis\u00e8 de prim\u00e0ria [&hellip;]<\/p>\n","protected":false},"author":1,"featured_media":0,"parent":57,"menu_order":40,"comment_status":"closed","ping_status":"closed","template":"page-templates\/side-menu.php","meta":{"_bbp_topic_count":0,"_bbp_reply_count":0,"_bbp_total_topic_count":0,"_bbp_total_reply_count":0,"_bbp_voice_count":0,"_bbp_anonymous_reply_count":0,"_bbp_topic_count_hidden":0,"_bbp_reply_count_hidden":0,"_bbp_forum_subforum_count":0,"site-sidebar-layout":"default","site-content-layout":"","ast-site-content-layout":"","site-content-style":"default","site-sidebar-style":"default","ast-global-header-display":"","ast-banner-title-visibility":"","ast-main-header-display":"","ast-hfb-above-header-display":"","ast-hfb-below-header-display":"","ast-hfb-mobile-header-display":"","site-post-title":"","ast-breadcrumbs-content":"","ast-featured-img":"","footer-sml-layout":"","theme-transparent-header-meta":"","adv-header-id-meta":"","stick-header-meta":"","header-above-stick-meta":"","header-main-stick-meta":"","header-below-stick-meta":"","astra-migrate-meta-layouts":"default","ast-page-background-enabled":"default","ast-page-background-meta":{"desktop":{"background-color":"var(--ast-global-color-4)","background-image":"","background-repeat":"repeat","background-position":"center center","background-size":"auto","background-attachment":"scroll","background-type":"","background-media":"","overlay-type":"","overlay-color":"","overlay-opacity":"","overlay-gradient":""},"tablet":{"background-color":"","background-image":"","background-repeat":"repeat","background-position":"center center","background-size":"auto","background-attachment":"scroll","background-type":"","background-media":"","overlay-type":"","overlay-color":"","overlay-opacity":"","overlay-gradient":""},"mobile":{"background-color":"","background-image":"","background-repeat":"repeat","background-position":"center center","background-size":"auto","background-attachment":"scroll","background-type":"","background-media":"","overlay-type":"","overlay-color":"","overlay-opacity":"","overlay-gradient":""}},"ast-content-background-meta":{"desktop":{"background-color":"var(--ast-global-color-5)","background-image":"","background-repeat":"repeat","background-position":"center center","background-size":"auto","background-attachment":"scroll","background-type":"","background-media":"","overlay-type":"","overlay-color":"","overlay-opacity":"","overlay-gradient":""},"tablet":{"background-color":"var(--ast-global-color-5)","background-image":"","background-repeat":"repeat","background-position":"center center","background-size":"auto","background-attachment":"scroll","background-type":"","background-media":"","overlay-type":"","overlay-color":"","overlay-opacity":"","overlay-gradient":""},"mobile":{"background-color":"var(--ast-global-color-5)","background-image":"","background-repeat":"repeat","background-position":"center center","background-size":"auto","background-attachment":"scroll","background-type":"","background-media":"","overlay-type":"","overlay-color":"","overlay-opacity":"","overlay-gradient":""}},"footnotes":""},"class_list":["post-615","page","type-page","status-publish","hentry"],"post_mailing_queue_ids":[],"_links":{"self":[{"href":"https:\/\/agora.xtec.cat\/insbarresiones\/wp-json\/wp\/v2\/pages\/615","targetHints":{"allow":["GET"]}}],"collection":[{"href":"https:\/\/agora.xtec.cat\/insbarresiones\/wp-json\/wp\/v2\/pages"}],"about":[{"href":"https:\/\/agora.xtec.cat\/insbarresiones\/wp-json\/wp\/v2\/types\/page"}],"author":[{"embeddable":true,"href":"https:\/\/agora.xtec.cat\/insbarresiones\/wp-json\/wp\/v2\/users\/1"}],"replies":[{"embeddable":true,"href":"https:\/\/agora.xtec.cat\/insbarresiones\/wp-json\/wp\/v2\/comments?post=615"}],"version-history":[{"count":4,"href":"https:\/\/agora.xtec.cat\/insbarresiones\/wp-json\/wp\/v2\/pages\/615\/revisions"}],"predecessor-version":[{"id":1601,"href":"https:\/\/agora.xtec.cat\/insbarresiones\/wp-json\/wp\/v2\/pages\/615\/revisions\/1601"}],"up":[{"embeddable":true,"href":"https:\/\/agora.xtec.cat\/insbarresiones\/wp-json\/wp\/v2\/pages\/57"}],"wp:attachment":[{"href":"https:\/\/agora.xtec.cat\/insbarresiones\/wp-json\/wp\/v2\/media?parent=615"}],"curies":[{"name":"wp","href":"https:\/\/api.w.org\/{rel}","templated":true}]}}