{"id":595,"date":"2018-11-18T09:34:14","date_gmt":"2018-11-18T08:34:14","guid":{"rendered":"https:\/\/agora.xtec.cat\/insbarresiones\/?page_id=595"},"modified":"2024-11-05T06:56:19","modified_gmt":"2024-11-05T05:56:19","slug":"revista-mikako","status":"publish","type":"page","link":"https:\/\/agora.xtec.cat\/insbarresiones\/projecte-educatiu\/revista-mikako\/","title":{"rendered":"Revista MIKAKO"},"content":{"rendered":"<p>Aqu\u00ed teniu les publicacions de la revista Mikako que s&#8217;han fet al centre: <a href=\"https:\/\/issuu.com\/elmikako\">https:\/\/issuu.com\/elmikako<\/a><\/p>\n<p style=\"text-align: justify;\">La\u00a0<strong>revista Mikako<\/strong>\u00a0\u00e9s una espai de divulgaci\u00f3 de la gran varietat d&#8217;activitats educatives i extraescolars que es realitzen durant un\u00a0<em>trimestre escolar<\/em>.<\/p>\n<p style=\"text-align: justify;\">Moltes s\u00f3n les\u00a0<strong>tasques\u00a0<\/strong>que es duen a terme en el proc\u00e9s de creaci\u00f3 i\u00a0entre d&#8217;altres,\u00a0la\u00a0<em>redacci\u00f3\u00a0<\/em>dels articles en diferents idiomes i formats,\u00a0la\u00a0<em>correcci\u00f3 i edici\u00f3<\/em>\u00a0text i fotograf\u00eda. Petites tasques\u00a0d&#8217;un conjunt visibles en un mateix resultat.<\/p>\n<p style=\"text-align: justify;\">Del\u00a0<strong>comprom\u00eds i la participaci\u00f3 <\/strong>de\u00a0<em>l&#8217;alumnat\u00a0<\/em>que aporta els seus articles del qual n&#8217;\u00e9s testimoni, del <em>professorat<\/em> que estimula i canalitza la participaci\u00f3 de l&#8217;alumnat\u00a0 i del responsable del disseny, edici\u00f3 i participaci\u00f3 en diferents articles, <em>l&#8217;Eugeni Ruf\u00ed<\/em>, fan possible la nostra revista, el Mikako.<\/p>\n<p>&nbsp;<\/p>\n","protected":false},"excerpt":{"rendered":"<p>Aqu\u00ed teniu les publicacions de la revista Mikako que s&#8217;han fet al centre: https:\/\/issuu.com\/elmikako La\u00a0revista Mikako\u00a0\u00e9s una espai de divulgaci\u00f3 de la gran varietat d&#8217;activitats educatives i extraescolars que es realitzen durant un\u00a0trimestre escolar. Moltes s\u00f3n les\u00a0tasques\u00a0que es duen a terme en el proc\u00e9s de creaci\u00f3 i\u00a0entre d&#8217;altres,\u00a0la\u00a0redacci\u00f3\u00a0dels articles en diferents idiomes i formats,\u00a0la\u00a0correcci\u00f3 i [&hellip;]<\/p>\n","protected":false},"author":1,"featured_media":0,"parent":57,"menu_order":0,"comment_status":"closed","ping_status":"closed","template":"page-templates\/side-menu.php","meta":{"_bbp_topic_count":0,"_bbp_reply_count":0,"_bbp_total_topic_count":0,"_bbp_total_reply_count":0,"_bbp_voice_count":0,"_bbp_anonymous_reply_count":0,"_bbp_topic_count_hidden":0,"_bbp_reply_count_hidden":0,"_bbp_forum_subforum_count":0,"site-sidebar-layout":"default","site-content-layout":"","ast-site-content-layout":"","site-content-style":"default","site-sidebar-style":"default","ast-global-header-display":"","ast-banner-title-visibility":"","ast-main-header-display":"","ast-hfb-above-header-display":"","ast-hfb-below-header-display":"","ast-hfb-mobile-header-display":"","site-post-title":"","ast-breadcrumbs-content":"","ast-featured-img":"","footer-sml-layout":"","theme-transparent-header-meta":"","adv-header-id-meta":"","stick-header-meta":"","header-above-stick-meta":"","header-main-stick-meta":"","header-below-stick-meta":"","astra-migrate-meta-layouts":"default","ast-page-background-enabled":"default","ast-page-background-meta":{"desktop":{"background-color":"var(--ast-global-color-4)","background-image":"","background-repeat":"repeat","background-position":"center center","background-size":"auto","background-attachment":"scroll","background-type":"","background-media":"","overlay-type":"","overlay-color":"","overlay-opacity":"","overlay-gradient":""},"tablet":{"background-color":"","background-image":"","background-repeat":"repeat","background-position":"center center","background-size":"auto","background-attachment":"scroll","background-type":"","background-media":"","overlay-type":"","overlay-color":"","overlay-opacity":"","overlay-gradient":""},"mobile":{"background-color":"","background-image":"","background-repeat":"repeat","background-position":"center center","background-size":"auto","background-attachment":"scroll","background-type":"","background-media":"","overlay-type":"","overlay-color":"","overlay-opacity":"","overlay-gradient":""}},"ast-content-background-meta":{"desktop":{"background-color":"var(--ast-global-color-5)","background-image":"","background-repeat":"repeat","background-position":"center center","background-size":"auto","background-attachment":"scroll","background-type":"","background-media":"","overlay-type":"","overlay-color":"","overlay-opacity":"","overlay-gradient":""},"tablet":{"background-color":"var(--ast-global-color-5)","background-image":"","background-repeat":"repeat","background-position":"center center","background-size":"auto","background-attachment":"scroll","background-type":"","background-media":"","overlay-type":"","overlay-color":"","overlay-opacity":"","overlay-gradient":""},"mobile":{"background-color":"var(--ast-global-color-5)","background-image":"","background-repeat":"repeat","background-position":"center center","background-size":"auto","background-attachment":"scroll","background-type":"","background-media":"","overlay-type":"","overlay-color":"","overlay-opacity":"","overlay-gradient":""}},"footnotes":""},"class_list":["post-595","page","type-page","status-publish","hentry"],"post_mailing_queue_ids":[],"_links":{"self":[{"href":"https:\/\/agora.xtec.cat\/insbarresiones\/wp-json\/wp\/v2\/pages\/595","targetHints":{"allow":["GET"]}}],"collection":[{"href":"https:\/\/agora.xtec.cat\/insbarresiones\/wp-json\/wp\/v2\/pages"}],"about":[{"href":"https:\/\/agora.xtec.cat\/insbarresiones\/wp-json\/wp\/v2\/types\/page"}],"author":[{"embeddable":true,"href":"https:\/\/agora.xtec.cat\/insbarresiones\/wp-json\/wp\/v2\/users\/1"}],"replies":[{"embeddable":true,"href":"https:\/\/agora.xtec.cat\/insbarresiones\/wp-json\/wp\/v2\/comments?post=595"}],"version-history":[{"count":7,"href":"https:\/\/agora.xtec.cat\/insbarresiones\/wp-json\/wp\/v2\/pages\/595\/revisions"}],"predecessor-version":[{"id":3737,"href":"https:\/\/agora.xtec.cat\/insbarresiones\/wp-json\/wp\/v2\/pages\/595\/revisions\/3737"}],"up":[{"embeddable":true,"href":"https:\/\/agora.xtec.cat\/insbarresiones\/wp-json\/wp\/v2\/pages\/57"}],"wp:attachment":[{"href":"https:\/\/agora.xtec.cat\/insbarresiones\/wp-json\/wp\/v2\/media?parent=595"}],"curies":[{"name":"wp","href":"https:\/\/api.w.org\/{rel}","templated":true}]}}