{"id":55,"date":"2014-09-17T16:59:49","date_gmt":"2014-09-17T16:59:49","guid":{"rendered":"http:\/\/agora.xtec.cat\/insbarresiones\/?page_id=55"},"modified":"2019-10-05T10:44:51","modified_gmt":"2019-10-05T08:44:51","slug":"horaris","status":"publish","type":"page","link":"https:\/\/agora.xtec.cat\/insbarresiones\/linstitut\/horaris\/","title":{"rendered":"Horaris lectius"},"content":{"rendered":"<p style=\"text-align: justify;\">El calendari acad\u00e8mic que marca l\u2019inici i la finalitzaci\u00f3 de les activitats en el centre el publica anualment el\u00a0 departament d\u2019Ensenyament. La concreci\u00f3 del marc horari per cada curs escolar est\u00e0 aprovat dins de d\u2019una de les sessions ordin\u00e0ries del nostre claustre i del nostre consell escolar.<\/p>\n<p style=\"text-align: justify;\">El <strong>marc horari lectiu<\/strong> del centre \u00e9s el seg\u00fcent:<\/p>\n<table class=\" aligncenter\" style=\"height: 169px; width: 499px;\">\n<tbody>\n<tr style=\"height: 32px;\">\n<td style=\"height: 32px; width: 73px;\" rowspan=\"5\">\n<p style=\"text-align: left;\"><span style=\"font-size: 16px; text-align: justify;\">1r i 2n<\/span><\/p>\n<p>d\u2019ESO<\/td>\n<td style=\"height: 32px; width: 98px;\"><span style=\"font-size: 16px; text-align: justify;\">dilluns<\/span><\/td>\n<td style=\"height: 32px; width: 318px;\"><span style=\"font-size: 16px; text-align: justify;\">de 08:00h a 13:30h i de 15:30h a 17:30h<\/span><\/td>\n<\/tr>\n<tr style=\"height: 32px;\">\n<td style=\"height: 32px; width: 98px;\"><span style=\"font-size: 16px; text-align: justify; background-color: #ffffff;\">dimarts <\/span><\/td>\n<td style=\"height: 32px; width: 318px;\"><span style=\"font-size: 16px; text-align: justify; background-color: #ffffff;\">de 08:00h a 12:30h i de 15:30h a 17:30h<\/span><\/td>\n<\/tr>\n<tr style=\"height: 32px;\">\n<td style=\"height: 32px; width: 98px;\"><span style=\"font-size: 16px; text-align: justify;\">dimecres<\/span><\/td>\n<td style=\"height: 32px; width: 318px;\"><span style=\"font-size: 16px; text-align: justify;\">de 08:00h a 13:30h i de 15:30h a 17:30h<\/span><\/td>\n<\/tr>\n<tr style=\"height: 32px;\">\n<td style=\"height: 32px; width: 98px;\"><span style=\"font-size: 16px; text-align: justify; background-color: #ffffff;\">dijous <\/span><\/td>\n<td style=\"height: 32px; width: 318px;\"><span style=\"font-size: 16px; text-align: justify; background-color: #ffffff;\">de 08:00h a 13:30h<\/span><\/td>\n<\/tr>\n<tr style=\"height: 32px;\">\n<td style=\"height: 32px; width: 98px;\"><span style=\"font-size: 16px; text-align: justify;\">divendres <\/span><\/td>\n<td style=\"height: 32px; width: 318px;\"><span style=\"font-size: 16px; text-align: justify;\">de 08:00h a 13:30h<\/span><\/td>\n<\/tr>\n<\/tbody>\n<\/table>\n<p>&nbsp;<\/p>\n<table class=\" aligncenter\" style=\"height: 174px; width: 515px;\">\n<tbody>\n<tr style=\"height: 32px;\">\n<td style=\"height: 32px; width: 90px;\" rowspan=\"5\">\n<p style=\"text-align: left;\"><span style=\"font-size: 16px; text-align: justify;\">3r i 4t <\/span>d\u2019ESO i <span style=\"font-size: 16px; text-align: justify;\">Batxillerat<\/span><\/p>\n<\/td>\n<td style=\"height: 32px; width: 97px;\"><span style=\"font-size: 16px; text-align: justify;\">dilluns<\/span><\/td>\n<td style=\"height: 32px; width: 318px;\"><span style=\"font-size: 16px; text-align: justify;\">de 08:00h a 14:30h<\/span><\/td>\n<\/tr>\n<tr style=\"height: 32px;\">\n<td style=\"height: 32px; width: 97px;\"><span style=\"font-size: 16px; text-align: justify; background-color: #ffffff;\">dimarts <\/span><\/td>\n<td style=\"height: 32px; width: 318px;\"><span style=\"font-size: 16px; text-align: justify; background-color: #ffffff;\">de 08:00h a 13:30h i de 15:30h a 17:30h<\/span><\/td>\n<\/tr>\n<tr style=\"height: 32px;\">\n<td style=\"height: 32px; width: 97px;\"><span style=\"font-size: 16px; text-align: justify;\">dimecres<\/span><\/td>\n<td style=\"height: 32px; width: 318px;\"><span style=\"font-size: 16px; text-align: justify;\">de 08:00h a 14:30h<\/span><\/td>\n<\/tr>\n<tr style=\"height: 32px;\">\n<td style=\"height: 32px; width: 97px;\"><span style=\"font-size: 16px; text-align: justify; background-color: #ffffff;\">dijous <\/span><\/td>\n<td style=\"height: 32px; width: 318px;\"><span style=\"font-size: 16px; text-align: justify; background-color: #ffffff;\">de 08:00h a 14:30h<\/span><\/td>\n<\/tr>\n<tr style=\"height: 32px;\">\n<td style=\"height: 32px; width: 97px;\"><span style=\"font-size: 16px; text-align: justify;\">divendres <\/span><\/td>\n<td style=\"height: 32px; width: 318px;\"><span style=\"font-size: 16px; text-align: justify;\">de 08:00h a 13:30h<\/span><\/td>\n<\/tr>\n<\/tbody>\n<\/table>\n<p>&nbsp;<\/p>\n<table class=\" aligncenter\" style=\"height: 174px; width: 498px;\">\n<tbody>\n<tr style=\"height: 32px;\">\n<td style=\"height: 32px; width: 87px;\" rowspan=\"5\">\n<p style=\"text-align: left;\">1r de CFGM<\/p>\n<\/td>\n<td style=\"height: 32px; width: 95px;\"><span style=\"font-size: 16px; text-align: justify;\">dilluns<\/span><\/td>\n<td style=\"height: 32px; width: 306px;\"><span style=\"font-size: 16px; text-align: justify;\">de 08:00h a 13:30h<\/span><\/td>\n<\/tr>\n<tr style=\"height: 32px;\">\n<td style=\"height: 32px; width: 95px;\"><span style=\"font-size: 16px; text-align: justify; background-color: #ffffff;\">dimarts <\/span><\/td>\n<td style=\"height: 32px; width: 306px;\"><span style=\"font-size: 16px; text-align: justify; background-color: #ffffff;\">de 08:00h a 13:30h<\/span><\/td>\n<\/tr>\n<tr style=\"height: 32px;\">\n<td style=\"height: 32px; width: 95px;\"><span style=\"font-size: 16px; text-align: justify;\">dimecres<\/span><\/td>\n<td style=\"height: 32px; width: 306px;\"><span style=\"font-size: 16px; text-align: justify;\">de 08:00h a 13:30h<\/span><\/td>\n<\/tr>\n<tr style=\"height: 32px;\">\n<td style=\"height: 32px; width: 95px;\"><span style=\"font-size: 16px; text-align: justify; background-color: #ffffff;\">dijous <\/span><\/td>\n<td style=\"height: 32px; width: 306px;\"><span style=\"font-size: 16px; text-align: justify; background-color: #ffffff;\">de 08:00h a 14:30h<\/span><\/td>\n<\/tr>\n<tr style=\"height: 32px;\">\n<td style=\"height: 32px; width: 95px;\"><span style=\"font-size: 16px; text-align: justify;\">divendres <\/span><\/td>\n<td style=\"height: 32px; width: 306px;\"><span style=\"font-size: 16px; text-align: justify;\">de 08:00h a 13:30h<\/span><\/td>\n<\/tr>\n<\/tbody>\n<\/table>\n<p>&nbsp;<\/p>\n<table class=\" aligncenter\" style=\"height: 174px; width: 498px;\">\n<tbody>\n<tr style=\"height: 32px;\">\n<td style=\"height: 32px; width: 87px;\" rowspan=\"5\">\n<p style=\"text-align: left;\">2n de CFGM<\/p>\n<\/td>\n<td style=\"height: 32px; width: 95px;\"><span style=\"font-size: 16px; text-align: justify;\">dilluns<\/span><\/td>\n<td style=\"height: 32px; width: 306px;\"><span style=\"font-size: 16px; text-align: justify;\">de 08:00h a 13:30h<\/span><\/td>\n<\/tr>\n<tr style=\"height: 32px;\">\n<td style=\"height: 32px; width: 95px;\"><span style=\"font-size: 16px; text-align: justify; background-color: #ffffff;\">dimarts <\/span><\/td>\n<td style=\"height: 32px; width: 306px;\"><span style=\"font-size: 16px; text-align: justify; background-color: #ffffff;\">de 08:00h a 13:30h<\/span><\/td>\n<\/tr>\n<tr style=\"height: 32px;\">\n<td style=\"height: 32px; width: 95px;\"><span style=\"font-size: 16px; text-align: justify;\">dimecres<\/span><\/td>\n<td style=\"height: 32px; width: 306px;\"><span style=\"font-size: 16px; text-align: justify;\">de 08:00h a 13:30h<\/span><\/td>\n<\/tr>\n<tr style=\"height: 32px;\">\n<td style=\"height: 32px; width: 95px;\"><span style=\"font-size: 16px; text-align: justify; background-color: #ffffff;\">dijous <\/span><\/td>\n<td style=\"height: 32px; width: 306px;\"><span style=\"font-size: 16px; text-align: justify; background-color: #ffffff;\">de 08:00h a 14:30h<\/span><\/td>\n<\/tr>\n<tr style=\"height: 32px;\">\n<td style=\"height: 32px; width: 95px;\"><span style=\"font-size: 16px; text-align: justify;\">divendres <\/span><\/td>\n<td style=\"height: 32px; width: 306px;\"><span style=\"font-size: 16px; text-align: justify;\">de 08:00h a 13:30h<\/span><\/td>\n<\/tr>\n<\/tbody>\n<\/table>\n<p>&nbsp;<\/p>\n<p style=\"text-align: justify;\">En el batxillerat, l\u2019hora de 12:30h a 13:30h estar\u00e0 dedicada a la tutoria i l\u2019alumnat nom\u00e9s s\u2019hi haur\u00e0 de quedar en el cas que el tutor o tutora el convoqui.<\/p>\n<p style=\"text-align: justify;\">En el 2n curs de CFGM s\u2019han d\u2019afegir les hores que l\u2019alumnat fa de Formaci\u00f3 en Centres de Treball (FCT), les quals depenen en gran mesura de les empreses col\u00b7laboradores. A m\u00e9s a m\u00e9s, el marc horari pot ser adaptat a les necessitats de la formaci\u00f3 dual endegada en el curs 2016-2017.<\/p>\n","protected":false},"excerpt":{"rendered":"<p>El calendari acad\u00e8mic que marca l\u2019inici i la finalitzaci\u00f3 de les activitats en el centre el publica anualment el\u00a0 departament d\u2019Ensenyament. La concreci\u00f3 del marc horari per cada curs escolar est\u00e0 aprovat dins de d\u2019una de les sessions ordin\u00e0ries del nostre claustre i del nostre consell escolar. El marc horari lectiu del centre \u00e9s el [&hellip;]<\/p>\n","protected":false},"author":1,"featured_media":0,"parent":19,"menu_order":80,"comment_status":"closed","ping_status":"closed","template":"page-templates\/side-menu.php","meta":{"_bbp_topic_count":0,"_bbp_reply_count":0,"_bbp_total_topic_count":0,"_bbp_total_reply_count":0,"_bbp_voice_count":0,"_bbp_anonymous_reply_count":0,"_bbp_topic_count_hidden":0,"_bbp_reply_count_hidden":0,"_bbp_forum_subforum_count":0,"site-sidebar-layout":"default","site-content-layout":"","ast-site-content-layout":"","site-content-style":"default","site-sidebar-style":"default","ast-global-header-display":"","ast-banner-title-visibility":"","ast-main-header-display":"","ast-hfb-above-header-display":"","ast-hfb-below-header-display":"","ast-hfb-mobile-header-display":"","site-post-title":"","ast-breadcrumbs-content":"","ast-featured-img":"","footer-sml-layout":"","theme-transparent-header-meta":"","adv-header-id-meta":"","stick-header-meta":"","header-above-stick-meta":"","header-main-stick-meta":"","header-below-stick-meta":"","astra-migrate-meta-layouts":"default","ast-page-background-enabled":"default","ast-page-background-meta":{"desktop":{"background-color":"var(--ast-global-color-4)","background-image":"","background-repeat":"repeat","background-position":"center center","background-size":"auto","background-attachment":"scroll","background-type":"","background-media":"","overlay-type":"","overlay-color":"","overlay-opacity":"","overlay-gradient":""},"tablet":{"background-color":"","background-image":"","background-repeat":"repeat","background-position":"center center","background-size":"auto","background-attachment":"scroll","background-type":"","background-media":"","overlay-type":"","overlay-color":"","overlay-opacity":"","overlay-gradient":""},"mobile":{"background-color":"","background-image":"","background-repeat":"repeat","background-position":"center center","background-size":"auto","background-attachment":"scroll","background-type":"","background-media":"","overlay-type":"","overlay-color":"","overlay-opacity":"","overlay-gradient":""}},"ast-content-background-meta":{"desktop":{"background-color":"var(--ast-global-color-5)","background-image":"","background-repeat":"repeat","background-position":"center center","background-size":"auto","background-attachment":"scroll","background-type":"","background-media":"","overlay-type":"","overlay-color":"","overlay-opacity":"","overlay-gradient":""},"tablet":{"background-color":"var(--ast-global-color-5)","background-image":"","background-repeat":"repeat","background-position":"center center","background-size":"auto","background-attachment":"scroll","background-type":"","background-media":"","overlay-type":"","overlay-color":"","overlay-opacity":"","overlay-gradient":""},"mobile":{"background-color":"var(--ast-global-color-5)","background-image":"","background-repeat":"repeat","background-position":"center center","background-size":"auto","background-attachment":"scroll","background-type":"","background-media":"","overlay-type":"","overlay-color":"","overlay-opacity":"","overlay-gradient":""}},"footnotes":""},"class_list":["post-55","page","type-page","status-publish","hentry"],"post_mailing_queue_ids":[],"_links":{"self":[{"href":"https:\/\/agora.xtec.cat\/insbarresiones\/wp-json\/wp\/v2\/pages\/55","targetHints":{"allow":["GET"]}}],"collection":[{"href":"https:\/\/agora.xtec.cat\/insbarresiones\/wp-json\/wp\/v2\/pages"}],"about":[{"href":"https:\/\/agora.xtec.cat\/insbarresiones\/wp-json\/wp\/v2\/types\/page"}],"author":[{"embeddable":true,"href":"https:\/\/agora.xtec.cat\/insbarresiones\/wp-json\/wp\/v2\/users\/1"}],"replies":[{"embeddable":true,"href":"https:\/\/agora.xtec.cat\/insbarresiones\/wp-json\/wp\/v2\/comments?post=55"}],"version-history":[{"count":4,"href":"https:\/\/agora.xtec.cat\/insbarresiones\/wp-json\/wp\/v2\/pages\/55\/revisions"}],"predecessor-version":[{"id":1359,"href":"https:\/\/agora.xtec.cat\/insbarresiones\/wp-json\/wp\/v2\/pages\/55\/revisions\/1359"}],"up":[{"embeddable":true,"href":"https:\/\/agora.xtec.cat\/insbarresiones\/wp-json\/wp\/v2\/pages\/19"}],"wp:attachment":[{"href":"https:\/\/agora.xtec.cat\/insbarresiones\/wp-json\/wp\/v2\/media?parent=55"}],"curies":[{"name":"wp","href":"https:\/\/api.w.org\/{rel}","templated":true}]}}