{"id":46,"date":"2014-09-17T16:53:45","date_gmt":"2014-09-17T16:53:45","guid":{"rendered":"http:\/\/agora.xtec.cat\/insbarresiones\/?page_id=46"},"modified":"2024-11-05T06:58:16","modified_gmt":"2024-11-05T05:58:16","slug":"organigrama","status":"publish","type":"page","link":"https:\/\/agora.xtec.cat\/insbarresiones\/linstitut\/organigrama\/","title":{"rendered":"Organigrama"},"content":{"rendered":"<p><strong>Equip directiu de l&#8217;institut Barres i Ones:<\/strong><\/p>\n<p>Director: Carles Dorce<br \/>\nCap d&#8217;estudis: Alejandra Cort\u00e9s<br \/>\nSecret\u00e0ria: Marta Sypianska<br \/>\nDirector pedag\u00f2gic: Andreu Mu\u00f1oz<br \/>\nCap d&#8217;estudis adjunt: Eugeni Ruf\u00ed<br \/>\nCoordinadora d&#8217;ESO: Alba Montalban<br \/>\nCoordinador de Batxillerat: Luis Luna<br \/>\nCoordinadora de CFGM: L\u00eddia P\u00e9rez<\/p>\n<p><strong>C\u00e0rrecs de coordinaci\u00f3 de l&#8217;Institut Barres i Ones:<\/strong><\/p>\n<p>Coordinador de Xarxes Socials i Comunicaci\u00f3: Joan Montero<br \/>\nCoordinador d&#8217;Acci\u00f3 Tutorial i Coeducaci\u00f3 Prou bullying: Albert Vall\u00e9s<br \/>\nCoordinadora d&#8217;inform\u00e0tica: \u00d3scar Fern\u00e1ndez<br \/>\nCoordinadora projecte excel.l\u00e8ncia educativa: Maribel Fern\u00e1ndez<br \/>\nProjecte internacional Erasmus +: Silvia Cruz<br \/>\nCoordinadora d&#8217;activitats extraescolars i escola de teatre: Rosa Maria Reverter<br \/>\nCoordinadora LIC: Laura Nogu\u00e9s<br \/>\nCoordinadora de Projecte d\u2019innovaci\u00f3 educativa en mediaci\u00f3 escolar: Pilar Bowen<br \/>\nCoordinador de riscos laborals: Antoni San Nicol\u00e1s<\/p>\n<p><strong style=\"font-family: inherit; font-size: 1em;\">Caps de Departament de l&#8217;Institut Barres i Ones:<\/strong><\/p>\n<p>M\u00fasica i dansa: Cristina Llevat<br \/>\nCi\u00e8ncies Socials: Joan Montero<br \/>\nEducaci\u00f3 F\u00edsica: Toni Rovira<br \/>\nEducaci\u00f3 visual i pl\u00e0stica: Diana Ros<br \/>\nPsicopedagogia i Orientaci\u00f3: M\u00f2nica Bejar<br \/>\nLlengua catalana: Esther Montoya<br \/>\nLlengua castellana: Maribel Fern\u00e1ndez<br \/>\nLleng\u00fces estrangeres: Laura Nogu\u00e9s<br \/>\nMatem\u00e0tiques: Marta Vi\u00f1as<br \/>\nCi\u00e8ncies naturals: Diana Ochando<br \/>\nTecnologia: Dani Madurga<\/p>\n","protected":false},"excerpt":{"rendered":"<p>Equip directiu de l&#8217;institut Barres i Ones: Director: Carles Dorce Cap d&#8217;estudis: Alejandra Cort\u00e9s Secret\u00e0ria: Marta Sypianska Director pedag\u00f2gic: Andreu Mu\u00f1oz Cap d&#8217;estudis adjunt: Eugeni Ruf\u00ed Coordinadora d&#8217;ESO: Alba Montalban Coordinador de Batxillerat: Luis Luna Coordinadora de CFGM: L\u00eddia P\u00e9rez C\u00e0rrecs de coordinaci\u00f3 de l&#8217;Institut Barres i Ones: Coordinador de Xarxes Socials i Comunicaci\u00f3: Joan [&hellip;]<\/p>\n","protected":false},"author":1,"featured_media":0,"parent":19,"menu_order":50,"comment_status":"closed","ping_status":"closed","template":"page-templates\/side-menu.php","meta":{"_bbp_topic_count":0,"_bbp_reply_count":0,"_bbp_total_topic_count":0,"_bbp_total_reply_count":0,"_bbp_voice_count":0,"_bbp_anonymous_reply_count":0,"_bbp_topic_count_hidden":0,"_bbp_reply_count_hidden":0,"_bbp_forum_subforum_count":0,"site-sidebar-layout":"default","site-content-layout":"","ast-site-content-layout":"","site-content-style":"default","site-sidebar-style":"default","ast-global-header-display":"","ast-banner-title-visibility":"","ast-main-header-display":"","ast-hfb-above-header-display":"","ast-hfb-below-header-display":"","ast-hfb-mobile-header-display":"","site-post-title":"","ast-breadcrumbs-content":"","ast-featured-img":"","footer-sml-layout":"","theme-transparent-header-meta":"","adv-header-id-meta":"","stick-header-meta":"","header-above-stick-meta":"","header-main-stick-meta":"","header-below-stick-meta":"","astra-migrate-meta-layouts":"default","ast-page-background-enabled":"default","ast-page-background-meta":{"desktop":{"background-color":"var(--ast-global-color-4)","background-image":"","background-repeat":"repeat","background-position":"center center","background-size":"auto","background-attachment":"scroll","background-type":"","background-media":"","overlay-type":"","overlay-color":"","overlay-opacity":"","overlay-gradient":""},"tablet":{"background-color":"","background-image":"","background-repeat":"repeat","background-position":"center center","background-size":"auto","background-attachment":"scroll","background-type":"","background-media":"","overlay-type":"","overlay-color":"","overlay-opacity":"","overlay-gradient":""},"mobile":{"background-color":"","background-image":"","background-repeat":"repeat","background-position":"center center","background-size":"auto","background-attachment":"scroll","background-type":"","background-media":"","overlay-type":"","overlay-color":"","overlay-opacity":"","overlay-gradient":""}},"ast-content-background-meta":{"desktop":{"background-color":"var(--ast-global-color-5)","background-image":"","background-repeat":"repeat","background-position":"center center","background-size":"auto","background-attachment":"scroll","background-type":"","background-media":"","overlay-type":"","overlay-color":"","overlay-opacity":"","overlay-gradient":""},"tablet":{"background-color":"var(--ast-global-color-5)","background-image":"","background-repeat":"repeat","background-position":"center center","background-size":"auto","background-attachment":"scroll","background-type":"","background-media":"","overlay-type":"","overlay-color":"","overlay-opacity":"","overlay-gradient":""},"mobile":{"background-color":"var(--ast-global-color-5)","background-image":"","background-repeat":"repeat","background-position":"center center","background-size":"auto","background-attachment":"scroll","background-type":"","background-media":"","overlay-type":"","overlay-color":"","overlay-opacity":"","overlay-gradient":""}},"footnotes":""},"class_list":["post-46","page","type-page","status-publish","hentry"],"post_mailing_queue_ids":[],"_links":{"self":[{"href":"https:\/\/agora.xtec.cat\/insbarresiones\/wp-json\/wp\/v2\/pages\/46","targetHints":{"allow":["GET"]}}],"collection":[{"href":"https:\/\/agora.xtec.cat\/insbarresiones\/wp-json\/wp\/v2\/pages"}],"about":[{"href":"https:\/\/agora.xtec.cat\/insbarresiones\/wp-json\/wp\/v2\/types\/page"}],"author":[{"embeddable":true,"href":"https:\/\/agora.xtec.cat\/insbarresiones\/wp-json\/wp\/v2\/users\/1"}],"replies":[{"embeddable":true,"href":"https:\/\/agora.xtec.cat\/insbarresiones\/wp-json\/wp\/v2\/comments?post=46"}],"version-history":[{"count":8,"href":"https:\/\/agora.xtec.cat\/insbarresiones\/wp-json\/wp\/v2\/pages\/46\/revisions"}],"predecessor-version":[{"id":3738,"href":"https:\/\/agora.xtec.cat\/insbarresiones\/wp-json\/wp\/v2\/pages\/46\/revisions\/3738"}],"up":[{"embeddable":true,"href":"https:\/\/agora.xtec.cat\/insbarresiones\/wp-json\/wp\/v2\/pages\/19"}],"wp:attachment":[{"href":"https:\/\/agora.xtec.cat\/insbarresiones\/wp-json\/wp\/v2\/media?parent=46"}],"curies":[{"name":"wp","href":"https:\/\/api.w.org\/{rel}","templated":true}]}}