{"id":4204,"date":"2026-04-15T09:44:58","date_gmt":"2026-04-15T07:44:58","guid":{"rendered":"https:\/\/agora.xtec.cat\/insbarresiones\/?page_id=4204"},"modified":"2026-04-15T09:48:16","modified_gmt":"2026-04-15T07:48:16","slug":"beques-postobligatories-2026-2027","status":"publish","type":"page","link":"https:\/\/agora.xtec.cat\/insbarresiones\/beques-postobligatories-2026-2027\/","title":{"rendered":"BEQUES POSTOBLIGAT\u00d2RIES 2026-2027"},"content":{"rendered":"\n<h2 class=\"wp-block-heading\">\ud83d\udce2 COMUNICAT IMPORTANT<\/h2>\n\n\n\n<h2 class=\"wp-block-heading\">BEQUES POSTOBLIGAT\u00d2RIES 2026-2027<\/h2>\n\n\n\n<p> Benvolgudes fam\u00edlies, <\/p>\n\n\n\n<p>Us informem que aquest any ha canviat la normativa de les beques d\u2019estudis postobligatoris ( Batxillerat, FP, etc. ). <\/p>\n\n\n\n<p>Per evitar problemes amb la tramitaci\u00f3, us demanem que llegiu atentament els seg\u00fcents punts:<\/p>\n\n\n\n<h2 class=\"wp-block-heading\">\u26a0\ufe0f <strong>Canvi important en la sol\u00b7licitud<\/strong><\/h2>\n\n\n\n<p> Si l\u2019alumne\/a \u00e9s menor d\u2019edat , la sol\u00b7licitud NO la pot fer l\u2019alumne\/a. L\u2019han de fer obligat\u00f2riament el pare, la mare o el tutor\/a legal.<\/p>\n\n\n\n<h2 class=\"wp-block-heading\">\ud83c\udfe2 Ajuda Presencial: Oficines d&#8217;Atenci\u00f3<\/h2>\n\n\n\n<p> Si necessiteu suport per fer la sol\u00b7licitud o per activar l\u2019 IdCAT M\u00f2bil , podeu adre\u00e7ar-vos a les seg\u00fcents oficines. <\/p>\n\n\n\n<p>\ud83d\uded1 MOLT IMPORTANT: Per anar a qualsevol d&#8217;aquestes oficines, \u00e9s OBLIGATORI demanar CITA PR\u00c8VIA trucant directament o a trav\u00e9s del web oficial. <\/p>\n\n\n\n<figure class=\"wp-block-image aligncenter size-full is-resized\"><a href=\"https:\/\/agora.xtec.cat\/insbarresiones\/wp-content\/uploads\/usu1942\/2026\/04\/image-7.png\"><img loading=\"lazy\" decoding=\"async\" width=\"443\" height=\"360\" src=\"https:\/\/agora.xtec.cat\/insbarresiones\/wp-content\/uploads\/usu1942\/2026\/04\/image-7.png\" alt=\"\" class=\"wp-image-4215\" style=\"width:605px;height:auto\" srcset=\"https:\/\/agora.xtec.cat\/insbarresiones\/wp-content\/uploads\/usu1942\/2026\/04\/image-7.png 443w, https:\/\/agora.xtec.cat\/insbarresiones\/wp-content\/uploads\/usu1942\/2026\/04\/image-7-300x244.png 300w\" sizes=\"auto, (max-width: 443px) 100vw, 443px\" \/><\/a><\/figure>\n\n\n\n<p> Recordeu que tamb\u00e9 es pot fer a trav\u00e9s del tel\u00e8fon general d&#8217;atenci\u00f3 ciutadana de Badalona: 010 o 93 483 26 00 . <\/p>\n\n\n\n<h2 class=\"wp-block-heading\">\ud83d\udcbb Tramitaci\u00f3 Online (Des de casa) Per a aquelles fam\u00edlies que prefereixin fer el tr\u00e0mit pel seu compte, us facilitem: <\/h2>\n\n\n\n<p>\u25cf Guia pr\u00e0ctica pas a pas per fer la sol\u00b7licitud per internet. <\/p>\n\n\n\n<div data-wp-interactive=\"core\/file\" class=\"wp-block-file\"><object data-wp-bind--hidden=\"!state.hasPdfPreview\" hidden class=\"wp-block-file__embed\" data=\"https:\/\/agora.xtec.cat\/insbarresiones\/wp-content\/uploads\/usu1942\/2026\/04\/PAS-A-PAS-BEQUES-1.pdf\" type=\"application\/pdf\" style=\"width:100%;height:600px\" aria-label=\"Incrustaci\u00f3 del fitxer PAS A PAS BEQUES.\"><\/object><a id=\"wp-block-file--media-7cacc50c-a6f6-4e1e-a58a-258f31aa19cc\" href=\"https:\/\/agora.xtec.cat\/insbarresiones\/wp-content\/uploads\/usu1942\/2026\/04\/PAS-A-PAS-BEQUES-1.pdf\">PAS A PAS BEQUES<\/a><a href=\"https:\/\/agora.xtec.cat\/insbarresiones\/wp-content\/uploads\/usu1942\/2026\/04\/PAS-A-PAS-BEQUES-1.pdf\" class=\"wp-block-file__button wp-element-button\" download aria-describedby=\"wp-block-file--media-7cacc50c-a6f6-4e1e-a58a-258f31aa19cc\">Baixa<\/a><\/div>\n\n\n\n<p>\u25cf Manual d&#8217;instruccions per obtenir l&#8217; IdCAT M\u00f2bil . Recordeu que l&#8217;IdCAT M\u00f2bil \u00e9s indispensable per a la signatura digital dels tr\u00e0mits de l&#8217;administraci\u00f3 catalana. <\/p>\n\n\n\n<div data-wp-interactive=\"core\/file\" class=\"wp-block-file\"><object data-wp-bind--hidden=\"!state.hasPdfPreview\" hidden class=\"wp-block-file__embed\" data=\"https:\/\/agora.xtec.cat\/insbarresiones\/wp-content\/uploads\/usu1942\/2026\/04\/DONAR-DALTA-IDCAT-MBL.pdf\" type=\"application\/pdf\" style=\"width:100%;height:600px\" aria-label=\"Incrustaci\u00f3 del fitxer DONAR D&#039;ALTA IDCAT MBL.\"><\/object><a id=\"wp-block-file--media-87099bd1-e358-443b-ab2d-e54586c4ef38\" href=\"https:\/\/agora.xtec.cat\/insbarresiones\/wp-content\/uploads\/usu1942\/2026\/04\/DONAR-DALTA-IDCAT-MBL.pdf\">DONAR D&#8217;ALTA IDCAT MBL<\/a><a href=\"https:\/\/agora.xtec.cat\/insbarresiones\/wp-content\/uploads\/usu1942\/2026\/04\/DONAR-DALTA-IDCAT-MBL.pdf\" class=\"wp-block-file__button wp-element-button\" download aria-describedby=\"wp-block-file--media-87099bd1-e358-443b-ab2d-e54586c4ef38\">Baixa<\/a><\/div>\n\n\n\n<h2 class=\"wp-block-heading\">\ud83d\uddd3 <strong>Suport al centre<\/strong><\/h2>\n\n\n\n<p>Si teniu dubtes o el missatge no us ha quedat clar, la TIS (T\u00e8cnica d\u2019Integraci\u00f3 Social) o les administratives del centre estaran disponibles per qualsevol aclariment. <\/p>\n\n\n\n<p>Cordialment,<\/p>\n\n\n\n<p><\/p>\n","protected":false},"excerpt":{"rendered":"<p>\ud83d\udce2 COMUNICAT IMPORTANT BEQUES POSTOBLIGAT\u00d2RIES 2026-2027 Benvolgudes fam\u00edlies, Us informem que aquest any ha canviat la normativa de les beques d\u2019estudis postobligatoris ( Batxillerat, FP, etc. ). Per evitar problemes amb la tramitaci\u00f3, us demanem que llegiu atentament els seg\u00fcents punts: \u26a0\ufe0f Canvi important en la sol\u00b7licitud Si l\u2019alumne\/a \u00e9s menor d\u2019edat , la sol\u00b7licitud [&hellip;]<\/p>\n","protected":false},"author":5,"featured_media":0,"parent":0,"menu_order":0,"comment_status":"closed","ping_status":"close","template":"","meta":{"_bbp_topic_count":0,"_bbp_reply_count":0,"_bbp_total_topic_count":0,"_bbp_total_reply_count":0,"_bbp_voice_count":0,"_bbp_anonymous_reply_count":0,"_bbp_topic_count_hidden":0,"_bbp_reply_count_hidden":0,"_bbp_forum_subforum_count":0,"site-sidebar-layout":"default","site-content-layout":"","ast-site-content-layout":"default","site-content-style":"default","site-sidebar-style":"default","ast-global-header-display":"","ast-banner-title-visibility":"","ast-main-header-display":"","ast-hfb-above-header-display":"","ast-hfb-below-header-display":"","ast-hfb-mobile-header-display":"","site-post-title":"","ast-breadcrumbs-content":"","ast-featured-img":"","footer-sml-layout":"","theme-transparent-header-meta":"","adv-header-id-meta":"","stick-header-meta":"","header-above-stick-meta":"","header-main-stick-meta":"","header-below-stick-meta":"","astra-migrate-meta-layouts":"set","ast-page-background-enabled":"default","ast-page-background-meta":{"desktop":{"background-color":"var(--ast-global-color-4)","background-image":"","background-repeat":"repeat","background-position":"center center","background-size":"auto","background-attachment":"scroll","background-type":"","background-media":"","overlay-type":"","overlay-color":"","overlay-opacity":"","overlay-gradient":""},"tablet":{"background-color":"","background-image":"","background-repeat":"repeat","background-position":"center center","background-size":"auto","background-attachment":"scroll","background-type":"","background-media":"","overlay-type":"","overlay-color":"","overlay-opacity":"","overlay-gradient":""},"mobile":{"background-color":"","background-image":"","background-repeat":"repeat","background-position":"center center","background-size":"auto","background-attachment":"scroll","background-type":"","background-media":"","overlay-type":"","overlay-color":"","overlay-opacity":"","overlay-gradient":""}},"ast-content-background-meta":{"desktop":{"background-color":"var(--ast-global-color-5)","background-image":"","background-repeat":"repeat","background-position":"center center","background-size":"auto","background-attachment":"scroll","background-type":"","background-media":"","overlay-type":"","overlay-color":"","overlay-opacity":"","overlay-gradient":""},"tablet":{"background-color":"var(--ast-global-color-5)","background-image":"","background-repeat":"repeat","background-position":"center center","background-size":"auto","background-attachment":"scroll","background-type":"","background-media":"","overlay-type":"","overlay-color":"","overlay-opacity":"","overlay-gradient":""},"mobile":{"background-color":"var(--ast-global-color-5)","background-image":"","background-repeat":"repeat","background-position":"center center","background-size":"auto","background-attachment":"scroll","background-type":"","background-media":"","overlay-type":"","overlay-color":"","overlay-opacity":"","overlay-gradient":""}},"footnotes":""},"class_list":["post-4204","page","type-page","status-publish","hentry"],"post_mailing_queue_ids":[],"_links":{"self":[{"href":"https:\/\/agora.xtec.cat\/insbarresiones\/wp-json\/wp\/v2\/pages\/4204","targetHints":{"allow":["GET"]}}],"collection":[{"href":"https:\/\/agora.xtec.cat\/insbarresiones\/wp-json\/wp\/v2\/pages"}],"about":[{"href":"https:\/\/agora.xtec.cat\/insbarresiones\/wp-json\/wp\/v2\/types\/page"}],"author":[{"embeddable":true,"href":"https:\/\/agora.xtec.cat\/insbarresiones\/wp-json\/wp\/v2\/users\/5"}],"replies":[{"embeddable":true,"href":"https:\/\/agora.xtec.cat\/insbarresiones\/wp-json\/wp\/v2\/comments?post=4204"}],"version-history":[{"count":2,"href":"https:\/\/agora.xtec.cat\/insbarresiones\/wp-json\/wp\/v2\/pages\/4204\/revisions"}],"predecessor-version":[{"id":4216,"href":"https:\/\/agora.xtec.cat\/insbarresiones\/wp-json\/wp\/v2\/pages\/4204\/revisions\/4216"}],"wp:attachment":[{"href":"https:\/\/agora.xtec.cat\/insbarresiones\/wp-json\/wp\/v2\/media?parent=4204"}],"curies":[{"name":"wp","href":"https:\/\/api.w.org\/{rel}","templated":true}]}}