{"id":4185,"date":"2026-04-08T13:16:30","date_gmt":"2026-04-08T11:16:30","guid":{"rendered":"https:\/\/agora.xtec.cat\/insbarresiones\/?page_id=4185"},"modified":"2026-04-08T13:16:32","modified_gmt":"2026-04-08T11:16:32","slug":"preinscripcio-i-matricula-batxillerat-2026-2027","status":"publish","type":"page","link":"https:\/\/agora.xtec.cat\/insbarresiones\/preinscripcio-i-matricula-batxillerat-2026-2027\/","title":{"rendered":"Preinscripci\u00f3 i matr\u00edcula Batxillerat 2026 \u2013 2027"},"content":{"rendered":"\n<figure class=\"wp-block-image size-large is-resized\"><a href=\"https:\/\/preinscripcio.gencat.cat\/ca\/estudis\/eso\/inici\"><img loading=\"lazy\" decoding=\"async\" width=\"1024\" height=\"200\" src=\"https:\/\/agora.xtec.cat\/insbarresiones\/wp-content\/uploads\/usu1942\/2026\/02\/imatge-impacte-1024x200.jpg\" alt=\"\" class=\"wp-image-4127\" style=\"width:1200px;height:auto\" srcset=\"https:\/\/agora.xtec.cat\/insbarresiones\/wp-content\/uploads\/usu1942\/2026\/02\/imatge-impacte-1024x200.jpg 1024w, https:\/\/agora.xtec.cat\/insbarresiones\/wp-content\/uploads\/usu1942\/2026\/02\/imatge-impacte-300x59.jpg 300w, https:\/\/agora.xtec.cat\/insbarresiones\/wp-content\/uploads\/usu1942\/2026\/02\/imatge-impacte-768x150.jpg 768w, https:\/\/agora.xtec.cat\/insbarresiones\/wp-content\/uploads\/usu1942\/2026\/02\/imatge-impacte-1536x301.jpg 1536w, https:\/\/agora.xtec.cat\/insbarresiones\/wp-content\/uploads\/usu1942\/2026\/02\/imatge-impacte.jpg 1900w\" sizes=\"auto, (max-width: 1024px) 100vw, 1024px\" \/><\/a><\/figure>\n\n\n\n<p>Per con\u00e9ixer tota la informaci\u00f3 disponible al\u00a0<a href=\"https:\/\/preinscripcio.gencat.cat\/ca\/estudis\/batxillerat\/inici\/\">web\u00a0<\/a>del Departament d\u2019Educaci\u00f3 i Formaci\u00f3 Professional.<\/p>\n\n\n\n<div data-wp-interactive=\"core\/file\" class=\"wp-block-file\"><object data-wp-bind--hidden=\"!state.hasPdfPreview\" hidden class=\"wp-block-file__embed\" data=\"https:\/\/agora.xtec.cat\/insbarresiones\/wp-content\/uploads\/usu1942\/2026\/04\/Calendari-preinscripcio-BATX-curs-26-27.pdf\" type=\"application\/pdf\" style=\"width:100%;height:600px\" aria-label=\"Incrustaci\u00f3 del fitxer Calendari preinscripcio BATX curs 26-27.\"><\/object><a id=\"wp-block-file--media-1e51eb5f-99e8-45f3-b922-1a41de5d2b12\" href=\"https:\/\/agora.xtec.cat\/insbarresiones\/wp-content\/uploads\/usu1942\/2026\/04\/Calendari-preinscripcio-BATX-curs-26-27.pdf\">Calendari preinscripcio BATX curs 26-27<\/a><a href=\"https:\/\/agora.xtec.cat\/insbarresiones\/wp-content\/uploads\/usu1942\/2026\/04\/Calendari-preinscripcio-BATX-curs-26-27.pdf\" class=\"wp-block-file__button wp-element-button\" download aria-describedby=\"wp-block-file--media-1e51eb5f-99e8-45f3-b922-1a41de5d2b12\">Baixa<\/a><\/div>\n\n\n\n<figure class=\"wp-block-image aligncenter size-large\"><a href=\"https:\/\/preinscripcio.gencat.cat\/ca\/estudis\/batxillerat\/informat\/calendari\/\"><img loading=\"lazy\" decoding=\"async\" width=\"1024\" height=\"576\" src=\"https:\/\/agora.xtec.cat\/insbarresiones\/wp-content\/uploads\/usu1942\/2026\/04\/image-1024x576.png\" alt=\"\" class=\"wp-image-4187\" srcset=\"https:\/\/agora.xtec.cat\/insbarresiones\/wp-content\/uploads\/usu1942\/2026\/04\/image-1024x576.png 1024w, https:\/\/agora.xtec.cat\/insbarresiones\/wp-content\/uploads\/usu1942\/2026\/04\/image-300x169.png 300w, https:\/\/agora.xtec.cat\/insbarresiones\/wp-content\/uploads\/usu1942\/2026\/04\/image-768x432.png 768w, https:\/\/agora.xtec.cat\/insbarresiones\/wp-content\/uploads\/usu1942\/2026\/04\/image.png 1471w\" sizes=\"auto, (max-width: 1024px) 100vw, 1024px\" \/><\/a><\/figure>\n\n\n\n<figure class=\"wp-block-image alignleft\"><img decoding=\"async\" src=\"https:\/\/preinscripcio.gencat.cat\/web\/.content\/icones\/cerca-on.png_2044584825.png\" alt=\"\"\/><\/figure>\n\n\n\n<p><strong>8 d&#8217;abril de 2026: oferta inicial de places<\/strong><\/p>\n\n\n\n<p>Publicaci\u00f3 del nombre de places per centre i curs.<\/p>\n\n\n\n<figure class=\"wp-block-image aligncenter size-large\"><a href=\"https:\/\/agora.xtec.cat\/insbarresiones\/wp-content\/uploads\/usu1942\/2026\/04\/image-1.png\"><img loading=\"lazy\" decoding=\"async\" width=\"1024\" height=\"490\" src=\"https:\/\/agora.xtec.cat\/insbarresiones\/wp-content\/uploads\/usu1942\/2026\/04\/image-1-1024x490.png\" alt=\"\" class=\"wp-image-4188\" srcset=\"https:\/\/agora.xtec.cat\/insbarresiones\/wp-content\/uploads\/usu1942\/2026\/04\/image-1-1024x490.png 1024w, https:\/\/agora.xtec.cat\/insbarresiones\/wp-content\/uploads\/usu1942\/2026\/04\/image-1-300x144.png 300w, https:\/\/agora.xtec.cat\/insbarresiones\/wp-content\/uploads\/usu1942\/2026\/04\/image-1-768x367.png 768w, https:\/\/agora.xtec.cat\/insbarresiones\/wp-content\/uploads\/usu1942\/2026\/04\/image-1.png 1440w\" sizes=\"auto, (max-width: 1024px) 100vw, 1024px\" \/><\/a><\/figure>\n\n\n\n<p><img decoding=\"async\" src=\"https:\/\/preinscripcio.gencat.cat\/web\/.content\/icones\/sollicitud-on.png_2044584825.png\" alt=\"\"> <strong> Del 9 al 16 d&#8217;abril de 2026: presentaci\u00f3 de sol\u00b7licituds<\/strong><\/p>\n\n\n\n<p>\u00c9s molt important respectar les dates de presentaci\u00f3, perqu\u00e8 per a aquests ensenyaments no s&#8217;accepten sol\u00b7licituds fora de termini.<\/p>\n\n\n\n<p>La presentaci\u00f3 de sol\u00b7licituds de preinscripci\u00f3 als centres de doble titulaci\u00f3 \u00e9s del 20 al 27 de mar\u00e7 de 2026.<\/p>\n\n\n\n<p>Av\u00eds: Les dates de presentaci\u00f3 de sol\u00b7licituds per compatibilitzar i cursar simult\u00e0niament els ensenyaments esportius i el batxillerat s\u00f3n del 27 d&#8217;abril al 6 de maig de 2026.<\/p>\n\n\n\n<p><img decoding=\"async\" src=\"https:\/\/preinscripcio.gencat.cat\/web\/.content\/icones\/presentar-doc-on.png_2044584825.png\" alt=\"\"> <strong>Fins al 17 d&#8217;abril de 2026: presentaci\u00f3 de documentaci\u00f3<\/strong><\/p>\n\n\n\n<p>Fins aquest dia es pot presentar la documentaci\u00f3 acreditativa que no s&#8217;hagi pogut adjuntar durant el per\u00edode de presentaci\u00f3 de sol\u00b7licituds.<\/p>\n\n\n\n<h2 class=\"wp-block-heading\">Criteris del barem<\/h2>\n\n\n\n<div data-wp-interactive=\"core\/file\" class=\"wp-block-file\"><object data-wp-bind--hidden=\"!state.hasPdfPreview\" hidden class=\"wp-block-file__embed\" data=\"https:\/\/agora.xtec.cat\/insbarresiones\/wp-content\/uploads\/usu1942\/2026\/04\/Barem-BATX-curs-26-27.pdf\" type=\"application\/pdf\" style=\"width:100%;height:600px\" aria-label=\"Incrustaci\u00f3 del fitxer Barem BATX curs 26-27.\"><\/object><a id=\"wp-block-file--media-4fb39a3f-7274-4c17-9ed0-c35706ce0d40\" href=\"https:\/\/agora.xtec.cat\/insbarresiones\/wp-content\/uploads\/usu1942\/2026\/04\/Barem-BATX-curs-26-27.pdf\">Barem BATX curs 26-27<\/a><a href=\"https:\/\/agora.xtec.cat\/insbarresiones\/wp-content\/uploads\/usu1942\/2026\/04\/Barem-BATX-curs-26-27.pdf\" class=\"wp-block-file__button wp-element-button\" download aria-describedby=\"wp-block-file--media-4fb39a3f-7274-4c17-9ed0-c35706ce0d40\">Baixa<\/a><\/div>\n\n\n\n<h2 class=\"wp-block-heading\"><strong>Enlla\u00e7 per fer la preinscripci\u00f3<\/strong><\/h2>\n\n\n\n<p><a href=\"https:\/\/tramits.gencat.cat\/ca\/tramits\/tramits-temes\/preinscripcio-batxillerat?category=74447ed8-a82c-11e3-a972-000c29052e2c\">https:\/\/tramits.gencat.cat\/ca\/tramits\/tramits-temes\/preinscripcio-batxillerat?category=74447ed8-a82c-11e3-a972-000c29052e2c<\/a><\/p>\n\n\n\n<p>El nostre codi de centre \u00e9s\u00a0<strong>08044995<\/strong>,<\/p>\n\n\n\n<p><strong>Aclariments<\/strong>\u00a0sobre la preinscripci\u00f3. IMPORTANT: Heu de tenir en compte que l\u2019adre\u00e7a on est\u00e0 empadronat\/a l\u2019alumne\/a ha de coincidir amb el progenitor que fa la sol\u00b7licitud, en cas de separaci\u00f3 heu de fer constar com a OVT (Oficina virtual de tr\u00e0mits) al progenitor amb el qual conviu i est\u00e0 empadronat l\u2019alumne\/a, en cas contrari, pot donar error la puntuaci\u00f3 de lloc de resid\u00e8ncia i ens haureu de fer arribar un certificat de conviv\u00e8ncia o full d\u2019empadronament actualitzat.<\/p>\n\n\n\n<h2 class=\"wp-block-heading\">Com adjuntar la documentaci\u00f3 a la preinscripci\u00f3<\/h2>\n\n\n\n<figure class=\"wp-block-embed is-type-video is-provider-youtube wp-block-embed-youtube wp-embed-aspect-16-9 wp-has-aspect-ratio\"><div class=\"wp-block-embed__wrapper\">\n<div class=\"ast-oembed-container \" style=\"height: 100%;\"><iframe loading=\"lazy\" title=\"Com adjuntar documentaci\u00f3 en la sol\u00b7licitud de preinscripci\u00f3\" width=\"500\" height=\"281\" src=\"https:\/\/www.youtube.com\/embed\/A6Ru3PwTvPc?start=9&#038;feature=oembed\" frameborder=\"0\" allow=\"accelerometer; autoplay; clipboard-write; encrypted-media; gyroscope; picture-in-picture; web-share\" referrerpolicy=\"strict-origin-when-cross-origin\" allowfullscreen><\/iframe><\/div>\n<\/div><\/figure>\n","protected":false},"excerpt":{"rendered":"<p>Per con\u00e9ixer tota la informaci\u00f3 disponible al\u00a0web\u00a0del Departament d\u2019Educaci\u00f3 i Formaci\u00f3 Professional. 8 d&#8217;abril de 2026: oferta inicial de places Publicaci\u00f3 del nombre de places per centre i curs. Del 9 al 16 d&#8217;abril de 2026: presentaci\u00f3 de sol\u00b7licituds \u00c9s molt important respectar les dates de presentaci\u00f3, perqu\u00e8 per a aquests ensenyaments no s&#8217;accepten sol\u00b7licituds [&hellip;]<\/p>\n","protected":false},"author":5,"featured_media":0,"parent":0,"menu_order":0,"comment_status":"closed","ping_status":"close","template":"","meta":{"_bbp_topic_count":0,"_bbp_reply_count":0,"_bbp_total_topic_count":0,"_bbp_total_reply_count":0,"_bbp_voice_count":0,"_bbp_anonymous_reply_count":0,"_bbp_topic_count_hidden":0,"_bbp_reply_count_hidden":0,"_bbp_forum_subforum_count":0,"site-sidebar-layout":"default","site-content-layout":"","ast-site-content-layout":"default","site-content-style":"default","site-sidebar-style":"default","ast-global-header-display":"","ast-banner-title-visibility":"","ast-main-header-display":"","ast-hfb-above-header-display":"","ast-hfb-below-header-display":"","ast-hfb-mobile-header-display":"","site-post-title":"","ast-breadcrumbs-content":"","ast-featured-img":"","footer-sml-layout":"","theme-transparent-header-meta":"","adv-header-id-meta":"","stick-header-meta":"","header-above-stick-meta":"","header-main-stick-meta":"","header-below-stick-meta":"","astra-migrate-meta-layouts":"set","ast-page-background-enabled":"default","ast-page-background-meta":{"desktop":{"background-color":"var(--ast-global-color-4)","background-image":"","background-repeat":"repeat","background-position":"center center","background-size":"auto","background-attachment":"scroll","background-type":"","background-media":"","overlay-type":"","overlay-color":"","overlay-opacity":"","overlay-gradient":""},"tablet":{"background-color":"","background-image":"","background-repeat":"repeat","background-position":"center center","background-size":"auto","background-attachment":"scroll","background-type":"","background-media":"","overlay-type":"","overlay-color":"","overlay-opacity":"","overlay-gradient":""},"mobile":{"background-color":"","background-image":"","background-repeat":"repeat","background-position":"center center","background-size":"auto","background-attachment":"scroll","background-type":"","background-media":"","overlay-type":"","overlay-color":"","overlay-opacity":"","overlay-gradient":""}},"ast-content-background-meta":{"desktop":{"background-color":"var(--ast-global-color-5)","background-image":"","background-repeat":"repeat","background-position":"center center","background-size":"auto","background-attachment":"scroll","background-type":"","background-media":"","overlay-type":"","overlay-color":"","overlay-opacity":"","overlay-gradient":""},"tablet":{"background-color":"var(--ast-global-color-5)","background-image":"","background-repeat":"repeat","background-position":"center center","background-size":"auto","background-attachment":"scroll","background-type":"","background-media":"","overlay-type":"","overlay-color":"","overlay-opacity":"","overlay-gradient":""},"mobile":{"background-color":"var(--ast-global-color-5)","background-image":"","background-repeat":"repeat","background-position":"center center","background-size":"auto","background-attachment":"scroll","background-type":"","background-media":"","overlay-type":"","overlay-color":"","overlay-opacity":"","overlay-gradient":""}},"footnotes":""},"class_list":["post-4185","page","type-page","status-publish","hentry"],"post_mailing_queue_ids":[],"_links":{"self":[{"href":"https:\/\/agora.xtec.cat\/insbarresiones\/wp-json\/wp\/v2\/pages\/4185","targetHints":{"allow":["GET"]}}],"collection":[{"href":"https:\/\/agora.xtec.cat\/insbarresiones\/wp-json\/wp\/v2\/pages"}],"about":[{"href":"https:\/\/agora.xtec.cat\/insbarresiones\/wp-json\/wp\/v2\/types\/page"}],"author":[{"embeddable":true,"href":"https:\/\/agora.xtec.cat\/insbarresiones\/wp-json\/wp\/v2\/users\/5"}],"replies":[{"embeddable":true,"href":"https:\/\/agora.xtec.cat\/insbarresiones\/wp-json\/wp\/v2\/comments?post=4185"}],"version-history":[{"count":1,"href":"https:\/\/agora.xtec.cat\/insbarresiones\/wp-json\/wp\/v2\/pages\/4185\/revisions"}],"predecessor-version":[{"id":4191,"href":"https:\/\/agora.xtec.cat\/insbarresiones\/wp-json\/wp\/v2\/pages\/4185\/revisions\/4191"}],"wp:attachment":[{"href":"https:\/\/agora.xtec.cat\/insbarresiones\/wp-json\/wp\/v2\/media?parent=4185"}],"curies":[{"name":"wp","href":"https:\/\/api.w.org\/{rel}","templated":true}]}}