{"id":4167,"date":"2026-03-12T10:03:55","date_gmt":"2026-03-12T09:03:55","guid":{"rendered":"https:\/\/agora.xtec.cat\/insbarresiones\/?page_id=4167"},"modified":"2026-04-29T13:16:54","modified_gmt":"2026-04-29T11:16:54","slug":"preinscripcio-i-matricula-eso-2026-2027","status":"publish","type":"page","link":"https:\/\/agora.xtec.cat\/insbarresiones\/secretaria\/preinscripcio-i-matricula\/preinscripcio-i-matricula-eso-2026-2027\/","title":{"rendered":"Preinscripci\u00f3 i matr\u00edcula ESO 2026 \u2013 2027"},"content":{"rendered":"\n<figure class=\"wp-block-image size-large is-resized\"><a href=\"https:\/\/preinscripcio.gencat.cat\/ca\/estudis\/eso\/inici\"><img loading=\"lazy\" decoding=\"async\" width=\"1024\" height=\"200\" src=\"https:\/\/agora.xtec.cat\/insbarresiones\/wp-content\/uploads\/usu1942\/2026\/02\/imatge-impacte-1024x200.jpg\" alt=\"\" class=\"wp-image-4127\" style=\"width:1200px;height:auto\" srcset=\"https:\/\/agora.xtec.cat\/insbarresiones\/wp-content\/uploads\/usu1942\/2026\/02\/imatge-impacte-1024x200.jpg 1024w, https:\/\/agora.xtec.cat\/insbarresiones\/wp-content\/uploads\/usu1942\/2026\/02\/imatge-impacte-300x59.jpg 300w, https:\/\/agora.xtec.cat\/insbarresiones\/wp-content\/uploads\/usu1942\/2026\/02\/imatge-impacte-768x150.jpg 768w, https:\/\/agora.xtec.cat\/insbarresiones\/wp-content\/uploads\/usu1942\/2026\/02\/imatge-impacte-1536x301.jpg 1536w, https:\/\/agora.xtec.cat\/insbarresiones\/wp-content\/uploads\/usu1942\/2026\/02\/imatge-impacte.jpg 1900w\" sizes=\"auto, (max-width: 1024px) 100vw, 1024px\" \/><\/a><\/figure>\n\n\n\n<p>Per con\u00e9ixer tota la informaci\u00f3 disponible al&nbsp;<a href=\"https:\/\/preinscripcio.gencat.cat\/ca\/estudis\/eso\/inici\/\" target=\"_blank\" rel=\"noreferrer noopener\">web<\/a>&nbsp;del Departament d\u2019Educaci\u00f3 i Formaci\u00f3 Professional. <\/p>\n\n\n\n<h2 class=\"wp-block-heading\">Coneix les dates clau del calendari<\/h2>\n\n\n\n<div data-wp-interactive=\"core\/file\" class=\"wp-block-file\"><object data-wp-bind--hidden=\"!state.hasPdfPreview\" hidden class=\"wp-block-file__embed\" data=\"https:\/\/agora.xtec.cat\/insbarresiones\/wp-content\/uploads\/usu1942\/2026\/03\/INFORMACIO-FAMILIES-PRIMARIA_Calendari.pdf\" type=\"application\/pdf\" style=\"width:100%;height:600px\" aria-label=\"Incrustaci\u00f3 del fitxer INFORMACIO FAMILIES PRIMARIA_Calendari.\"><\/object><a id=\"wp-block-file--media-2b52bb13-5447-43a3-bfe1-4832e6ceee0d\" href=\"https:\/\/agora.xtec.cat\/insbarresiones\/wp-content\/uploads\/usu1942\/2026\/03\/INFORMACIO-FAMILIES-PRIMARIA_Calendari.pdf\">INFORMACIO FAMILIES PRIMARIA_Calendari<\/a><a href=\"https:\/\/agora.xtec.cat\/insbarresiones\/wp-content\/uploads\/usu1942\/2026\/03\/INFORMACIO-FAMILIES-PRIMARIA_Calendari.pdf\" class=\"wp-block-file__button wp-element-button\" download aria-describedby=\"wp-block-file--media-2b52bb13-5447-43a3-bfe1-4832e6ceee0d\">Baixa<\/a><\/div>\n\n\n\n<figure class=\"wp-block-image aligncenter size-full\"><a href=\"https:\/\/preinscripcio.gencat.cat\/ca\/estudis\/eso\/informat\/calendari\/\"><img loading=\"lazy\" decoding=\"async\" width=\"832\" height=\"468\" src=\"https:\/\/agora.xtec.cat\/insbarresiones\/wp-content\/uploads\/usu1942\/2026\/03\/image-1.png\" alt=\"\" class=\"wp-image-4159\" srcset=\"https:\/\/agora.xtec.cat\/insbarresiones\/wp-content\/uploads\/usu1942\/2026\/03\/image-1.png 832w, https:\/\/agora.xtec.cat\/insbarresiones\/wp-content\/uploads\/usu1942\/2026\/03\/image-1-300x169.png 300w, https:\/\/agora.xtec.cat\/insbarresiones\/wp-content\/uploads\/usu1942\/2026\/03\/image-1-768x432.png 768w\" sizes=\"auto, (max-width: 832px) 100vw, 832px\" \/><\/a><\/figure>\n\n\n\n<figure class=\"wp-block-image alignleft\"><img decoding=\"async\" src=\"https:\/\/preinscripcio.gencat.cat\/web\/.content\/icones\/cerca-on.png_2044584825.png\" alt=\"\"\/><\/figure>\n\n\n\n<p><strong>3 de mar\u00e7 de 2026: oferta inicial de places escolars <\/strong><\/p>\n\n\n\n<p>Publicaci\u00f3 del nombre de places escolars per centre i curs<\/p>\n\n\n\n<figure class=\"wp-block-image aligncenter size-full\"><a href=\"https:\/\/agora.xtec.cat\/insbarresiones\/wp-content\/uploads\/usu1942\/2026\/03\/image.png\"><img loading=\"lazy\" decoding=\"async\" width=\"599\" height=\"298\" src=\"https:\/\/agora.xtec.cat\/insbarresiones\/wp-content\/uploads\/usu1942\/2026\/03\/image.png\" alt=\"\" class=\"wp-image-4157\" srcset=\"https:\/\/agora.xtec.cat\/insbarresiones\/wp-content\/uploads\/usu1942\/2026\/03\/image.png 599w, https:\/\/agora.xtec.cat\/insbarresiones\/wp-content\/uploads\/usu1942\/2026\/03\/image-300x149.png 300w\" sizes=\"auto, (max-width: 599px) 100vw, 599px\" \/><\/a><\/figure>\n\n\n\n<p><img decoding=\"async\" src=\"https:\/\/preinscripcio.gencat.cat\/web\/.content\/icones\/sollicitud-on.png_2044584825.png\" alt=\"\"> <strong> Del 6 al 18 de mar\u00e7 de 2026 (a partir de les 9 hores): presentaci\u00f3 de sol\u00b7licituds<\/strong><\/p>\n\n\n\n<p>\u00c9s molt important respectar les dates de presentaci\u00f3, perqu\u00e8 totes les sol\u00b7licituds que es presentin fora d&#8217;aquest termini perdran qualsevol prioritat a l&#8217;hora d&#8217;obtenir la pla\u00e7a. En la sol\u00b7licitud de preinscripci\u00f3 cal indicar si el centre escollit \u00e9s un centre&nbsp;<strong>adscrit<\/strong>&nbsp;a l&#8217;escola de prim\u00e0ria on s&#8217;han cursat els cursos anteriors. L&#8217;adscripci\u00f3 dels centres i els criteris prioritaris i complementaris serveixen per adjudicar una puntuaci\u00f3 a cada sol\u00b7licitud i establir l&#8217;ordre d&#8217;acc\u00e9s a les places dels centres. Cal presentar la sol\u00b7licitud i adjuntar-hi la documentaci\u00f3 d&#8217;identificaci\u00f3 o de criteris que correspongui.<\/p>\n\n\n\n<p><img decoding=\"async\" src=\"https:\/\/preinscripcio.gencat.cat\/web\/.content\/icones\/presentar-doc-on.png_2044584825.png\" alt=\"\"> <strong>Fins al 19 de mar\u00e7 de 2026: presentaci\u00f3 de documentaci\u00f3<\/strong><\/p>\n\n\n\n<p>Aquests dies pots presentar documentaci\u00f3 acreditativa que no hagis pogut adjuntar durant el per\u00edode de presentaci\u00f3 de sol\u00b7licituds.<\/p>\n\n\n\n<figure class=\"wp-block-image alignleft is-resized\"><img decoding=\"async\" src=\"https:\/\/preinscripcio.gencat.cat\/web\/.content\/icones\/consulta-revisa1-on.png_2044584825.png\" alt=\"\" style=\"width:43px;height:auto\"\/><\/figure>\n\n\n\n<p><strong>15 d&#8217;abril de 2026: llista de sol\u00b7licituds amb puntuaci\u00f3 provisional<\/strong><\/p>\n\n\n\n<div data-wp-interactive=\"core\/file\" class=\"wp-block-file\"><object data-wp-bind--hidden=\"!state.hasPdfPreview\" hidden class=\"wp-block-file__embed\" data=\"https:\/\/agora.xtec.cat\/insbarresiones\/wp-content\/uploads\/usu1942\/2026\/04\/INFORME_BAREM_PROVISIONAL_BAREM.pdf\" type=\"application\/pdf\" style=\"width:100%;height:600px\" aria-label=\"Incrustaci\u00f3 del fitxer INFORME_BAREM_PROVISIONAL_BAREM.\"><\/object><a id=\"wp-block-file--media-ee760f2c-02d7-40a2-81cd-3e8eeb162c7a\" href=\"https:\/\/agora.xtec.cat\/insbarresiones\/wp-content\/uploads\/usu1942\/2026\/04\/INFORME_BAREM_PROVISIONAL_BAREM.pdf\">INFORME_BAREM_PROVISIONAL_BAREM<\/a><a href=\"https:\/\/agora.xtec.cat\/insbarresiones\/wp-content\/uploads\/usu1942\/2026\/04\/INFORME_BAREM_PROVISIONAL_BAREM.pdf\" class=\"wp-block-file__button wp-element-button\" download aria-describedby=\"wp-block-file--media-ee760f2c-02d7-40a2-81cd-3e8eeb162c7a\">Baixa<\/a><\/div>\n\n\n\n<figure class=\"wp-block-image alignleft is-resized\"><img decoding=\"async\" src=\"https:\/\/preinscripcio.gencat.cat\/web\/.content\/icones\/consulta-revisa1-on.png_2044584825.png\" alt=\"\" style=\"width:57px;height:auto\"\/><\/figure>\n\n\n\n<h4 class=\"wp-block-heading\"><strong>23 d&#8217;abril de 2026: llista de sol\u00b7licituds amb la puntuaci\u00f3 un cop resoltes les reclamacions<\/strong><\/h4>\n\n\n\n<p><\/p>\n\n\n\n<div data-wp-interactive=\"core\/file\" class=\"wp-block-file\"><object data-wp-bind--hidden=\"!state.hasPdfPreview\" hidden class=\"wp-block-file__embed\" data=\"https:\/\/agora.xtec.cat\/insbarresiones\/wp-content\/uploads\/usu1942\/2026\/04\/INFORME_BAREM_RESOLTES_BAREM-1.pdf\" type=\"application\/pdf\" style=\"width:100%;height:600px\" aria-label=\"Incrustaci\u00f3 del fitxer INFORME_BAREM_RESOLTES_BAREM (1).\"><\/object><a id=\"wp-block-file--media-ba8e3e36-f461-4df5-9dd2-ed116c29091a\" href=\"https:\/\/agora.xtec.cat\/insbarresiones\/wp-content\/uploads\/usu1942\/2026\/04\/INFORME_BAREM_RESOLTES_BAREM-1.pdf\">INFORME_BAREM_RESOLTES_BAREM (1)<\/a><a href=\"https:\/\/agora.xtec.cat\/insbarresiones\/wp-content\/uploads\/usu1942\/2026\/04\/INFORME_BAREM_RESOLTES_BAREM-1.pdf\" class=\"wp-block-file__button wp-element-button\" download aria-describedby=\"wp-block-file--media-ba8e3e36-f461-4df5-9dd2-ed116c29091a\">Baixa<\/a><\/div>\n\n\n\n<figure class=\"wp-block-image alignleft is-resized\"><img decoding=\"async\" src=\"https:\/\/preinscripcio.gencat.cat\/web\/.content\/icones\/campaneta-on.png_2044584825.png\" alt=\"\" style=\"width:47px;height:auto\"\/><\/figure>\n\n\n\n<h4 class=\"wp-block-heading\">28 d&#8217;abril de 2026 sorteig per resoldre les sol\u00b7licituds de preinscripci\u00f3 empatades en punts<\/h4>\n\n\n\n<figure class=\"wp-block-image size-full\"><a href=\"https:\/\/agora.xtec.cat\/insbarresiones\/wp-content\/uploads\/usu1942\/2026\/04\/20260428-sorteig-obligatoris.jpg_1172691498-1.jpg\"><img loading=\"lazy\" decoding=\"async\" width=\"555\" height=\"431\" src=\"https:\/\/agora.xtec.cat\/insbarresiones\/wp-content\/uploads\/usu1942\/2026\/04\/20260428-sorteig-obligatoris.jpg_1172691498-1.jpg\" alt=\"\" class=\"wp-image-4225\" srcset=\"https:\/\/agora.xtec.cat\/insbarresiones\/wp-content\/uploads\/usu1942\/2026\/04\/20260428-sorteig-obligatoris.jpg_1172691498-1.jpg 555w, https:\/\/agora.xtec.cat\/insbarresiones\/wp-content\/uploads\/usu1942\/2026\/04\/20260428-sorteig-obligatoris.jpg_1172691498-1-300x233.jpg 300w\" sizes=\"auto, (max-width: 555px) 100vw, 555px\" \/><\/a><\/figure>\n\n\n\n<figure class=\"wp-block-image alignleft\"><img decoding=\"async\" src=\"https:\/\/preinscripcio.gencat.cat\/web\/.content\/icones\/consulta-revisa2-on.png_2044584825.png\" alt=\"\"\/><\/figure>\n\n\n\n<h4 class=\"wp-block-heading\">29 d&#8217;abril de 2026: llista ordenada<\/h4>\n\n\n\n<p><\/p>\n\n\n\n<p>Despr\u00e9s del sorteig, s&#8217;elabora la llista de sol\u00b7licituds per a l&#8217;assignaci\u00f3 de places. Per fer aquesta llista, en primer lloc es t\u00e9 en compte les adscripcions, despr\u00e9s la puntuaci\u00f3 de criteris prioritaris, de m\u00e9s a menys, i en cas d&#8217;empat primer la puntuaci\u00f3 pels criteris complementaris i despr\u00e9s el n\u00famero de desempat.<\/p>\n\n\n\n<div data-wp-interactive=\"core\/file\" class=\"wp-block-file\"><object data-wp-bind--hidden=\"!state.hasPdfPreview\" hidden class=\"wp-block-file__embed\" data=\"https:\/\/agora.xtec.cat\/insbarresiones\/wp-content\/uploads\/usu1942\/2026\/04\/INFORME_BAREM_DEFINITIU_BAREM.pdf\" type=\"application\/pdf\" style=\"width:100%;height:600px\" aria-label=\"Incrustaci\u00f3 del fitxer INFORME_BAREM_DEFINITIU_BAREM.\"><\/object><a id=\"wp-block-file--media-4d50d39f-3eb3-4f73-ad41-39af7a6b9488\" href=\"https:\/\/agora.xtec.cat\/insbarresiones\/wp-content\/uploads\/usu1942\/2026\/04\/INFORME_BAREM_DEFINITIU_BAREM.pdf\">INFORME_BAREM_DEFINITIU_BAREM<\/a><a href=\"https:\/\/agora.xtec.cat\/insbarresiones\/wp-content\/uploads\/usu1942\/2026\/04\/INFORME_BAREM_DEFINITIU_BAREM.pdf\" class=\"wp-block-file__button wp-element-button\" download aria-describedby=\"wp-block-file--media-4d50d39f-3eb3-4f73-ad41-39af7a6b9488\">Baixa<\/a><\/div>\n\n\n\n<h2 class=\"wp-block-heading\">Criteris del barem<\/h2>\n\n\n\n<div data-wp-interactive=\"core\/file\" class=\"wp-block-file\"><object data-wp-bind--hidden=\"!state.hasPdfPreview\" hidden class=\"wp-block-file__embed\" data=\"https:\/\/agora.xtec.cat\/insbarresiones\/wp-content\/uploads\/usu1942\/2026\/03\/INFORMACIO-FAMILIES-PRIMARIA-Barem.pdf\" type=\"application\/pdf\" style=\"width:100%;height:600px\" aria-label=\"Incrustaci\u00f3 del fitxer INFORMACIO FAMILIES PRIMARIA-Barem.\"><\/object><a id=\"wp-block-file--media-236fc9e2-87a7-4f89-8757-fd92560507cc\" href=\"https:\/\/agora.xtec.cat\/insbarresiones\/wp-content\/uploads\/usu1942\/2026\/03\/INFORMACIO-FAMILIES-PRIMARIA-Barem.pdf\">INFORMACIO FAMILIES PRIMARIA-Barem<\/a><a href=\"https:\/\/agora.xtec.cat\/insbarresiones\/wp-content\/uploads\/usu1942\/2026\/03\/INFORMACIO-FAMILIES-PRIMARIA-Barem.pdf\" class=\"wp-block-file__button wp-element-button\" download aria-describedby=\"wp-block-file--media-236fc9e2-87a7-4f89-8757-fd92560507cc\">Baixa<\/a><\/div>\n\n\n\n<p><\/p>\n\n\n\n<h2 class=\"wp-block-heading\"><strong>Enlla\u00e7 per fer la preinscripci\u00f3<\/strong><\/h2>\n\n\n\n<p><a href=\"https:\/\/tramits.gencat.cat\/ca\/tramits\/tramits-temes\/perinscripcio-obligatoris?moda=3\">https:\/\/tramits.gencat.cat\/ca\/tramits\/tramits-temes\/perinscripcio-obligatoris?moda=3<\/a><\/p>\n\n\n\n<p>El nostre codi de centre \u00e9s&nbsp;<strong>08044995<\/strong>,<\/p>\n\n\n\n<p><strong>Aclariments<\/strong>&nbsp;sobre la preinscripci\u00f3. IMPORTANT: Heu de tenir en compte que l\u2019adre\u00e7a on est\u00e0 empadronat\/a l\u2019alumne\/a ha de coincidir amb el progenitor que fa la sol\u00b7licitud, en cas de separaci\u00f3 heu de fer constar com a OVT (Oficina virtual de tr\u00e0mits) al progenitor amb el qual conviu i est\u00e0 empadronat l\u2019alumne\/a, en cas contrari, pot donar error la puntuaci\u00f3 de lloc de resid\u00e8ncia i ens haureu de fer arribar un certificat de conviv\u00e8ncia o full d\u2019empadronament actualitzat.<\/p>\n\n\n\n<h2 class=\"wp-block-heading\">Com adjuntar la documentaci\u00f3 a la preinscripci\u00f3<\/h2>\n\n\n\n<figure class=\"wp-block-embed is-type-video is-provider-youtube wp-block-embed-youtube wp-embed-aspect-16-9 wp-has-aspect-ratio\"><div class=\"wp-block-embed__wrapper\">\n<div class=\"ast-oembed-container \" style=\"height: 100%;\"><iframe loading=\"lazy\" title=\"Com adjuntar documentaci\u00f3 en la sol\u00b7licitud de preinscripci\u00f3\" width=\"500\" height=\"281\" src=\"https:\/\/www.youtube.com\/embed\/A6Ru3PwTvPc?start=9&#038;feature=oembed\" frameborder=\"0\" allow=\"accelerometer; autoplay; clipboard-write; encrypted-media; gyroscope; picture-in-picture; web-share\" referrerpolicy=\"strict-origin-when-cross-origin\" allowfullscreen><\/iframe><\/div>\n<\/div><\/figure>\n","protected":false},"excerpt":{"rendered":"<p>Per con\u00e9ixer tota la informaci\u00f3 disponible al&nbsp;web&nbsp;del Departament d\u2019Educaci\u00f3 i Formaci\u00f3 Professional. Coneix les dates clau del calendari 3 de mar\u00e7 de 2026: oferta inicial de places escolars Publicaci\u00f3 del nombre de places escolars per centre i curs Del 6 al 18 de mar\u00e7 de 2026 (a partir de les 9 hores): presentaci\u00f3 de sol\u00b7licituds [&hellip;]<\/p>\n","protected":false},"author":5,"featured_media":0,"parent":540,"menu_order":0,"comment_status":"closed","ping_status":"closed","template":"","meta":{"_bbp_topic_count":0,"_bbp_reply_count":0,"_bbp_total_topic_count":0,"_bbp_total_reply_count":0,"_bbp_voice_count":0,"_bbp_anonymous_reply_count":0,"_bbp_topic_count_hidden":0,"_bbp_reply_count_hidden":0,"_bbp_forum_subforum_count":0,"site-sidebar-layout":"default","site-content-layout":"","ast-site-content-layout":"default","site-content-style":"default","site-sidebar-style":"default","ast-global-header-display":"","ast-banner-title-visibility":"","ast-main-header-display":"","ast-hfb-above-header-display":"","ast-hfb-below-header-display":"","ast-hfb-mobile-header-display":"","site-post-title":"","ast-breadcrumbs-content":"","ast-featured-img":"","footer-sml-layout":"","theme-transparent-header-meta":"","adv-header-id-meta":"","stick-header-meta":"","header-above-stick-meta":"","header-main-stick-meta":"","header-below-stick-meta":"","astra-migrate-meta-layouts":"set","ast-page-background-enabled":"default","ast-page-background-meta":{"desktop":{"background-color":"var(--ast-global-color-4)","background-image":"","background-repeat":"repeat","background-position":"center center","background-size":"auto","background-attachment":"scroll","background-type":"","background-media":"","overlay-type":"","overlay-color":"","overlay-opacity":"","overlay-gradient":""},"tablet":{"background-color":"","background-image":"","background-repeat":"repeat","background-position":"center center","background-size":"auto","background-attachment":"scroll","background-type":"","background-media":"","overlay-type":"","overlay-color":"","overlay-opacity":"","overlay-gradient":""},"mobile":{"background-color":"","background-image":"","background-repeat":"repeat","background-position":"center center","background-size":"auto","background-attachment":"scroll","background-type":"","background-media":"","overlay-type":"","overlay-color":"","overlay-opacity":"","overlay-gradient":""}},"ast-content-background-meta":{"desktop":{"background-color":"var(--ast-global-color-5)","background-image":"","background-repeat":"repeat","background-position":"center center","background-size":"auto","background-attachment":"scroll","background-type":"","background-media":"","overlay-type":"","overlay-color":"","overlay-opacity":"","overlay-gradient":""},"tablet":{"background-color":"var(--ast-global-color-5)","background-image":"","background-repeat":"repeat","background-position":"center center","background-size":"auto","background-attachment":"scroll","background-type":"","background-media":"","overlay-type":"","overlay-color":"","overlay-opacity":"","overlay-gradient":""},"mobile":{"background-color":"var(--ast-global-color-5)","background-image":"","background-repeat":"repeat","background-position":"center center","background-size":"auto","background-attachment":"scroll","background-type":"","background-media":"","overlay-type":"","overlay-color":"","overlay-opacity":"","overlay-gradient":""}},"footnotes":""},"class_list":["post-4167","page","type-page","status-publish","hentry"],"post_mailing_queue_ids":[],"_links":{"self":[{"href":"https:\/\/agora.xtec.cat\/insbarresiones\/wp-json\/wp\/v2\/pages\/4167","targetHints":{"allow":["GET"]}}],"collection":[{"href":"https:\/\/agora.xtec.cat\/insbarresiones\/wp-json\/wp\/v2\/pages"}],"about":[{"href":"https:\/\/agora.xtec.cat\/insbarresiones\/wp-json\/wp\/v2\/types\/page"}],"author":[{"embeddable":true,"href":"https:\/\/agora.xtec.cat\/insbarresiones\/wp-json\/wp\/v2\/users\/5"}],"replies":[{"embeddable":true,"href":"https:\/\/agora.xtec.cat\/insbarresiones\/wp-json\/wp\/v2\/comments?post=4167"}],"version-history":[{"count":5,"href":"https:\/\/agora.xtec.cat\/insbarresiones\/wp-json\/wp\/v2\/pages\/4167\/revisions"}],"predecessor-version":[{"id":4228,"href":"https:\/\/agora.xtec.cat\/insbarresiones\/wp-json\/wp\/v2\/pages\/4167\/revisions\/4228"}],"up":[{"embeddable":true,"href":"https:\/\/agora.xtec.cat\/insbarresiones\/wp-json\/wp\/v2\/pages\/540"}],"wp:attachment":[{"href":"https:\/\/agora.xtec.cat\/insbarresiones\/wp-json\/wp\/v2\/media?parent=4167"}],"curies":[{"name":"wp","href":"https:\/\/api.w.org\/{rel}","templated":true}]}}