{"id":39,"date":"2014-09-17T16:36:44","date_gmt":"2014-09-17T16:36:44","guid":{"rendered":"http:\/\/agora.xtec.cat\/insbarresiones\/?page_id=39"},"modified":"2021-12-11T19:23:29","modified_gmt":"2021-12-11T18:23:29","slug":"instal%c2%b7lacions","status":"publish","type":"page","link":"https:\/\/agora.xtec.cat\/insbarresiones\/linstitut\/instal%c2%b7lacions\/","title":{"rendered":"Instal\u00b7lacions"},"content":{"rendered":"<p style=\"text-align: justify;\">L\u2019INS Barres i Ones \u00e9s un institut la titularitat del qual recau en el Departament d\u2019Ensenyament de la Generalitat de Catalunya. El centre est\u00e0 a la Carretera antiga de Val\u00e8ncia, 95 (CP.: 08913) al barri de <strong>Sant Mori de Llefi\u00e0 de Badalona<\/strong>.<\/p>\n<p style=\"text-align: justify;\"><strong>L\u2019edifici principal<\/strong> del centre consta de quatre plantes distribu\u00efdes en tres pisos i la planta baixa. Els equipaments de qu\u00e8 disposa s\u00f3n:<\/p>\n<ol style=\"text-align: justify;\">\n<li style=\"list-style-type: none;\">\n<ol>\n<li>El pati i els m\u00f2duls d\u2019aulari 01 i 02.<\/li>\n<li>A la planta baixa: el vest\u00edbul, la biblioteca, la sala polivalent o gimn\u00e0s, les aules C1 i C2, la sala de professorat, els despatxos de coordinaci\u00f3, direcci\u00f3 i secretaria, la consergeria, la sala de fotocopiadores, el departament de Sistemes Microinform\u00e0tics i Xarxes, dos lavabos per al professorat, un lavabo habilitat per a discapacitats i un magatzem.<\/li>\n<li>Al primer pis: les aules A1, A2, A3, A4, A5, A6, A7, A8, els departaments de ci\u00e8ncies socials, de matem\u00e0tiques i de ci\u00e8ncies de la naturalesa i dos lavabos per a l\u2019alumnat.<\/li>\n<li>Al segon pis: les aules A9, A10, A11, A12, A13, A14, A15, A16, A17, els departaments de lleng\u00fces i de lleng\u00fces estrangeres i dos lavabos per a l\u2019alumnat.<\/li>\n<li>Al tercer pis: les aules A18, A19, A20, A21, A22, A23, A24, A25, A26, A27, els departaments d\u2019educaci\u00f3 f\u00edsica i de visual i pl\u00e0stica, de psicopedagogia i orientaci\u00f3 i de tecnologies.<\/li>\n<\/ol>\n<\/li>\n<\/ol>\n<p><a href=\"https:\/\/www.instagram.com\/institutbarresiiones\/\">&gt;&gt;&gt; Veure fotografies (Instagram)<\/a><\/p>\n","protected":false},"excerpt":{"rendered":"<p>L\u2019INS Barres i Ones \u00e9s un institut la titularitat del qual recau en el Departament d\u2019Ensenyament de la Generalitat de Catalunya. El centre est\u00e0 a la Carretera antiga de Val\u00e8ncia, 95 (CP.: 08913) al barri de Sant Mori de Llefi\u00e0 de Badalona. L\u2019edifici principal del centre consta de quatre plantes distribu\u00efdes en tres pisos i [&hellip;]<\/p>\n","protected":false},"author":1,"featured_media":0,"parent":19,"menu_order":30,"comment_status":"closed","ping_status":"closed","template":"page-templates\/side-menu.php","meta":{"_bbp_topic_count":0,"_bbp_reply_count":0,"_bbp_total_topic_count":0,"_bbp_total_reply_count":0,"_bbp_voice_count":0,"_bbp_anonymous_reply_count":0,"_bbp_topic_count_hidden":0,"_bbp_reply_count_hidden":0,"_bbp_forum_subforum_count":0,"site-sidebar-layout":"default","site-content-layout":"","ast-site-content-layout":"","site-content-style":"default","site-sidebar-style":"default","ast-global-header-display":"","ast-banner-title-visibility":"","ast-main-header-display":"","ast-hfb-above-header-display":"","ast-hfb-below-header-display":"","ast-hfb-mobile-header-display":"","site-post-title":"","ast-breadcrumbs-content":"","ast-featured-img":"","footer-sml-layout":"","theme-transparent-header-meta":"","adv-header-id-meta":"","stick-header-meta":"","header-above-stick-meta":"","header-main-stick-meta":"","header-below-stick-meta":"","astra-migrate-meta-layouts":"default","ast-page-background-enabled":"default","ast-page-background-meta":{"desktop":{"background-color":"var(--ast-global-color-4)","background-image":"","background-repeat":"repeat","background-position":"center center","background-size":"auto","background-attachment":"scroll","background-type":"","background-media":"","overlay-type":"","overlay-color":"","overlay-opacity":"","overlay-gradient":""},"tablet":{"background-color":"","background-image":"","background-repeat":"repeat","background-position":"center center","background-size":"auto","background-attachment":"scroll","background-type":"","background-media":"","overlay-type":"","overlay-color":"","overlay-opacity":"","overlay-gradient":""},"mobile":{"background-color":"","background-image":"","background-repeat":"repeat","background-position":"center center","background-size":"auto","background-attachment":"scroll","background-type":"","background-media":"","overlay-type":"","overlay-color":"","overlay-opacity":"","overlay-gradient":""}},"ast-content-background-meta":{"desktop":{"background-color":"var(--ast-global-color-5)","background-image":"","background-repeat":"repeat","background-position":"center center","background-size":"auto","background-attachment":"scroll","background-type":"","background-media":"","overlay-type":"","overlay-color":"","overlay-opacity":"","overlay-gradient":""},"tablet":{"background-color":"var(--ast-global-color-5)","background-image":"","background-repeat":"repeat","background-position":"center center","background-size":"auto","background-attachment":"scroll","background-type":"","background-media":"","overlay-type":"","overlay-color":"","overlay-opacity":"","overlay-gradient":""},"mobile":{"background-color":"var(--ast-global-color-5)","background-image":"","background-repeat":"repeat","background-position":"center center","background-size":"auto","background-attachment":"scroll","background-type":"","background-media":"","overlay-type":"","overlay-color":"","overlay-opacity":"","overlay-gradient":""}},"footnotes":""},"class_list":["post-39","page","type-page","status-publish","hentry"],"post_mailing_queue_ids":[],"_links":{"self":[{"href":"https:\/\/agora.xtec.cat\/insbarresiones\/wp-json\/wp\/v2\/pages\/39","targetHints":{"allow":["GET"]}}],"collection":[{"href":"https:\/\/agora.xtec.cat\/insbarresiones\/wp-json\/wp\/v2\/pages"}],"about":[{"href":"https:\/\/agora.xtec.cat\/insbarresiones\/wp-json\/wp\/v2\/types\/page"}],"author":[{"embeddable":true,"href":"https:\/\/agora.xtec.cat\/insbarresiones\/wp-json\/wp\/v2\/users\/1"}],"replies":[{"embeddable":true,"href":"https:\/\/agora.xtec.cat\/insbarresiones\/wp-json\/wp\/v2\/comments?post=39"}],"version-history":[{"count":3,"href":"https:\/\/agora.xtec.cat\/insbarresiones\/wp-json\/wp\/v2\/pages\/39\/revisions"}],"predecessor-version":[{"id":2450,"href":"https:\/\/agora.xtec.cat\/insbarresiones\/wp-json\/wp\/v2\/pages\/39\/revisions\/2450"}],"up":[{"embeddable":true,"href":"https:\/\/agora.xtec.cat\/insbarresiones\/wp-json\/wp\/v2\/pages\/19"}],"wp:attachment":[{"href":"https:\/\/agora.xtec.cat\/insbarresiones\/wp-json\/wp\/v2\/media?parent=39"}],"curies":[{"name":"wp","href":"https:\/\/api.w.org\/{rel}","templated":true}]}}