{"id":3848,"date":"2025-04-03T09:44:43","date_gmt":"2025-04-03T07:44:43","guid":{"rendered":"https:\/\/agora.xtec.cat\/insbarresiones\/?page_id=3848"},"modified":"2025-04-03T10:08:57","modified_gmt":"2025-04-03T08:08:57","slug":"biblioteca","status":"publish","type":"page","link":"https:\/\/agora.xtec.cat\/insbarresiones\/biblioteca\/","title":{"rendered":"Espai Lectura"},"content":{"rendered":"<p>L\u2019Espai Lectura de l\u2019Institut Barres i Ones de Badalona \u00e9s un lloc \u00fanic dedicat especialment al c\u00f2mic i a la novel\u00b7la gr\u00e0fica.<\/p>\n<p><a href=\"https:\/\/agora.xtec.cat\/insbarresiones\/wp-content\/uploads\/usu1942\/2025\/04\/Screenshot_20250403_100522_Gmail2.jpg\"><img loading=\"lazy\" decoding=\"async\" class=\"alignnone size-medium wp-image-3859\" src=\"https:\/\/agora.xtec.cat\/insbarresiones\/wp-content\/uploads\/usu1942\/2025\/04\/Screenshot_20250403_100522_Gmail2-300x198.jpg\" alt=\"\" width=\"300\" height=\"198\" srcset=\"https:\/\/agora.xtec.cat\/insbarresiones\/wp-content\/uploads\/usu1942\/2025\/04\/Screenshot_20250403_100522_Gmail2-300x198.jpg 300w, https:\/\/agora.xtec.cat\/insbarresiones\/wp-content\/uploads\/usu1942\/2025\/04\/Screenshot_20250403_100522_Gmail2-1024x674.jpg 1024w, https:\/\/agora.xtec.cat\/insbarresiones\/wp-content\/uploads\/usu1942\/2025\/04\/Screenshot_20250403_100522_Gmail2-768x506.jpg 768w, https:\/\/agora.xtec.cat\/insbarresiones\/wp-content\/uploads\/usu1942\/2025\/04\/Screenshot_20250403_100522_Gmail2.jpg 1080w\" sizes=\"auto, (max-width: 300px) 100vw, 300px\" \/><\/a><\/p>\n<p>Pensat per a despertar el gust per la lectura a trav\u00e9s del poder de la imatge i la narrativa visual, aquest espai ofereix una selecci\u00f3 acurada d\u2019obres per a totes les edats i interessos.<\/p>\n<p><a href=\"https:\/\/agora.xtec.cat\/insbarresiones\/wp-content\/uploads\/usu1942\/2025\/04\/Screenshot_20250403_100527_Gmail2.jpg\"><img loading=\"lazy\" decoding=\"async\" class=\"alignnone size-medium wp-image-3858\" src=\"https:\/\/agora.xtec.cat\/insbarresiones\/wp-content\/uploads\/usu1942\/2025\/04\/Screenshot_20250403_100527_Gmail2-300x195.jpg\" alt=\"\" width=\"300\" height=\"195\" srcset=\"https:\/\/agora.xtec.cat\/insbarresiones\/wp-content\/uploads\/usu1942\/2025\/04\/Screenshot_20250403_100527_Gmail2-300x195.jpg 300w, https:\/\/agora.xtec.cat\/insbarresiones\/wp-content\/uploads\/usu1942\/2025\/04\/Screenshot_20250403_100527_Gmail2-1024x665.jpg 1024w, https:\/\/agora.xtec.cat\/insbarresiones\/wp-content\/uploads\/usu1942\/2025\/04\/Screenshot_20250403_100527_Gmail2-768x498.jpg 768w, https:\/\/agora.xtec.cat\/insbarresiones\/wp-content\/uploads\/usu1942\/2025\/04\/Screenshot_20250403_100527_Gmail2.jpg 1080w\" sizes=\"auto, (max-width: 300px) 100vw, 300px\" \/><\/a><\/p>\n<p>Es tracta d&#8217;un rac\u00f3 perfecte per descobrir hist\u00f2ries fascinants, explorar diferents estils art\u00edstics i gaudir de la lectura en un ambient acollidor i inspirador.<\/p>\n<p><a href=\"https:\/\/agora.xtec.cat\/insbarresiones\/wp-content\/uploads\/usu1942\/2025\/04\/Screenshot_20250403_100532_Gmail2.jpg\"><img loading=\"lazy\" decoding=\"async\" class=\"alignnone size-medium wp-image-3856\" src=\"https:\/\/agora.xtec.cat\/insbarresiones\/wp-content\/uploads\/usu1942\/2025\/04\/Screenshot_20250403_100532_Gmail2-300x201.jpg\" alt=\"\" width=\"300\" height=\"201\" srcset=\"https:\/\/agora.xtec.cat\/insbarresiones\/wp-content\/uploads\/usu1942\/2025\/04\/Screenshot_20250403_100532_Gmail2-300x201.jpg 300w, https:\/\/agora.xtec.cat\/insbarresiones\/wp-content\/uploads\/usu1942\/2025\/04\/Screenshot_20250403_100532_Gmail2-1024x687.jpg 1024w, https:\/\/agora.xtec.cat\/insbarresiones\/wp-content\/uploads\/usu1942\/2025\/04\/Screenshot_20250403_100532_Gmail2-768x516.jpg 768w, https:\/\/agora.xtec.cat\/insbarresiones\/wp-content\/uploads\/usu1942\/2025\/04\/Screenshot_20250403_100532_Gmail2.jpg 1080w\" sizes=\"auto, (max-width: 300px) 100vw, 300px\" \/><\/a><\/p>\n","protected":false},"excerpt":{"rendered":"<p>L\u2019Espai Lectura de l\u2019Institut Barres i Ones de Badalona \u00e9s un lloc \u00fanic dedicat especialment al c\u00f2mic i a la novel\u00b7la gr\u00e0fica. Pensat per a despertar el gust per la lectura a trav\u00e9s del poder de la imatge i la narrativa visual, aquest espai ofereix una selecci\u00f3 acurada d\u2019obres per a totes les edats i [&hellip;]<\/p>\n","protected":false},"author":7,"featured_media":0,"parent":0,"menu_order":0,"comment_status":"closed","ping_status":"closed","template":"","meta":{"_bbp_topic_count":0,"_bbp_reply_count":0,"_bbp_total_topic_count":0,"_bbp_total_reply_count":0,"_bbp_voice_count":0,"_bbp_anonymous_reply_count":0,"_bbp_topic_count_hidden":0,"_bbp_reply_count_hidden":0,"_bbp_forum_subforum_count":0,"site-sidebar-layout":"default","site-content-layout":"","ast-site-content-layout":"","site-content-style":"default","site-sidebar-style":"default","ast-global-header-display":"","ast-banner-title-visibility":"","ast-main-header-display":"","ast-hfb-above-header-display":"","ast-hfb-below-header-display":"","ast-hfb-mobile-header-display":"","site-post-title":"","ast-breadcrumbs-content":"","ast-featured-img":"","footer-sml-layout":"","theme-transparent-header-meta":"","adv-header-id-meta":"","stick-header-meta":"","header-above-stick-meta":"","header-main-stick-meta":"","header-below-stick-meta":"","astra-migrate-meta-layouts":"default","ast-page-background-enabled":"default","ast-page-background-meta":{"desktop":{"background-color":"var(--ast-global-color-4)","background-image":"","background-repeat":"repeat","background-position":"center center","background-size":"auto","background-attachment":"scroll","background-type":"","background-media":"","overlay-type":"","overlay-color":"","overlay-opacity":"","overlay-gradient":""},"tablet":{"background-color":"","background-image":"","background-repeat":"repeat","background-position":"center center","background-size":"auto","background-attachment":"scroll","background-type":"","background-media":"","overlay-type":"","overlay-color":"","overlay-opacity":"","overlay-gradient":""},"mobile":{"background-color":"","background-image":"","background-repeat":"repeat","background-position":"center center","background-size":"auto","background-attachment":"scroll","background-type":"","background-media":"","overlay-type":"","overlay-color":"","overlay-opacity":"","overlay-gradient":""}},"ast-content-background-meta":{"desktop":{"background-color":"var(--ast-global-color-5)","background-image":"","background-repeat":"repeat","background-position":"center center","background-size":"auto","background-attachment":"scroll","background-type":"","background-media":"","overlay-type":"","overlay-color":"","overlay-opacity":"","overlay-gradient":""},"tablet":{"background-color":"var(--ast-global-color-5)","background-image":"","background-repeat":"repeat","background-position":"center center","background-size":"auto","background-attachment":"scroll","background-type":"","background-media":"","overlay-type":"","overlay-color":"","overlay-opacity":"","overlay-gradient":""},"mobile":{"background-color":"var(--ast-global-color-5)","background-image":"","background-repeat":"repeat","background-position":"center center","background-size":"auto","background-attachment":"scroll","background-type":"","background-media":"","overlay-type":"","overlay-color":"","overlay-opacity":"","overlay-gradient":""}},"footnotes":""},"class_list":["post-3848","page","type-page","status-publish","hentry"],"post_mailing_queue_ids":[],"_links":{"self":[{"href":"https:\/\/agora.xtec.cat\/insbarresiones\/wp-json\/wp\/v2\/pages\/3848","targetHints":{"allow":["GET"]}}],"collection":[{"href":"https:\/\/agora.xtec.cat\/insbarresiones\/wp-json\/wp\/v2\/pages"}],"about":[{"href":"https:\/\/agora.xtec.cat\/insbarresiones\/wp-json\/wp\/v2\/types\/page"}],"author":[{"embeddable":true,"href":"https:\/\/agora.xtec.cat\/insbarresiones\/wp-json\/wp\/v2\/users\/7"}],"replies":[{"embeddable":true,"href":"https:\/\/agora.xtec.cat\/insbarresiones\/wp-json\/wp\/v2\/comments?post=3848"}],"version-history":[{"count":5,"href":"https:\/\/agora.xtec.cat\/insbarresiones\/wp-json\/wp\/v2\/pages\/3848\/revisions"}],"predecessor-version":[{"id":3860,"href":"https:\/\/agora.xtec.cat\/insbarresiones\/wp-json\/wp\/v2\/pages\/3848\/revisions\/3860"}],"wp:attachment":[{"href":"https:\/\/agora.xtec.cat\/insbarresiones\/wp-json\/wp\/v2\/media?parent=3848"}],"curies":[{"name":"wp","href":"https:\/\/api.w.org\/{rel}","templated":true}]}}