{"id":2986,"date":"2023-02-03T11:42:28","date_gmt":"2023-02-03T10:42:28","guid":{"rendered":"https:\/\/agora.xtec.cat\/insbarresiones\/?page_id=2986"},"modified":"2025-11-03T10:00:02","modified_gmt":"2025-11-03T09:00:02","slug":"grup-dexcellencia","status":"publish","type":"page","link":"https:\/\/agora.xtec.cat\/insbarresiones\/projecte-educatiu\/grup-dexcellencia\/","title":{"rendered":"Grup d&#8217;excel\u00b7l\u00e8ncia"},"content":{"rendered":"\n<div class=\"wp-block-group alignfull is-content-justification-center is-layout-constrained wp-block-group-is-layout-constrained\" style=\"margin-top:0;margin-bottom:0\">\n<div style=\"height:var(--wp--preset--spacing--20)\" aria-hidden=\"true\" class=\"wp-block-spacer\"><\/div>\n\n\n\n<div class=\"wp-block-group alignwide is-layout-flow wp-block-group-is-layout-flow\">\n<div class=\"wp-block-columns alignwide are-vertically-aligned-top is-layout-flex wp-container-core-columns-is-layout-1 wp-block-columns-is-layout-flex\">\n<div class=\"wp-block-column is-vertically-aligned-top is-content-justification-left is-layout-constrained wp-container-core-column-is-layout-1 wp-block-column-is-layout-constrained\">\n<h2 class=\"wp-block-heading\">Ser un alumne excel\u00b7lent no nom\u00e9s vol dir obtenir bons resultats, sin\u00f3 tamb\u00e9 tenir ganes<br>d\u2019aprendre, curiositat per descobrir i valentia per afrontar nous reptes.<\/h2>\n\n\n\n<p>.<\/p>\n<\/div>\n\n\n\n<div class=\"wp-block-column is-vertically-aligned-top is-layout-flow wp-block-column-is-layout-flow\" style=\"flex-basis:40%\">\n<p>Vosaltres representeu tot aix\u00f2: la il\u00b7lusi\u00f3, el comprom\u00eds i la passi\u00f3 per cr\u00e9ixer cada dia una mica m\u00e9s.<\/p>\n\n\n\n<p><br>Aquest grup est\u00e0 format per 20 alumnes d\u2019entre 1r i 4t d\u2019ESO que han demostrat que l\u2019esfor\u00e7,  la const\u00e0ncia i la motivaci\u00f3 s\u00f3n la clau per arribar lluny. Sou un exemple per a tota la comunitat<br>educativa i el reflex del que significa aprendre amb entusiasme.<\/p>\n\n\n\n<p><br>Amb aquesta iniciativa, volem recon\u00e8ixer i celebrar el vostre esfor\u00e7. Creiem fermament en el valor de la feina ben feta i en la import\u00e0ncia de seguir aprenent amb curiositat i dedicaci\u00f3. Per<br>aix\u00f2, el centre us vol premiar amb experi\u00e8ncies \u00faniques: sortides subvencionades de caire cient\u00edfic, art\u00edstic, literari o esportiu, que us permetran continuar descobrint, creant i vivint<br>l\u2019aprenentatge d\u2019una manera diferent.<\/p>\n\n\n\n<div class=\"wp-block-buttons is-layout-flex wp-block-buttons-is-layout-flex\">\n<div class=\"wp-block-button\"><a class=\"wp-block-button__link wp-element-button\">Alumnat GE &#8217;26<\/a><\/div>\n<\/div>\n<\/div>\n<\/div>\n\n\n\n<div style=\"height:var(--wp--preset--spacing--20)\" aria-hidden=\"true\" class=\"wp-block-spacer\"><\/div>\n\n\n\n<figure class=\"wp-block-image size-large\"><img loading=\"lazy\" decoding=\"async\" width=\"1024\" height=\"768\" src=\"https:\/\/agora.xtec.cat\/insbarresiones\/wp-content\/uploads\/usu1942\/2025\/11\/ge_25-1024x768.jpg\" alt=\"\" class=\"wp-image-4087\" style=\"aspect-ratio:16\/9;object-fit:cover\" srcset=\"https:\/\/agora.xtec.cat\/insbarresiones\/wp-content\/uploads\/usu1942\/2025\/11\/ge_25-1024x768.jpg 1024w, https:\/\/agora.xtec.cat\/insbarresiones\/wp-content\/uploads\/usu1942\/2025\/11\/ge_25-300x225.jpg 300w, https:\/\/agora.xtec.cat\/insbarresiones\/wp-content\/uploads\/usu1942\/2025\/11\/ge_25-768x576.jpg 768w, https:\/\/agora.xtec.cat\/insbarresiones\/wp-content\/uploads\/usu1942\/2025\/11\/ge_25.jpg 1225w\" sizes=\"auto, (max-width: 1024px) 100vw, 1024px\" \/><\/figure>\n<\/div>\n\n\n\n<div style=\"height:var(--wp--preset--spacing--20)\" aria-hidden=\"true\" class=\"wp-block-spacer\"><\/div>\n<\/div>\n\n\n\n<div class=\"wp-block-columns alignwide are-vertically-aligned-center is-layout-flex wp-container-core-columns-is-layout-2 wp-block-columns-is-layout-flex\">\n<div class=\"wp-block-column is-vertically-aligned-center is-layout-flow wp-block-column-is-layout-flow\">\n<p style=\"line-height:2\"><strong>Publicaci\u00f3 membres del GE 26<\/strong><br>Gener 26<\/p>\n<\/div>\n\n\n\n<div class=\"wp-block-column is-vertically-aligned-center is-layout-flow wp-block-column-is-layout-flow\">\n<p style=\"line-height:2\"><strong>Calendari Activitats:<\/strong><br>Febrer &#8211; Juny 2026<\/p>\n<\/div>\n\n\n\n<div class=\"wp-block-column is-vertically-aligned-center is-layout-flow wp-block-column-is-layout-flow\">\n<div class=\"wp-block-buttons is-layout-flex wp-block-buttons-is-layout-flex\">\n<div class=\"wp-block-button has-custom-width wp-block-button__width-100\"><a class=\"wp-block-button__link has-text-color has-background wp-element-button\" style=\"color:#efefef;background-color:#262626\">Detall sortides Curs 25\/26<\/a><\/div>\n<\/div>\n<\/div>\n<\/div>\n\n\n\n<p>Aquestes activitats es realitzaran entre febrer i juny del 2026 i seran una oportunitat per viure,  compartir i gaudir del coneixement fora de l\u2019aula.<br><\/p>\n\n\n\n<p>Per mantenir-nos connectats, es crear\u00e0 un grup d\u2019Excel\u00b7l\u00e8ncia al Classroom del centre, que ser\u00e0 el nostre espai de comunicaci\u00f3 i on trobareu tota la informaci\u00f3 relacionada amb les<br>activitats i novetats.<\/p>\n\n\n\n<blockquote class=\"wp-block-quote is-layout-flow wp-block-quote-is-layout-flow\">\n<p><strong><br>Sou el millor exemple que amb esfor\u00e7, curiositat i passi\u00f3, l\u2019aprenentatge no t\u00e9 l\u00edmits.<br>Enhorabona!<\/strong><\/p>\n<\/blockquote>\n\n\n\n<p>&nbsp;<\/p>\n\n\n\n<p><\/p>\n","protected":false},"excerpt":{"rendered":"<p>Ser un alumne excel\u00b7lent no nom\u00e9s vol dir obtenir bons resultats, sin\u00f3 tamb\u00e9 tenir ganesd\u2019aprendre, curiositat per descobrir i valentia per afrontar nous reptes. . Vosaltres representeu tot aix\u00f2: la il\u00b7lusi\u00f3, el comprom\u00eds i la passi\u00f3 per cr\u00e9ixer cada dia una mica m\u00e9s. Aquest grup est\u00e0 format per 20 alumnes d\u2019entre 1r i 4t d\u2019ESO [&hellip;]<\/p>\n","protected":false},"author":7,"featured_media":0,"parent":57,"menu_order":0,"comment_status":"closed","ping_status":"closed","template":"","meta":{"_bbp_topic_count":0,"_bbp_reply_count":0,"_bbp_total_topic_count":0,"_bbp_total_reply_count":0,"_bbp_voice_count":0,"_bbp_anonymous_reply_count":0,"_bbp_topic_count_hidden":0,"_bbp_reply_count_hidden":0,"_bbp_forum_subforum_count":0,"site-sidebar-layout":"default","site-content-layout":"","ast-site-content-layout":"default","site-content-style":"default","site-sidebar-style":"default","ast-global-header-display":"","ast-banner-title-visibility":"","ast-main-header-display":"","ast-hfb-above-header-display":"","ast-hfb-below-header-display":"","ast-hfb-mobile-header-display":"","site-post-title":"","ast-breadcrumbs-content":"","ast-featured-img":"","footer-sml-layout":"","theme-transparent-header-meta":"","adv-header-id-meta":"","stick-header-meta":"","header-above-stick-meta":"","header-main-stick-meta":"","header-below-stick-meta":"","astra-migrate-meta-layouts":"set","ast-page-background-enabled":"default","ast-page-background-meta":{"desktop":{"background-color":"var(--ast-global-color-4)","background-image":"","background-repeat":"repeat","background-position":"center center","background-size":"auto","background-attachment":"scroll","background-type":"","background-media":"","overlay-type":"","overlay-color":"","overlay-opacity":"","overlay-gradient":""},"tablet":{"background-color":"","background-image":"","background-repeat":"repeat","background-position":"center center","background-size":"auto","background-attachment":"scroll","background-type":"","background-media":"","overlay-type":"","overlay-color":"","overlay-opacity":"","overlay-gradient":""},"mobile":{"background-color":"","background-image":"","background-repeat":"repeat","background-position":"center center","background-size":"auto","background-attachment":"scroll","background-type":"","background-media":"","overlay-type":"","overlay-color":"","overlay-opacity":"","overlay-gradient":""}},"ast-content-background-meta":{"desktop":{"background-color":"var(--ast-global-color-5)","background-image":"","background-repeat":"repeat","background-position":"center center","background-size":"auto","background-attachment":"scroll","background-type":"","background-media":"","overlay-type":"","overlay-color":"","overlay-opacity":"","overlay-gradient":""},"tablet":{"background-color":"var(--ast-global-color-5)","background-image":"","background-repeat":"repeat","background-position":"center center","background-size":"auto","background-attachment":"scroll","background-type":"","background-media":"","overlay-type":"","overlay-color":"","overlay-opacity":"","overlay-gradient":""},"mobile":{"background-color":"var(--ast-global-color-5)","background-image":"","background-repeat":"repeat","background-position":"center center","background-size":"auto","background-attachment":"scroll","background-type":"","background-media":"","overlay-type":"","overlay-color":"","overlay-opacity":"","overlay-gradient":""}},"footnotes":""},"class_list":["post-2986","page","type-page","status-publish","hentry"],"post_mailing_queue_ids":[],"_links":{"self":[{"href":"https:\/\/agora.xtec.cat\/insbarresiones\/wp-json\/wp\/v2\/pages\/2986","targetHints":{"allow":["GET"]}}],"collection":[{"href":"https:\/\/agora.xtec.cat\/insbarresiones\/wp-json\/wp\/v2\/pages"}],"about":[{"href":"https:\/\/agora.xtec.cat\/insbarresiones\/wp-json\/wp\/v2\/types\/page"}],"author":[{"embeddable":true,"href":"https:\/\/agora.xtec.cat\/insbarresiones\/wp-json\/wp\/v2\/users\/7"}],"replies":[{"embeddable":true,"href":"https:\/\/agora.xtec.cat\/insbarresiones\/wp-json\/wp\/v2\/comments?post=2986"}],"version-history":[{"count":5,"href":"https:\/\/agora.xtec.cat\/insbarresiones\/wp-json\/wp\/v2\/pages\/2986\/revisions"}],"predecessor-version":[{"id":4088,"href":"https:\/\/agora.xtec.cat\/insbarresiones\/wp-json\/wp\/v2\/pages\/2986\/revisions\/4088"}],"up":[{"embeddable":true,"href":"https:\/\/agora.xtec.cat\/insbarresiones\/wp-json\/wp\/v2\/pages\/57"}],"wp:attachment":[{"href":"https:\/\/agora.xtec.cat\/insbarresiones\/wp-json\/wp\/v2\/media?parent=2986"}],"curies":[{"name":"wp","href":"https:\/\/api.w.org\/{rel}","templated":true}]}}