{"id":1581,"date":"2019-12-20T13:39:16","date_gmt":"2019-12-20T12:39:16","guid":{"rendered":"https:\/\/agora.xtec.cat\/insbarresiones\/?page_id=1581"},"modified":"2021-12-11T18:49:53","modified_gmt":"2021-12-11T17:49:53","slug":"siei-suport-intensiu-deducacio-inclusiva","status":"publish","type":"page","link":"https:\/\/agora.xtec.cat\/insbarresiones\/projecte-educatiu\/siei-suport-intensiu-deducacio-inclusiva\/","title":{"rendered":"SIEI (Suport Intensiu d&#8217;Educaci\u00f3 Inclusiva)"},"content":{"rendered":"<h6><em>S\u00ed , a un sistema educatiu p\u00fablic inclusiu, per Eva Prieto<\/em><\/h6>\n<p style=\"text-align: justify;\"><em>\u201cLa inclusi\u00f3 \u00e9s una forma millor de viure. Es l&#8217;oposat a la segregaci\u00f3. La inclusi\u00f3 determina on vivim, rebem educaci\u00f3, treballem i juguem. T\u00e9 a veure amb el canvi dels nostres cors i valors\u201d<\/em><br \/>\n<em>(Pearpoint Forest, 1999)<\/em><\/p>\n<blockquote>\n<h6><em><img loading=\"lazy\" decoding=\"async\" class=\"size-medium wp-image-1589 alignleft\" src=\"https:\/\/agora.xtec.cat\/insbarresiones\/wp-content\/uploads\/usu1942\/2019\/12\/SIEI5-300x124.png\" alt=\"\" width=\"300\" height=\"124\" srcset=\"https:\/\/agora.xtec.cat\/insbarresiones\/wp-content\/uploads\/usu1942\/2019\/12\/SIEI5-300x124.png 300w, https:\/\/agora.xtec.cat\/insbarresiones\/wp-content\/uploads\/usu1942\/2019\/12\/SIEI5-768x318.png 768w, https:\/\/agora.xtec.cat\/insbarresiones\/wp-content\/uploads\/usu1942\/2019\/12\/SIEI5.png 1024w\" sizes=\"auto, (max-width: 300px) 100vw, 300px\" \/><\/em><\/h6>\n<h6 style=\"text-align: center;\"><em>\u201cL\u2019educaci\u00f3 inclusiva \u00e9s <strong>garantia del dret a l\u2019educaci\u00f3<\/strong> de qualsevol persona.\u201d<\/em><\/h6>\n<p style=\"text-align: justify;\"><span style=\"font-family: inherit; font-size: 1em; text-align: justify; color: #222222;\">Quan parlem del dret fonamental a l&#8217;educaci\u00f3 -universal i gratu\u00efta-, estem dient que S\u00cd a un sistema educatiu p\u00fablic inclusiu.<\/span><\/p>\n<\/blockquote>\n<p style=\"text-align: justify;\">L&#8217;educaci\u00f3 inclusiva \u00e9s l&#8217;educaci\u00f3 que integra, que promou l&#8217;atenci\u00f3 educativa per a tot l&#8217;alumnat, que busca l&#8217;equitat i valora la diversitat, oferint l&#8217;escolaritzaci\u00f3 en condicions d&#8217;igualtat per a tot l&#8217;alumnat. Vol dir parlar de capacitats, interculturalitat i igualtat sense barreres. Prenent com a refer\u00e8ncia la definici\u00f3 de la UNESCO, entenem l&#8217;educaci\u00f3 inclusiva com el proc\u00e9s dirigit a:<\/p>\n<h6><a href=\"https:\/\/sites.google.com\/xtec.cat\/elsecretodeverano\/inicio?authuser=0\" target=\"_blank\" rel=\"noopener noreferrer\"><em><img loading=\"lazy\" decoding=\"async\" class=\"alignright wp-image-2139 size-medium\" src=\"https:\/\/agora.xtec.cat\/insbarresiones\/wp-content\/uploads\/usu1942\/2021\/06\/SIEI_llibre2-233x300.png\" alt=\"\" width=\"233\" height=\"300\" srcset=\"https:\/\/agora.xtec.cat\/insbarresiones\/wp-content\/uploads\/usu1942\/2021\/06\/SIEI_llibre2-233x300.png 233w, https:\/\/agora.xtec.cat\/insbarresiones\/wp-content\/uploads\/usu1942\/2021\/06\/SIEI_llibre2.png 578w\" sizes=\"auto, (max-width: 233px) 100vw, 233px\" \/><\/em><\/a><\/h6>\n<p style=\"text-align: justify;\">\u201cidentificar i respondre a la diversitat de les necessitats de tots els i les estudiants, incrementant la seva participaci\u00f3 en l&#8217;aprenentatge, les cultures i les comunitats, tot reduint l&#8217;exclusi\u00f3 de l&#8217;educaci\u00f3.\u201d i que comporta \u201ccanvis i modificacions en continguts, enfocaments, estructures i estrat\u00e8gies, amb una visi\u00f3 com\u00fa que inclou tots els nens i nenes d&#8217;un rang d&#8217;edat, amb la convicci\u00f3 que \u00e9s responsabilitat del sistema regular educar tots els nens i nenes.\u201d<\/p>\n<p style=\"text-align: justify;\">Per poder desenvolupar aquesta visi\u00f3 inclusiva de l&#8217;educaci\u00f3, en el nostre institut podem veure que tenim molta diversitat i, per aix\u00f2, tenim recursos educatius per poder incloure el m\u00e0xim d&#8217;alumnat. Podem trobar suports per a la diversitat com el treball per projectes qu\u00e8 \u00e9s interdisciplinari (on treballem dos o tres mat\u00e8ries diferents) i afavoreix l&#8217;ensenyament competencial i col\u00b7laboratiu entre iguals, els programes de refor\u00e7 (nosaltres l&#8217;anomenem grup NESE) per millorar les compet\u00e8ncies de llengua i matem\u00e0tiques; l&#8217;aula d&#8217;acollida, on s&#8217;ofereix un programa d&#8217;immersi\u00f3 ling\u00fc\u00edstica per a alumnes nouvinguts.<\/p>\n<p style=\"text-align: justify;\">Tamb\u00e9 podem parlar de l&#8217;acci\u00f3 tutorial, on busquem acompanyar a l&#8217;alumnat en el seu proc\u00e9s d&#8217;aprenentatge durant la seva estada en el centre a nivell acad\u00e8mic i emocional, o del grup de mediaci\u00f3 que pret\u00e9n millorar la conviv\u00e8ncia al centre, o de les mat\u00e8ries de l&#8217;educaci\u00f3 en valors, de teatre, hort, entre d&#8217;altres moltes accions educatives que podem veure i viure dins de les aules.<\/p>\n<blockquote>\n<h6 style=\"text-align: justify;\"><em>\u201centenem <strong>la diversitat com un valor afegit<\/strong>, i que focalitzem l\u2019atenci\u00f3 en poder eliminar la gran part de les barreres de l&#8217;entorn.\u201d<\/em><\/h6>\n<\/blockquote>\n<p style=\"text-align: justify;\">Al darrere del disseny i l&#8217;aplicaci\u00f3 d&#8217;aquestes propostes educatives, estem un equip de docents i altres professionals de suport educatiu (com l&#8217;integradora social, educadora d&#8217;educaci\u00f3 especial i la vetlladora) que entenem la diversitat com un valor afegit, i que focalitzem l&#8217;atenci\u00f3 en poder eliminar la gran part de les barreres de l&#8217;entorn.<\/p>\n<h6 style=\"text-align: center;\"><em>&#8220;<strong>Intentem promoure la flexibilitat<\/strong> de representaci\u00f3 i presentaci\u00f3 dels continguts, donant suport a nivell anal\u00f2gic i virtual.&#8221;<\/em><\/h6>\n<p style=\"text-align: justify;\">En el curs d&#8217;enguany, fem un pas endavant incloent un recurs m\u00e9s al nostre centre: el Suport Intensiu d&#8217;Educaci\u00f3 Inclusiva (SIEI). Aquest suport s&#8217;afegeix als ja existents per ampliar les formes de gesti\u00f3 de la diversitat desenvolupades fins ara, i aix\u00ed, donar suport a la participaci\u00f3 de tot l&#8217;alumnat dins de l&#8217;entorn escolar.<\/p>\n<blockquote>\n<h6 style=\"text-align: center;\"><em style=\"font-size: 1em;\"><img loading=\"lazy\" decoding=\"async\" class=\"size-medium wp-image-1587 alignleft\" src=\"https:\/\/agora.xtec.cat\/insbarresiones\/wp-content\/uploads\/usu1942\/2019\/12\/SIEI1-300x141.png\" alt=\"\" width=\"300\" height=\"141\" srcset=\"https:\/\/agora.xtec.cat\/insbarresiones\/wp-content\/uploads\/usu1942\/2019\/12\/SIEI1-300x141.png 300w, https:\/\/agora.xtec.cat\/insbarresiones\/wp-content\/uploads\/usu1942\/2019\/12\/SIEI1.png 606w\" sizes=\"auto, (max-width: 300px) 100vw, 300px\" \/><\/em><\/h6>\n<\/blockquote>\n<p style=\"text-align: justify;\">Utilitzem metodologies que afavoreixin les interaccions dins el grup (mates: proposta i correcci\u00f3 d&#8217;operacions entre iguals).<br \/>\nTots els alumnes que reben el suport SIEI participen de les mat\u00e8ries en el grup classe i d&#8217;altres activitats com l&#8217;hort, (Tallant la mat\u00e8ria org\u00e0nica per fer compost)<\/p>\n<p><a href=\"https:\/\/www.instagram.com\/institutbarresiiones\/\">&gt;&gt;&gt; Veure fotografies (Instagram de l&#8217;Institut Barres i Ones)<\/a><\/p>\n","protected":false},"excerpt":{"rendered":"<p>S\u00ed , a un sistema educatiu p\u00fablic inclusiu, per Eva Prieto \u201cLa inclusi\u00f3 \u00e9s una forma millor de viure. Es l&#8217;oposat a la segregaci\u00f3. La inclusi\u00f3 determina on vivim, rebem educaci\u00f3, treballem i juguem. T\u00e9 a veure amb el canvi dels nostres cors i valors\u201d (Pearpoint Forest, 1999) \u201cL\u2019educaci\u00f3 inclusiva \u00e9s garantia del dret a [&hellip;]<\/p>\n","protected":false},"author":3,"featured_media":0,"parent":57,"menu_order":90,"comment_status":"closed","ping_status":"closed","template":"page-templates\/side-menu.php","meta":{"_bbp_topic_count":0,"_bbp_reply_count":0,"_bbp_total_topic_count":0,"_bbp_total_reply_count":0,"_bbp_voice_count":0,"_bbp_anonymous_reply_count":0,"_bbp_topic_count_hidden":0,"_bbp_reply_count_hidden":0,"_bbp_forum_subforum_count":0,"site-sidebar-layout":"default","site-content-layout":"","ast-site-content-layout":"","site-content-style":"default","site-sidebar-style":"default","ast-global-header-display":"","ast-banner-title-visibility":"","ast-main-header-display":"","ast-hfb-above-header-display":"","ast-hfb-below-header-display":"","ast-hfb-mobile-header-display":"","site-post-title":"","ast-breadcrumbs-content":"","ast-featured-img":"","footer-sml-layout":"","theme-transparent-header-meta":"","adv-header-id-meta":"","stick-header-meta":"","header-above-stick-meta":"","header-main-stick-meta":"","header-below-stick-meta":"","astra-migrate-meta-layouts":"default","ast-page-background-enabled":"default","ast-page-background-meta":{"desktop":{"background-color":"var(--ast-global-color-4)","background-image":"","background-repeat":"repeat","background-position":"center center","background-size":"auto","background-attachment":"scroll","background-type":"","background-media":"","overlay-type":"","overlay-color":"","overlay-opacity":"","overlay-gradient":""},"tablet":{"background-color":"","background-image":"","background-repeat":"repeat","background-position":"center center","background-size":"auto","background-attachment":"scroll","background-type":"","background-media":"","overlay-type":"","overlay-color":"","overlay-opacity":"","overlay-gradient":""},"mobile":{"background-color":"","background-image":"","background-repeat":"repeat","background-position":"center center","background-size":"auto","background-attachment":"scroll","background-type":"","background-media":"","overlay-type":"","overlay-color":"","overlay-opacity":"","overlay-gradient":""}},"ast-content-background-meta":{"desktop":{"background-color":"var(--ast-global-color-5)","background-image":"","background-repeat":"repeat","background-position":"center center","background-size":"auto","background-attachment":"scroll","background-type":"","background-media":"","overlay-type":"","overlay-color":"","overlay-opacity":"","overlay-gradient":""},"tablet":{"background-color":"var(--ast-global-color-5)","background-image":"","background-repeat":"repeat","background-position":"center center","background-size":"auto","background-attachment":"scroll","background-type":"","background-media":"","overlay-type":"","overlay-color":"","overlay-opacity":"","overlay-gradient":""},"mobile":{"background-color":"var(--ast-global-color-5)","background-image":"","background-repeat":"repeat","background-position":"center center","background-size":"auto","background-attachment":"scroll","background-type":"","background-media":"","overlay-type":"","overlay-color":"","overlay-opacity":"","overlay-gradient":""}},"footnotes":""},"class_list":["post-1581","page","type-page","status-publish","hentry"],"post_mailing_queue_ids":[],"_links":{"self":[{"href":"https:\/\/agora.xtec.cat\/insbarresiones\/wp-json\/wp\/v2\/pages\/1581","targetHints":{"allow":["GET"]}}],"collection":[{"href":"https:\/\/agora.xtec.cat\/insbarresiones\/wp-json\/wp\/v2\/pages"}],"about":[{"href":"https:\/\/agora.xtec.cat\/insbarresiones\/wp-json\/wp\/v2\/types\/page"}],"author":[{"embeddable":true,"href":"https:\/\/agora.xtec.cat\/insbarresiones\/wp-json\/wp\/v2\/users\/3"}],"replies":[{"embeddable":true,"href":"https:\/\/agora.xtec.cat\/insbarresiones\/wp-json\/wp\/v2\/comments?post=1581"}],"version-history":[{"count":3,"href":"https:\/\/agora.xtec.cat\/insbarresiones\/wp-json\/wp\/v2\/pages\/1581\/revisions"}],"predecessor-version":[{"id":2449,"href":"https:\/\/agora.xtec.cat\/insbarresiones\/wp-json\/wp\/v2\/pages\/1581\/revisions\/2449"}],"up":[{"embeddable":true,"href":"https:\/\/agora.xtec.cat\/insbarresiones\/wp-json\/wp\/v2\/pages\/57"}],"wp:attachment":[{"href":"https:\/\/agora.xtec.cat\/insbarresiones\/wp-json\/wp\/v2\/media?parent=1581"}],"curies":[{"name":"wp","href":"https:\/\/api.w.org\/{rel}","templated":true}]}}