{"id":768,"date":"2019-10-01T09:09:47","date_gmt":"2019-10-01T07:09:47","guid":{"rendered":"https:\/\/agora.xtec.cat\/insbaixpenedes\/?page_id=768"},"modified":"2026-03-12T11:18:23","modified_gmt":"2026-03-12T10:18:23","slug":"certificats","status":"publish","type":"page","link":"https:\/\/agora.xtec.cat\/insbaixpenedes\/secretaria\/tramits\/certificats\/","title":{"rendered":"Sol\u00b7licitud Certificats"},"content":{"rendered":"<p><a href=\"https:\/\/agora.xtec.cat\/insbaixpenedes\/wp-content\/uploads\/usu1417\/2019\/09\/arxiu.jpg\"><img loading=\"lazy\" decoding=\"async\" class=\"aligncenter size-full wp-image-697\" src=\"https:\/\/agora.xtec.cat\/insbaixpenedes\/wp-content\/uploads\/usu1417\/2019\/09\/arxiu.jpg\" alt=\"\" width=\"1920\" height=\"600\" srcset=\"https:\/\/agora.xtec.cat\/insbaixpenedes\/wp-content\/uploads\/usu1417\/2019\/09\/arxiu.jpg 1920w, https:\/\/agora.xtec.cat\/insbaixpenedes\/wp-content\/uploads\/usu1417\/2019\/09\/arxiu-300x94.jpg 300w, https:\/\/agora.xtec.cat\/insbaixpenedes\/wp-content\/uploads\/usu1417\/2019\/09\/arxiu-768x240.jpg 768w, https:\/\/agora.xtec.cat\/insbaixpenedes\/wp-content\/uploads\/usu1417\/2019\/09\/arxiu-1024x320.jpg 1024w\" sizes=\"auto, (max-width: 1920px) 100vw, 1920px\" \/><\/a><\/p>\n<h3>Certificat d&#8217;equival\u00e8ncia de catal\u00e0 dels nivells B2 i C1<\/h3>\n<h6><\/h6>\n<h5>Requisits:<\/h5>\n<ul>\n<li style=\"list-style-type: none;\">\n<ul>\n<li style=\"list-style-type: none;\">\n<ul>\n<li>Haver nascut a partir de l\u2019any 1972.<\/li>\n<li>Escolaritzaci\u00f3 complerta a Catalunya (des d\u2019EGB o Prim\u00e0ria).<\/li>\n<li>No estar exempt de catal\u00e0.<\/li>\n<li>Tenir algun dels seg\u00fcents t\u00edtols: EGB, ESO, BATXILLERAT, FP1 o FP2.<\/li>\n<li>El cicle formatiu de Grau Mitj\u00e0 o de Grau Superior, no permet acreditar l\u2019obtenci\u00f3 del nivell de catal\u00e0.<\/li>\n<\/ul>\n<\/li>\n<\/ul>\n<\/li>\n<\/ul>\n<h5>Quadre d\u2019equival\u00e8ncies:<\/h5>\n<table style=\"border-collapse: collapse; width: 83.2336%;\">\n<tbody>\n<tr>\n<th style=\"width: 82.5253%; text-align: center; vertical-align: middle;\" colspan=\"3\">\n<h4><strong>NIVELL B2<\/strong><\/h4>\n<\/th>\n<\/tr>\n<tr>\n<td style=\"width: 8.89726%; text-align: center; vertical-align: middle;\" scope=\"rowgroup\"><strong>T\u00edtol<\/strong><\/td>\n<td style=\"width: 39.0771%; text-align: center; vertical-align: middle;\" scope=\"rowgroup\"><strong>A Catalunya cal haver estudiat<\/strong><\/td>\n<td style=\"width: 34.5509%; text-align: center; vertical-align: middle;\" scope=\"rowgroup\"><strong>Documentaci\u00f3 a presentar<\/strong><\/td>\n<\/tr>\n<tr>\n<td style=\"width: 8.89726%; text-align: center; vertical-align: middle;\">EGB<\/td>\n<td style=\"width: 39.0771%; vertical-align: middle;\">Tota l\u2019EGB i haver <strong>cursat<\/strong> la mat\u00e8ria de llengua catalana en els estudis esmentats a partir del curs 1978-1979<\/td>\n<td style=\"width: 34.5509%; vertical-align: middle;\">\n<ul>\n<li>DNI.<\/li>\n<li>Llibre escolaritat d\u2019EGB, o certificat acreditatiu, expedit pel centre on va cursar els estudis, on consti que s\u2019hagi cursat la mat\u00e8ria de llengua catalana en la totalitat dels estudis esmentats<\/li>\n<\/ul>\n<\/td>\n<\/tr>\n<tr>\n<td style=\"width: 8.89726%; text-align: center; vertical-align: middle;\">FP1<\/td>\n<td style=\"width: 39.0771%; vertical-align: middle;\">Tota l\u2019EGB i l\u2019FP1 i haver <strong>cursat<\/strong> la mat\u00e8ria de llengua catalana en els estudis esmentats a partir del curs 1978-1979<\/td>\n<td style=\"width: 34.5509%; vertical-align: middle;\">\n<ul>\n<li>DNI.<\/li>\n<li>Llibre escolaritat d\u2019EGB, o certificat acreditatiu, expedit pel centre on va cursar els estudis, on consti que s\u2019hagi cursat la mat\u00e8ria de llengua catalana en la totalitat dels estudis esmentats.<\/li>\n<li>Certificat de qualificacions d\u2019FP1, o certificat acreditatiu, expedit pel centre on va cursar els estudis, on consti que s\u2019hagi cursat la mat\u00e8ria de llengua catalana en la totalitat dels estudis esmentats.<\/li>\n<\/ul>\n<\/td>\n<\/tr>\n<\/tbody>\n<\/table>\n<table style=\"border-collapse: collapse; width: 83.3926%; height: 224px;\">\n<tbody>\n<tr style=\"height: 32px;\">\n<td style=\"width: 83.3936%; text-align: center; height: 32px;\" colspan=\"3\">\n<h4><strong>NIVELL C1<\/strong><\/h4>\n<\/td>\n<\/tr>\n<tr style=\"height: 32px;\">\n<td style=\"width: 9.11285%; height: 32px; text-align: center;\"><strong>T\u00edtol<\/strong><\/td>\n<td style=\"width: 39.4971%; height: 32px; text-align: center;\"><strong>A Catalunya cal haver estudiat<\/strong><\/td>\n<td style=\"width: 34.7837%; height: 32px; text-align: center;\"><strong>Documentaci\u00f3 a presentar<\/strong><\/td>\n<\/tr>\n<tr style=\"height: 32px;\">\n<td style=\"width: 9.11285%; height: 32px;\">\n<p style=\"text-align: center;\">ESO<\/p>\n<p style=\"text-align: center;\">(abans<\/p>\n<p style=\"text-align: center;\">2007-2008)<\/p>\n<\/td>\n<td style=\"width: 39.4971%; height: 32px;\">Almenys tres cursos qualsevol de prim\u00e0ria i tota l\u2019ESO i haver\u00a0<strong>cursat<\/strong>\u00a0la mat\u00e8ria de llengua catalana en els estudis m\u00ednims esmentats<\/td>\n<td style=\"width: 34.7837%; height: 32px;\">\n<ul>\n<li>DNI<\/li>\n<li>Llibre de Prim\u00e0ria i d\u2019ESO o certificat acreditatiu, expedit pel centre on va cursar els estudis, on consti que s\u2019hagi cursat la mat\u00e8ria de llengua catalana en la totalitat dels estudis esmentats<\/li>\n<\/ul>\n<\/td>\n<\/tr>\n<tr style=\"height: 32px;\">\n<td style=\"width: 9.11285%; height: 32px;\">\n<p style=\"text-align: center;\">ESO<\/p>\n<p style=\"text-align: center;\">(a partir<\/p>\n<p style=\"text-align: center;\">2007-2008)<\/p>\n<\/td>\n<td style=\"width: 39.4971%; height: 32px;\">Almenys tres cursos qualsevol de prim\u00e0ria i tota l\u2019ESO i haver\u00a0<strong>cursat i aprovat<\/strong>\u00a0la mat\u00e8ria de llengua catalana en els estudis m\u00ednims esmentats<\/td>\n<td style=\"width: 34.7837%; height: 32px;\">\n<ul>\n<li>DNI<\/li>\n<li>Llibre de Prim\u00e0ria i d\u2019ESO o certificat acreditatiu, expedit pel centre on va cursar els estudis, on consti que s\u2019hagi cursat la mat\u00e8ria de llengua catalana en la totalitat dels estudis esmentats<\/li>\n<\/ul>\n<\/td>\n<\/tr>\n<tr style=\"height: 32px;\">\n<td style=\"width: 9.11285%; height: 32px; text-align: center;\">BATXILLERAT (LOGSE-LOE-LOEM)<\/td>\n<td style=\"width: 39.4971%; height: 32px;\">Almenys tres cursos qualsevol de prim\u00e0ria i cinc cursos qualsevol entre l\u2019ESO i el BATXILLERAT i haver\u00a0<strong>cursat<\/strong>\u00a0la mat\u00e8ria de llengua catalana en els estudis m\u00ednims esmentats<\/td>\n<td style=\"width: 34.7837%; height: 32px;\">\n<ul>\n<li>DNI<\/li>\n<li>Llibre de prim\u00e0ria, d\u2019ESO i Batxillerat o certificat acreditatiu, expedit pel centre on va cursar els estudis, on consti que s\u2019hagi cursat la mat\u00e8ria de llengua catalana en la totalitat dels estudis esmentats<\/li>\n<\/ul>\n<\/td>\n<\/tr>\n<tr style=\"height: 32px;\">\n<td style=\"width: 9.11285%; height: 32px;\">\n<p style=\"text-align: center;\">BUP<\/p>\n<p style=\"text-align: center;\">(Batxillerat)<\/p>\n<\/td>\n<td style=\"width: 39.4971%; height: 32px;\">Tota l\u2019EGB i el BUP i haver\u00a0<strong>cursat<\/strong>\u00a0la mat\u00e8ria de llengua catalana en la totalitat dels estudis esmentats, a partir del curs 1978-1979<\/td>\n<td style=\"width: 34.7837%; height: 32px;\">\n<ul>\n<li>DNI<\/li>\n<li>Llibre d\u2019EGB i BUP, o certificat acreditatiu, expedit pel centre on va cursar els estudis, on consti que s\u2019hagi cursat la mat\u00e8ria de llengua catalana en la totalitat dels estudis esmentats<\/li>\n<\/ul>\n<\/td>\n<\/tr>\n<tr style=\"height: 32px;\">\n<td style=\"width: 9.11285%; height: 32px; text-align: center;\">FP 2<\/td>\n<td style=\"width: 39.4971%; height: 32px;\">Tota l\u2019EGB, l\u2019FP1 i l\u2019FP 2 i haver\u00a0<strong>cursat<\/strong>\u00a0la mat\u00e8ria de llengua catalana en els estudis esmentats a partir dels curs 1978-1979<\/td>\n<td style=\"width: 34.7837%; height: 32px;\">\n<ul>\n<li>DNI<\/li>\n<li>Llibre escolaritat d\u2019EGB, o certificat acreditatiu, expedit pel centre on va cursar els estudis, on consti que s\u2019hagi cursat la mat\u00e8ria de llengua catalana en la totalitat dels estudis esmentats<\/li>\n<li>Certificat de qualificacions d\u2019FP1 i d\u2019FP2, o certificat acreditatiu, expedit pel centre on va cursar els estudis, on consti que s\u2019hagi cursat la mat\u00e8ria de llengua catalana en la totalitat dels estudis esmentats<\/li>\n<\/ul>\n<\/td>\n<\/tr>\n<\/tbody>\n<\/table>\n<p>&nbsp;<\/p>\n<p>El centre actua com a oficina gestora de la Direcci\u00f3 General de Pol\u00edtica Ling\u00fc\u00edstica i emet certificats acreditatius d\u2019equival\u00e8ncia del nivell B2 (certificat de nivell intermedi de catal\u00e0) i nivell C1 (certificat de nivell de sufici\u00e8ncia de catal\u00e0).<\/p>\n<h4><\/h4>\n<h4><strong>Com fer la sol\u00b7licitud del corresponent certificat?<\/strong><\/h4>\n<ul>\n<li><strong>Per correu electr\u00f2nic:<\/strong> cal enviar al correu electr\u00f2nic\u00a0<strong>secretaria@institutbaixpenedes.cat<\/strong> la sol\u00b7licitud degudament omplerta juntament amb la documentaci\u00f3 requirida al quadre d\u2019equival\u00e8ncies (escanejada o fotografiada). Una vegada fet el certificat el reenviarem al vostre correu.<\/li>\n<\/ul>\n<p>En aquest enlla\u00e7 podeu descarregar la <a href=\"https:\/\/agora.xtec.cat\/insbaixpenedes\/wp-content\/uploads\/usu1417\/2025\/03\/sollicitud_C1catala_formulari.pdf\">sol\u00b7licitud del certificat d&#8217;equival\u00e8ncia de nivell de catal\u00e0<\/a><\/p>\n<p>Per a m\u00e9s informaci\u00f3 podeu consultar:\u00a0\u00a0<a href=\"https:\/\/llengua.gencat.cat\/ca\/serveis\/acreditacio_coneixements\/certificats_de_catala\/equivalencies-acreditacions\/\" target=\"_blank\" rel=\"noopener noreferrer\">Normativa aplicable sobre expedici\u00f3 de certificacions d\u2019equival\u00e8ncia del nivell de catal\u00e0 (web de la Generalitat de Catalunya)<\/a><\/p>\n<p>&nbsp;<\/p>\n<p style=\"text-align: justify;\">\n","protected":false},"excerpt":{"rendered":"<p>Certificat d&#8217;equival\u00e8ncia de catal\u00e0 dels nivells B2 i C1 Requisits: Haver nascut a partir de l\u2019any 1972. Escolaritzaci\u00f3 complerta a Catalunya (des d\u2019EGB o Prim\u00e0ria). No estar exempt de catal\u00e0. Tenir algun dels seg\u00fcents t\u00edtols: EGB, ESO, BATXILLERAT, FP1 o FP2. El cicle formatiu de Grau Mitj\u00e0 o de Grau Superior, no permet acreditar l\u2019obtenci\u00f3 [&hellip;]<\/p>\n","protected":false},"author":1,"featured_media":0,"parent":747,"menu_order":0,"comment_status":"closed","ping_status":"closed","template":"","meta":{"_bbp_topic_count":0,"_bbp_reply_count":0,"_bbp_total_topic_count":0,"_bbp_total_reply_count":0,"_bbp_voice_count":0,"_bbp_anonymous_reply_count":0,"_bbp_topic_count_hidden":0,"_bbp_reply_count_hidden":0,"_bbp_forum_subforum_count":0,"site-sidebar-layout":"default","site-content-layout":"","ast-site-content-layout":"default","site-content-style":"default","site-sidebar-style":"default","ast-global-header-display":"","ast-banner-title-visibility":"","ast-main-header-display":"","ast-hfb-above-header-display":"","ast-hfb-below-header-display":"","ast-hfb-mobile-header-display":"","site-post-title":"","ast-breadcrumbs-content":"","ast-featured-img":"","footer-sml-layout":"","theme-transparent-header-meta":"default","adv-header-id-meta":"","stick-header-meta":"","header-above-stick-meta":"","header-main-stick-meta":"","header-below-stick-meta":"","astra-migrate-meta-layouts":"set","ast-page-background-enabled":"default","ast-page-background-meta":{"desktop":{"background-color":"var(--ast-global-color-4)","background-image":"","background-repeat":"repeat","background-position":"center center","background-size":"auto","background-attachment":"scroll","background-type":"","background-media":"","overlay-type":"","overlay-color":"","overlay-opacity":"","overlay-gradient":""},"tablet":{"background-color":"","background-image":"","background-repeat":"repeat","background-position":"center center","background-size":"auto","background-attachment":"scroll","background-type":"","background-media":"","overlay-type":"","overlay-color":"","overlay-opacity":"","overlay-gradient":""},"mobile":{"background-color":"","background-image":"","background-repeat":"repeat","background-position":"center center","background-size":"auto","background-attachment":"scroll","background-type":"","background-media":"","overlay-type":"","overlay-color":"","overlay-opacity":"","overlay-gradient":""}},"ast-content-background-meta":{"desktop":{"background-color":"var(--ast-global-color-5)","background-image":"","background-repeat":"repeat","background-position":"center center","background-size":"auto","background-attachment":"scroll","background-type":"","background-media":"","overlay-type":"","overlay-color":"","overlay-opacity":"","overlay-gradient":""},"tablet":{"background-color":"var(--ast-global-color-5)","background-image":"","background-repeat":"repeat","background-position":"center center","background-size":"auto","background-attachment":"scroll","background-type":"","background-media":"","overlay-type":"","overlay-color":"","overlay-opacity":"","overlay-gradient":""},"mobile":{"background-color":"var(--ast-global-color-5)","background-image":"","background-repeat":"repeat","background-position":"center center","background-size":"auto","background-attachment":"scroll","background-type":"","background-media":"","overlay-type":"","overlay-color":"","overlay-opacity":"","overlay-gradient":""}},"footnotes":""},"class_list":["post-768","page","type-page","status-publish","hentry"],"post_mailing_queue_ids":[],"_links":{"self":[{"href":"https:\/\/agora.xtec.cat\/insbaixpenedes\/wp-json\/wp\/v2\/pages\/768","targetHints":{"allow":["GET"]}}],"collection":[{"href":"https:\/\/agora.xtec.cat\/insbaixpenedes\/wp-json\/wp\/v2\/pages"}],"about":[{"href":"https:\/\/agora.xtec.cat\/insbaixpenedes\/wp-json\/wp\/v2\/types\/page"}],"author":[{"embeddable":true,"href":"https:\/\/agora.xtec.cat\/insbaixpenedes\/wp-json\/wp\/v2\/users\/1"}],"replies":[{"embeddable":true,"href":"https:\/\/agora.xtec.cat\/insbaixpenedes\/wp-json\/wp\/v2\/comments?post=768"}],"version-history":[{"count":7,"href":"https:\/\/agora.xtec.cat\/insbaixpenedes\/wp-json\/wp\/v2\/pages\/768\/revisions"}],"predecessor-version":[{"id":6040,"href":"https:\/\/agora.xtec.cat\/insbaixpenedes\/wp-json\/wp\/v2\/pages\/768\/revisions\/6040"}],"up":[{"embeddable":true,"href":"https:\/\/agora.xtec.cat\/insbaixpenedes\/wp-json\/wp\/v2\/pages\/747"}],"wp:attachment":[{"href":"https:\/\/agora.xtec.cat\/insbaixpenedes\/wp-json\/wp\/v2\/media?parent=768"}],"curies":[{"name":"wp","href":"https:\/\/api.w.org\/{rel}","templated":true}]}}