{"id":762,"date":"2019-10-01T08:46:30","date_gmt":"2019-10-01T06:46:30","guid":{"rendered":"https:\/\/agora.xtec.cat\/insbaixpenedes\/?page_id=762"},"modified":"2025-06-30T11:45:15","modified_gmt":"2025-06-30T09:45:15","slug":"pas","status":"publish","type":"page","link":"https:\/\/agora.xtec.cat\/insbaixpenedes\/linstitut\/pas\/","title":{"rendered":"PAS"},"content":{"rendered":"<p><a href=\"https:\/\/agora.xtec.cat\/insbaixpenedes\/wp-content\/uploads\/usu1417\/2025\/06\/pas2.jpg\"><img loading=\"lazy\" decoding=\"async\" class=\"aligncenter wp-image-5722 size-large\" src=\"https:\/\/agora.xtec.cat\/insbaixpenedes\/wp-content\/uploads\/usu1417\/2025\/06\/pas2-1024x329.jpg\" alt=\"\" width=\"1024\" height=\"329\" srcset=\"https:\/\/agora.xtec.cat\/insbaixpenedes\/wp-content\/uploads\/usu1417\/2025\/06\/pas2-1024x329.jpg 1024w, https:\/\/agora.xtec.cat\/insbaixpenedes\/wp-content\/uploads\/usu1417\/2025\/06\/pas2-300x96.jpg 300w, https:\/\/agora.xtec.cat\/insbaixpenedes\/wp-content\/uploads\/usu1417\/2025\/06\/pas2-768x246.jpg 768w, https:\/\/agora.xtec.cat\/insbaixpenedes\/wp-content\/uploads\/usu1417\/2025\/06\/pas2-1536x493.jpg 1536w, https:\/\/agora.xtec.cat\/insbaixpenedes\/wp-content\/uploads\/usu1417\/2025\/06\/pas2.jpg 1920w\" sizes=\"auto, (max-width: 1024px) 100vw, 1024px\" \/><\/a><\/p>\n<p style=\"text-align: justify;\">El Personal d\u2019Administraci\u00f3 i Serveis (PAS) est\u00e0 format per:<\/p>\n<ul>\n<li style=\"list-style-type: none;\">\n<ul style=\"list-style-type: square;\">\n<li style=\"text-align: justify;\">Personal d\u2019administraci\u00f3, que s\u2019encarrega de la gesti\u00f3 administrativa dels processos de preinscripci\u00f3 i matriculaci\u00f3 d\u2019alumnes, dels documents acad\u00e8mics (llibres d\u2019escolaritat, historials acad\u00e8mics, expedients acad\u00e8mics, t\u00edtols, beques i ajuts, certificacions, dilig\u00e8ncies\u2026) i de la tramitaci\u00f3 dels assumptes propis del centre.<\/li>\n<li style=\"text-align: justify;\">Subalterns, que s\u2019encarreguen de vigilar i custodiar el material, el mobiliari i les instal\u00b7lacions del centre, controlar els accessos i rebre les persones que accedeixen al centre, utilitzar i manipular el maquinari de reprografia, atendre l\u2019alumnat i donar suport al funcionament i estructura del centre.<\/li>\n<\/ul>\n<\/li>\n<\/ul>\n<p style=\"text-align: justify;\">Els membres del PAS al nostre centre s\u00f3n:<\/p>\n<ul>\n<li style=\"list-style-type: none;\">\n<ul style=\"list-style-type: square;\">\n<li style=\"text-align: justify;\">Administratius:\n<ul style=\"list-style-type: circle;\">\n<li style=\"text-align: justify;\">Jose Manuel S\u00e1nchez<\/li>\n<li>Anna Pons<\/li>\n<\/ul>\n<\/li>\n<li style=\"text-align: justify;\">Subalterns:\n<ul style=\"list-style-type: circle;\">\n<li style=\"text-align: justify;\">Enric Alba<\/li>\n<li style=\"text-align: justify;\">S\u00edlvia Ponsa<\/li>\n<\/ul>\n<\/li>\n<\/ul>\n<\/li>\n<\/ul>\n","protected":false},"excerpt":{"rendered":"<p>El Personal d\u2019Administraci\u00f3 i Serveis (PAS) est\u00e0 format per: Personal d\u2019administraci\u00f3, que s\u2019encarrega de la gesti\u00f3 administrativa dels processos de preinscripci\u00f3 i matriculaci\u00f3 d\u2019alumnes, dels documents acad\u00e8mics (llibres d\u2019escolaritat, historials acad\u00e8mics, expedients acad\u00e8mics, t\u00edtols, beques i ajuts, certificacions, dilig\u00e8ncies\u2026) i de la tramitaci\u00f3 dels assumptes propis del centre. Subalterns, que s\u2019encarreguen de vigilar i custodiar [&hellip;]<\/p>\n","protected":false},"author":1,"featured_media":0,"parent":19,"menu_order":70,"comment_status":"closed","ping_status":"closed","template":"","meta":{"_bbp_topic_count":0,"_bbp_reply_count":0,"_bbp_total_topic_count":0,"_bbp_total_reply_count":0,"_bbp_voice_count":0,"_bbp_anonymous_reply_count":0,"_bbp_topic_count_hidden":0,"_bbp_reply_count_hidden":0,"_bbp_forum_subforum_count":0,"site-sidebar-layout":"default","site-content-layout":"","ast-site-content-layout":"default","site-content-style":"default","site-sidebar-style":"default","ast-global-header-display":"","ast-banner-title-visibility":"","ast-main-header-display":"","ast-hfb-above-header-display":"","ast-hfb-below-header-display":"","ast-hfb-mobile-header-display":"","site-post-title":"","ast-breadcrumbs-content":"","ast-featured-img":"","footer-sml-layout":"","theme-transparent-header-meta":"default","adv-header-id-meta":"","stick-header-meta":"","header-above-stick-meta":"","header-main-stick-meta":"","header-below-stick-meta":"","astra-migrate-meta-layouts":"set","ast-page-background-enabled":"default","ast-page-background-meta":{"desktop":{"background-color":"var(--ast-global-color-4)","background-image":"","background-repeat":"repeat","background-position":"center center","background-size":"auto","background-attachment":"scroll","background-type":"","background-media":"","overlay-type":"","overlay-color":"","overlay-opacity":"","overlay-gradient":""},"tablet":{"background-color":"","background-image":"","background-repeat":"repeat","background-position":"center center","background-size":"auto","background-attachment":"scroll","background-type":"","background-media":"","overlay-type":"","overlay-color":"","overlay-opacity":"","overlay-gradient":""},"mobile":{"background-color":"","background-image":"","background-repeat":"repeat","background-position":"center center","background-size":"auto","background-attachment":"scroll","background-type":"","background-media":"","overlay-type":"","overlay-color":"","overlay-opacity":"","overlay-gradient":""}},"ast-content-background-meta":{"desktop":{"background-color":"var(--ast-global-color-5)","background-image":"","background-repeat":"repeat","background-position":"center center","background-size":"auto","background-attachment":"scroll","background-type":"","background-media":"","overlay-type":"","overlay-color":"","overlay-opacity":"","overlay-gradient":""},"tablet":{"background-color":"var(--ast-global-color-5)","background-image":"","background-repeat":"repeat","background-position":"center center","background-size":"auto","background-attachment":"scroll","background-type":"","background-media":"","overlay-type":"","overlay-color":"","overlay-opacity":"","overlay-gradient":""},"mobile":{"background-color":"var(--ast-global-color-5)","background-image":"","background-repeat":"repeat","background-position":"center center","background-size":"auto","background-attachment":"scroll","background-type":"","background-media":"","overlay-type":"","overlay-color":"","overlay-opacity":"","overlay-gradient":""}},"footnotes":""},"class_list":["post-762","page","type-page","status-publish","hentry"],"post_mailing_queue_ids":[],"_links":{"self":[{"href":"https:\/\/agora.xtec.cat\/insbaixpenedes\/wp-json\/wp\/v2\/pages\/762","targetHints":{"allow":["GET"]}}],"collection":[{"href":"https:\/\/agora.xtec.cat\/insbaixpenedes\/wp-json\/wp\/v2\/pages"}],"about":[{"href":"https:\/\/agora.xtec.cat\/insbaixpenedes\/wp-json\/wp\/v2\/types\/page"}],"author":[{"embeddable":true,"href":"https:\/\/agora.xtec.cat\/insbaixpenedes\/wp-json\/wp\/v2\/users\/1"}],"replies":[{"embeddable":true,"href":"https:\/\/agora.xtec.cat\/insbaixpenedes\/wp-json\/wp\/v2\/comments?post=762"}],"version-history":[{"count":4,"href":"https:\/\/agora.xtec.cat\/insbaixpenedes\/wp-json\/wp\/v2\/pages\/762\/revisions"}],"predecessor-version":[{"id":5724,"href":"https:\/\/agora.xtec.cat\/insbaixpenedes\/wp-json\/wp\/v2\/pages\/762\/revisions\/5724"}],"up":[{"embeddable":true,"href":"https:\/\/agora.xtec.cat\/insbaixpenedes\/wp-json\/wp\/v2\/pages\/19"}],"wp:attachment":[{"href":"https:\/\/agora.xtec.cat\/insbaixpenedes\/wp-json\/wp\/v2\/media?parent=762"}],"curies":[{"name":"wp","href":"https:\/\/api.w.org\/{rel}","templated":true}]}}