{"id":749,"date":"2019-09-30T18:36:58","date_gmt":"2019-09-30T16:36:58","guid":{"rendered":"https:\/\/agora.xtec.cat\/insbaixpenedes\/?page_id=749"},"modified":"2025-05-19T10:47:02","modified_gmt":"2025-05-19T08:47:02","slug":"titols","status":"publish","type":"page","link":"https:\/\/agora.xtec.cat\/insbaixpenedes\/secretaria\/tramits\/titols\/","title":{"rendered":"Sol\u00b7licitud \/ Recollida de T\u00edtols"},"content":{"rendered":"<p><a href=\"https:\/\/agora.xtec.cat\/insbaixpenedes\/wp-content\/uploads\/usu1417\/2019\/09\/impresos.jpg\"><img loading=\"lazy\" decoding=\"async\" class=\"aligncenter size-full wp-image-750\" src=\"https:\/\/agora.xtec.cat\/insbaixpenedes\/wp-content\/uploads\/usu1417\/2019\/09\/impresos.jpg\" alt=\"\" width=\"1920\" height=\"600\" srcset=\"https:\/\/agora.xtec.cat\/insbaixpenedes\/wp-content\/uploads\/usu1417\/2019\/09\/impresos.jpg 1920w, https:\/\/agora.xtec.cat\/insbaixpenedes\/wp-content\/uploads\/usu1417\/2019\/09\/impresos-300x94.jpg 300w, https:\/\/agora.xtec.cat\/insbaixpenedes\/wp-content\/uploads\/usu1417\/2019\/09\/impresos-768x240.jpg 768w, https:\/\/agora.xtec.cat\/insbaixpenedes\/wp-content\/uploads\/usu1417\/2019\/09\/impresos-1024x320.jpg 1024w\" sizes=\"auto, (max-width: 1920px) 100vw, 1920px\" \/><\/a><\/p>\n<p><strong><u>SOL\u00b7LICITUD DE T\u00cdTOLS ACAD\u00c8MICS<\/u><\/strong><\/p>\n<p><strong>T\u00cdTOL DE BATXILLERAT<\/strong><\/p>\n<p>Els alumnes que han superat el batxillerat han de sol\u00b7licitar el t\u00edtol.<\/p>\n<p>Documentaci\u00f3 necess\u00e0ria per fer la sol\u00b7licitud:<\/p>\n<ul>\n<li>Fotoc\u00f2pia DNI.<\/li>\n<li>Inst\u00e0ncia de sol\u00b7licitud del t\u00edtol. (<a href=\"https:\/\/agora.xtec.cat\/insbaixpenedes\/wp-content\/uploads\/usu1417\/2019\/09\/Sol%C2%B7licitud-Titol.pdf\">Descarrega impr\u00e8s<\/a>)<\/li>\n<li>Impr\u00e8s de pagament (recollir a secretaria) amb el justificant d\u2019haver realitzat l\u2019ingr\u00e9s.<\/li>\n<li>Fotoc\u00f2pia llibre fam\u00edlia nombrosa o monoparental o tarja vigent, si s\u2019escau.<\/li>\n<li>Acreditaci\u00f3 discapacitat igual o superior al 33%, si s\u2019escau.<\/li>\n<\/ul>\n<p>Taxa: (\u00daltima actualitzaci\u00f3 en data 27\/04\/2023)<\/p>\n<ul>\n<li>Taxa ordin\u00e0ria: 69,65 \u20ac.<\/li>\n<li>Taxa fam\u00edlia nombrosa general o fam\u00edlia monoparenta, bonificaci\u00f3 del 50% de l\u2019import.<\/li>\n<\/ul>\n<p>Exempci\u00f3 del 100% del pagament per a:<\/p>\n<ul>\n<li>Membres de familia nombrosa de categor\u00eda especial.<\/li>\n<li>V\u00edctimes de terrorisme (i els seus c\u00f2njuges i els seus fills i filles).<\/li>\n<li>Persones amb discapacitat igual o superior al 33%.<\/li>\n<li>Infants o adolescents en acolliment familiar.<\/li>\n<\/ul>\n<p>&nbsp;<\/p>\n<p><strong>T\u00cdTOL DE BUP<\/strong><\/p>\n<p>Alumnes que van finalizar els estudis de BUP i encara no han sol\u00b7licitat el t\u00edtol.<\/p>\n<p>.Documentaci\u00f3 necess\u00e0ria per fer la sol\u00b7licitud:<\/p>\n<ul>\n<li>Fotoc\u00f2pia DNI.<\/li>\n<li>Inst\u00e0ncia de sol\u00b7licitud del t\u00edtol<\/li>\n<li>Fotoc\u00f2pia llibre fam\u00edlia nombrosa o tarja vigent.<\/li>\n<li>Impr\u00e8s de pagament de les taxes per a efectuar l\u2019ingr\u00e9s. (p\u00e0gina web de l\u2019oficina virtual del MEC)<\/li>\n<li>Tornar el justificant de pagament a la Secretaria del centre.<\/li>\n<\/ul>\n<p>Taxa (\u00faltima actualitzaci\u00f3 en data 12\/04\/2023):<\/p>\n<ul>\n<li>Ordin\u00e0ria: 53,84 \u20ac.<\/li>\n<li>Fam\u00edlia nombrosa de 1a categor\u00eda, bonifiaci\u00f3 del 50% de l\u2019import.<\/li>\n<li>Duplicat: 4,85 \u20ac.<\/li>\n<\/ul>\n<p>&nbsp;<\/p>\n<p><strong>Sol\u00b7licitud de duplicat de t\u00edtol ESO o Batxillerat<\/strong><\/p>\n<p>Per demanar un duplicat d\u2019un t\u00edtol, s\u2019ha de seguir els seg\u00fcents passos:<\/p>\n<ul>\n<li>Omplir el model per fer la sol\u00b7licitud de duplicat. (<a href=\"https:\/\/agora.xtec.cat\/insbaixpenedes\/wp-content\/uploads\/usu1417\/2019\/09\/Sol%C2%B7licitud-Duplicat-Titol.pdf\">Descarrega impr\u00e8s<\/a>)<\/li>\n<li>S\u2019ha de justificar la petici\u00f3 de duplicat de la seg\u00fcent forma:\n<ul>\n<li>Presentant el t\u00edtol deteriorat, que el centre recollir\u00e0.<\/li>\n<li>Justificant la p\u00e8rdua del t\u00edtol original, mitjan\u00e7ant declaraci\u00f3 jurada.<\/li>\n<li>Acreditant documentalment el canvi legal de dades.<\/li>\n<\/ul>\n<\/li>\n<li>Recollir l\u2019impr\u00e9s de pagament al centre i retornar-lo amb el justificant de pagament.<\/li>\n<\/ul>\n<p>&nbsp;<\/p>\n<p><strong>Lliurament dels t\u00edtols<\/strong><\/p>\n<p>Els t\u00edtols seran lliurats als interessats que hauran d\u2019identificarse amb el seu DNI\/NIE.<\/p>\n<p><strong>T\u00cdTOL\u00a0 D\u2019ESO<\/strong><\/p>\n<p>Poden passar a retirar el t\u00edtol d\u2019ESO l\u2019alumnat que ha superat l\u2019etapa l\u2019any acad\u00e8mic 2019-2020 o anteriors.<\/p>\n<p><strong>T\u00cdTOL DE BATXILLERAT<\/strong><\/p>\n<p>Poden passar a retirar el t\u00edtol de Batxillerat l\u2019alumnat que ha superat l\u2019etapa l\u2019any acad\u00e8mic 2018-2019 o anteriors.<\/p>\n<p>&nbsp;<\/p>\n","protected":false},"excerpt":{"rendered":"<p>SOL\u00b7LICITUD DE T\u00cdTOLS ACAD\u00c8MICS T\u00cdTOL DE BATXILLERAT Els alumnes que han superat el batxillerat han de sol\u00b7licitar el t\u00edtol. Documentaci\u00f3 necess\u00e0ria per fer la sol\u00b7licitud: Fotoc\u00f2pia DNI. Inst\u00e0ncia de sol\u00b7licitud del t\u00edtol. (Descarrega impr\u00e8s) Impr\u00e8s de pagament (recollir a secretaria) amb el justificant d\u2019haver realitzat l\u2019ingr\u00e9s. Fotoc\u00f2pia llibre fam\u00edlia nombrosa o monoparental o tarja vigent, [&hellip;]<\/p>\n","protected":false},"author":1,"featured_media":0,"parent":747,"menu_order":0,"comment_status":"closed","ping_status":"closed","template":"page-templates\/side-menu.php","meta":{"_bbp_topic_count":0,"_bbp_reply_count":0,"_bbp_total_topic_count":0,"_bbp_total_reply_count":0,"_bbp_voice_count":0,"_bbp_anonymous_reply_count":0,"_bbp_topic_count_hidden":0,"_bbp_reply_count_hidden":0,"_bbp_forum_subforum_count":0,"site-sidebar-layout":"default","site-content-layout":"","ast-site-content-layout":"","site-content-style":"default","site-sidebar-style":"default","ast-global-header-display":"","ast-banner-title-visibility":"","ast-main-header-display":"","ast-hfb-above-header-display":"","ast-hfb-below-header-display":"","ast-hfb-mobile-header-display":"","site-post-title":"","ast-breadcrumbs-content":"","ast-featured-img":"","footer-sml-layout":"","theme-transparent-header-meta":"","adv-header-id-meta":"","stick-header-meta":"","header-above-stick-meta":"","header-main-stick-meta":"","header-below-stick-meta":"","astra-migrate-meta-layouts":"default","ast-page-background-enabled":"default","ast-page-background-meta":{"desktop":{"background-color":"var(--ast-global-color-4)","background-image":"","background-repeat":"repeat","background-position":"center center","background-size":"auto","background-attachment":"scroll","background-type":"","background-media":"","overlay-type":"","overlay-color":"","overlay-opacity":"","overlay-gradient":""},"tablet":{"background-color":"","background-image":"","background-repeat":"repeat","background-position":"center center","background-size":"auto","background-attachment":"scroll","background-type":"","background-media":"","overlay-type":"","overlay-color":"","overlay-opacity":"","overlay-gradient":""},"mobile":{"background-color":"","background-image":"","background-repeat":"repeat","background-position":"center center","background-size":"auto","background-attachment":"scroll","background-type":"","background-media":"","overlay-type":"","overlay-color":"","overlay-opacity":"","overlay-gradient":""}},"ast-content-background-meta":{"desktop":{"background-color":"var(--ast-global-color-5)","background-image":"","background-repeat":"repeat","background-position":"center center","background-size":"auto","background-attachment":"scroll","background-type":"","background-media":"","overlay-type":"","overlay-color":"","overlay-opacity":"","overlay-gradient":""},"tablet":{"background-color":"var(--ast-global-color-5)","background-image":"","background-repeat":"repeat","background-position":"center center","background-size":"auto","background-attachment":"scroll","background-type":"","background-media":"","overlay-type":"","overlay-color":"","overlay-opacity":"","overlay-gradient":""},"mobile":{"background-color":"var(--ast-global-color-5)","background-image":"","background-repeat":"repeat","background-position":"center center","background-size":"auto","background-attachment":"scroll","background-type":"","background-media":"","overlay-type":"","overlay-color":"","overlay-opacity":"","overlay-gradient":""}},"footnotes":""},"class_list":["post-749","page","type-page","status-publish","hentry"],"post_mailing_queue_ids":[],"_links":{"self":[{"href":"https:\/\/agora.xtec.cat\/insbaixpenedes\/wp-json\/wp\/v2\/pages\/749","targetHints":{"allow":["GET"]}}],"collection":[{"href":"https:\/\/agora.xtec.cat\/insbaixpenedes\/wp-json\/wp\/v2\/pages"}],"about":[{"href":"https:\/\/agora.xtec.cat\/insbaixpenedes\/wp-json\/wp\/v2\/types\/page"}],"author":[{"embeddable":true,"href":"https:\/\/agora.xtec.cat\/insbaixpenedes\/wp-json\/wp\/v2\/users\/1"}],"replies":[{"embeddable":true,"href":"https:\/\/agora.xtec.cat\/insbaixpenedes\/wp-json\/wp\/v2\/comments?post=749"}],"version-history":[{"count":4,"href":"https:\/\/agora.xtec.cat\/insbaixpenedes\/wp-json\/wp\/v2\/pages\/749\/revisions"}],"predecessor-version":[{"id":5593,"href":"https:\/\/agora.xtec.cat\/insbaixpenedes\/wp-json\/wp\/v2\/pages\/749\/revisions\/5593"}],"up":[{"embeddable":true,"href":"https:\/\/agora.xtec.cat\/insbaixpenedes\/wp-json\/wp\/v2\/pages\/747"}],"wp:attachment":[{"href":"https:\/\/agora.xtec.cat\/insbaixpenedes\/wp-json\/wp\/v2\/media?parent=749"}],"curies":[{"name":"wp","href":"https:\/\/api.w.org\/{rel}","templated":true}]}}