{"id":721,"date":"2019-09-30T13:18:10","date_gmt":"2019-09-30T11:18:10","guid":{"rendered":"https:\/\/agora.xtec.cat\/insbaixpenedes\/?page_id=721"},"modified":"2025-08-27T10:55:27","modified_gmt":"2025-08-27T08:55:27","slug":"departament-de-llengues-estrangeres","status":"publish","type":"page","link":"https:\/\/agora.xtec.cat\/insbaixpenedes\/departament-de-llengues-estrangeres\/","title":{"rendered":"Departament de Lleng\u00fces Estrangeres"},"content":{"rendered":"<p><a href=\"https:\/\/agora.xtec.cat\/insbaixpenedes\/wp-content\/uploads\/usu1417\/2019\/09\/sem-idiomes.jpg\"><img loading=\"lazy\" decoding=\"async\" class=\"aligncenter size-full wp-image-722\" src=\"https:\/\/agora.xtec.cat\/insbaixpenedes\/wp-content\/uploads\/usu1417\/2019\/09\/sem-idiomes.jpg\" alt=\"\" width=\"1920\" height=\"600\" srcset=\"https:\/\/agora.xtec.cat\/insbaixpenedes\/wp-content\/uploads\/usu1417\/2019\/09\/sem-idiomes.jpg 1920w, https:\/\/agora.xtec.cat\/insbaixpenedes\/wp-content\/uploads\/usu1417\/2019\/09\/sem-idiomes-300x94.jpg 300w, https:\/\/agora.xtec.cat\/insbaixpenedes\/wp-content\/uploads\/usu1417\/2019\/09\/sem-idiomes-768x240.jpg 768w, https:\/\/agora.xtec.cat\/insbaixpenedes\/wp-content\/uploads\/usu1417\/2019\/09\/sem-idiomes-1024x320.jpg 1024w\" sizes=\"auto, (max-width: 1920px) 100vw, 1920px\" \/><\/a><\/p>\n<p>&nbsp;<\/p>\n<ul style=\"list-style-type: square;\">\n<li><span style=\"font-size: medium;\"><strong>\u00c0ngels Cat\u00e0<\/strong>: <a href=\"mailto:acata@institutbaixpenedes.cat\">acata@institutbaixpenedes.cat<\/a> &#8211; Cap de Departament i Coordinadora Erasmus+<\/span><\/li>\n<li><span style=\"font-size: medium;\"><strong>\u00c1ngela Gallego<\/strong>: <a href=\"mailto:agallego@institutbaixpenedes.cat\">agallego@institutbaixpenedes.cat<\/a> &#8211; Coordinadora Pedag\u00f2gica<\/span><\/li>\n<li><span style=\"font-size: medium;\"><strong>Mireia Farreny<\/strong>: <a href=\"mailto:mfarreny@institutbaixpenedes.cat\">mfarreny@institutbaixpenedes.cat<\/a><\/span><\/li>\n<li><strong>Isabel Rovira:<\/strong> <a href=\"mailto:irovira@institutbaixpenedes.cat\">irovira@institutbaixpenedes.cat<\/a><span style=\"font-size: medium;\"> &#8211; Coordinadora Punt Lila<\/span><\/li>\n<li><span style=\"font-size: medium;\"><strong>Cristina Pros:<\/strong> <a href=\"mailto:cpros@institutbaixpenedes.cat\">cpros@institutbaixpenedes.cat<\/a><\/span><\/li>\n<li><span style=\"font-size: medium;\"><strong>Aina Mara Gir\u00e1ldes<\/strong>: <a href=\"mailto:agiraldes@institutbaixpenedes.cat\">agiraldes@institutbaixpenedes.cat<\/a> &#8211; Tutora 1r BAT D<\/span><\/li>\n<li><span style=\"font-size: medium;\"><strong>Marta Galv\u00e1n<\/strong>:\u00a0<a href=\"mailto:mgalvan@institutbaixpenedes.cat\">mgalvan@institutbaixpenedes.cat<\/a><\/span><\/li>\n<li><span style=\"font-size: medium;\"><strong>Ewa Paczkowska<\/strong>: <a href=\"mailto:epaczkowska@institutbaixpenedes.cat\">epaczkowska@institutbaixpenedes.cat<\/a>\u00a0\u00a0<\/span><\/li>\n<\/ul>\n<p>&nbsp;<\/p>\n<p><a href=\"https:\/\/agora.xtec.cat\/insbaixpenedes\/wp-content\/uploads\/usu1417\/2024\/01\/CRITERIS_LLENGUES_ESTRANGERES.pdf\">CRITERIS_LLENG\u00dcES_ESTRANGERES<\/a><\/p>\n<p><em><strong><a href=\"https:\/\/agora.xtec.cat\/insbaixpenedes\/wp-content\/uploads\/usu1417\/2025\/02\/contingut_angles_proves_geso.pdf\">CONTINGUT ANGL\u00c8S PROVES GESO<\/a><\/strong><\/em><\/p>\n<p><em><strong><a href=\"https:\/\/agora.xtec.cat\/insbaixpenedes\/wp-content\/uploads\/usu1417\/2025\/02\/GESO_2025_angles.pdf\">EX\u00c0MENS GESO 2025 (ANGL\u00c8S)<\/a><\/strong><\/em><\/p>\n","protected":false},"excerpt":{"rendered":"<p>&nbsp; \u00c0ngels Cat\u00e0: acata@institutbaixpenedes.cat &#8211; Cap de Departament i Coordinadora Erasmus+ \u00c1ngela Gallego: agallego@institutbaixpenedes.cat &#8211; Coordinadora Pedag\u00f2gica Mireia Farreny: mfarreny@institutbaixpenedes.cat Isabel Rovira: irovira@institutbaixpenedes.cat &#8211; Coordinadora Punt Lila Cristina Pros: cpros@institutbaixpenedes.cat Aina Mara Gir\u00e1ldes: agiraldes@institutbaixpenedes.cat &#8211; Tutora 1r BAT D Marta Galv\u00e1n:\u00a0mgalvan@institutbaixpenedes.cat Ewa Paczkowska: epaczkowska@institutbaixpenedes.cat\u00a0\u00a0 &nbsp; CRITERIS_LLENG\u00dcES_ESTRANGERES CONTINGUT ANGL\u00c8S PROVES GESO EX\u00c0MENS GESO 2025 (ANGL\u00c8S)<\/p>\n","protected":false},"author":1,"featured_media":0,"parent":0,"menu_order":0,"comment_status":"closed","ping_status":"closed","template":"","meta":{"_bbp_topic_count":0,"_bbp_reply_count":0,"_bbp_total_topic_count":0,"_bbp_total_reply_count":0,"_bbp_voice_count":0,"_bbp_anonymous_reply_count":0,"_bbp_topic_count_hidden":0,"_bbp_reply_count_hidden":0,"_bbp_forum_subforum_count":0,"site-sidebar-layout":"default","site-content-layout":"","ast-site-content-layout":"default","site-content-style":"default","site-sidebar-style":"default","ast-global-header-display":"","ast-banner-title-visibility":"","ast-main-header-display":"","ast-hfb-above-header-display":"","ast-hfb-below-header-display":"","ast-hfb-mobile-header-display":"","site-post-title":"","ast-breadcrumbs-content":"","ast-featured-img":"","footer-sml-layout":"","theme-transparent-header-meta":"default","adv-header-id-meta":"","stick-header-meta":"","header-above-stick-meta":"","header-main-stick-meta":"","header-below-stick-meta":"","astra-migrate-meta-layouts":"set","ast-page-background-enabled":"default","ast-page-background-meta":{"desktop":{"background-color":"var(--ast-global-color-4)","background-image":"","background-repeat":"repeat","background-position":"center center","background-size":"auto","background-attachment":"scroll","background-type":"","background-media":"","overlay-type":"","overlay-color":"","overlay-opacity":"","overlay-gradient":""},"tablet":{"background-color":"","background-image":"","background-repeat":"repeat","background-position":"center center","background-size":"auto","background-attachment":"scroll","background-type":"","background-media":"","overlay-type":"","overlay-color":"","overlay-opacity":"","overlay-gradient":""},"mobile":{"background-color":"","background-image":"","background-repeat":"repeat","background-position":"center center","background-size":"auto","background-attachment":"scroll","background-type":"","background-media":"","overlay-type":"","overlay-color":"","overlay-opacity":"","overlay-gradient":""}},"ast-content-background-meta":{"desktop":{"background-color":"var(--ast-global-color-5)","background-image":"","background-repeat":"repeat","background-position":"center center","background-size":"auto","background-attachment":"scroll","background-type":"","background-media":"","overlay-type":"","overlay-color":"","overlay-opacity":"","overlay-gradient":""},"tablet":{"background-color":"var(--ast-global-color-5)","background-image":"","background-repeat":"repeat","background-position":"center center","background-size":"auto","background-attachment":"scroll","background-type":"","background-media":"","overlay-type":"","overlay-color":"","overlay-opacity":"","overlay-gradient":""},"mobile":{"background-color":"var(--ast-global-color-5)","background-image":"","background-repeat":"repeat","background-position":"center center","background-size":"auto","background-attachment":"scroll","background-type":"","background-media":"","overlay-type":"","overlay-color":"","overlay-opacity":"","overlay-gradient":""}},"footnotes":""},"class_list":["post-721","page","type-page","status-publish","hentry"],"post_mailing_queue_ids":[],"_links":{"self":[{"href":"https:\/\/agora.xtec.cat\/insbaixpenedes\/wp-json\/wp\/v2\/pages\/721","targetHints":{"allow":["GET"]}}],"collection":[{"href":"https:\/\/agora.xtec.cat\/insbaixpenedes\/wp-json\/wp\/v2\/pages"}],"about":[{"href":"https:\/\/agora.xtec.cat\/insbaixpenedes\/wp-json\/wp\/v2\/types\/page"}],"author":[{"embeddable":true,"href":"https:\/\/agora.xtec.cat\/insbaixpenedes\/wp-json\/wp\/v2\/users\/1"}],"replies":[{"embeddable":true,"href":"https:\/\/agora.xtec.cat\/insbaixpenedes\/wp-json\/wp\/v2\/comments?post=721"}],"version-history":[{"count":6,"href":"https:\/\/agora.xtec.cat\/insbaixpenedes\/wp-json\/wp\/v2\/pages\/721\/revisions"}],"predecessor-version":[{"id":5812,"href":"https:\/\/agora.xtec.cat\/insbaixpenedes\/wp-json\/wp\/v2\/pages\/721\/revisions\/5812"}],"wp:attachment":[{"href":"https:\/\/agora.xtec.cat\/insbaixpenedes\/wp-json\/wp\/v2\/media?parent=721"}],"curies":[{"name":"wp","href":"https:\/\/api.w.org\/{rel}","templated":true}]}}