{"id":714,"date":"2019-09-30T13:04:34","date_gmt":"2019-09-30T11:04:34","guid":{"rendered":"https:\/\/agora.xtec.cat\/insbaixpenedes\/?page_id=714"},"modified":"2025-08-27T10:50:10","modified_gmt":"2025-08-27T08:50:10","slug":"departament-de-dibuix","status":"publish","type":"page","link":"https:\/\/agora.xtec.cat\/insbaixpenedes\/departament-de-dibuix\/","title":{"rendered":"Departament de Dibuix"},"content":{"rendered":"<p><a href=\"https:\/\/agora.xtec.cat\/insbaixpenedes\/wp-content\/uploads\/usu1417\/2025\/02\/Continguts-ESO-CURS-24-25-DISTRIBUITS-PER-NIVELLS.pdf\">Continguts ESO CURS 24-25 DISTRIBU\u00cfTS PER NIVELLS<\/a><a href=\"https:\/\/agora.xtec.cat\/insbaixpenedes\/wp-content\/uploads\/usu1417\/2019\/09\/sem-vis-plast.jpg\"><img loading=\"lazy\" decoding=\"async\" class=\"aligncenter size-full wp-image-715\" src=\"https:\/\/agora.xtec.cat\/insbaixpenedes\/wp-content\/uploads\/usu1417\/2019\/09\/sem-vis-plast.jpg\" alt=\"\" width=\"1920\" height=\"600\" srcset=\"https:\/\/agora.xtec.cat\/insbaixpenedes\/wp-content\/uploads\/usu1417\/2019\/09\/sem-vis-plast.jpg 1920w, https:\/\/agora.xtec.cat\/insbaixpenedes\/wp-content\/uploads\/usu1417\/2019\/09\/sem-vis-plast-300x94.jpg 300w, https:\/\/agora.xtec.cat\/insbaixpenedes\/wp-content\/uploads\/usu1417\/2019\/09\/sem-vis-plast-768x240.jpg 768w, https:\/\/agora.xtec.cat\/insbaixpenedes\/wp-content\/uploads\/usu1417\/2019\/09\/sem-vis-plast-1024x320.jpg 1024w\" sizes=\"auto, (max-width: 1920px) 100vw, 1920px\" \/><\/a><\/p>\n<ul style=\"list-style-type: square;\">\n<li><span style=\"font-size: medium;\"><strong>Jes\u00fas Gracia:<\/strong> <a href=\"mailto:jgracia@institutbaixpenedes.cat\">jgracia@institutbaixpenedes.cat<\/a> &#8211; Cap de departament<\/span><\/li>\n<li><span style=\"font-size: medium;\"><strong>Montse Gonz\u00e1lez:<\/strong> <a href=\"mailto:mgonzalez@institutbaixpenedes.cat\">mgonzalez@institutbaixpenedes.cat<\/a> &#8211; Coordinadora Disseny<\/span><\/li>\n<li><span style=\"font-size: medium;\"><strong>Neus Baldr\u00eds:<\/strong> <a href=\"mailto:nbaldris@institutbaixpenedes.cat\">nbaldris@institutbaixpenedes.cat<\/a><\/span> &#8211; Tutora 3r ESO C<\/li>\n<li><strong>N\u00faria Serra: <\/strong><a href=\"mailto:nserra@institutbaixpenedes.cat\">nserra@institutbaixpenedes.cat<\/a><\/li>\n<\/ul>\n<p>&nbsp;<\/p>\n<p><strong>LLIBRES DE TEXT<\/strong><\/p>\n<p>La mat\u00e8ria d\u2019Educaci\u00f3 Visual i pl\u00e0stica de l\u2019ESO i del Batxillerat s&#8217;impartir\u00e0 a trav\u00e9s de la plataforma <strong>Moodle.<\/strong><\/p>\n<p><strong>\u00a0<\/strong><\/p>\n<p><strong>OPTATIVA DE 2N ESO<\/strong><\/p>\n<p><strong>IL\u00b7LUSIONS \u00d2PTIQUES<\/strong><\/p>\n<p>Si t&#8217;agrada dibuixar, aquesta \u00e9s la teva optativa! Transformarem la realitat, a trav\u00e9s del dibuix i de la imatge, i&#8230; Enganyarem l&#8217;ull del qui observi les vostres creacions! Are you ready?<\/p>\n<p>&nbsp;<\/p>\n<p><strong>LLIBRES DE TEXT<\/strong><\/p>\n<p>La mat\u00e8ria d\u2019Educaci\u00f3 Visual i pl\u00e0stica de l\u2019ESO i del Batxillerat s&#8217;impartir\u00e0 a trav\u00e9s de la plataforma <strong>Moodle.<\/strong><\/p>\n<p><strong>Material per 1r, 3r i optativa de 2n<\/strong><\/p>\n<p>Ser\u00e0 prec\u00eds que l&#8217;alumnat disposi del seu propi material fungible. \u00c9s preferible, abans de comprar, mirar qu\u00e8 \u00e9s el que es t\u00e9 a casa i reutilitzar -recordeu que som Escola Verda-. Si heu de comprar materials, es recomana guardar durant uns dies el ticket de compra per si hi hagu\u00e9s algun defecte en el producte o error en la compra i poder fer la seva devoluci\u00f3 a la botiga.<\/p>\n<ul>\n<li>Llapis HB, llapis 2B (o qualsevol altre que tingui la lletra B), llapis 2H (o qualsevol altre que tingui la lletra H o portamines)<\/li>\n<li>goma d&#8217;esborrar<\/li>\n<li>maquineta<\/li>\n<li>10 fulls reciclats A4 (fulls en brut per poder fer proves pr\u00e8vies de dibuix)<\/li>\n<li>10 l\u00e0mines de dibuix A4 d&#8217;uns 130gr aproximadament (preferiblement sense marges, si la l\u00e0mina t\u00e9 marges utilitzarem la seva cara oposada llisa per dibuixar)<\/li>\n<li>comp\u00e0s (preferiblement de rodeta o pin\u00e7a)<\/li>\n<li>retoladors calibrats (0.2, 0.4 i 0.8)<\/li>\n<li>Joc de regle 30cm, escaire i cartab\u00f3<\/li>\n<li>2 fulls de paper vegetal A4, revistes o diaris (<strong>per 3r ESO<\/strong>)<\/li>\n<li>llapis de colors de fusta, retoladors de colors, tisores, pega i moltes ganes d&#8217;aprendre!<\/li>\n<\/ul>\n<p>&nbsp;<\/p>\n<p><strong>Material per 4t ESO<\/strong><\/p>\n<ul>\n<li>30 l\u00e0mines de dibuix Din A4<\/li>\n<li>Llapis: un de punta fina i un de tou tipus 2B<\/li>\n<li>Retolador negre<\/li>\n<li>Pilot negre 0.5<\/li>\n<li>Comp\u00e0s amb adaptador<\/li>\n<li>Escaire, cartab\u00f3 i regle graduat<\/li>\n<li>Fulls en blanc per apunts<\/li>\n<li>Llapis de colors<\/li>\n<li>Retoladors<\/li>\n<li>Tisores<\/li>\n<li>Pegament de barra<\/li>\n<li>2 fulls de paper vegetal\u00a0 DIN A-4 sense marge<\/li>\n<\/ul>\n<p>&nbsp;<\/p>\n<p><strong>INFORMACI\u00d3 PELS ALUMNES DEL BATXILLERAT D&#8217;ARTS PL\u00c0STIQUES<\/strong><\/p>\n<p>L&#8217;alumnat que cursar\u00e0 estudis de Batxillerat d&#8217;Arts tan sols adquirir\u00e0 els llibres de les mat\u00e8ries comunes.<\/p>\n<p>A principi de curs, cada professor de les mat\u00e8ries de modalitat, li donar\u00e0 un llistat amb el material necessari i imprescindible, i que haur\u00e0 de tenir a nivell individual.<\/p>\n<p>Us informem breument del material que, de ben segur, utilitzaran els alumnes, i que adquiriran quan es demani: papers de diferents formats, gramatges, colors, textures&#8230; i el material espec\u00edfic de cada mat\u00e8ria: estris de dibuix art\u00edstic, t\u00e8cnic, pintures i material per volum.<\/p>\n","protected":false},"excerpt":{"rendered":"<p>Continguts ESO CURS 24-25 DISTRIBU\u00cfTS PER NIVELLS Jes\u00fas Gracia: jgracia@institutbaixpenedes.cat &#8211; Cap de departament Montse Gonz\u00e1lez: mgonzalez@institutbaixpenedes.cat &#8211; Coordinadora Disseny Neus Baldr\u00eds: nbaldris@institutbaixpenedes.cat &#8211; Tutora 3r ESO C N\u00faria Serra: nserra@institutbaixpenedes.cat &nbsp; LLIBRES DE TEXT La mat\u00e8ria d\u2019Educaci\u00f3 Visual i pl\u00e0stica de l\u2019ESO i del Batxillerat s&#8217;impartir\u00e0 a trav\u00e9s de la plataforma Moodle. \u00a0 OPTATIVA [&hellip;]<\/p>\n","protected":false},"author":1,"featured_media":0,"parent":0,"menu_order":0,"comment_status":"closed","ping_status":"closed","template":"","meta":{"_bbp_topic_count":0,"_bbp_reply_count":0,"_bbp_total_topic_count":0,"_bbp_total_reply_count":0,"_bbp_voice_count":0,"_bbp_anonymous_reply_count":0,"_bbp_topic_count_hidden":0,"_bbp_reply_count_hidden":0,"_bbp_forum_subforum_count":0,"site-sidebar-layout":"default","site-content-layout":"","ast-site-content-layout":"default","site-content-style":"default","site-sidebar-style":"default","ast-global-header-display":"","ast-banner-title-visibility":"","ast-main-header-display":"","ast-hfb-above-header-display":"","ast-hfb-below-header-display":"","ast-hfb-mobile-header-display":"","site-post-title":"","ast-breadcrumbs-content":"","ast-featured-img":"","footer-sml-layout":"","theme-transparent-header-meta":"default","adv-header-id-meta":"","stick-header-meta":"","header-above-stick-meta":"","header-main-stick-meta":"","header-below-stick-meta":"","astra-migrate-meta-layouts":"set","ast-page-background-enabled":"default","ast-page-background-meta":{"desktop":{"background-color":"var(--ast-global-color-4)","background-image":"","background-repeat":"repeat","background-position":"center center","background-size":"auto","background-attachment":"scroll","background-type":"","background-media":"","overlay-type":"","overlay-color":"","overlay-opacity":"","overlay-gradient":""},"tablet":{"background-color":"","background-image":"","background-repeat":"repeat","background-position":"center center","background-size":"auto","background-attachment":"scroll","background-type":"","background-media":"","overlay-type":"","overlay-color":"","overlay-opacity":"","overlay-gradient":""},"mobile":{"background-color":"","background-image":"","background-repeat":"repeat","background-position":"center center","background-size":"auto","background-attachment":"scroll","background-type":"","background-media":"","overlay-type":"","overlay-color":"","overlay-opacity":"","overlay-gradient":""}},"ast-content-background-meta":{"desktop":{"background-color":"var(--ast-global-color-5)","background-image":"","background-repeat":"repeat","background-position":"center center","background-size":"auto","background-attachment":"scroll","background-type":"","background-media":"","overlay-type":"","overlay-color":"","overlay-opacity":"","overlay-gradient":""},"tablet":{"background-color":"var(--ast-global-color-5)","background-image":"","background-repeat":"repeat","background-position":"center center","background-size":"auto","background-attachment":"scroll","background-type":"","background-media":"","overlay-type":"","overlay-color":"","overlay-opacity":"","overlay-gradient":""},"mobile":{"background-color":"var(--ast-global-color-5)","background-image":"","background-repeat":"repeat","background-position":"center center","background-size":"auto","background-attachment":"scroll","background-type":"","background-media":"","overlay-type":"","overlay-color":"","overlay-opacity":"","overlay-gradient":""}},"footnotes":""},"class_list":["post-714","page","type-page","status-publish","hentry"],"post_mailing_queue_ids":[],"_links":{"self":[{"href":"https:\/\/agora.xtec.cat\/insbaixpenedes\/wp-json\/wp\/v2\/pages\/714","targetHints":{"allow":["GET"]}}],"collection":[{"href":"https:\/\/agora.xtec.cat\/insbaixpenedes\/wp-json\/wp\/v2\/pages"}],"about":[{"href":"https:\/\/agora.xtec.cat\/insbaixpenedes\/wp-json\/wp\/v2\/types\/page"}],"author":[{"embeddable":true,"href":"https:\/\/agora.xtec.cat\/insbaixpenedes\/wp-json\/wp\/v2\/users\/1"}],"replies":[{"embeddable":true,"href":"https:\/\/agora.xtec.cat\/insbaixpenedes\/wp-json\/wp\/v2\/comments?post=714"}],"version-history":[{"count":8,"href":"https:\/\/agora.xtec.cat\/insbaixpenedes\/wp-json\/wp\/v2\/pages\/714\/revisions"}],"predecessor-version":[{"id":5808,"href":"https:\/\/agora.xtec.cat\/insbaixpenedes\/wp-json\/wp\/v2\/pages\/714\/revisions\/5808"}],"wp:attachment":[{"href":"https:\/\/agora.xtec.cat\/insbaixpenedes\/wp-json\/wp\/v2\/media?parent=714"}],"curies":[{"name":"wp","href":"https:\/\/api.w.org\/{rel}","templated":true}]}}