{"id":706,"date":"2019-09-30T12:42:36","date_gmt":"2019-09-30T10:42:36","guid":{"rendered":"https:\/\/agora.xtec.cat\/insbaixpenedes\/?page_id=706"},"modified":"2025-02-04T12:45:30","modified_gmt":"2025-02-04T11:45:30","slug":"departament-de-socials","status":"publish","type":"page","link":"https:\/\/agora.xtec.cat\/insbaixpenedes\/departament-de-socials\/","title":{"rendered":"Departament de Socials"},"content":{"rendered":"<p><a href=\"https:\/\/agora.xtec.cat\/insbaixpenedes\/wp-content\/uploads\/usu1417\/2019\/09\/sem-socials.jpg\"><img loading=\"lazy\" decoding=\"async\" class=\"aligncenter size-full wp-image-707\" src=\"https:\/\/agora.xtec.cat\/insbaixpenedes\/wp-content\/uploads\/usu1417\/2019\/09\/sem-socials.jpg\" alt=\"\" width=\"1920\" height=\"600\" srcset=\"https:\/\/agora.xtec.cat\/insbaixpenedes\/wp-content\/uploads\/usu1417\/2019\/09\/sem-socials.jpg 1920w, https:\/\/agora.xtec.cat\/insbaixpenedes\/wp-content\/uploads\/usu1417\/2019\/09\/sem-socials-300x94.jpg 300w, https:\/\/agora.xtec.cat\/insbaixpenedes\/wp-content\/uploads\/usu1417\/2019\/09\/sem-socials-768x240.jpg 768w, https:\/\/agora.xtec.cat\/insbaixpenedes\/wp-content\/uploads\/usu1417\/2019\/09\/sem-socials-1024x320.jpg 1024w\" sizes=\"auto, (max-width: 1920px) 100vw, 1920px\" \/><\/a><\/p>\n<ul style=\"list-style-type: square;\">\n<li><span style=\"font-size: medium;\"><strong>N\u00faria Mercad\u00e9:<\/strong> <a href=\"mailto:nmercade@institutbaixpenedes.cat\">nmercade@institutbaixpenedes.cat<\/a>. Cap de Departament.<\/span><\/li>\n<li><span style=\"font-size: medium;\"><strong>Vicent G\u00f3mez:<\/strong> <a href=\"mailto:vgomez@institutbaixpenedes.cat\">vgomez@institutbaixpenedes.cat<\/a>. Cap d&#8217;Estudis.<\/span><\/li>\n<li><span style=\"font-size: medium;\"><strong>Daniel Sol\u00e0:<\/strong> <a href=\"mmolina@institutbaixpenedes.cat\">dsola@institutbaixpenedes.cat<\/a>. Tutor 4t ESO B.<\/span><\/li>\n<li><span style=\"font-size: medium;\"><strong>Marc Strino:<\/strong> <a href=\"mailto:mstrino@institutbaixpenedes.cat\">mstrino@institutbaixpenedes.cat<\/a>. Coordinador de mediaci\u00f3.<br \/>\n<\/span><\/li>\n<li><span style=\"font-size: medium;\"><strong>Albert Valldosera:<\/strong> <a href=\"mailto:avalldosera@institutbaixpenedes.cat\">avalldosera@institutbaixpenedes.cat<\/a>. Secretari.<\/span><\/li>\n<li><span style=\"font-size: medium;\"><strong>Oriol Perell\u00f3:<\/strong> <a href=\"mailto:balcon@institutbaixpenedes.cat\">operello@institutbaixpenedes.cat<\/a>.\u00a0<\/span><\/li>\n<li><strong>Anna Tarrag\u00f3:<\/strong> <span style=\"font-size: medium;\"><a href=\"mailto:mcalvet@institutbaixpenedes.cat\">atarrago@institutbaixpenedes.cat<\/a><\/span>. Professora de Religi\u00f3.<\/li>\n<\/ul>\n<p><a href=\"https:\/\/agora.xtec.cat\/insbaixpenedes\/wp-content\/uploads\/usu1417\/2023\/12\/DEPARTAMENT_CCSS.pdf\">Criteris d&#8217;avaluaci\u00f3 Departament Ci\u00e8ncies Socials<\/a><\/p>\n<p><em><strong><a href=\"https:\/\/agora.xtec.cat\/insbaixpenedes\/wp-content\/uploads\/usu1417\/2025\/02\/contingut_ciencies_socials_proves_geso.pdf\">CONTINGUT GEOGRAFIA i HIST\u00d2RIA PROVES GESO<\/a><\/strong><\/em><\/p>\n<p><em><strong><a href=\"https:\/\/agora.xtec.cat\/insbaixpenedes\/wp-content\/uploads\/usu1417\/2025\/02\/Exercicis-Ciencies-socials.pdf\">EXERCICIS CI\u00c8NCIES SOCIALS<\/a><\/strong><\/em><\/p>\n<p><em><strong><a href=\"https:\/\/agora.xtec.cat\/insbaixpenedes\/wp-content\/uploads\/usu1417\/2025\/02\/contingut_economia_proves_geso.pdf\">CONTINGUT ECONOMIA PROVES GESO<\/a><\/strong><\/em><\/p>\n","protected":false},"excerpt":{"rendered":"<p>N\u00faria Mercad\u00e9: nmercade@institutbaixpenedes.cat. Cap de Departament. Vicent G\u00f3mez: vgomez@institutbaixpenedes.cat. Cap d&#8217;Estudis. Daniel Sol\u00e0: dsola@institutbaixpenedes.cat. Tutor 4t ESO B. Marc Strino: mstrino@institutbaixpenedes.cat. Coordinador de mediaci\u00f3. Albert Valldosera: avalldosera@institutbaixpenedes.cat. Secretari. Oriol Perell\u00f3: operello@institutbaixpenedes.cat.\u00a0 Anna Tarrag\u00f3: atarrago@institutbaixpenedes.cat. Professora de Religi\u00f3. Criteris d&#8217;avaluaci\u00f3 Departament Ci\u00e8ncies Socials CONTINGUT GEOGRAFIA i HIST\u00d2RIA PROVES GESO EXERCICIS CI\u00c8NCIES SOCIALS CONTINGUT ECONOMIA PROVES GESO<\/p>\n","protected":false},"author":1,"featured_media":0,"parent":0,"menu_order":0,"comment_status":"closed","ping_status":"closed","template":"page-templates\/side-menu.php","meta":{"_bbp_topic_count":0,"_bbp_reply_count":0,"_bbp_total_topic_count":0,"_bbp_total_reply_count":0,"_bbp_voice_count":0,"_bbp_anonymous_reply_count":0,"_bbp_topic_count_hidden":0,"_bbp_reply_count_hidden":0,"_bbp_forum_subforum_count":0,"site-sidebar-layout":"default","site-content-layout":"","ast-site-content-layout":"","site-content-style":"default","site-sidebar-style":"default","ast-global-header-display":"","ast-banner-title-visibility":"","ast-main-header-display":"","ast-hfb-above-header-display":"","ast-hfb-below-header-display":"","ast-hfb-mobile-header-display":"","site-post-title":"","ast-breadcrumbs-content":"","ast-featured-img":"","footer-sml-layout":"","theme-transparent-header-meta":"","adv-header-id-meta":"","stick-header-meta":"","header-above-stick-meta":"","header-main-stick-meta":"","header-below-stick-meta":"","astra-migrate-meta-layouts":"default","ast-page-background-enabled":"default","ast-page-background-meta":{"desktop":{"background-color":"var(--ast-global-color-4)","background-image":"","background-repeat":"repeat","background-position":"center center","background-size":"auto","background-attachment":"scroll","background-type":"","background-media":"","overlay-type":"","overlay-color":"","overlay-opacity":"","overlay-gradient":""},"tablet":{"background-color":"","background-image":"","background-repeat":"repeat","background-position":"center center","background-size":"auto","background-attachment":"scroll","background-type":"","background-media":"","overlay-type":"","overlay-color":"","overlay-opacity":"","overlay-gradient":""},"mobile":{"background-color":"","background-image":"","background-repeat":"repeat","background-position":"center center","background-size":"auto","background-attachment":"scroll","background-type":"","background-media":"","overlay-type":"","overlay-color":"","overlay-opacity":"","overlay-gradient":""}},"ast-content-background-meta":{"desktop":{"background-color":"var(--ast-global-color-5)","background-image":"","background-repeat":"repeat","background-position":"center center","background-size":"auto","background-attachment":"scroll","background-type":"","background-media":"","overlay-type":"","overlay-color":"","overlay-opacity":"","overlay-gradient":""},"tablet":{"background-color":"var(--ast-global-color-5)","background-image":"","background-repeat":"repeat","background-position":"center center","background-size":"auto","background-attachment":"scroll","background-type":"","background-media":"","overlay-type":"","overlay-color":"","overlay-opacity":"","overlay-gradient":""},"mobile":{"background-color":"var(--ast-global-color-5)","background-image":"","background-repeat":"repeat","background-position":"center center","background-size":"auto","background-attachment":"scroll","background-type":"","background-media":"","overlay-type":"","overlay-color":"","overlay-opacity":"","overlay-gradient":""}},"footnotes":""},"class_list":["post-706","page","type-page","status-publish","hentry"],"post_mailing_queue_ids":[],"_links":{"self":[{"href":"https:\/\/agora.xtec.cat\/insbaixpenedes\/wp-json\/wp\/v2\/pages\/706","targetHints":{"allow":["GET"]}}],"collection":[{"href":"https:\/\/agora.xtec.cat\/insbaixpenedes\/wp-json\/wp\/v2\/pages"}],"about":[{"href":"https:\/\/agora.xtec.cat\/insbaixpenedes\/wp-json\/wp\/v2\/types\/page"}],"author":[{"embeddable":true,"href":"https:\/\/agora.xtec.cat\/insbaixpenedes\/wp-json\/wp\/v2\/users\/1"}],"replies":[{"embeddable":true,"href":"https:\/\/agora.xtec.cat\/insbaixpenedes\/wp-json\/wp\/v2\/comments?post=706"}],"version-history":[{"count":6,"href":"https:\/\/agora.xtec.cat\/insbaixpenedes\/wp-json\/wp\/v2\/pages\/706\/revisions"}],"predecessor-version":[{"id":5321,"href":"https:\/\/agora.xtec.cat\/insbaixpenedes\/wp-json\/wp\/v2\/pages\/706\/revisions\/5321"}],"wp:attachment":[{"href":"https:\/\/agora.xtec.cat\/insbaixpenedes\/wp-json\/wp\/v2\/media?parent=706"}],"curies":[{"name":"wp","href":"https:\/\/api.w.org\/{rel}","templated":true}]}}