{"id":5747,"date":"2025-07-09T10:51:02","date_gmt":"2025-07-09T08:51:02","guid":{"rendered":"https:\/\/agora.xtec.cat\/insbaixpenedes\/?page_id=5747"},"modified":"2025-07-09T11:24:46","modified_gmt":"2025-07-09T09:24:46","slug":"servei-de-compra-de-llibres","status":"publish","type":"page","link":"https:\/\/agora.xtec.cat\/insbaixpenedes\/afa\/servei-de-compra-de-llibres\/","title":{"rendered":"Servei de compra de llibres"},"content":{"rendered":"<h3 data-start=\"118\" data-end=\"160\"><a href=\"https:\/\/agora.xtec.cat\/insbaixpenedes\/wp-content\/uploads\/usu1417\/2025\/07\/afa.png\"><img loading=\"lazy\" decoding=\"async\" class=\"aligncenter size-large wp-image-5754\" src=\"https:\/\/agora.xtec.cat\/insbaixpenedes\/wp-content\/uploads\/usu1417\/2025\/07\/afa-1024x329.png\" alt=\"\" width=\"1024\" height=\"329\" srcset=\"https:\/\/agora.xtec.cat\/insbaixpenedes\/wp-content\/uploads\/usu1417\/2025\/07\/afa-1024x329.png 1024w, https:\/\/agora.xtec.cat\/insbaixpenedes\/wp-content\/uploads\/usu1417\/2025\/07\/afa-300x96.png 300w, https:\/\/agora.xtec.cat\/insbaixpenedes\/wp-content\/uploads\/usu1417\/2025\/07\/afa-768x246.png 768w, https:\/\/agora.xtec.cat\/insbaixpenedes\/wp-content\/uploads\/usu1417\/2025\/07\/afa-1536x493.png 1536w, https:\/\/agora.xtec.cat\/insbaixpenedes\/wp-content\/uploads\/usu1417\/2025\/07\/afa.png 1920w\" sizes=\"auto, (max-width: 1024px) 100vw, 1024px\" \/><\/a><\/h3>\n<h3 data-start=\"118\" data-end=\"160\">Servei de compra de llibres amb Iddink<\/h3>\n<p data-start=\"162\" data-end=\"313\">L\u2019AFA de l\u2019Institut Baix Pened\u00e8s ofereix el <strong data-start=\"206\" data-end=\"256\">servei de compra de llibres i material escolar<\/strong> per als seus socis a trav\u00e9s de la plataforma <strong data-start=\"302\" data-end=\"312\">Iddink<\/strong>.<\/p>\n<p data-start=\"315\" data-end=\"550\"><strong data-start=\"318\" data-end=\"339\">Qu\u00e8 pots comprar?<\/strong><br data-start=\"339\" data-end=\"342\" \/>Llibres (nous i <em data-start=\"358\" data-end=\"368\">ecoBooks<\/em> reutilitzables), quaderns, llic\u00e8ncies digitals, lectures, dossiers, diccionaris, material de rob\u00f2tica, articles de papereria, instruments de m\u00fasica&#8230; tot all\u00f2 que indica el centre.<\/p>\n<p data-start=\"552\" data-end=\"599\"><strong data-start=\"555\" data-end=\"599\">Avantatges de fer la comanda amb Iddink:<\/strong><\/p>\n<ul data-start=\"600\" data-end=\"978\">\n<li data-start=\"600\" data-end=\"648\">\n<p data-start=\"602\" data-end=\"648\">Estalvi de fins al <strong data-start=\"621\" data-end=\"628\">55%<\/strong> amb els <em data-start=\"637\" data-end=\"647\">ecoBooks<\/em>.<\/p>\n<\/li>\n<li data-start=\"649\" data-end=\"738\">\n<p data-start=\"651\" data-end=\"738\">Enviament a domicili per nom\u00e9s <strong data-start=\"682\" data-end=\"692\">1,95 \u20ac<\/strong> (fent la comanda abans del <strong data-start=\"720\" data-end=\"736\">21 de juliol<\/strong>).<\/p>\n<\/li>\n<li data-start=\"739\" data-end=\"790\">\n<p data-start=\"741\" data-end=\"790\">Garantia de lliurament abans de l\u2019inici del curs.<\/p>\n<\/li>\n<li data-start=\"791\" data-end=\"825\">\n<p data-start=\"793\" data-end=\"825\"><strong data-start=\"793\" data-end=\"811\">Folrat gratu\u00eft<\/strong> dels llibres.<\/p>\n<\/li>\n<li data-start=\"826\" data-end=\"872\">\n<p data-start=\"828\" data-end=\"872\">Devoluci\u00f3 gratu\u00efta fins a l\u2019<strong data-start=\"856\" data-end=\"871\">1 d\u2019octubre<\/strong>.<\/p>\n<\/li>\n<li data-start=\"873\" data-end=\"941\">\n<p data-start=\"875\" data-end=\"941\">Substituci\u00f3 dels <em data-start=\"892\" data-end=\"902\">ecoBooks<\/em> en cas de robatori, incendi o humitat.<\/p>\n<\/li>\n<li data-start=\"942\" data-end=\"978\">\n<p data-start=\"944\" data-end=\"978\">Servei d\u2019atenci\u00f3 durant tot l\u2019any.<\/p>\n<\/li>\n<\/ul>\n<p data-start=\"980\" data-end=\"1099\"><strong data-start=\"983\" data-end=\"1022\">Codi del centre per fer la comanda:<\/strong> <code data-start=\"1023\" data-end=\"1031\">557AC8<\/code><br data-start=\"1031\" data-end=\"1034\" \/>Fes la teva comanda a: <a class=\"\" href=\"http:\/\/www.iddink.cat\" target=\"_new\" rel=\"noopener\" data-start=\"1060\" data-end=\"1099\">www.iddink.cat<\/a><\/p>\n<p data-start=\"1101\" data-end=\"1294\">Accedeix a la guia amb les instruccions per fer la compra:<br data-start=\"1162\" data-end=\"1165\" \/>Guia: <a href=\"https:\/\/agora.xtec.cat\/insbaixpenedes\/wp-content\/uploads\/usu1417\/2025\/06\/557_CC_2025.pdf\">Com comprar amb Iddink (PDF)<\/a><\/p>\n<hr data-start=\"1296\" data-end=\"1299\" \/>\n<h3 data-start=\"1301\" data-end=\"1323\">Inscripci\u00f3 a l\u2019AFA<\/h3>\n<p data-start=\"1325\" data-end=\"1471\">En fer la compra a trav\u00e9s d\u2019Iddink, <strong data-start=\"1364\" data-end=\"1415\">et converteixes autom\u00e0ticament en soci de l\u2019AFA<\/strong> i es carregar\u00e0 la quota de <strong data-start=\"1443\" data-end=\"1470\">25 \u20ac anuals per fam\u00edlia<\/strong>.<\/p>\n<p data-start=\"1473\" data-end=\"1609\">Si no utilitzes Iddink per\u00f2 vols formar part de l\u2019AFA, pots gestionar la inscripci\u00f3 escrivint-nos a:<br data-start=\"1576\" data-end=\"1579\" \/><a class=\"cursor-pointer\" rel=\"noopener\" data-start=\"1582\" data-end=\"1609\">afainsbaixpenedes@gmail.com<\/a><\/p>\n","protected":false},"excerpt":{"rendered":"<p>Servei de compra de llibres amb Iddink L\u2019AFA de l\u2019Institut Baix Pened\u00e8s ofereix el servei de compra de llibres i material escolar per als seus socis a trav\u00e9s de la plataforma Iddink. Qu\u00e8 pots comprar?Llibres (nous i ecoBooks reutilitzables), quaderns, llic\u00e8ncies digitals, lectures, dossiers, diccionaris, material de rob\u00f2tica, articles de papereria, instruments de m\u00fasica&#8230; tot [&hellip;]<\/p>\n","protected":false},"author":1,"featured_media":0,"parent":681,"menu_order":0,"comment_status":"closed","ping_status":"closed","template":"","meta":{"_bbp_topic_count":0,"_bbp_reply_count":0,"_bbp_total_topic_count":0,"_bbp_total_reply_count":0,"_bbp_voice_count":0,"_bbp_anonymous_reply_count":0,"_bbp_topic_count_hidden":0,"_bbp_reply_count_hidden":0,"_bbp_forum_subforum_count":0,"site-sidebar-layout":"default","site-content-layout":"","ast-site-content-layout":"default","site-content-style":"default","site-sidebar-style":"default","ast-global-header-display":"","ast-banner-title-visibility":"","ast-main-header-display":"","ast-hfb-above-header-display":"","ast-hfb-below-header-display":"","ast-hfb-mobile-header-display":"","site-post-title":"","ast-breadcrumbs-content":"","ast-featured-img":"","footer-sml-layout":"","theme-transparent-header-meta":"default","adv-header-id-meta":"","stick-header-meta":"","header-above-stick-meta":"","header-main-stick-meta":"","header-below-stick-meta":"","astra-migrate-meta-layouts":"set","ast-page-background-enabled":"default","ast-page-background-meta":{"desktop":{"background-color":"var(--ast-global-color-4)","background-image":"","background-repeat":"repeat","background-position":"center center","background-size":"auto","background-attachment":"scroll","background-type":"","background-media":"","overlay-type":"","overlay-color":"","overlay-opacity":"","overlay-gradient":""},"tablet":{"background-color":"","background-image":"","background-repeat":"repeat","background-position":"center center","background-size":"auto","background-attachment":"scroll","background-type":"","background-media":"","overlay-type":"","overlay-color":"","overlay-opacity":"","overlay-gradient":""},"mobile":{"background-color":"","background-image":"","background-repeat":"repeat","background-position":"center center","background-size":"auto","background-attachment":"scroll","background-type":"","background-media":"","overlay-type":"","overlay-color":"","overlay-opacity":"","overlay-gradient":""}},"ast-content-background-meta":{"desktop":{"background-color":"var(--ast-global-color-5)","background-image":"","background-repeat":"repeat","background-position":"center center","background-size":"auto","background-attachment":"scroll","background-type":"","background-media":"","overlay-type":"","overlay-color":"","overlay-opacity":"","overlay-gradient":""},"tablet":{"background-color":"var(--ast-global-color-5)","background-image":"","background-repeat":"repeat","background-position":"center center","background-size":"auto","background-attachment":"scroll","background-type":"","background-media":"","overlay-type":"","overlay-color":"","overlay-opacity":"","overlay-gradient":""},"mobile":{"background-color":"var(--ast-global-color-5)","background-image":"","background-repeat":"repeat","background-position":"center center","background-size":"auto","background-attachment":"scroll","background-type":"","background-media":"","overlay-type":"","overlay-color":"","overlay-opacity":"","overlay-gradient":""}},"footnotes":""},"class_list":["post-5747","page","type-page","status-publish","hentry"],"post_mailing_queue_ids":[],"_links":{"self":[{"href":"https:\/\/agora.xtec.cat\/insbaixpenedes\/wp-json\/wp\/v2\/pages\/5747","targetHints":{"allow":["GET"]}}],"collection":[{"href":"https:\/\/agora.xtec.cat\/insbaixpenedes\/wp-json\/wp\/v2\/pages"}],"about":[{"href":"https:\/\/agora.xtec.cat\/insbaixpenedes\/wp-json\/wp\/v2\/types\/page"}],"author":[{"embeddable":true,"href":"https:\/\/agora.xtec.cat\/insbaixpenedes\/wp-json\/wp\/v2\/users\/1"}],"replies":[{"embeddable":true,"href":"https:\/\/agora.xtec.cat\/insbaixpenedes\/wp-json\/wp\/v2\/comments?post=5747"}],"version-history":[{"count":3,"href":"https:\/\/agora.xtec.cat\/insbaixpenedes\/wp-json\/wp\/v2\/pages\/5747\/revisions"}],"predecessor-version":[{"id":5756,"href":"https:\/\/agora.xtec.cat\/insbaixpenedes\/wp-json\/wp\/v2\/pages\/5747\/revisions\/5756"}],"up":[{"embeddable":true,"href":"https:\/\/agora.xtec.cat\/insbaixpenedes\/wp-json\/wp\/v2\/pages\/681"}],"wp:attachment":[{"href":"https:\/\/agora.xtec.cat\/insbaixpenedes\/wp-json\/wp\/v2\/media?parent=5747"}],"curies":[{"name":"wp","href":"https:\/\/api.w.org\/{rel}","templated":true}]}}